{"id":741,"date":"2018-05-11T13:06:15","date_gmt":"2018-05-11T12:06:15","guid":{"rendered":"http:\/\/delasciencias.com\/inicio\/?page_id=741"},"modified":"2020-04-24T20:38:31","modified_gmt":"2020-04-24T19:38:31","slug":"4o-eso","status":"publish","type":"page","link":"https:\/\/delasciencias.com\/inicio\/academiavirtual\/738-2\/4o-eso\/","title":{"rendered":"4\u00ba ESO"},"content":{"rendered":"<header class=\"entry-header\">\n<h1 class=\"entry-title\">4\u00ba ESO<\/h1>\n<\/header>\n<div class=\"entry-content\">\n<p>Esta secci\u00f3n esta dedica a \u00a0los alumnos de 4\u00ba de la ESO. En ella se pueden encontrar res\u00famenes y ejercicios de F\u00edsica y Qu\u00edmica, Matem\u00e1ticas y Tecnolog\u00eda, con el fin de ayudar a entender, comprender y aprobar a los alumnos las materias.<\/p>\n<p><a href=\"http:\/\/delasciencias.com\/inicio\/academiavirtual\/738-2\/4o-eso\/matematicas-4o-eso\/\"><img loading=\"lazy\" decoding=\"async\" class=\"alignnone size-medium wp-image-2046\" src=\"http:\/\/delasciencias.com\/inicio\/wp-content\/uploads\/2020\/04\/e4aa1a4c0e95f0898d7b6910fab2aa2d-300x228.jpg\" alt=\"\" width=\"300\" height=\"228\" srcset=\"https:\/\/delasciencias.com\/inicio\/wp-content\/uploads\/2020\/04\/e4aa1a4c0e95f0898d7b6910fab2aa2d-300x228.jpg 300w, https:\/\/delasciencias.com\/inicio\/wp-content\/uploads\/2020\/04\/e4aa1a4c0e95f0898d7b6910fab2aa2d.jpg 580w\" sizes=\"auto, (max-width: 300px) 100vw, 300px\" \/><\/a>. <a href=\"http:\/\/delasciencias.com\/inicio\/academiavirtual\/738-2\/4o-eso\/fisica-y-quimica-4o-eso\/\"><img loading=\"lazy\" decoding=\"async\" class=\"alignnone size-medium wp-image-2039\" src=\"http:\/\/delasciencias.com\/inicio\/wp-content\/uploads\/2020\/04\/caratulas-de-quimica.para-colegio-12-212x300.jpg\" alt=\"\" width=\"212\" height=\"300\" srcset=\"https:\/\/delasciencias.com\/inicio\/wp-content\/uploads\/2020\/04\/caratulas-de-quimica.para-colegio-12-212x300.jpg 212w, https:\/\/delasciencias.com\/inicio\/wp-content\/uploads\/2020\/04\/caratulas-de-quimica.para-colegio-12-724x1024.jpg 724w, https:\/\/delasciencias.com\/inicio\/wp-content\/uploads\/2020\/04\/caratulas-de-quimica.para-colegio-12-768x1086.jpg 768w, https:\/\/delasciencias.com\/inicio\/wp-content\/uploads\/2020\/04\/caratulas-de-quimica.para-colegio-12-1086x1536.jpg 1086w, https:\/\/delasciencias.com\/inicio\/wp-content\/uploads\/2020\/04\/caratulas-de-quimica.para-colegio-12-1448x2048.jpg 1448w, https:\/\/delasciencias.com\/inicio\/wp-content\/uploads\/2020\/04\/caratulas-de-quimica.para-colegio-12-600x848.jpg 600w, https:\/\/delasciencias.com\/inicio\/wp-content\/uploads\/2020\/04\/caratulas-de-quimica.para-colegio-12-scaled.jpg 1810w\" sizes=\"auto, (max-width: 212px) 100vw, 212px\" \/><\/a><\/p>\n<p>Es necesario que los alumnos informen de las fechas de los ex\u00e1menes para planificar la preparaci\u00f3n de los ex\u00e1menes.<\/p>\n<p>Calculadora de ecuaciones de segundo grado<\/p>\n<p><iframe loading=\"lazy\" src=\"https:\/\/es.calcuworld.com\/calculadoras-matematicas\/ecuaciones-segundo-grado\/?iframe=1\" width=\"100%\" height=\"400\"><\/iframe><\/p>\n<\/div>\n","protected":false},"excerpt":{"rendered":"<p>4\u00ba ESO Esta secci\u00f3n esta dedica a \u00a0los alumnos de 4\u00ba de la ESO. En ella se pueden encontrar res\u00famenes y ejercicios de F\u00edsica y Qu\u00edmica, Matem\u00e1ticas y Tecnolog\u00eda, con el fin<a class=\"moretag\" href=\"https:\/\/delasciencias.com\/inicio\/academiavirtual\/738-2\/4o-eso\/\">Leer m\u00e1s&#8230;<\/a><\/p>\n","protected":false},"author":1,"featured_media":0,"parent":738,"menu_order":0,"comment_status":"closed","ping_status":"closed","template":"","meta":{"footnotes":""},"class_list":["post-741","page","type-page","status-publish","hentry"],"yoast_head":"<!-- This site is optimized with the Yoast SEO plugin v27.3 - https:\/\/yoast.com\/product\/yoast-seo-wordpress\/ -->\n<title>4\u00ba ESO - Tu Academia en Tomares | DE LAS CIENCIAS Academia en Tomares y Marchena | De Las Ciencias<\/title>\n<meta name=\"description\" content=\"Clases de apoyo escolar o particulares en Tomares y Marchena\" \/>\n<meta name=\"robots\" content=\"index, follow, max-snippet:-1, max-image-preview:large, max-video-preview:-1\" \/>\n<link rel=\"canonical\" href=\"https:\/\/delasciencias.com\/inicio\/academiavirtual\/738-2\/4o-eso\/\" \/>\n<meta property=\"og:locale\" content=\"es_ES\" \/>\n<meta property=\"og:type\" content=\"article\" \/>\n<meta property=\"og:title\" content=\"4\u00ba ESO - Tu Academia en Tomares | DE LAS CIENCIAS Academia en Tomares y Marchena | De Las Ciencias\" \/>\n<meta property=\"og:description\" content=\"Clases de apoyo escolar o particulares en Tomares y Marchena\" \/>\n<meta property=\"og:url\" content=\"https:\/\/delasciencias.com\/inicio\/academiavirtual\/738-2\/4o-eso\/\" \/>\n<meta property=\"og:site_name\" content=\"Tu Academia en Tomares | DE LAS CIENCIAS\" \/>\n<meta property=\"article:publisher\" content=\"https:\/\/www.facebook.com\/DeLasCiencias\/\" \/>\n<meta property=\"article:modified_time\" content=\"2020-04-24T19:38:31+00:00\" \/>\n<meta property=\"og:image\" content=\"http:\/\/delasciencias.com\/inicio\/wp-content\/uploads\/2020\/04\/e4aa1a4c0e95f0898d7b6910fab2aa2d-300x228.jpg\" \/>\n<meta name=\"twitter:card\" content=\"summary_large_image\" \/>\n<meta name=\"twitter:site\" content=\"@LasCiencias\" \/>\n<script type=\"application\/ld+json\" class=\"yoast-schema-graph\">{\"@context\":\"https:\\\/\\\/schema.org\",\"@graph\":[{\"@type\":\"WebPage\",\"@id\":\"https:\\\/\\\/delasciencias.com\\\/inicio\\\/academiavirtual\\\/738-2\\\/4o-eso\\\/\",\"url\":\"https:\\\/\\\/delasciencias.com\\\/inicio\\\/academiavirtual\\\/738-2\\\/4o-eso\\\/\",\"name\":\"4\u00ba ESO - Tu Academia en Tomares | DE LAS CIENCIAS Academia en Tomares y Marchena | De Las Ciencias\",\"isPartOf\":{\"@id\":\"https:\\\/\\\/delasciencias.com\\\/inicio\\\/#website\"},\"primaryImageOfPage\":{\"@id\":\"https:\\\/\\\/delasciencias.com\\\/inicio\\\/academiavirtual\\\/738-2\\\/4o-eso\\\/#primaryimage\"},\"image\":{\"@id\":\"https:\\\/\\\/delasciencias.com\\\/inicio\\\/academiavirtual\\\/738-2\\\/4o-eso\\\/#primaryimage\"},\"thumbnailUrl\":\"http:\\\/\\\/delasciencias.com\\\/inicio\\\/wp-content\\\/uploads\\\/2020\\\/04\\\/e4aa1a4c0e95f0898d7b6910fab2aa2d-300x228.jpg\",\"datePublished\":\"2018-05-11T12:06:15+00:00\",\"dateModified\":\"2020-04-24T19:38:31+00:00\",\"description\":\"Clases de apoyo escolar o particulares en Tomares y Marchena\",\"breadcrumb\":{\"@id\":\"https:\\\/\\\/delasciencias.com\\\/inicio\\\/academiavirtual\\\/738-2\\\/4o-eso\\\/#breadcrumb\"},\"inLanguage\":\"es\",\"potentialAction\":[{\"@type\":\"ReadAction\",\"target\":[\"https:\\\/\\\/delasciencias.com\\\/inicio\\\/academiavirtual\\\/738-2\\\/4o-eso\\\/\"]}]},{\"@type\":\"ImageObject\",\"inLanguage\":\"es\",\"@id\":\"https:\\\/\\\/delasciencias.com\\\/inicio\\\/academiavirtual\\\/738-2\\\/4o-eso\\\/#primaryimage\",\"url\":\"https:\\\/\\\/delasciencias.com\\\/inicio\\\/wp-content\\\/uploads\\\/2020\\\/04\\\/e4aa1a4c0e95f0898d7b6910fab2aa2d.jpg\",\"contentUrl\":\"https:\\\/\\\/delasciencias.com\\\/inicio\\\/wp-content\\\/uploads\\\/2020\\\/04\\\/e4aa1a4c0e95f0898d7b6910fab2aa2d.jpg\",\"width\":580,\"height\":440},{\"@type\":\"BreadcrumbList\",\"@id\":\"https:\\\/\\\/delasciencias.com\\\/inicio\\\/academiavirtual\\\/738-2\\\/4o-eso\\\/#breadcrumb\",\"itemListElement\":[{\"@type\":\"ListItem\",\"position\":1,\"name\":\"Portada\",\"item\":\"https:\\\/\\\/delasciencias.com\\\/inicio\\\/\"},{\"@type\":\"ListItem\",\"position\":2,\"name\":\"TU ACADEMIA ONLINE\",\"item\":\"https:\\\/\\\/delasciencias.com\\\/inicio\\\/academiavirtual\\\/\"},{\"@type\":\"ListItem\",\"position\":3,\"name\":\"ESO\",\"item\":\"https:\\\/\\\/delasciencias.com\\\/inicio\\\/academiavirtual\\\/738-2\\\/\"},{\"@type\":\"ListItem\",\"position\":4,\"name\":\"4\u00ba ESO\"}]},{\"@type\":\"WebSite\",\"@id\":\"https:\\\/\\\/delasciencias.com\\\/inicio\\\/#website\",\"url\":\"https:\\\/\\\/delasciencias.com\\\/inicio\\\/\",\"name\":\"Tu Academia en Tomares | DE LAS CIENCIAS\",\"description\":\"Clases de apoyo o particulares en Tomares\",\"publisher\":{\"@id\":\"https:\\\/\\\/delasciencias.com\\\/inicio\\\/#organization\"},\"alternateName\":\"Academia De Las Ciencias\",\"inLanguage\":\"es\"},{\"@type\":\"Organization\",\"@id\":\"https:\\\/\\\/delasciencias.com\\\/inicio\\\/#organization\",\"name\":\"ACADEMIA DE LAS CIENCIAS | TOMARES | MARCHENA\",\"alternateName\":\"CLASES DE APOYO ESCOLAR y PARTICULARES | TOMARES | MARCHENA\",\"url\":\"https:\\\/\\\/delasciencias.com\\\/inicio\\\/\",\"logo\":{\"@type\":\"ImageObject\",\"inLanguage\":\"es\",\"@id\":\"https:\\\/\\\/delasciencias.com\\\/inicio\\\/#\\\/schema\\\/logo\\\/image\\\/\",\"url\":\"https:\\\/\\\/delasciencias.com\\\/inicio\\\/wp-content\\\/uploads\\\/2020\\\/11\\\/Captura-de-pantalla-2019-10-12-a-las-0.03.45.png\",\"contentUrl\":\"https:\\\/\\\/delasciencias.com\\\/inicio\\\/wp-content\\\/uploads\\\/2020\\\/11\\\/Captura-de-pantalla-2019-10-12-a-las-0.03.45.png\",\"width\":257,\"height\":254,\"caption\":\"ACADEMIA DE LAS CIENCIAS | TOMARES | MARCHENA\"},\"image\":{\"@id\":\"https:\\\/\\\/delasciencias.com\\\/inicio\\\/#\\\/schema\\\/logo\\\/image\\\/\"},\"sameAs\":[\"https:\\\/\\\/www.facebook.com\\\/DeLasCiencias\\\/\",\"https:\\\/\\\/x.com\\\/LasCiencias\",\"https:\\\/\\\/www.instagram.com\\\/delas_ciencias\\\/\",\"https:\\\/\\\/www.youtube.com\\\/channel\\\/UC2Kc8NJRRsyI6awzYByAgdg\"]}]}<\/script>\n<!-- \/ Yoast SEO plugin. -->","yoast_head_json":{"title":"4\u00ba ESO - Tu Academia en Tomares | DE LAS CIENCIAS Academia en Tomares y Marchena | De Las Ciencias","description":"Clases de apoyo escolar o particulares en Tomares y Marchena","robots":{"index":"index","follow":"follow","max-snippet":"max-snippet:-1","max-image-preview":"max-image-preview:large","max-video-preview":"max-video-preview:-1"},"canonical":"https:\/\/delasciencias.com\/inicio\/academiavirtual\/738-2\/4o-eso\/","og_locale":"es_ES","og_type":"article","og_title":"4\u00ba ESO - Tu Academia en Tomares | DE LAS CIENCIAS Academia en Tomares y Marchena | De Las Ciencias","og_description":"Clases de apoyo escolar o particulares en Tomares y Marchena","og_url":"https:\/\/delasciencias.com\/inicio\/academiavirtual\/738-2\/4o-eso\/","og_site_name":"Tu Academia en Tomares | DE LAS CIENCIAS","article_publisher":"https:\/\/www.facebook.com\/DeLasCiencias\/","article_modified_time":"2020-04-24T19:38:31+00:00","og_image":[{"url":"http:\/\/delasciencias.com\/inicio\/wp-content\/uploads\/2020\/04\/e4aa1a4c0e95f0898d7b6910fab2aa2d-300x228.jpg","type":"","width":"","height":""}],"twitter_card":"summary_large_image","twitter_site":"@LasCiencias","schema":{"@context":"https:\/\/schema.org","@graph":[{"@type":"WebPage","@id":"https:\/\/delasciencias.com\/inicio\/academiavirtual\/738-2\/4o-eso\/","url":"https:\/\/delasciencias.com\/inicio\/academiavirtual\/738-2\/4o-eso\/","name":"4\u00ba ESO - Tu Academia en Tomares | DE LAS CIENCIAS Academia en Tomares y Marchena | De Las Ciencias","isPartOf":{"@id":"https:\/\/delasciencias.com\/inicio\/#website"},"primaryImageOfPage":{"@id":"https:\/\/delasciencias.com\/inicio\/academiavirtual\/738-2\/4o-eso\/#primaryimage"},"image":{"@id":"https:\/\/delasciencias.com\/inicio\/academiavirtual\/738-2\/4o-eso\/#primaryimage"},"thumbnailUrl":"http:\/\/delasciencias.com\/inicio\/wp-content\/uploads\/2020\/04\/e4aa1a4c0e95f0898d7b6910fab2aa2d-300x228.jpg","datePublished":"2018-05-11T12:06:15+00:00","dateModified":"2020-04-24T19:38:31+00:00","description":"Clases de apoyo escolar o particulares en Tomares y Marchena","breadcrumb":{"@id":"https:\/\/delasciencias.com\/inicio\/academiavirtual\/738-2\/4o-eso\/#breadcrumb"},"inLanguage":"es","potentialAction":[{"@type":"ReadAction","target":["https:\/\/delasciencias.com\/inicio\/academiavirtual\/738-2\/4o-eso\/"]}]},{"@type":"ImageObject","inLanguage":"es","@id":"https:\/\/delasciencias.com\/inicio\/academiavirtual\/738-2\/4o-eso\/#primaryimage","url":"https:\/\/delasciencias.com\/inicio\/wp-content\/uploads\/2020\/04\/e4aa1a4c0e95f0898d7b6910fab2aa2d.jpg","contentUrl":"https:\/\/delasciencias.com\/inicio\/wp-content\/uploads\/2020\/04\/e4aa1a4c0e95f0898d7b6910fab2aa2d.jpg","width":580,"height":440},{"@type":"BreadcrumbList","@id":"https:\/\/delasciencias.com\/inicio\/academiavirtual\/738-2\/4o-eso\/#breadcrumb","itemListElement":[{"@type":"ListItem","position":1,"name":"Portada","item":"https:\/\/delasciencias.com\/inicio\/"},{"@type":"ListItem","position":2,"name":"TU ACADEMIA ONLINE","item":"https:\/\/delasciencias.com\/inicio\/academiavirtual\/"},{"@type":"ListItem","position":3,"name":"ESO","item":"https:\/\/delasciencias.com\/inicio\/academiavirtual\/738-2\/"},{"@type":"ListItem","position":4,"name":"4\u00ba ESO"}]},{"@type":"WebSite","@id":"https:\/\/delasciencias.com\/inicio\/#website","url":"https:\/\/delasciencias.com\/inicio\/","name":"Tu Academia en Tomares | DE LAS CIENCIAS","description":"Clases de apoyo o particulares en Tomares","publisher":{"@id":"https:\/\/delasciencias.com\/inicio\/#organization"},"alternateName":"Academia De Las Ciencias","inLanguage":"es"},{"@type":"Organization","@id":"https:\/\/delasciencias.com\/inicio\/#organization","name":"ACADEMIA DE LAS CIENCIAS | TOMARES | MARCHENA","alternateName":"CLASES DE APOYO ESCOLAR y PARTICULARES | TOMARES | MARCHENA","url":"https:\/\/delasciencias.com\/inicio\/","logo":{"@type":"ImageObject","inLanguage":"es","@id":"https:\/\/delasciencias.com\/inicio\/#\/schema\/logo\/image\/","url":"https:\/\/delasciencias.com\/inicio\/wp-content\/uploads\/2020\/11\/Captura-de-pantalla-2019-10-12-a-las-0.03.45.png","contentUrl":"https:\/\/delasciencias.com\/inicio\/wp-content\/uploads\/2020\/11\/Captura-de-pantalla-2019-10-12-a-las-0.03.45.png","width":257,"height":254,"caption":"ACADEMIA DE LAS CIENCIAS | TOMARES | MARCHENA"},"image":{"@id":"https:\/\/delasciencias.com\/inicio\/#\/schema\/logo\/image\/"},"sameAs":["https:\/\/www.facebook.com\/DeLasCiencias\/","https:\/\/x.com\/LasCiencias","https:\/\/www.instagram.com\/delas_ciencias\/","https:\/\/www.youtube.com\/channel\/UC2Kc8NJRRsyI6awzYByAgdg"]}]}},"_links":{"self":[{"href":"https:\/\/delasciencias.com\/inicio\/wp-json\/wp\/v2\/pages\/741","targetHints":{"allow":["GET"]}}],"collection":[{"href":"https:\/\/delasciencias.com\/inicio\/wp-json\/wp\/v2\/pages"}],"about":[{"href":"https:\/\/delasciencias.com\/inicio\/wp-json\/wp\/v2\/types\/page"}],"author":[{"embeddable":true,"href":"https:\/\/delasciencias.com\/inicio\/wp-json\/wp\/v2\/users\/1"}],"replies":[{"embeddable":true,"href":"https:\/\/delasciencias.com\/inicio\/wp-json\/wp\/v2\/comments?post=741"}],"version-history":[{"count":3,"href":"https:\/\/delasciencias.com\/inicio\/wp-json\/wp\/v2\/pages\/741\/revisions"}],"predecessor-version":[{"id":2048,"href":"https:\/\/delasciencias.com\/inicio\/wp-json\/wp\/v2\/pages\/741\/revisions\/2048"}],"up":[{"embeddable":true,"href":"https:\/\/delasciencias.com\/inicio\/wp-json\/wp\/v2\/pages\/738"}],"wp:attachment":[{"href":"https:\/\/delasciencias.com\/inicio\/wp-json\/wp\/v2\/media?parent=741"}],"curies":[{"name":"wp","href":"https:\/\/api.w.org\/{rel}","templated":true}]}}