{"id":738,"date":"2018-05-11T13:04:35","date_gmt":"2018-05-11T12:04:35","guid":{"rendered":"http:\/\/delasciencias.com\/inicio\/?page_id=738"},"modified":"2018-05-11T13:04:43","modified_gmt":"2018-05-11T12:04:43","slug":"738-2","status":"publish","type":"page","link":"https:\/\/delasciencias.com\/inicio\/academiavirtual\/738-2\/","title":{"rendered":"ESO"},"content":{"rendered":"<header class=\"entry-header\">\n<h1 class=\"entry-title\">E.S.O.<\/h1>\n<\/header>\n<div class=\"entry-content\">\n<p>Esta secci\u00f3n, esta orientada a los alumn@s de segundo de E.S.O., en ella se encuentran res\u00famenes de \u00a0F\u00edsica \u2013 Qu\u00edmica y de Matem\u00e1ticas con el fin de ayudar a entender mejor las materias. Adem\u00e1s multitud\u00a0ejercicios de selectividad agrupados por temas de F\u00edsica \u2013 Qu\u00edmica y Matem\u00e1ticas que ayudaran a desarrollar las habilidades de los alumnos y que cojan mas confianza a la hora de afrontar los ex\u00e1menes.<\/p>\n<p>Es necesario que los alumnos informen al profesor de las fechas de los ex\u00e1menes para poder planificar mejor su preparaci\u00f3n.<\/p>\n<p><a href=\"https:\/\/auladeestudiodelasciencias.files.wordpress.com\/2014\/07\/la-foto-1-1.jpg\"><img loading=\"lazy\" decoding=\"async\" class=\"size-medium wp-image-358 aligncenter\" src=\"https:\/\/auladeestudiodelasciencias.files.wordpress.com\/2014\/07\/la-foto-1-1.jpg?w=300&amp;h=225\" sizes=\"auto, (max-width: 300px) 100vw, 300px\" srcset=\"https:\/\/auladeestudiodelasciencias.files.wordpress.com\/2014\/07\/la-foto-1-1.jpg?w=300&amp;h=225 300w, https:\/\/auladeestudiodelasciencias.files.wordpress.com\/2014\/07\/la-foto-1-1.jpg?w=600&amp;h=450 600w, https:\/\/auladeestudiodelasciencias.files.wordpress.com\/2014\/07\/la-foto-1-1.jpg?w=150&amp;h=113 150w\" alt=\"la foto 1 (1)\" width=\"300\" height=\"225\" data-attachment-id=\"358\" data-permalink=\"https:\/\/auladeestudiodelasciencias.wordpress.com\/apuntes\/2o-bachillerato\/la-foto-1-1\/\" data-orig-file=\"https:\/\/auladeestudiodelasciencias.files.wordpress.com\/2014\/07\/la-foto-1-1.jpg\" data-orig-size=\"3264,2448\" data-comments-opened=\"1\" data-image-meta=\"{&quot;aperture&quot;:&quot;0&quot;,&quot;credit&quot;:&quot;&quot;,&quot;camera&quot;:&quot;&quot;,&quot;caption&quot;:&quot;&quot;,&quot;created_timestamp&quot;:&quot;0&quot;,&quot;copyright&quot;:&quot;&quot;,&quot;focal_length&quot;:&quot;0&quot;,&quot;iso&quot;:&quot;0&quot;,&quot;shutter_speed&quot;:&quot;0&quot;,&quot;title&quot;:&quot;&quot;}\" data-image-title=\"la foto 1 (1)\" data-image-description=\"\" data-medium-file=\"https:\/\/auladeestudiodelasciencias.files.wordpress.com\/2014\/07\/la-foto-1-1.jpg?w=300&amp;h=225\" data-large-file=\"https:\/\/auladeestudiodelasciencias.files.wordpress.com\/2014\/07\/la-foto-1-1.jpg?w=1000\" \/><\/a><\/p>\n<\/div>\n","protected":false},"excerpt":{"rendered":"<p>E.S.O. Esta secci\u00f3n, esta orientada a los alumn@s de segundo de E.S.O., en ella se encuentran res\u00famenes de \u00a0F\u00edsica \u2013 Qu\u00edmica y de Matem\u00e1ticas con el fin de ayudar a entender mejor<a class=\"moretag\" href=\"https:\/\/delasciencias.com\/inicio\/academiavirtual\/738-2\/\">Leer m\u00e1s&#8230;<\/a><\/p>\n","protected":false},"author":1,"featured_media":0,"parent":169,"menu_order":3,"comment_status":"closed","ping_status":"closed","template":"","meta":{"footnotes":""},"class_list":["post-738","page","type-page","status-publish","hentry"],"yoast_head":"<!-- This site is optimized with the Yoast SEO plugin v27.3 - https:\/\/yoast.com\/product\/yoast-seo-wordpress\/ -->\n<title>ESO - Tu Academia en Tomares | DE LAS CIENCIAS Academia en Tomares y Marchena | De Las Ciencias<\/title>\n<meta name=\"description\" content=\"Clases de apoyo escolar o particulares en Tomares y Marchena\" \/>\n<meta name=\"robots\" content=\"index, follow, max-snippet:-1, max-image-preview:large, max-video-preview:-1\" \/>\n<link rel=\"canonical\" href=\"https:\/\/delasciencias.com\/inicio\/academiavirtual\/738-2\/\" \/>\n<meta property=\"og:locale\" content=\"es_ES\" \/>\n<meta property=\"og:type\" content=\"article\" \/>\n<meta property=\"og:title\" content=\"ESO - Tu Academia en Tomares | DE LAS CIENCIAS Academia en Tomares y Marchena | De Las Ciencias\" \/>\n<meta property=\"og:description\" content=\"Clases de apoyo escolar o particulares en Tomares y Marchena\" \/>\n<meta property=\"og:url\" content=\"https:\/\/delasciencias.com\/inicio\/academiavirtual\/738-2\/\" \/>\n<meta property=\"og:site_name\" content=\"Tu Academia en Tomares | DE LAS CIENCIAS\" \/>\n<meta property=\"article:publisher\" content=\"https:\/\/www.facebook.com\/DeLasCiencias\/\" \/>\n<meta property=\"article:modified_time\" content=\"2018-05-11T12:04:43+00:00\" \/>\n<meta property=\"og:image\" content=\"https:\/\/auladeestudiodelasciencias.files.wordpress.com\/2014\/07\/la-foto-1-1.jpg?w=300&amp;h=225\" \/>\n<meta name=\"twitter:card\" content=\"summary_large_image\" \/>\n<meta name=\"twitter:site\" content=\"@LasCiencias\" \/>\n<meta name=\"twitter:label1\" content=\"Tiempo de lectura\" \/>\n\t<meta name=\"twitter:data1\" content=\"1 minuto\" \/>\n<script type=\"application\/ld+json\" class=\"yoast-schema-graph\">{\"@context\":\"https:\\\/\\\/schema.org\",\"@graph\":[{\"@type\":\"WebPage\",\"@id\":\"https:\\\/\\\/delasciencias.com\\\/inicio\\\/academiavirtual\\\/738-2\\\/\",\"url\":\"https:\\\/\\\/delasciencias.com\\\/inicio\\\/academiavirtual\\\/738-2\\\/\",\"name\":\"ESO - Tu Academia en Tomares | DE LAS CIENCIAS Academia en Tomares y Marchena | De Las Ciencias\",\"isPartOf\":{\"@id\":\"https:\\\/\\\/delasciencias.com\\\/inicio\\\/#website\"},\"primaryImageOfPage\":{\"@id\":\"https:\\\/\\\/delasciencias.com\\\/inicio\\\/academiavirtual\\\/738-2\\\/#primaryimage\"},\"image\":{\"@id\":\"https:\\\/\\\/delasciencias.com\\\/inicio\\\/academiavirtual\\\/738-2\\\/#primaryimage\"},\"thumbnailUrl\":\"https:\\\/\\\/auladeestudiodelasciencias.files.wordpress.com\\\/2014\\\/07\\\/la-foto-1-1.jpg?w=300&amp;h=225\",\"datePublished\":\"2018-05-11T12:04:35+00:00\",\"dateModified\":\"2018-05-11T12:04:43+00:00\",\"description\":\"Clases de apoyo escolar o particulares en Tomares y Marchena\",\"breadcrumb\":{\"@id\":\"https:\\\/\\\/delasciencias.com\\\/inicio\\\/academiavirtual\\\/738-2\\\/#breadcrumb\"},\"inLanguage\":\"es\",\"potentialAction\":[{\"@type\":\"ReadAction\",\"target\":[\"https:\\\/\\\/delasciencias.com\\\/inicio\\\/academiavirtual\\\/738-2\\\/\"]}]},{\"@type\":\"ImageObject\",\"inLanguage\":\"es\",\"@id\":\"https:\\\/\\\/delasciencias.com\\\/inicio\\\/academiavirtual\\\/738-2\\\/#primaryimage\",\"url\":\"https:\\\/\\\/auladeestudiodelasciencias.files.wordpress.com\\\/2014\\\/07\\\/la-foto-1-1.jpg?w=300&amp;h=225\",\"contentUrl\":\"https:\\\/\\\/auladeestudiodelasciencias.files.wordpress.com\\\/2014\\\/07\\\/la-foto-1-1.jpg?w=300&amp;h=225\"},{\"@type\":\"BreadcrumbList\",\"@id\":\"https:\\\/\\\/delasciencias.com\\\/inicio\\\/academiavirtual\\\/738-2\\\/#breadcrumb\",\"itemListElement\":[{\"@type\":\"ListItem\",\"position\":1,\"name\":\"Portada\",\"item\":\"https:\\\/\\\/delasciencias.com\\\/inicio\\\/\"},{\"@type\":\"ListItem\",\"position\":2,\"name\":\"TU ACADEMIA ONLINE\",\"item\":\"https:\\\/\\\/delasciencias.com\\\/inicio\\\/academiavirtual\\\/\"},{\"@type\":\"ListItem\",\"position\":3,\"name\":\"ESO\"}]},{\"@type\":\"WebSite\",\"@id\":\"https:\\\/\\\/delasciencias.com\\\/inicio\\\/#website\",\"url\":\"https:\\\/\\\/delasciencias.com\\\/inicio\\\/\",\"name\":\"Tu Academia en Tomares | DE LAS CIENCIAS\",\"description\":\"Clases de apoyo o particulares en Tomares\",\"publisher\":{\"@id\":\"https:\\\/\\\/delasciencias.com\\\/inicio\\\/#organization\"},\"alternateName\":\"Academia De Las Ciencias\",\"inLanguage\":\"es\"},{\"@type\":\"Organization\",\"@id\":\"https:\\\/\\\/delasciencias.com\\\/inicio\\\/#organization\",\"name\":\"ACADEMIA DE LAS CIENCIAS | TOMARES | MARCHENA\",\"alternateName\":\"CLASES DE APOYO ESCOLAR y PARTICULARES | TOMARES | MARCHENA\",\"url\":\"https:\\\/\\\/delasciencias.com\\\/inicio\\\/\",\"logo\":{\"@type\":\"ImageObject\",\"inLanguage\":\"es\",\"@id\":\"https:\\\/\\\/delasciencias.com\\\/inicio\\\/#\\\/schema\\\/logo\\\/image\\\/\",\"url\":\"https:\\\/\\\/delasciencias.com\\\/inicio\\\/wp-content\\\/uploads\\\/2020\\\/11\\\/Captura-de-pantalla-2019-10-12-a-las-0.03.45.png\",\"contentUrl\":\"https:\\\/\\\/delasciencias.com\\\/inicio\\\/wp-content\\\/uploads\\\/2020\\\/11\\\/Captura-de-pantalla-2019-10-12-a-las-0.03.45.png\",\"width\":257,\"height\":254,\"caption\":\"ACADEMIA DE LAS CIENCIAS | TOMARES | MARCHENA\"},\"image\":{\"@id\":\"https:\\\/\\\/delasciencias.com\\\/inicio\\\/#\\\/schema\\\/logo\\\/image\\\/\"},\"sameAs\":[\"https:\\\/\\\/www.facebook.com\\\/DeLasCiencias\\\/\",\"https:\\\/\\\/x.com\\\/LasCiencias\",\"https:\\\/\\\/www.instagram.com\\\/delas_ciencias\\\/\",\"https:\\\/\\\/www.youtube.com\\\/channel\\\/UC2Kc8NJRRsyI6awzYByAgdg\"]}]}<\/script>\n<!-- \/ Yoast SEO plugin. -->","yoast_head_json":{"title":"ESO - Tu Academia en Tomares | DE LAS CIENCIAS Academia en Tomares y Marchena | De Las Ciencias","description":"Clases de apoyo escolar o particulares en Tomares y Marchena","robots":{"index":"index","follow":"follow","max-snippet":"max-snippet:-1","max-image-preview":"max-image-preview:large","max-video-preview":"max-video-preview:-1"},"canonical":"https:\/\/delasciencias.com\/inicio\/academiavirtual\/738-2\/","og_locale":"es_ES","og_type":"article","og_title":"ESO - Tu Academia en Tomares | DE LAS CIENCIAS Academia en Tomares y Marchena | De Las Ciencias","og_description":"Clases de apoyo escolar o particulares en Tomares y Marchena","og_url":"https:\/\/delasciencias.com\/inicio\/academiavirtual\/738-2\/","og_site_name":"Tu Academia en Tomares | DE LAS CIENCIAS","article_publisher":"https:\/\/www.facebook.com\/DeLasCiencias\/","article_modified_time":"2018-05-11T12:04:43+00:00","og_image":[{"url":"https:\/\/auladeestudiodelasciencias.files.wordpress.com\/2014\/07\/la-foto-1-1.jpg?w=300&amp;h=225","type":"","width":"","height":""}],"twitter_card":"summary_large_image","twitter_site":"@LasCiencias","twitter_misc":{"Tiempo de lectura":"1 minuto"},"schema":{"@context":"https:\/\/schema.org","@graph":[{"@type":"WebPage","@id":"https:\/\/delasciencias.com\/inicio\/academiavirtual\/738-2\/","url":"https:\/\/delasciencias.com\/inicio\/academiavirtual\/738-2\/","name":"ESO - Tu Academia en Tomares | DE LAS CIENCIAS Academia en Tomares y Marchena | De Las Ciencias","isPartOf":{"@id":"https:\/\/delasciencias.com\/inicio\/#website"},"primaryImageOfPage":{"@id":"https:\/\/delasciencias.com\/inicio\/academiavirtual\/738-2\/#primaryimage"},"image":{"@id":"https:\/\/delasciencias.com\/inicio\/academiavirtual\/738-2\/#primaryimage"},"thumbnailUrl":"https:\/\/auladeestudiodelasciencias.files.wordpress.com\/2014\/07\/la-foto-1-1.jpg?w=300&amp;h=225","datePublished":"2018-05-11T12:04:35+00:00","dateModified":"2018-05-11T12:04:43+00:00","description":"Clases de apoyo escolar o particulares en Tomares y Marchena","breadcrumb":{"@id":"https:\/\/delasciencias.com\/inicio\/academiavirtual\/738-2\/#breadcrumb"},"inLanguage":"es","potentialAction":[{"@type":"ReadAction","target":["https:\/\/delasciencias.com\/inicio\/academiavirtual\/738-2\/"]}]},{"@type":"ImageObject","inLanguage":"es","@id":"https:\/\/delasciencias.com\/inicio\/academiavirtual\/738-2\/#primaryimage","url":"https:\/\/auladeestudiodelasciencias.files.wordpress.com\/2014\/07\/la-foto-1-1.jpg?w=300&amp;h=225","contentUrl":"https:\/\/auladeestudiodelasciencias.files.wordpress.com\/2014\/07\/la-foto-1-1.jpg?w=300&amp;h=225"},{"@type":"BreadcrumbList","@id":"https:\/\/delasciencias.com\/inicio\/academiavirtual\/738-2\/#breadcrumb","itemListElement":[{"@type":"ListItem","position":1,"name":"Portada","item":"https:\/\/delasciencias.com\/inicio\/"},{"@type":"ListItem","position":2,"name":"TU ACADEMIA ONLINE","item":"https:\/\/delasciencias.com\/inicio\/academiavirtual\/"},{"@type":"ListItem","position":3,"name":"ESO"}]},{"@type":"WebSite","@id":"https:\/\/delasciencias.com\/inicio\/#website","url":"https:\/\/delasciencias.com\/inicio\/","name":"Tu Academia en Tomares | DE LAS CIENCIAS","description":"Clases de apoyo o particulares en Tomares","publisher":{"@id":"https:\/\/delasciencias.com\/inicio\/#organization"},"alternateName":"Academia De Las Ciencias","inLanguage":"es"},{"@type":"Organization","@id":"https:\/\/delasciencias.com\/inicio\/#organization","name":"ACADEMIA DE LAS CIENCIAS | TOMARES | MARCHENA","alternateName":"CLASES DE APOYO ESCOLAR y PARTICULARES | TOMARES | MARCHENA","url":"https:\/\/delasciencias.com\/inicio\/","logo":{"@type":"ImageObject","inLanguage":"es","@id":"https:\/\/delasciencias.com\/inicio\/#\/schema\/logo\/image\/","url":"https:\/\/delasciencias.com\/inicio\/wp-content\/uploads\/2020\/11\/Captura-de-pantalla-2019-10-12-a-las-0.03.45.png","contentUrl":"https:\/\/delasciencias.com\/inicio\/wp-content\/uploads\/2020\/11\/Captura-de-pantalla-2019-10-12-a-las-0.03.45.png","width":257,"height":254,"caption":"ACADEMIA DE LAS CIENCIAS | TOMARES | MARCHENA"},"image":{"@id":"https:\/\/delasciencias.com\/inicio\/#\/schema\/logo\/image\/"},"sameAs":["https:\/\/www.facebook.com\/DeLasCiencias\/","https:\/\/x.com\/LasCiencias","https:\/\/www.instagram.com\/delas_ciencias\/","https:\/\/www.youtube.com\/channel\/UC2Kc8NJRRsyI6awzYByAgdg"]}]}},"_links":{"self":[{"href":"https:\/\/delasciencias.com\/inicio\/wp-json\/wp\/v2\/pages\/738","targetHints":{"allow":["GET"]}}],"collection":[{"href":"https:\/\/delasciencias.com\/inicio\/wp-json\/wp\/v2\/pages"}],"about":[{"href":"https:\/\/delasciencias.com\/inicio\/wp-json\/wp\/v2\/types\/page"}],"author":[{"embeddable":true,"href":"https:\/\/delasciencias.com\/inicio\/wp-json\/wp\/v2\/users\/1"}],"replies":[{"embeddable":true,"href":"https:\/\/delasciencias.com\/inicio\/wp-json\/wp\/v2\/comments?post=738"}],"version-history":[{"count":2,"href":"https:\/\/delasciencias.com\/inicio\/wp-json\/wp\/v2\/pages\/738\/revisions"}],"predecessor-version":[{"id":740,"href":"https:\/\/delasciencias.com\/inicio\/wp-json\/wp\/v2\/pages\/738\/revisions\/740"}],"up":[{"embeddable":true,"href":"https:\/\/delasciencias.com\/inicio\/wp-json\/wp\/v2\/pages\/169"}],"wp:attachment":[{"href":"https:\/\/delasciencias.com\/inicio\/wp-json\/wp\/v2\/media?parent=738"}],"curies":[{"name":"wp","href":"https:\/\/api.w.org\/{rel}","templated":true}]}}