{"id":4128,"date":"2025-10-14T10:24:02","date_gmt":"2025-10-14T09:24:02","guid":{"rendered":"https:\/\/delasciencias.com\/inicio\/?page_id=4128"},"modified":"2025-10-14T10:24:03","modified_gmt":"2025-10-14T09:24:03","slug":"cambios-en-las-ponderaciones-para-la-pau-2026","status":"publish","type":"page","link":"https:\/\/delasciencias.com\/inicio\/cambios-en-las-ponderaciones-para-la-pau-2026\/","title":{"rendered":"Cambios en las ponderaciones para la PAU 2026"},"content":{"rendered":"\n<h2 class=\"wp-block-heading has-text-align-center\">Cambios en las ponderaciones para la PAU 2026<\/h2>\n\n\n\n<p>La Junta de Andaluc\u00eda ha anunciado un cambio importante en la Prueba de Acceso a la Universidad (PAU) que entrar\u00e1 en vigor en el curso 2026\/2027.<\/p>\n\n\n\n<p><strong>Cambios en las ponderaciones de Ciencias Generales<\/strong><\/p>\n\n\n\n<p>Uno de los cambios m\u00e1s relevantes afecta a la asignatura Ciencias Generales. Para la pr\u00f3xima selectividad de 2026, esta materia dejar\u00e1 de ponderar con coeficiente 0,2 en muchos de los grados universitarios, especialmente en aquellos vinculados a las ramas de&nbsp;<strong>Ciencias<\/strong>,&nbsp;<strong>Ciencias de la Salud<\/strong>&nbsp;e&nbsp;<strong>Ingenier\u00eda<em>&nbsp;y&nbsp;<\/em>Arquitectura<\/strong>.<\/p>\n\n\n\n<p>Este cambio afecta a carreras como&nbsp;<strong>Medicina<\/strong>&nbsp;o&nbsp;<strong>Enfermer\u00eda<\/strong>,&nbsp;<strong>Fisioterapia<\/strong>,&nbsp;<strong>Odontolog\u00eda<\/strong>, etc.<\/p>\n\n\n<div class=\"wp-block-image\">\n<figure class=\"aligncenter size-full\"><img loading=\"lazy\" decoding=\"async\" width=\"275\" height=\"183\" src=\"https:\/\/delasciencias.com\/inicio\/wp-content\/uploads\/2025\/10\/download.jpg\" alt=\"\" class=\"wp-image-4129\"\/><\/figure>\n<\/div>\n\n\n<p><strong>Cambios en las ponderaciones de las Matem\u00e1ticas<\/strong><\/p>\n\n\n\n<p>Hasta ahora, algunos estudiantes eleg\u00edan&nbsp;<strong>Matem\u00e1ticas II<\/strong>&nbsp;y&nbsp;<strong>Matem\u00e1ticas Aplicadas a las Ciencias Sociales II<\/strong>&nbsp;para maximizar su nota de admisi\u00f3n en grados universitarios donde ambas asignaturas ponderaban con el m\u00e1ximo coeficiente (0,2).<\/p>\n\n\n\n<p>Con las nuevas ponderaciones,&nbsp;<strong>solo se tendr\u00e1 en cuenta una de las dos Matem\u00e1ticas<\/strong>, la que m\u00e1s beneficie al estudiante, junto con otra asignatura distinta. Es decir,&nbsp;<strong>no se usar\u00e1n ambas<\/strong>&nbsp;para subir la nota.&nbsp;<\/p>\n\n\n<div class=\"wp-block-image\">\n<figure class=\"aligncenter size-full\"><img loading=\"lazy\" decoding=\"async\" width=\"268\" height=\"188\" src=\"https:\/\/delasciencias.com\/inicio\/wp-content\/uploads\/2025\/10\/download-1.jpg\" alt=\"\" class=\"wp-image-4130\"\/><\/figure>\n<\/div>\n\n\n<p>Este cambio afecta a ramas como:<\/p>\n\n\n\n<ul class=\"wp-block-list\">\n<li>\n<ul class=\"wp-block-list\">\n<li><strong>Ciencias de la Salud<\/strong>\u00a0(Medicina, Enfermer\u00eda, Psicolog\u00eda\u2026)<\/li>\n\n\n\n<li><strong>Ciencias\u00a0<\/strong>(Biolog\u00eda, Estad\u00edstica\u2026)<\/li>\n\n\n\n<li><strong>Ciencias Sociales y Jur\u00eddicas\u00a0<\/strong>(ADE, Econom\u00eda, Educaci\u00f3n Infantil\u2026)<\/li>\n<\/ul>\n<\/li>\n<\/ul>\n\n\n\n<p>No afecta a:<\/p>\n\n\n\n<ul class=\"wp-block-list\">\n<li><strong>Arte y Humanidades<\/strong>: solo ponderan Matem\u00e1ticas Aplicadas.<\/li>\n\n\n\n<li><strong>Ingenier\u00eda y Arquitectura<\/strong>: ponderan Matem\u00e1ticas II con 0,2 y Aplicadas con 0,1 como m\u00e1ximo.<\/li>\n<\/ul>\n\n\n\n<p>Puedes encontrar m\u00e1s informaci\u00f3n en el&nbsp;<a href=\"https:\/\/www.juntadeandalucia.es\/eboja\/2025\/192\/BOJA25-192-00012-13165-01_00326763.pdf\">BOJA oficial<\/a>&nbsp;.<\/p>\n\n\n\n<p><\/p>\n","protected":false},"excerpt":{"rendered":"<p>Cambios en las ponderaciones para la PAU 2026 La Junta de Andaluc\u00eda ha anunciado un cambio importante en la Prueba de Acceso a la Universidad (PAU) que entrar\u00e1 en vigor en el<a class=\"moretag\" href=\"https:\/\/delasciencias.com\/inicio\/cambios-en-las-ponderaciones-para-la-pau-2026\/\">Leer m\u00e1s&#8230;<\/a><\/p>\n","protected":false},"author":1,"featured_media":0,"parent":0,"menu_order":0,"comment_status":"closed","ping_status":"closed","template":"","meta":{"footnotes":""},"class_list":["post-4128","page","type-page","status-publish","hentry"],"yoast_head":"<!-- This site is optimized with the Yoast SEO plugin v27.3 - https:\/\/yoast.com\/product\/yoast-seo-wordpress\/ -->\n<title>Cambios en las ponderaciones para la PAU 2026 - Tu Academia en Tomares | DE LAS CIENCIAS Academia en Tomares y Marchena | De Las Ciencias<\/title>\n<meta name=\"description\" content=\"Clases de apoyo escolar o particulares en Tomares y Marchena\" \/>\n<meta name=\"robots\" content=\"index, follow, max-snippet:-1, max-image-preview:large, max-video-preview:-1\" \/>\n<link rel=\"canonical\" href=\"https:\/\/delasciencias.com\/inicio\/cambios-en-las-ponderaciones-para-la-pau-2026\/\" \/>\n<meta property=\"og:locale\" content=\"es_ES\" \/>\n<meta property=\"og:type\" content=\"article\" \/>\n<meta property=\"og:title\" content=\"Cambios en las ponderaciones para la PAU 2026 - Tu Academia en Tomares | DE LAS CIENCIAS Academia en Tomares y Marchena | De Las Ciencias\" \/>\n<meta property=\"og:description\" content=\"Clases de apoyo escolar o particulares en Tomares y Marchena\" \/>\n<meta property=\"og:url\" content=\"https:\/\/delasciencias.com\/inicio\/cambios-en-las-ponderaciones-para-la-pau-2026\/\" \/>\n<meta property=\"og:site_name\" content=\"Tu Academia en Tomares | DE LAS CIENCIAS\" \/>\n<meta property=\"article:publisher\" content=\"https:\/\/www.facebook.com\/DeLasCiencias\/\" \/>\n<meta property=\"article:modified_time\" content=\"2025-10-14T09:24:03+00:00\" \/>\n<meta property=\"og:image\" content=\"https:\/\/delasciencias.com\/inicio\/wp-content\/uploads\/2025\/10\/download.jpg\" \/>\n\t<meta property=\"og:image:width\" content=\"275\" \/>\n\t<meta property=\"og:image:height\" content=\"183\" \/>\n\t<meta property=\"og:image:type\" content=\"image\/jpeg\" \/>\n<meta name=\"twitter:card\" content=\"summary_large_image\" \/>\n<meta name=\"twitter:site\" content=\"@LasCiencias\" \/>\n<meta name=\"twitter:label1\" content=\"Tiempo de lectura\" \/>\n\t<meta name=\"twitter:data1\" content=\"2 minutos\" \/>\n<script type=\"application\/ld+json\" class=\"yoast-schema-graph\">{\"@context\":\"https:\\\/\\\/schema.org\",\"@graph\":[{\"@type\":\"WebPage\",\"@id\":\"https:\\\/\\\/delasciencias.com\\\/inicio\\\/cambios-en-las-ponderaciones-para-la-pau-2026\\\/\",\"url\":\"https:\\\/\\\/delasciencias.com\\\/inicio\\\/cambios-en-las-ponderaciones-para-la-pau-2026\\\/\",\"name\":\"Cambios en las ponderaciones para la PAU 2026 - Tu Academia en Tomares | DE LAS CIENCIAS Academia en Tomares y Marchena | De Las Ciencias\",\"isPartOf\":{\"@id\":\"https:\\\/\\\/delasciencias.com\\\/inicio\\\/#website\"},\"primaryImageOfPage\":{\"@id\":\"https:\\\/\\\/delasciencias.com\\\/inicio\\\/cambios-en-las-ponderaciones-para-la-pau-2026\\\/#primaryimage\"},\"image\":{\"@id\":\"https:\\\/\\\/delasciencias.com\\\/inicio\\\/cambios-en-las-ponderaciones-para-la-pau-2026\\\/#primaryimage\"},\"thumbnailUrl\":\"https:\\\/\\\/delasciencias.com\\\/inicio\\\/wp-content\\\/uploads\\\/2025\\\/10\\\/download.jpg\",\"datePublished\":\"2025-10-14T09:24:02+00:00\",\"dateModified\":\"2025-10-14T09:24:03+00:00\",\"description\":\"Clases de apoyo escolar o particulares en Tomares y Marchena\",\"breadcrumb\":{\"@id\":\"https:\\\/\\\/delasciencias.com\\\/inicio\\\/cambios-en-las-ponderaciones-para-la-pau-2026\\\/#breadcrumb\"},\"inLanguage\":\"es\",\"potentialAction\":[{\"@type\":\"ReadAction\",\"target\":[\"https:\\\/\\\/delasciencias.com\\\/inicio\\\/cambios-en-las-ponderaciones-para-la-pau-2026\\\/\"]}]},{\"@type\":\"ImageObject\",\"inLanguage\":\"es\",\"@id\":\"https:\\\/\\\/delasciencias.com\\\/inicio\\\/cambios-en-las-ponderaciones-para-la-pau-2026\\\/#primaryimage\",\"url\":\"https:\\\/\\\/delasciencias.com\\\/inicio\\\/wp-content\\\/uploads\\\/2025\\\/10\\\/download.jpg\",\"contentUrl\":\"https:\\\/\\\/delasciencias.com\\\/inicio\\\/wp-content\\\/uploads\\\/2025\\\/10\\\/download.jpg\",\"width\":275,\"height\":183},{\"@type\":\"BreadcrumbList\",\"@id\":\"https:\\\/\\\/delasciencias.com\\\/inicio\\\/cambios-en-las-ponderaciones-para-la-pau-2026\\\/#breadcrumb\",\"itemListElement\":[{\"@type\":\"ListItem\",\"position\":1,\"name\":\"Portada\",\"item\":\"https:\\\/\\\/delasciencias.com\\\/inicio\\\/\"},{\"@type\":\"ListItem\",\"position\":2,\"name\":\"Cambios en las ponderaciones para la PAU 2026\"}]},{\"@type\":\"WebSite\",\"@id\":\"https:\\\/\\\/delasciencias.com\\\/inicio\\\/#website\",\"url\":\"https:\\\/\\\/delasciencias.com\\\/inicio\\\/\",\"name\":\"Tu Academia en Tomares | DE LAS CIENCIAS\",\"description\":\"Clases de apoyo o particulares en Tomares\",\"publisher\":{\"@id\":\"https:\\\/\\\/delasciencias.com\\\/inicio\\\/#organization\"},\"alternateName\":\"Academia De Las Ciencias\",\"inLanguage\":\"es\"},{\"@type\":\"Organization\",\"@id\":\"https:\\\/\\\/delasciencias.com\\\/inicio\\\/#organization\",\"name\":\"ACADEMIA DE LAS CIENCIAS | TOMARES | MARCHENA\",\"alternateName\":\"CLASES DE APOYO ESCOLAR y PARTICULARES | TOMARES | MARCHENA\",\"url\":\"https:\\\/\\\/delasciencias.com\\\/inicio\\\/\",\"logo\":{\"@type\":\"ImageObject\",\"inLanguage\":\"es\",\"@id\":\"https:\\\/\\\/delasciencias.com\\\/inicio\\\/#\\\/schema\\\/logo\\\/image\\\/\",\"url\":\"https:\\\/\\\/delasciencias.com\\\/inicio\\\/wp-content\\\/uploads\\\/2020\\\/11\\\/Captura-de-pantalla-2019-10-12-a-las-0.03.45.png\",\"contentUrl\":\"https:\\\/\\\/delasciencias.com\\\/inicio\\\/wp-content\\\/uploads\\\/2020\\\/11\\\/Captura-de-pantalla-2019-10-12-a-las-0.03.45.png\",\"width\":257,\"height\":254,\"caption\":\"ACADEMIA DE LAS CIENCIAS | TOMARES | MARCHENA\"},\"image\":{\"@id\":\"https:\\\/\\\/delasciencias.com\\\/inicio\\\/#\\\/schema\\\/logo\\\/image\\\/\"},\"sameAs\":[\"https:\\\/\\\/www.facebook.com\\\/DeLasCiencias\\\/\",\"https:\\\/\\\/x.com\\\/LasCiencias\",\"https:\\\/\\\/www.instagram.com\\\/delas_ciencias\\\/\",\"https:\\\/\\\/www.youtube.com\\\/channel\\\/UC2Kc8NJRRsyI6awzYByAgdg\"]}]}<\/script>\n<!-- \/ Yoast SEO plugin. -->","yoast_head_json":{"title":"Cambios en las ponderaciones para la PAU 2026 - Tu Academia en Tomares | DE LAS CIENCIAS Academia en Tomares y Marchena | De Las Ciencias","description":"Clases de apoyo escolar o particulares en Tomares y Marchena","robots":{"index":"index","follow":"follow","max-snippet":"max-snippet:-1","max-image-preview":"max-image-preview:large","max-video-preview":"max-video-preview:-1"},"canonical":"https:\/\/delasciencias.com\/inicio\/cambios-en-las-ponderaciones-para-la-pau-2026\/","og_locale":"es_ES","og_type":"article","og_title":"Cambios en las ponderaciones para la PAU 2026 - Tu Academia en Tomares | DE LAS CIENCIAS Academia en Tomares y Marchena | De Las Ciencias","og_description":"Clases de apoyo escolar o particulares en Tomares y Marchena","og_url":"https:\/\/delasciencias.com\/inicio\/cambios-en-las-ponderaciones-para-la-pau-2026\/","og_site_name":"Tu Academia en Tomares | DE LAS CIENCIAS","article_publisher":"https:\/\/www.facebook.com\/DeLasCiencias\/","article_modified_time":"2025-10-14T09:24:03+00:00","og_image":[{"width":275,"height":183,"url":"https:\/\/delasciencias.com\/inicio\/wp-content\/uploads\/2025\/10\/download.jpg","type":"image\/jpeg"}],"twitter_card":"summary_large_image","twitter_site":"@LasCiencias","twitter_misc":{"Tiempo de lectura":"2 minutos"},"schema":{"@context":"https:\/\/schema.org","@graph":[{"@type":"WebPage","@id":"https:\/\/delasciencias.com\/inicio\/cambios-en-las-ponderaciones-para-la-pau-2026\/","url":"https:\/\/delasciencias.com\/inicio\/cambios-en-las-ponderaciones-para-la-pau-2026\/","name":"Cambios en las ponderaciones para la PAU 2026 - Tu Academia en Tomares | DE LAS CIENCIAS Academia en Tomares y Marchena | De Las Ciencias","isPartOf":{"@id":"https:\/\/delasciencias.com\/inicio\/#website"},"primaryImageOfPage":{"@id":"https:\/\/delasciencias.com\/inicio\/cambios-en-las-ponderaciones-para-la-pau-2026\/#primaryimage"},"image":{"@id":"https:\/\/delasciencias.com\/inicio\/cambios-en-las-ponderaciones-para-la-pau-2026\/#primaryimage"},"thumbnailUrl":"https:\/\/delasciencias.com\/inicio\/wp-content\/uploads\/2025\/10\/download.jpg","datePublished":"2025-10-14T09:24:02+00:00","dateModified":"2025-10-14T09:24:03+00:00","description":"Clases de apoyo escolar o particulares en Tomares y Marchena","breadcrumb":{"@id":"https:\/\/delasciencias.com\/inicio\/cambios-en-las-ponderaciones-para-la-pau-2026\/#breadcrumb"},"inLanguage":"es","potentialAction":[{"@type":"ReadAction","target":["https:\/\/delasciencias.com\/inicio\/cambios-en-las-ponderaciones-para-la-pau-2026\/"]}]},{"@type":"ImageObject","inLanguage":"es","@id":"https:\/\/delasciencias.com\/inicio\/cambios-en-las-ponderaciones-para-la-pau-2026\/#primaryimage","url":"https:\/\/delasciencias.com\/inicio\/wp-content\/uploads\/2025\/10\/download.jpg","contentUrl":"https:\/\/delasciencias.com\/inicio\/wp-content\/uploads\/2025\/10\/download.jpg","width":275,"height":183},{"@type":"BreadcrumbList","@id":"https:\/\/delasciencias.com\/inicio\/cambios-en-las-ponderaciones-para-la-pau-2026\/#breadcrumb","itemListElement":[{"@type":"ListItem","position":1,"name":"Portada","item":"https:\/\/delasciencias.com\/inicio\/"},{"@type":"ListItem","position":2,"name":"Cambios en las ponderaciones para la PAU 2026"}]},{"@type":"WebSite","@id":"https:\/\/delasciencias.com\/inicio\/#website","url":"https:\/\/delasciencias.com\/inicio\/","name":"Tu Academia en Tomares | DE LAS CIENCIAS","description":"Clases de apoyo o particulares en Tomares","publisher":{"@id":"https:\/\/delasciencias.com\/inicio\/#organization"},"alternateName":"Academia De Las Ciencias","inLanguage":"es"},{"@type":"Organization","@id":"https:\/\/delasciencias.com\/inicio\/#organization","name":"ACADEMIA DE LAS CIENCIAS | TOMARES | MARCHENA","alternateName":"CLASES DE APOYO ESCOLAR y PARTICULARES | TOMARES | MARCHENA","url":"https:\/\/delasciencias.com\/inicio\/","logo":{"@type":"ImageObject","inLanguage":"es","@id":"https:\/\/delasciencias.com\/inicio\/#\/schema\/logo\/image\/","url":"https:\/\/delasciencias.com\/inicio\/wp-content\/uploads\/2020\/11\/Captura-de-pantalla-2019-10-12-a-las-0.03.45.png","contentUrl":"https:\/\/delasciencias.com\/inicio\/wp-content\/uploads\/2020\/11\/Captura-de-pantalla-2019-10-12-a-las-0.03.45.png","width":257,"height":254,"caption":"ACADEMIA DE LAS CIENCIAS | TOMARES | MARCHENA"},"image":{"@id":"https:\/\/delasciencias.com\/inicio\/#\/schema\/logo\/image\/"},"sameAs":["https:\/\/www.facebook.com\/DeLasCiencias\/","https:\/\/x.com\/LasCiencias","https:\/\/www.instagram.com\/delas_ciencias\/","https:\/\/www.youtube.com\/channel\/UC2Kc8NJRRsyI6awzYByAgdg"]}]}},"_links":{"self":[{"href":"https:\/\/delasciencias.com\/inicio\/wp-json\/wp\/v2\/pages\/4128","targetHints":{"allow":["GET"]}}],"collection":[{"href":"https:\/\/delasciencias.com\/inicio\/wp-json\/wp\/v2\/pages"}],"about":[{"href":"https:\/\/delasciencias.com\/inicio\/wp-json\/wp\/v2\/types\/page"}],"author":[{"embeddable":true,"href":"https:\/\/delasciencias.com\/inicio\/wp-json\/wp\/v2\/users\/1"}],"replies":[{"embeddable":true,"href":"https:\/\/delasciencias.com\/inicio\/wp-json\/wp\/v2\/comments?post=4128"}],"version-history":[{"count":1,"href":"https:\/\/delasciencias.com\/inicio\/wp-json\/wp\/v2\/pages\/4128\/revisions"}],"predecessor-version":[{"id":4131,"href":"https:\/\/delasciencias.com\/inicio\/wp-json\/wp\/v2\/pages\/4128\/revisions\/4131"}],"wp:attachment":[{"href":"https:\/\/delasciencias.com\/inicio\/wp-json\/wp\/v2\/media?parent=4128"}],"curies":[{"name":"wp","href":"https:\/\/api.w.org\/{rel}","templated":true}]}}