{"id":4019,"date":"2025-03-13T10:21:57","date_gmt":"2025-03-13T09:21:57","guid":{"rendered":"https:\/\/delasciencias.com\/inicio\/?page_id=4019"},"modified":"2025-03-13T10:28:39","modified_gmt":"2025-03-13T09:28:39","slug":"pre-intensivo-selectividad","status":"publish","type":"page","link":"https:\/\/delasciencias.com\/inicio\/pre-intensivo-selectividad\/","title":{"rendered":"Pre Intensivo Selectividad"},"content":{"rendered":"\n<h2 class=\"wp-block-heading has-text-align-center\"><strong>Pre Intensivo Selectividad<\/strong><\/h2>\n\n\n\n<h2 class=\"wp-block-heading\">ADQUIERE LA BASE NECESARIA PARA AFRONTAR SELECTIVIDAD<\/h2>\n\n\n\n<p>Prepararte para\u00a0<strong>Selectividad<\/strong>\u00a0es un desaf\u00edo significativo, especialmente si vienes de ciclos de grado superior, tienes un bachillerato extranjero, o has estado fuera del sistema educativo durante alg\u00fan tiempo. Nuestros cursos de\u00a0<strong>PRE INTENSIVO SELECTIVIDAD<\/strong>\u00a0est\u00e1n dise\u00f1ados espec\u00edficamente para\u00a0<strong>construir una base s\u00f3lida<\/strong>\u00a0y necesaria antes de embarcarte en la preparaci\u00f3n espec\u00edfica de prueba PAU ordinaria o extraordinaria.<\/p>\n\n\n<div class=\"wp-block-image\">\n<figure class=\"aligncenter size-large is-resized\"><img loading=\"lazy\" decoding=\"async\" width=\"1024\" height=\"1024\" src=\"https:\/\/delasciencias.com\/inicio\/wp-content\/uploads\/2025\/03\/PS-quim-1024x1024.png\" alt=\"\" class=\"wp-image-4020\" style=\"width:356px;height:auto\" srcset=\"https:\/\/delasciencias.com\/inicio\/wp-content\/uploads\/2025\/03\/PS-quim-1024x1024.png 1024w, https:\/\/delasciencias.com\/inicio\/wp-content\/uploads\/2025\/03\/PS-quim-300x300.png 300w, https:\/\/delasciencias.com\/inicio\/wp-content\/uploads\/2025\/03\/PS-quim-150x150.png 150w, https:\/\/delasciencias.com\/inicio\/wp-content\/uploads\/2025\/03\/PS-quim-768x768.png 768w, https:\/\/delasciencias.com\/inicio\/wp-content\/uploads\/2025\/03\/PS-quim.png 1200w\" sizes=\"auto, (max-width: 1024px) 100vw, 1024px\" \/><\/figure>\n<\/div>\n\n\n<p>Ofrecemos un\u00a0<strong>paquete completo de aprendizaje<\/strong>\u00a0que transforma tu preparaci\u00f3n en una experiencia integral y eficaz. Nuestros\u00a0<strong>materiales propios y actualizados<\/strong>\u00a0te brindan el conocimiento esencial, mientras que nuestros\u00a0<strong>recursos complementarios<\/strong>\u00a0potencian tu capacidad de comprensi\u00f3n y retenci\u00f3n del material.<\/p>\n\n\n\n<p>Antes de abordar los contenidos espec\u00edficos de las pruebas de Selectividad, es crucial<strong>\u00a0repasar y consolidar conceptos fundamentales de cada asignatura<\/strong>. Este enfoque garantiza que todos los estudiantes, independientemente de su punto de partida, tengan la oportunidad de integrar y comprender plenamente el temario avanzado de nuestros cursos de preparaci\u00f3n para la Selectividad. Porque nuestros cursos son personalizados. <\/p>\n\n\n<div class=\"wp-block-image\">\n<figure class=\"aligncenter size-large is-resized\"><img loading=\"lazy\" decoding=\"async\" width=\"1024\" height=\"1024\" src=\"https:\/\/delasciencias.com\/inicio\/wp-content\/uploads\/2025\/03\/PS-mat-1024x1024.png\" alt=\"\" class=\"wp-image-4021\" style=\"width:338px;height:auto\" srcset=\"https:\/\/delasciencias.com\/inicio\/wp-content\/uploads\/2025\/03\/PS-mat-1024x1024.png 1024w, https:\/\/delasciencias.com\/inicio\/wp-content\/uploads\/2025\/03\/PS-mat-300x300.png 300w, https:\/\/delasciencias.com\/inicio\/wp-content\/uploads\/2025\/03\/PS-mat-150x150.png 150w, https:\/\/delasciencias.com\/inicio\/wp-content\/uploads\/2025\/03\/PS-mat-768x768.png 768w, https:\/\/delasciencias.com\/inicio\/wp-content\/uploads\/2025\/03\/PS-mat.png 1200w\" sizes=\"auto, (max-width: 1024px) 100vw, 1024px\" \/><\/figure>\n<\/div>\n\n\n<p>Con materiales en&nbsp;<strong>constante actualizaci\u00f3n<\/strong>, nos aseguramos de que est\u00e9s siempre preparado\/a para cualquier cambio en los ex\u00e1menes y te ofrecemos la experiencia m\u00e1s actual y efectiva para enfrentar los desaf\u00edos de la Selectividad.<\/p>\n\n\n<div class=\"wp-block-image\">\n<figure class=\"aligncenter size-full is-resized\"><a href=\"https:\/\/delasciencias.com\/inicio\/contacto\/\"><img loading=\"lazy\" decoding=\"async\" width=\"820\" height=\"241\" src=\"https:\/\/delasciencias.com\/inicio\/wp-content\/uploads\/2021\/12\/200-2004670_related-wallpapers-boton-contacto-png.jpg\" alt=\"\" class=\"wp-image-2823\" style=\"width:313px;height:auto\" srcset=\"https:\/\/delasciencias.com\/inicio\/wp-content\/uploads\/2021\/12\/200-2004670_related-wallpapers-boton-contacto-png.jpg 820w, https:\/\/delasciencias.com\/inicio\/wp-content\/uploads\/2021\/12\/200-2004670_related-wallpapers-boton-contacto-png-300x88.jpg 300w, https:\/\/delasciencias.com\/inicio\/wp-content\/uploads\/2021\/12\/200-2004670_related-wallpapers-boton-contacto-png-768x226.jpg 768w\" sizes=\"auto, (max-width: 820px) 100vw, 820px\" \/><\/a><\/figure>\n<\/div>\n\n<div class=\"wp-block-image\">\n<figure class=\"aligncenter size-full is-resized\"><a href=\"https:\/\/delasciencias.com\/inicio\/contacto\/reserva\/\"><img loading=\"lazy\" decoding=\"async\" width=\"300\" height=\"105\" src=\"https:\/\/delasciencias.com\/inicio\/wp-content\/uploads\/2023\/12\/image.png\" alt=\"\" class=\"wp-image-3356\" style=\"width:314px;height:auto\"\/><\/a><\/figure>\n<\/div>\n\n\n<p><\/p>\n","protected":false},"excerpt":{"rendered":"<p>Pre Intensivo Selectividad ADQUIERE LA BASE NECESARIA PARA AFRONTAR SELECTIVIDAD Prepararte para\u00a0Selectividad\u00a0es un desaf\u00edo significativo, especialmente si vienes de ciclos de grado superior, tienes un bachillerato extranjero, o has estado fuera del<a class=\"moretag\" href=\"https:\/\/delasciencias.com\/inicio\/pre-intensivo-selectividad\/\">Leer m\u00e1s&#8230;<\/a><\/p>\n","protected":false},"author":1,"featured_media":0,"parent":0,"menu_order":0,"comment_status":"closed","ping_status":"closed","template":"","meta":{"footnotes":""},"class_list":["post-4019","page","type-page","status-publish","hentry"],"yoast_head":"<!-- This site is optimized with the Yoast SEO plugin v27.3 - https:\/\/yoast.com\/product\/yoast-seo-wordpress\/ -->\n<title>Pre Intensivo Selectividad - Tu Academia en Tomares | DE LAS CIENCIAS Academia en Tomares y Marchena | De Las Ciencias<\/title>\n<meta name=\"description\" content=\"Clases de apoyo escolar o particulares en Tomares y Marchena\" \/>\n<meta name=\"robots\" content=\"index, follow, max-snippet:-1, max-image-preview:large, max-video-preview:-1\" \/>\n<link rel=\"canonical\" href=\"https:\/\/delasciencias.com\/inicio\/pre-intensivo-selectividad\/\" \/>\n<meta property=\"og:locale\" content=\"es_ES\" \/>\n<meta property=\"og:type\" content=\"article\" \/>\n<meta property=\"og:title\" content=\"Pre Intensivo Selectividad - Tu Academia en Tomares | DE LAS CIENCIAS Academia en Tomares y Marchena | De Las Ciencias\" \/>\n<meta property=\"og:description\" content=\"Clases de apoyo escolar o particulares en Tomares y Marchena\" \/>\n<meta property=\"og:url\" content=\"https:\/\/delasciencias.com\/inicio\/pre-intensivo-selectividad\/\" \/>\n<meta property=\"og:site_name\" content=\"Tu Academia en Tomares | DE LAS CIENCIAS\" \/>\n<meta property=\"article:publisher\" content=\"https:\/\/www.facebook.com\/DeLasCiencias\/\" \/>\n<meta property=\"article:modified_time\" content=\"2025-03-13T09:28:39+00:00\" \/>\n<meta property=\"og:image\" content=\"https:\/\/delasciencias.com\/inicio\/wp-content\/uploads\/2025\/03\/PS-quim.png\" \/>\n\t<meta property=\"og:image:width\" content=\"1200\" \/>\n\t<meta property=\"og:image:height\" content=\"1200\" \/>\n\t<meta property=\"og:image:type\" content=\"image\/png\" \/>\n<meta name=\"twitter:card\" content=\"summary_large_image\" \/>\n<meta name=\"twitter:site\" content=\"@LasCiencias\" \/>\n<meta name=\"twitter:label1\" content=\"Tiempo de lectura\" \/>\n\t<meta name=\"twitter:data1\" content=\"2 minutos\" \/>\n<script type=\"application\/ld+json\" class=\"yoast-schema-graph\">{\"@context\":\"https:\\\/\\\/schema.org\",\"@graph\":[{\"@type\":\"WebPage\",\"@id\":\"https:\\\/\\\/delasciencias.com\\\/inicio\\\/pre-intensivo-selectividad\\\/\",\"url\":\"https:\\\/\\\/delasciencias.com\\\/inicio\\\/pre-intensivo-selectividad\\\/\",\"name\":\"Pre Intensivo Selectividad - Tu Academia en Tomares | DE LAS CIENCIAS Academia en Tomares y Marchena | De Las Ciencias\",\"isPartOf\":{\"@id\":\"https:\\\/\\\/delasciencias.com\\\/inicio\\\/#website\"},\"primaryImageOfPage\":{\"@id\":\"https:\\\/\\\/delasciencias.com\\\/inicio\\\/pre-intensivo-selectividad\\\/#primaryimage\"},\"image\":{\"@id\":\"https:\\\/\\\/delasciencias.com\\\/inicio\\\/pre-intensivo-selectividad\\\/#primaryimage\"},\"thumbnailUrl\":\"https:\\\/\\\/delasciencias.com\\\/inicio\\\/wp-content\\\/uploads\\\/2025\\\/03\\\/PS-quim-1024x1024.png\",\"datePublished\":\"2025-03-13T09:21:57+00:00\",\"dateModified\":\"2025-03-13T09:28:39+00:00\",\"description\":\"Clases de apoyo escolar o particulares en Tomares y Marchena\",\"breadcrumb\":{\"@id\":\"https:\\\/\\\/delasciencias.com\\\/inicio\\\/pre-intensivo-selectividad\\\/#breadcrumb\"},\"inLanguage\":\"es\",\"potentialAction\":[{\"@type\":\"ReadAction\",\"target\":[\"https:\\\/\\\/delasciencias.com\\\/inicio\\\/pre-intensivo-selectividad\\\/\"]}]},{\"@type\":\"ImageObject\",\"inLanguage\":\"es\",\"@id\":\"https:\\\/\\\/delasciencias.com\\\/inicio\\\/pre-intensivo-selectividad\\\/#primaryimage\",\"url\":\"https:\\\/\\\/delasciencias.com\\\/inicio\\\/wp-content\\\/uploads\\\/2025\\\/03\\\/PS-quim.png\",\"contentUrl\":\"https:\\\/\\\/delasciencias.com\\\/inicio\\\/wp-content\\\/uploads\\\/2025\\\/03\\\/PS-quim.png\",\"width\":1200,\"height\":1200},{\"@type\":\"BreadcrumbList\",\"@id\":\"https:\\\/\\\/delasciencias.com\\\/inicio\\\/pre-intensivo-selectividad\\\/#breadcrumb\",\"itemListElement\":[{\"@type\":\"ListItem\",\"position\":1,\"name\":\"Portada\",\"item\":\"https:\\\/\\\/delasciencias.com\\\/inicio\\\/\"},{\"@type\":\"ListItem\",\"position\":2,\"name\":\"Pre Intensivo Selectividad\"}]},{\"@type\":\"WebSite\",\"@id\":\"https:\\\/\\\/delasciencias.com\\\/inicio\\\/#website\",\"url\":\"https:\\\/\\\/delasciencias.com\\\/inicio\\\/\",\"name\":\"Tu Academia en Tomares | DE LAS CIENCIAS\",\"description\":\"Clases de apoyo o particulares en Tomares\",\"publisher\":{\"@id\":\"https:\\\/\\\/delasciencias.com\\\/inicio\\\/#organization\"},\"alternateName\":\"Academia De Las Ciencias\",\"inLanguage\":\"es\"},{\"@type\":\"Organization\",\"@id\":\"https:\\\/\\\/delasciencias.com\\\/inicio\\\/#organization\",\"name\":\"ACADEMIA DE LAS CIENCIAS | TOMARES | MARCHENA\",\"alternateName\":\"CLASES DE APOYO ESCOLAR y PARTICULARES | TOMARES | MARCHENA\",\"url\":\"https:\\\/\\\/delasciencias.com\\\/inicio\\\/\",\"logo\":{\"@type\":\"ImageObject\",\"inLanguage\":\"es\",\"@id\":\"https:\\\/\\\/delasciencias.com\\\/inicio\\\/#\\\/schema\\\/logo\\\/image\\\/\",\"url\":\"https:\\\/\\\/delasciencias.com\\\/inicio\\\/wp-content\\\/uploads\\\/2020\\\/11\\\/Captura-de-pantalla-2019-10-12-a-las-0.03.45.png\",\"contentUrl\":\"https:\\\/\\\/delasciencias.com\\\/inicio\\\/wp-content\\\/uploads\\\/2020\\\/11\\\/Captura-de-pantalla-2019-10-12-a-las-0.03.45.png\",\"width\":257,\"height\":254,\"caption\":\"ACADEMIA DE LAS CIENCIAS | TOMARES | MARCHENA\"},\"image\":{\"@id\":\"https:\\\/\\\/delasciencias.com\\\/inicio\\\/#\\\/schema\\\/logo\\\/image\\\/\"},\"sameAs\":[\"https:\\\/\\\/www.facebook.com\\\/DeLasCiencias\\\/\",\"https:\\\/\\\/x.com\\\/LasCiencias\",\"https:\\\/\\\/www.instagram.com\\\/delas_ciencias\\\/\",\"https:\\\/\\\/www.youtube.com\\\/channel\\\/UC2Kc8NJRRsyI6awzYByAgdg\"]}]}<\/script>\n<!-- \/ Yoast SEO plugin. -->","yoast_head_json":{"title":"Pre Intensivo Selectividad - Tu Academia en Tomares | DE LAS CIENCIAS Academia en Tomares y Marchena | De Las Ciencias","description":"Clases de apoyo escolar o particulares en Tomares y Marchena","robots":{"index":"index","follow":"follow","max-snippet":"max-snippet:-1","max-image-preview":"max-image-preview:large","max-video-preview":"max-video-preview:-1"},"canonical":"https:\/\/delasciencias.com\/inicio\/pre-intensivo-selectividad\/","og_locale":"es_ES","og_type":"article","og_title":"Pre Intensivo Selectividad - Tu Academia en Tomares | DE LAS CIENCIAS Academia en Tomares y Marchena | De Las Ciencias","og_description":"Clases de apoyo escolar o particulares en Tomares y Marchena","og_url":"https:\/\/delasciencias.com\/inicio\/pre-intensivo-selectividad\/","og_site_name":"Tu Academia en Tomares | DE LAS CIENCIAS","article_publisher":"https:\/\/www.facebook.com\/DeLasCiencias\/","article_modified_time":"2025-03-13T09:28:39+00:00","og_image":[{"width":1200,"height":1200,"url":"https:\/\/delasciencias.com\/inicio\/wp-content\/uploads\/2025\/03\/PS-quim.png","type":"image\/png"}],"twitter_card":"summary_large_image","twitter_site":"@LasCiencias","twitter_misc":{"Tiempo de lectura":"2 minutos"},"schema":{"@context":"https:\/\/schema.org","@graph":[{"@type":"WebPage","@id":"https:\/\/delasciencias.com\/inicio\/pre-intensivo-selectividad\/","url":"https:\/\/delasciencias.com\/inicio\/pre-intensivo-selectividad\/","name":"Pre Intensivo Selectividad - Tu Academia en Tomares | DE LAS CIENCIAS Academia en Tomares y Marchena | De Las Ciencias","isPartOf":{"@id":"https:\/\/delasciencias.com\/inicio\/#website"},"primaryImageOfPage":{"@id":"https:\/\/delasciencias.com\/inicio\/pre-intensivo-selectividad\/#primaryimage"},"image":{"@id":"https:\/\/delasciencias.com\/inicio\/pre-intensivo-selectividad\/#primaryimage"},"thumbnailUrl":"https:\/\/delasciencias.com\/inicio\/wp-content\/uploads\/2025\/03\/PS-quim-1024x1024.png","datePublished":"2025-03-13T09:21:57+00:00","dateModified":"2025-03-13T09:28:39+00:00","description":"Clases de apoyo escolar o particulares en Tomares y Marchena","breadcrumb":{"@id":"https:\/\/delasciencias.com\/inicio\/pre-intensivo-selectividad\/#breadcrumb"},"inLanguage":"es","potentialAction":[{"@type":"ReadAction","target":["https:\/\/delasciencias.com\/inicio\/pre-intensivo-selectividad\/"]}]},{"@type":"ImageObject","inLanguage":"es","@id":"https:\/\/delasciencias.com\/inicio\/pre-intensivo-selectividad\/#primaryimage","url":"https:\/\/delasciencias.com\/inicio\/wp-content\/uploads\/2025\/03\/PS-quim.png","contentUrl":"https:\/\/delasciencias.com\/inicio\/wp-content\/uploads\/2025\/03\/PS-quim.png","width":1200,"height":1200},{"@type":"BreadcrumbList","@id":"https:\/\/delasciencias.com\/inicio\/pre-intensivo-selectividad\/#breadcrumb","itemListElement":[{"@type":"ListItem","position":1,"name":"Portada","item":"https:\/\/delasciencias.com\/inicio\/"},{"@type":"ListItem","position":2,"name":"Pre Intensivo Selectividad"}]},{"@type":"WebSite","@id":"https:\/\/delasciencias.com\/inicio\/#website","url":"https:\/\/delasciencias.com\/inicio\/","name":"Tu Academia en Tomares | DE LAS CIENCIAS","description":"Clases de apoyo o particulares en Tomares","publisher":{"@id":"https:\/\/delasciencias.com\/inicio\/#organization"},"alternateName":"Academia De Las Ciencias","inLanguage":"es"},{"@type":"Organization","@id":"https:\/\/delasciencias.com\/inicio\/#organization","name":"ACADEMIA DE LAS CIENCIAS | TOMARES | MARCHENA","alternateName":"CLASES DE APOYO ESCOLAR y PARTICULARES | TOMARES | MARCHENA","url":"https:\/\/delasciencias.com\/inicio\/","logo":{"@type":"ImageObject","inLanguage":"es","@id":"https:\/\/delasciencias.com\/inicio\/#\/schema\/logo\/image\/","url":"https:\/\/delasciencias.com\/inicio\/wp-content\/uploads\/2020\/11\/Captura-de-pantalla-2019-10-12-a-las-0.03.45.png","contentUrl":"https:\/\/delasciencias.com\/inicio\/wp-content\/uploads\/2020\/11\/Captura-de-pantalla-2019-10-12-a-las-0.03.45.png","width":257,"height":254,"caption":"ACADEMIA DE LAS CIENCIAS | TOMARES | MARCHENA"},"image":{"@id":"https:\/\/delasciencias.com\/inicio\/#\/schema\/logo\/image\/"},"sameAs":["https:\/\/www.facebook.com\/DeLasCiencias\/","https:\/\/x.com\/LasCiencias","https:\/\/www.instagram.com\/delas_ciencias\/","https:\/\/www.youtube.com\/channel\/UC2Kc8NJRRsyI6awzYByAgdg"]}]}},"_links":{"self":[{"href":"https:\/\/delasciencias.com\/inicio\/wp-json\/wp\/v2\/pages\/4019","targetHints":{"allow":["GET"]}}],"collection":[{"href":"https:\/\/delasciencias.com\/inicio\/wp-json\/wp\/v2\/pages"}],"about":[{"href":"https:\/\/delasciencias.com\/inicio\/wp-json\/wp\/v2\/types\/page"}],"author":[{"embeddable":true,"href":"https:\/\/delasciencias.com\/inicio\/wp-json\/wp\/v2\/users\/1"}],"replies":[{"embeddable":true,"href":"https:\/\/delasciencias.com\/inicio\/wp-json\/wp\/v2\/comments?post=4019"}],"version-history":[{"count":2,"href":"https:\/\/delasciencias.com\/inicio\/wp-json\/wp\/v2\/pages\/4019\/revisions"}],"predecessor-version":[{"id":4029,"href":"https:\/\/delasciencias.com\/inicio\/wp-json\/wp\/v2\/pages\/4019\/revisions\/4029"}],"wp:attachment":[{"href":"https:\/\/delasciencias.com\/inicio\/wp-json\/wp\/v2\/media?parent=4019"}],"curies":[{"name":"wp","href":"https:\/\/api.w.org\/{rel}","templated":true}]}}