{"id":3915,"date":"2025-02-22T12:42:48","date_gmt":"2025-02-22T11:42:48","guid":{"rendered":"https:\/\/delasciencias.com\/inicio\/?page_id=3915"},"modified":"2025-02-22T12:42:49","modified_gmt":"2025-02-22T11:42:49","slug":"selectividad-pau-alto-rendimento","status":"publish","type":"page","link":"https:\/\/delasciencias.com\/inicio\/selectividad-pau-alto-rendimento\/","title":{"rendered":"Selectividad-PAU Alto Rendimento"},"content":{"rendered":"\n<h2 class=\"wp-block-heading has-text-align-center\">Selectividad-PAU Alto Rendimento<\/h2>\n\n\n\n<p>\u00bfDeseas acceder a un grado biosanitario, grados de ingener\u00eda, grado en matem\u00e1ticas pero\u00a0<strong>te preocupa no alcanzar tu objetivo respecto a la nota de corte<\/strong>? Desde<strong>\u00a0Academia De Las Ciencias<\/strong>\u00a0podemos ayudarte con nuestros cursos para la preparaci\u00f3n de la prueba\u00a0<strong>PAU en modalidad Alto Rendimiento<\/strong>.<\/p>\n\n\n\n<p><strong>En Academia De Las Ciencias<\/strong>\u00a0hemos lanzado este curso preparatorio,\u00a0<strong>con nuestro m\u00e9todo propio<\/strong>, \u00fanico y con una metodolog\u00eda que se basa en preparte a conciencia para la prueba.<\/p>\n\n\n\n<p>Este curso incluye la\u00a0<strong>preparaci\u00f3n de las asignaturas de Matem\u00e1ticas II, Matem\u00e1ticas CCSS, F\u00edsica, Biolog\u00eda y Qu\u00edmica<\/strong>, con m\u00ednimo de tres sesiones semanales para cada asignatura. Adem\u00e1s, la coordinaci\u00f3n de todo el equipo de\u00a0<strong>Academia De Las Ciencias<\/strong>\u00a0har\u00e1 que tengas las herramientas suficientes, y eficientes, para\u00a0<strong>abordar la prueba con todas las garant\u00edas.<\/strong><\/p>\n\n\n\n<p>El curso incluye:<\/p>\n\n\n\n<ul class=\"wp-block-list\">\n<li><strong>Temario completo<\/strong>\u00a0y actualizado (disponible a nivel de Andaluc\u00eda)<\/li>\n\n\n\n<li><strong>Profesores expertos en cada materia<\/strong><\/li>\n\n\n\n<li><strong>Parte pr\u00e1ctica<\/strong>\u00a0desglosada por temas y bloques<\/li>\n\n\n\n<li><strong>Simulacros reales<\/strong>\u00a0de diferentes pruebas PAU a nivel de Andaluc\u00eda<\/li>\n\n\n\n<li><strong>Personalizaci\u00f3n del m\u00e9todo<\/strong>. Ir\u00e1s a tu ritmo, ya que el profesor resolver\u00e1 todas tus dudas de manera individualizada<\/li>\n\n\n\n<li><strong>Aula virtual<\/strong> con apuntes, res\u00famenes, ejercicios resueltos, videos explicativos, &#8230;<\/li>\n\n\n\n<li><strong>Amplio espectro horario<\/strong>\u00a0(turno de ma\u00f1anas o tardes). Nos adaptamos a tus necesidades.\u00a0<strong>Disponible<\/strong>, tambi\u00e9n,\u00a0<strong>en modalidad online<\/strong>.<\/li>\n<\/ul>\n\n\n\n<p>Nuestras instalaciones est\u00e1n en pleno centro de Tomares (enfrente de Aljarafesa y a tan s\u00f3lo 5 minutos del ayuntamiento de Tomares) .<\/p>\n\n\n\n<p>\u00bfNecesitas mas inform\u00e1cion o asesoramiento relacionadas con la prueba PAU?\u00a0Ven a conocernos o <a href=\"https:\/\/delasciencias.com\/inicio\/contacto\/\"><strong>Cons\u00faltanos sin compromiso<\/strong><\/a><\/p>\n\n\n<div class=\"wp-block-image\">\n<figure class=\"aligncenter size-full\"><img loading=\"lazy\" decoding=\"async\" width=\"815\" height=\"282\" src=\"https:\/\/delasciencias.com\/inicio\/wp-content\/uploads\/2025\/02\/Captura-de-pantalla-2025-02-20-a-las-17.51.30.png\" alt=\"\" class=\"wp-image-3892\" srcset=\"https:\/\/delasciencias.com\/inicio\/wp-content\/uploads\/2025\/02\/Captura-de-pantalla-2025-02-20-a-las-17.51.30.png 815w, https:\/\/delasciencias.com\/inicio\/wp-content\/uploads\/2025\/02\/Captura-de-pantalla-2025-02-20-a-las-17.51.30-300x104.png 300w, https:\/\/delasciencias.com\/inicio\/wp-content\/uploads\/2025\/02\/Captura-de-pantalla-2025-02-20-a-las-17.51.30-768x266.png 768w\" sizes=\"auto, (max-width: 815px) 100vw, 815px\" \/><\/figure>\n<\/div>\n\n<div class=\"wp-block-image\">\n<figure class=\"aligncenter size-full is-resized\"><img loading=\"lazy\" decoding=\"async\" width=\"865\" height=\"289\" src=\"https:\/\/delasciencias.com\/inicio\/wp-content\/uploads\/2025\/02\/Captura-de-pantalla-2025-02-20-a-las-17.49.07.png\" alt=\"\" class=\"wp-image-3891\" style=\"width:815px;height:auto\" srcset=\"https:\/\/delasciencias.com\/inicio\/wp-content\/uploads\/2025\/02\/Captura-de-pantalla-2025-02-20-a-las-17.49.07.png 865w, https:\/\/delasciencias.com\/inicio\/wp-content\/uploads\/2025\/02\/Captura-de-pantalla-2025-02-20-a-las-17.49.07-300x100.png 300w, https:\/\/delasciencias.com\/inicio\/wp-content\/uploads\/2025\/02\/Captura-de-pantalla-2025-02-20-a-las-17.49.07-768x257.png 768w\" sizes=\"auto, (max-width: 865px) 100vw, 865px\" \/><\/figure>\n<\/div>\n\n<div class=\"wp-block-image\">\n<figure class=\"aligncenter size-full is-resized\"><img loading=\"lazy\" decoding=\"async\" width=\"874\" height=\"306\" src=\"https:\/\/delasciencias.com\/inicio\/wp-content\/uploads\/2025\/02\/Captura-de-pantalla-2025-02-20-a-las-17.47.13.png\" alt=\"\" class=\"wp-image-3890\" style=\"width:811px;height:auto\" srcset=\"https:\/\/delasciencias.com\/inicio\/wp-content\/uploads\/2025\/02\/Captura-de-pantalla-2025-02-20-a-las-17.47.13.png 874w, https:\/\/delasciencias.com\/inicio\/wp-content\/uploads\/2025\/02\/Captura-de-pantalla-2025-02-20-a-las-17.47.13-300x105.png 300w, https:\/\/delasciencias.com\/inicio\/wp-content\/uploads\/2025\/02\/Captura-de-pantalla-2025-02-20-a-las-17.47.13-768x269.png 768w\" sizes=\"auto, (max-width: 874px) 100vw, 874px\" \/><\/figure>\n<\/div>\n\n<div class=\"wp-block-image\">\n<figure class=\"aligncenter size-large is-resized\"><a href=\"https:\/\/delasciencias.com\/inicio\/contacto\/reserva\/\"><img loading=\"lazy\" decoding=\"async\" width=\"1024\" height=\"359\" src=\"https:\/\/delasciencias.com\/inicio\/wp-content\/uploads\/2025\/02\/Captura-de-pantalla-2025-02-20-a-las-17.32.03-1024x359.png\" alt=\"\" class=\"wp-image-3885\" style=\"width:811px;height:auto\" srcset=\"https:\/\/delasciencias.com\/inicio\/wp-content\/uploads\/2025\/02\/Captura-de-pantalla-2025-02-20-a-las-17.32.03-1024x359.png 1024w, https:\/\/delasciencias.com\/inicio\/wp-content\/uploads\/2025\/02\/Captura-de-pantalla-2025-02-20-a-las-17.32.03-300x105.png 300w, https:\/\/delasciencias.com\/inicio\/wp-content\/uploads\/2025\/02\/Captura-de-pantalla-2025-02-20-a-las-17.32.03-768x269.png 768w, https:\/\/delasciencias.com\/inicio\/wp-content\/uploads\/2025\/02\/Captura-de-pantalla-2025-02-20-a-las-17.32.03.png 1284w\" sizes=\"auto, (max-width: 1024px) 100vw, 1024px\" \/><\/a><\/figure>\n<\/div>","protected":false},"excerpt":{"rendered":"<p>Selectividad-PAU Alto Rendimento \u00bfDeseas acceder a un grado biosanitario, grados de ingener\u00eda, grado en matem\u00e1ticas pero\u00a0te preocupa no alcanzar tu objetivo respecto a la nota de corte? Desde\u00a0Academia De Las Ciencias\u00a0podemos ayudarte<a class=\"moretag\" href=\"https:\/\/delasciencias.com\/inicio\/selectividad-pau-alto-rendimento\/\">Leer m\u00e1s&#8230;<\/a><\/p>\n","protected":false},"author":1,"featured_media":0,"parent":0,"menu_order":0,"comment_status":"closed","ping_status":"closed","template":"","meta":{"footnotes":""},"class_list":["post-3915","page","type-page","status-publish","hentry"],"yoast_head":"<!-- This site is optimized with the Yoast SEO plugin v27.3 - https:\/\/yoast.com\/product\/yoast-seo-wordpress\/ -->\n<title>Selectividad-PAU Alto Rendimento - Tu Academia en Tomares | DE LAS CIENCIAS Academia en Tomares y Marchena | De Las Ciencias<\/title>\n<meta name=\"description\" content=\"Clases de apoyo escolar o particulares en Tomares y Marchena\" \/>\n<meta name=\"robots\" content=\"index, follow, max-snippet:-1, max-image-preview:large, max-video-preview:-1\" \/>\n<link rel=\"canonical\" href=\"https:\/\/delasciencias.com\/inicio\/selectividad-pau-alto-rendimento\/\" \/>\n<meta property=\"og:locale\" content=\"es_ES\" \/>\n<meta property=\"og:type\" content=\"article\" \/>\n<meta property=\"og:title\" content=\"Selectividad-PAU Alto Rendimento - Tu Academia en Tomares | DE LAS CIENCIAS Academia en Tomares y Marchena | De Las Ciencias\" \/>\n<meta property=\"og:description\" content=\"Clases de apoyo escolar o particulares en Tomares y Marchena\" \/>\n<meta property=\"og:url\" content=\"https:\/\/delasciencias.com\/inicio\/selectividad-pau-alto-rendimento\/\" \/>\n<meta property=\"og:site_name\" content=\"Tu Academia en Tomares | DE LAS CIENCIAS\" \/>\n<meta property=\"article:publisher\" content=\"https:\/\/www.facebook.com\/DeLasCiencias\/\" \/>\n<meta property=\"article:modified_time\" content=\"2025-02-22T11:42:49+00:00\" \/>\n<meta property=\"og:image\" content=\"https:\/\/delasciencias.com\/inicio\/wp-content\/uploads\/2025\/02\/Captura-de-pantalla-2025-02-20-a-las-17.51.30.png\" \/>\n\t<meta property=\"og:image:width\" content=\"815\" \/>\n\t<meta property=\"og:image:height\" content=\"282\" \/>\n\t<meta property=\"og:image:type\" content=\"image\/png\" \/>\n<meta name=\"twitter:card\" content=\"summary_large_image\" \/>\n<meta name=\"twitter:site\" content=\"@LasCiencias\" \/>\n<meta name=\"twitter:label1\" content=\"Tiempo de lectura\" \/>\n\t<meta name=\"twitter:data1\" content=\"2 minutos\" \/>\n<script type=\"application\/ld+json\" class=\"yoast-schema-graph\">{\"@context\":\"https:\\\/\\\/schema.org\",\"@graph\":[{\"@type\":\"WebPage\",\"@id\":\"https:\\\/\\\/delasciencias.com\\\/inicio\\\/selectividad-pau-alto-rendimento\\\/\",\"url\":\"https:\\\/\\\/delasciencias.com\\\/inicio\\\/selectividad-pau-alto-rendimento\\\/\",\"name\":\"Selectividad-PAU Alto Rendimento - Tu Academia en Tomares | DE LAS CIENCIAS Academia en Tomares y Marchena | De Las Ciencias\",\"isPartOf\":{\"@id\":\"https:\\\/\\\/delasciencias.com\\\/inicio\\\/#website\"},\"primaryImageOfPage\":{\"@id\":\"https:\\\/\\\/delasciencias.com\\\/inicio\\\/selectividad-pau-alto-rendimento\\\/#primaryimage\"},\"image\":{\"@id\":\"https:\\\/\\\/delasciencias.com\\\/inicio\\\/selectividad-pau-alto-rendimento\\\/#primaryimage\"},\"thumbnailUrl\":\"https:\\\/\\\/delasciencias.com\\\/inicio\\\/wp-content\\\/uploads\\\/2025\\\/02\\\/Captura-de-pantalla-2025-02-20-a-las-17.51.30.png\",\"datePublished\":\"2025-02-22T11:42:48+00:00\",\"dateModified\":\"2025-02-22T11:42:49+00:00\",\"description\":\"Clases de apoyo escolar o particulares en Tomares y Marchena\",\"breadcrumb\":{\"@id\":\"https:\\\/\\\/delasciencias.com\\\/inicio\\\/selectividad-pau-alto-rendimento\\\/#breadcrumb\"},\"inLanguage\":\"es\",\"potentialAction\":[{\"@type\":\"ReadAction\",\"target\":[\"https:\\\/\\\/delasciencias.com\\\/inicio\\\/selectividad-pau-alto-rendimento\\\/\"]}]},{\"@type\":\"ImageObject\",\"inLanguage\":\"es\",\"@id\":\"https:\\\/\\\/delasciencias.com\\\/inicio\\\/selectividad-pau-alto-rendimento\\\/#primaryimage\",\"url\":\"https:\\\/\\\/delasciencias.com\\\/inicio\\\/wp-content\\\/uploads\\\/2025\\\/02\\\/Captura-de-pantalla-2025-02-20-a-las-17.51.30.png\",\"contentUrl\":\"https:\\\/\\\/delasciencias.com\\\/inicio\\\/wp-content\\\/uploads\\\/2025\\\/02\\\/Captura-de-pantalla-2025-02-20-a-las-17.51.30.png\",\"width\":815,\"height\":282},{\"@type\":\"BreadcrumbList\",\"@id\":\"https:\\\/\\\/delasciencias.com\\\/inicio\\\/selectividad-pau-alto-rendimento\\\/#breadcrumb\",\"itemListElement\":[{\"@type\":\"ListItem\",\"position\":1,\"name\":\"Portada\",\"item\":\"https:\\\/\\\/delasciencias.com\\\/inicio\\\/\"},{\"@type\":\"ListItem\",\"position\":2,\"name\":\"Selectividad-PAU Alto Rendimento\"}]},{\"@type\":\"WebSite\",\"@id\":\"https:\\\/\\\/delasciencias.com\\\/inicio\\\/#website\",\"url\":\"https:\\\/\\\/delasciencias.com\\\/inicio\\\/\",\"name\":\"Tu Academia en Tomares | DE LAS CIENCIAS\",\"description\":\"Clases de apoyo o particulares en Tomares\",\"publisher\":{\"@id\":\"https:\\\/\\\/delasciencias.com\\\/inicio\\\/#organization\"},\"alternateName\":\"Academia De Las Ciencias\",\"inLanguage\":\"es\"},{\"@type\":\"Organization\",\"@id\":\"https:\\\/\\\/delasciencias.com\\\/inicio\\\/#organization\",\"name\":\"ACADEMIA DE LAS CIENCIAS | TOMARES | MARCHENA\",\"alternateName\":\"CLASES DE APOYO ESCOLAR y PARTICULARES | TOMARES | MARCHENA\",\"url\":\"https:\\\/\\\/delasciencias.com\\\/inicio\\\/\",\"logo\":{\"@type\":\"ImageObject\",\"inLanguage\":\"es\",\"@id\":\"https:\\\/\\\/delasciencias.com\\\/inicio\\\/#\\\/schema\\\/logo\\\/image\\\/\",\"url\":\"https:\\\/\\\/delasciencias.com\\\/inicio\\\/wp-content\\\/uploads\\\/2020\\\/11\\\/Captura-de-pantalla-2019-10-12-a-las-0.03.45.png\",\"contentUrl\":\"https:\\\/\\\/delasciencias.com\\\/inicio\\\/wp-content\\\/uploads\\\/2020\\\/11\\\/Captura-de-pantalla-2019-10-12-a-las-0.03.45.png\",\"width\":257,\"height\":254,\"caption\":\"ACADEMIA DE LAS CIENCIAS | TOMARES | MARCHENA\"},\"image\":{\"@id\":\"https:\\\/\\\/delasciencias.com\\\/inicio\\\/#\\\/schema\\\/logo\\\/image\\\/\"},\"sameAs\":[\"https:\\\/\\\/www.facebook.com\\\/DeLasCiencias\\\/\",\"https:\\\/\\\/x.com\\\/LasCiencias\",\"https:\\\/\\\/www.instagram.com\\\/delas_ciencias\\\/\",\"https:\\\/\\\/www.youtube.com\\\/channel\\\/UC2Kc8NJRRsyI6awzYByAgdg\"]}]}<\/script>\n<!-- \/ Yoast SEO plugin. -->","yoast_head_json":{"title":"Selectividad-PAU Alto Rendimento - Tu Academia en Tomares | DE LAS CIENCIAS Academia en Tomares y Marchena | De Las Ciencias","description":"Clases de apoyo escolar o particulares en Tomares y Marchena","robots":{"index":"index","follow":"follow","max-snippet":"max-snippet:-1","max-image-preview":"max-image-preview:large","max-video-preview":"max-video-preview:-1"},"canonical":"https:\/\/delasciencias.com\/inicio\/selectividad-pau-alto-rendimento\/","og_locale":"es_ES","og_type":"article","og_title":"Selectividad-PAU Alto Rendimento - Tu Academia en Tomares | DE LAS CIENCIAS Academia en Tomares y Marchena | De Las Ciencias","og_description":"Clases de apoyo escolar o particulares en Tomares y Marchena","og_url":"https:\/\/delasciencias.com\/inicio\/selectividad-pau-alto-rendimento\/","og_site_name":"Tu Academia en Tomares | DE LAS CIENCIAS","article_publisher":"https:\/\/www.facebook.com\/DeLasCiencias\/","article_modified_time":"2025-02-22T11:42:49+00:00","og_image":[{"width":815,"height":282,"url":"https:\/\/delasciencias.com\/inicio\/wp-content\/uploads\/2025\/02\/Captura-de-pantalla-2025-02-20-a-las-17.51.30.png","type":"image\/png"}],"twitter_card":"summary_large_image","twitter_site":"@LasCiencias","twitter_misc":{"Tiempo de lectura":"2 minutos"},"schema":{"@context":"https:\/\/schema.org","@graph":[{"@type":"WebPage","@id":"https:\/\/delasciencias.com\/inicio\/selectividad-pau-alto-rendimento\/","url":"https:\/\/delasciencias.com\/inicio\/selectividad-pau-alto-rendimento\/","name":"Selectividad-PAU Alto Rendimento - Tu Academia en Tomares | DE LAS CIENCIAS Academia en Tomares y Marchena | De Las Ciencias","isPartOf":{"@id":"https:\/\/delasciencias.com\/inicio\/#website"},"primaryImageOfPage":{"@id":"https:\/\/delasciencias.com\/inicio\/selectividad-pau-alto-rendimento\/#primaryimage"},"image":{"@id":"https:\/\/delasciencias.com\/inicio\/selectividad-pau-alto-rendimento\/#primaryimage"},"thumbnailUrl":"https:\/\/delasciencias.com\/inicio\/wp-content\/uploads\/2025\/02\/Captura-de-pantalla-2025-02-20-a-las-17.51.30.png","datePublished":"2025-02-22T11:42:48+00:00","dateModified":"2025-02-22T11:42:49+00:00","description":"Clases de apoyo escolar o particulares en Tomares y Marchena","breadcrumb":{"@id":"https:\/\/delasciencias.com\/inicio\/selectividad-pau-alto-rendimento\/#breadcrumb"},"inLanguage":"es","potentialAction":[{"@type":"ReadAction","target":["https:\/\/delasciencias.com\/inicio\/selectividad-pau-alto-rendimento\/"]}]},{"@type":"ImageObject","inLanguage":"es","@id":"https:\/\/delasciencias.com\/inicio\/selectividad-pau-alto-rendimento\/#primaryimage","url":"https:\/\/delasciencias.com\/inicio\/wp-content\/uploads\/2025\/02\/Captura-de-pantalla-2025-02-20-a-las-17.51.30.png","contentUrl":"https:\/\/delasciencias.com\/inicio\/wp-content\/uploads\/2025\/02\/Captura-de-pantalla-2025-02-20-a-las-17.51.30.png","width":815,"height":282},{"@type":"BreadcrumbList","@id":"https:\/\/delasciencias.com\/inicio\/selectividad-pau-alto-rendimento\/#breadcrumb","itemListElement":[{"@type":"ListItem","position":1,"name":"Portada","item":"https:\/\/delasciencias.com\/inicio\/"},{"@type":"ListItem","position":2,"name":"Selectividad-PAU Alto Rendimento"}]},{"@type":"WebSite","@id":"https:\/\/delasciencias.com\/inicio\/#website","url":"https:\/\/delasciencias.com\/inicio\/","name":"Tu Academia en Tomares | DE LAS CIENCIAS","description":"Clases de apoyo o particulares en Tomares","publisher":{"@id":"https:\/\/delasciencias.com\/inicio\/#organization"},"alternateName":"Academia De Las Ciencias","inLanguage":"es"},{"@type":"Organization","@id":"https:\/\/delasciencias.com\/inicio\/#organization","name":"ACADEMIA DE LAS CIENCIAS | TOMARES | MARCHENA","alternateName":"CLASES DE APOYO ESCOLAR y PARTICULARES | TOMARES | MARCHENA","url":"https:\/\/delasciencias.com\/inicio\/","logo":{"@type":"ImageObject","inLanguage":"es","@id":"https:\/\/delasciencias.com\/inicio\/#\/schema\/logo\/image\/","url":"https:\/\/delasciencias.com\/inicio\/wp-content\/uploads\/2020\/11\/Captura-de-pantalla-2019-10-12-a-las-0.03.45.png","contentUrl":"https:\/\/delasciencias.com\/inicio\/wp-content\/uploads\/2020\/11\/Captura-de-pantalla-2019-10-12-a-las-0.03.45.png","width":257,"height":254,"caption":"ACADEMIA DE LAS CIENCIAS | TOMARES | MARCHENA"},"image":{"@id":"https:\/\/delasciencias.com\/inicio\/#\/schema\/logo\/image\/"},"sameAs":["https:\/\/www.facebook.com\/DeLasCiencias\/","https:\/\/x.com\/LasCiencias","https:\/\/www.instagram.com\/delas_ciencias\/","https:\/\/www.youtube.com\/channel\/UC2Kc8NJRRsyI6awzYByAgdg"]}]}},"_links":{"self":[{"href":"https:\/\/delasciencias.com\/inicio\/wp-json\/wp\/v2\/pages\/3915","targetHints":{"allow":["GET"]}}],"collection":[{"href":"https:\/\/delasciencias.com\/inicio\/wp-json\/wp\/v2\/pages"}],"about":[{"href":"https:\/\/delasciencias.com\/inicio\/wp-json\/wp\/v2\/types\/page"}],"author":[{"embeddable":true,"href":"https:\/\/delasciencias.com\/inicio\/wp-json\/wp\/v2\/users\/1"}],"replies":[{"embeddable":true,"href":"https:\/\/delasciencias.com\/inicio\/wp-json\/wp\/v2\/comments?post=3915"}],"version-history":[{"count":1,"href":"https:\/\/delasciencias.com\/inicio\/wp-json\/wp\/v2\/pages\/3915\/revisions"}],"predecessor-version":[{"id":3916,"href":"https:\/\/delasciencias.com\/inicio\/wp-json\/wp\/v2\/pages\/3915\/revisions\/3916"}],"wp:attachment":[{"href":"https:\/\/delasciencias.com\/inicio\/wp-json\/wp\/v2\/media?parent=3915"}],"curies":[{"name":"wp","href":"https:\/\/api.w.org\/{rel}","templated":true}]}}