{"id":3849,"date":"2025-01-18T13:17:59","date_gmt":"2025-01-18T12:17:59","guid":{"rendered":"https:\/\/delasciencias.com\/inicio\/?page_id=3849"},"modified":"2025-01-18T13:26:52","modified_gmt":"2025-01-18T12:26:52","slug":"conoce-nuestro-canal-de-youtube","status":"publish","type":"page","link":"https:\/\/delasciencias.com\/inicio\/conoce-nuestro-canal-de-youtube\/","title":{"rendered":"Conoce nuestro canal de YouTube"},"content":{"rendered":"<div class=\"wp-block-image\">\n<figure class=\"aligncenter size-large\"><a href=\"https:\/\/www.youtube.com\/@academiadelasciencias8679\"><img loading=\"lazy\" decoding=\"async\" width=\"1024\" height=\"410\" src=\"https:\/\/delasciencias.com\/inicio\/wp-content\/uploads\/2025\/01\/Captura-de-pantalla-2025-01-18-a-las-12.40.07-1024x410.png\" alt=\"\" class=\"wp-image-3850\" srcset=\"https:\/\/delasciencias.com\/inicio\/wp-content\/uploads\/2025\/01\/Captura-de-pantalla-2025-01-18-a-las-12.40.07-1024x410.png 1024w, https:\/\/delasciencias.com\/inicio\/wp-content\/uploads\/2025\/01\/Captura-de-pantalla-2025-01-18-a-las-12.40.07-300x120.png 300w, https:\/\/delasciencias.com\/inicio\/wp-content\/uploads\/2025\/01\/Captura-de-pantalla-2025-01-18-a-las-12.40.07-768x307.png 768w, https:\/\/delasciencias.com\/inicio\/wp-content\/uploads\/2025\/01\/Captura-de-pantalla-2025-01-18-a-las-12.40.07-1536x615.png 1536w, https:\/\/delasciencias.com\/inicio\/wp-content\/uploads\/2025\/01\/Captura-de-pantalla-2025-01-18-a-las-12.40.07.png 1557w\" sizes=\"auto, (max-width: 1024px) 100vw, 1024px\" \/><\/a><\/figure>\n<\/div>\n\n\n<h2 class=\"wp-block-heading has-text-align-center\">Conoce nuestro canal de YouTube<\/h2>\n\n\n\n<p>Donde encontrar\u00e1s ejercicios resueltos de f\u00edsica, matem\u00e1ticas y qu\u00edmica. Tambi\u00e9n a videos explicativos de diversos temas.<\/p>\n\n\n\n<p>Adem\u00e1s puedes enviarnos tus <strong>dudas a dudas@delasciencias o elprofesorciencias@gmail.com<\/strong><\/p>\n\n\n\n<p>Suscr\u00edbete a nuestro canal.&nbsp;<\/p>\n\n\n<div class=\"wp-block-image\">\n<figure class=\"aligncenter size-large\"><a href=\"https:\/\/www.youtube.com\/@academiadelasciencias8679\"><img loading=\"lazy\" decoding=\"async\" width=\"1024\" height=\"1024\" src=\"https:\/\/delasciencias.com\/inicio\/wp-content\/uploads\/2025\/01\/ACADEMIA-DE-LAS-CIENCIAS-1024x1024.png\" alt=\"\" class=\"wp-image-3851\" srcset=\"https:\/\/delasciencias.com\/inicio\/wp-content\/uploads\/2025\/01\/ACADEMIA-DE-LAS-CIENCIAS-1024x1024.png 1024w, https:\/\/delasciencias.com\/inicio\/wp-content\/uploads\/2025\/01\/ACADEMIA-DE-LAS-CIENCIAS-300x300.png 300w, https:\/\/delasciencias.com\/inicio\/wp-content\/uploads\/2025\/01\/ACADEMIA-DE-LAS-CIENCIAS-150x150.png 150w, https:\/\/delasciencias.com\/inicio\/wp-content\/uploads\/2025\/01\/ACADEMIA-DE-LAS-CIENCIAS-768x768.png 768w, https:\/\/delasciencias.com\/inicio\/wp-content\/uploads\/2025\/01\/ACADEMIA-DE-LAS-CIENCIAS.png 1080w\" sizes=\"auto, (max-width: 1024px) 100vw, 1024px\" \/><\/a><\/figure>\n<\/div>\n\n\n<p class=\"has-text-align-center\"><strong>Estas son nuestras listas de reproducci\u00f3n<\/strong><\/p>\n\n\n<div class=\"wp-block-image\">\n<figure class=\"aligncenter size-large\"><img loading=\"lazy\" decoding=\"async\" width=\"1024\" height=\"363\" src=\"https:\/\/delasciencias.com\/inicio\/wp-content\/uploads\/2025\/01\/Captura-de-pantalla-2025-01-18-a-las-13.15.59-1024x363.png\" alt=\"\" class=\"wp-image-3852\" srcset=\"https:\/\/delasciencias.com\/inicio\/wp-content\/uploads\/2025\/01\/Captura-de-pantalla-2025-01-18-a-las-13.15.59-1024x363.png 1024w, https:\/\/delasciencias.com\/inicio\/wp-content\/uploads\/2025\/01\/Captura-de-pantalla-2025-01-18-a-las-13.15.59-300x106.png 300w, https:\/\/delasciencias.com\/inicio\/wp-content\/uploads\/2025\/01\/Captura-de-pantalla-2025-01-18-a-las-13.15.59-768x272.png 768w, https:\/\/delasciencias.com\/inicio\/wp-content\/uploads\/2025\/01\/Captura-de-pantalla-2025-01-18-a-las-13.15.59.png 1305w\" sizes=\"auto, (max-width: 1024px) 100vw, 1024px\" \/><\/figure>\n<\/div>\n\n<div class=\"wp-block-image\">\n<figure class=\"aligncenter size-full\"><a href=\"https:\/\/www.youtube.com\/@academiadelasciencias8679\"><img loading=\"lazy\" decoding=\"async\" width=\"455\" height=\"89\" src=\"https:\/\/delasciencias.com\/inicio\/wp-content\/uploads\/2025\/01\/Captura-de-pantalla-2025-01-18-a-las-13.17.02.png\" alt=\"\" class=\"wp-image-3853\" srcset=\"https:\/\/delasciencias.com\/inicio\/wp-content\/uploads\/2025\/01\/Captura-de-pantalla-2025-01-18-a-las-13.17.02.png 455w, https:\/\/delasciencias.com\/inicio\/wp-content\/uploads\/2025\/01\/Captura-de-pantalla-2025-01-18-a-las-13.17.02-300x59.png 300w\" sizes=\"auto, (max-width: 455px) 100vw, 455px\" \/><\/a><\/figure>\n<\/div>\n\n<div class=\"wp-block-image\">\n<figure class=\"aligncenter size-full is-resized\"><img loading=\"lazy\" decoding=\"async\" width=\"582\" height=\"583\" src=\"https:\/\/delasciencias.com\/inicio\/wp-content\/uploads\/2024\/11\/Captura-de-pantalla-2024-11-28-a-las-11.07.49.png\" alt=\"\" class=\"wp-image-3778\" style=\"width:430px;height:auto\" srcset=\"https:\/\/delasciencias.com\/inicio\/wp-content\/uploads\/2024\/11\/Captura-de-pantalla-2024-11-28-a-las-11.07.49.png 582w, https:\/\/delasciencias.com\/inicio\/wp-content\/uploads\/2024\/11\/Captura-de-pantalla-2024-11-28-a-las-11.07.49-300x300.png 300w, https:\/\/delasciencias.com\/inicio\/wp-content\/uploads\/2024\/11\/Captura-de-pantalla-2024-11-28-a-las-11.07.49-150x150.png 150w\" sizes=\"auto, (max-width: 582px) 100vw, 582px\" \/><\/figure>\n<\/div>","protected":false},"excerpt":{"rendered":"<p>Conoce nuestro canal de YouTube Donde encontrar\u00e1s ejercicios resueltos de f\u00edsica, matem\u00e1ticas y qu\u00edmica. Tambi\u00e9n a videos explicativos de diversos temas. Adem\u00e1s puedes enviarnos tus dudas a dudas@delasciencias o elprofesorciencias@gmail.com Suscr\u00edbete a<a class=\"moretag\" href=\"https:\/\/delasciencias.com\/inicio\/conoce-nuestro-canal-de-youtube\/\">Leer m\u00e1s&#8230;<\/a><\/p>\n","protected":false},"author":1,"featured_media":0,"parent":0,"menu_order":0,"comment_status":"closed","ping_status":"closed","template":"","meta":{"footnotes":""},"class_list":["post-3849","page","type-page","status-publish","hentry"],"yoast_head":"<!-- This site is optimized with the Yoast SEO plugin v27.3 - https:\/\/yoast.com\/product\/yoast-seo-wordpress\/ -->\n<title>Conoce nuestro canal de YouTube - Tu Academia en Tomares | DE LAS CIENCIAS Academia en Tomares y Marchena | De Las Ciencias<\/title>\n<meta name=\"description\" content=\"Clases de apoyo escolar o particulares en Tomares y Marchena Canal de YouTube Academia Online\" \/>\n<meta name=\"robots\" content=\"index, follow, max-snippet:-1, max-image-preview:large, max-video-preview:-1\" \/>\n<link rel=\"canonical\" href=\"https:\/\/delasciencias.com\/inicio\/conoce-nuestro-canal-de-youtube\/\" \/>\n<meta property=\"og:locale\" content=\"es_ES\" \/>\n<meta property=\"og:type\" content=\"article\" \/>\n<meta property=\"og:title\" content=\"Conoce nuestro canal de YouTube - Tu Academia en Tomares | DE LAS CIENCIAS Academia en Tomares y Marchena | De Las Ciencias\" \/>\n<meta property=\"og:description\" content=\"Clases de apoyo escolar o particulares en Tomares y Marchena Canal de YouTube Academia Online\" \/>\n<meta property=\"og:url\" content=\"https:\/\/delasciencias.com\/inicio\/conoce-nuestro-canal-de-youtube\/\" \/>\n<meta property=\"og:site_name\" content=\"Tu Academia en Tomares | DE LAS CIENCIAS\" \/>\n<meta property=\"article:publisher\" content=\"https:\/\/www.facebook.com\/DeLasCiencias\/\" \/>\n<meta property=\"article:modified_time\" content=\"2025-01-18T12:26:52+00:00\" \/>\n<meta property=\"og:image\" content=\"https:\/\/delasciencias.com\/inicio\/wp-content\/uploads\/2025\/01\/Captura-de-pantalla-2025-01-18-a-las-12.40.07.png\" \/>\n\t<meta property=\"og:image:width\" content=\"1557\" \/>\n\t<meta property=\"og:image:height\" content=\"623\" \/>\n\t<meta property=\"og:image:type\" content=\"image\/png\" \/>\n<meta name=\"twitter:card\" content=\"summary_large_image\" \/>\n<meta name=\"twitter:site\" content=\"@LasCiencias\" \/>\n<meta name=\"twitter:label1\" content=\"Tiempo de lectura\" \/>\n\t<meta name=\"twitter:data1\" content=\"2 minutos\" \/>\n<script type=\"application\/ld+json\" class=\"yoast-schema-graph\">{\"@context\":\"https:\\\/\\\/schema.org\",\"@graph\":[{\"@type\":\"WebPage\",\"@id\":\"https:\\\/\\\/delasciencias.com\\\/inicio\\\/conoce-nuestro-canal-de-youtube\\\/\",\"url\":\"https:\\\/\\\/delasciencias.com\\\/inicio\\\/conoce-nuestro-canal-de-youtube\\\/\",\"name\":\"Conoce nuestro canal de YouTube - Tu Academia en Tomares | DE LAS CIENCIAS Academia en Tomares y Marchena | De Las Ciencias\",\"isPartOf\":{\"@id\":\"https:\\\/\\\/delasciencias.com\\\/inicio\\\/#website\"},\"primaryImageOfPage\":{\"@id\":\"https:\\\/\\\/delasciencias.com\\\/inicio\\\/conoce-nuestro-canal-de-youtube\\\/#primaryimage\"},\"image\":{\"@id\":\"https:\\\/\\\/delasciencias.com\\\/inicio\\\/conoce-nuestro-canal-de-youtube\\\/#primaryimage\"},\"thumbnailUrl\":\"https:\\\/\\\/delasciencias.com\\\/inicio\\\/wp-content\\\/uploads\\\/2025\\\/01\\\/Captura-de-pantalla-2025-01-18-a-las-12.40.07-1024x410.png\",\"datePublished\":\"2025-01-18T12:17:59+00:00\",\"dateModified\":\"2025-01-18T12:26:52+00:00\",\"description\":\"Clases de apoyo escolar o particulares en Tomares y Marchena Canal de YouTube Academia Online\",\"breadcrumb\":{\"@id\":\"https:\\\/\\\/delasciencias.com\\\/inicio\\\/conoce-nuestro-canal-de-youtube\\\/#breadcrumb\"},\"inLanguage\":\"es\",\"potentialAction\":[{\"@type\":\"ReadAction\",\"target\":[\"https:\\\/\\\/delasciencias.com\\\/inicio\\\/conoce-nuestro-canal-de-youtube\\\/\"]}]},{\"@type\":\"ImageObject\",\"inLanguage\":\"es\",\"@id\":\"https:\\\/\\\/delasciencias.com\\\/inicio\\\/conoce-nuestro-canal-de-youtube\\\/#primaryimage\",\"url\":\"https:\\\/\\\/delasciencias.com\\\/inicio\\\/wp-content\\\/uploads\\\/2025\\\/01\\\/Captura-de-pantalla-2025-01-18-a-las-12.40.07.png\",\"contentUrl\":\"https:\\\/\\\/delasciencias.com\\\/inicio\\\/wp-content\\\/uploads\\\/2025\\\/01\\\/Captura-de-pantalla-2025-01-18-a-las-12.40.07.png\",\"width\":1557,\"height\":623},{\"@type\":\"BreadcrumbList\",\"@id\":\"https:\\\/\\\/delasciencias.com\\\/inicio\\\/conoce-nuestro-canal-de-youtube\\\/#breadcrumb\",\"itemListElement\":[{\"@type\":\"ListItem\",\"position\":1,\"name\":\"Portada\",\"item\":\"https:\\\/\\\/delasciencias.com\\\/inicio\\\/\"},{\"@type\":\"ListItem\",\"position\":2,\"name\":\"Conoce nuestro canal de YouTube\"}]},{\"@type\":\"WebSite\",\"@id\":\"https:\\\/\\\/delasciencias.com\\\/inicio\\\/#website\",\"url\":\"https:\\\/\\\/delasciencias.com\\\/inicio\\\/\",\"name\":\"Tu Academia en Tomares | DE LAS CIENCIAS\",\"description\":\"Clases de apoyo o particulares en Tomares\",\"publisher\":{\"@id\":\"https:\\\/\\\/delasciencias.com\\\/inicio\\\/#organization\"},\"alternateName\":\"Academia De Las Ciencias\",\"inLanguage\":\"es\"},{\"@type\":\"Organization\",\"@id\":\"https:\\\/\\\/delasciencias.com\\\/inicio\\\/#organization\",\"name\":\"ACADEMIA DE LAS CIENCIAS | TOMARES | MARCHENA\",\"alternateName\":\"CLASES DE APOYO ESCOLAR y PARTICULARES | TOMARES | MARCHENA\",\"url\":\"https:\\\/\\\/delasciencias.com\\\/inicio\\\/\",\"logo\":{\"@type\":\"ImageObject\",\"inLanguage\":\"es\",\"@id\":\"https:\\\/\\\/delasciencias.com\\\/inicio\\\/#\\\/schema\\\/logo\\\/image\\\/\",\"url\":\"https:\\\/\\\/delasciencias.com\\\/inicio\\\/wp-content\\\/uploads\\\/2020\\\/11\\\/Captura-de-pantalla-2019-10-12-a-las-0.03.45.png\",\"contentUrl\":\"https:\\\/\\\/delasciencias.com\\\/inicio\\\/wp-content\\\/uploads\\\/2020\\\/11\\\/Captura-de-pantalla-2019-10-12-a-las-0.03.45.png\",\"width\":257,\"height\":254,\"caption\":\"ACADEMIA DE LAS CIENCIAS | TOMARES | MARCHENA\"},\"image\":{\"@id\":\"https:\\\/\\\/delasciencias.com\\\/inicio\\\/#\\\/schema\\\/logo\\\/image\\\/\"},\"sameAs\":[\"https:\\\/\\\/www.facebook.com\\\/DeLasCiencias\\\/\",\"https:\\\/\\\/x.com\\\/LasCiencias\",\"https:\\\/\\\/www.instagram.com\\\/delas_ciencias\\\/\",\"https:\\\/\\\/www.youtube.com\\\/channel\\\/UC2Kc8NJRRsyI6awzYByAgdg\"]}]}<\/script>\n<!-- \/ Yoast SEO plugin. -->","yoast_head_json":{"title":"Conoce nuestro canal de YouTube - Tu Academia en Tomares | DE LAS CIENCIAS Academia en Tomares y Marchena | De Las Ciencias","description":"Clases de apoyo escolar o particulares en Tomares y Marchena Canal de YouTube Academia Online","robots":{"index":"index","follow":"follow","max-snippet":"max-snippet:-1","max-image-preview":"max-image-preview:large","max-video-preview":"max-video-preview:-1"},"canonical":"https:\/\/delasciencias.com\/inicio\/conoce-nuestro-canal-de-youtube\/","og_locale":"es_ES","og_type":"article","og_title":"Conoce nuestro canal de YouTube - Tu Academia en Tomares | DE LAS CIENCIAS Academia en Tomares y Marchena | De Las Ciencias","og_description":"Clases de apoyo escolar o particulares en Tomares y Marchena Canal de YouTube Academia Online","og_url":"https:\/\/delasciencias.com\/inicio\/conoce-nuestro-canal-de-youtube\/","og_site_name":"Tu Academia en Tomares | DE LAS CIENCIAS","article_publisher":"https:\/\/www.facebook.com\/DeLasCiencias\/","article_modified_time":"2025-01-18T12:26:52+00:00","og_image":[{"width":1557,"height":623,"url":"https:\/\/delasciencias.com\/inicio\/wp-content\/uploads\/2025\/01\/Captura-de-pantalla-2025-01-18-a-las-12.40.07.png","type":"image\/png"}],"twitter_card":"summary_large_image","twitter_site":"@LasCiencias","twitter_misc":{"Tiempo de lectura":"2 minutos"},"schema":{"@context":"https:\/\/schema.org","@graph":[{"@type":"WebPage","@id":"https:\/\/delasciencias.com\/inicio\/conoce-nuestro-canal-de-youtube\/","url":"https:\/\/delasciencias.com\/inicio\/conoce-nuestro-canal-de-youtube\/","name":"Conoce nuestro canal de YouTube - Tu Academia en Tomares | DE LAS CIENCIAS Academia en Tomares y Marchena | De Las Ciencias","isPartOf":{"@id":"https:\/\/delasciencias.com\/inicio\/#website"},"primaryImageOfPage":{"@id":"https:\/\/delasciencias.com\/inicio\/conoce-nuestro-canal-de-youtube\/#primaryimage"},"image":{"@id":"https:\/\/delasciencias.com\/inicio\/conoce-nuestro-canal-de-youtube\/#primaryimage"},"thumbnailUrl":"https:\/\/delasciencias.com\/inicio\/wp-content\/uploads\/2025\/01\/Captura-de-pantalla-2025-01-18-a-las-12.40.07-1024x410.png","datePublished":"2025-01-18T12:17:59+00:00","dateModified":"2025-01-18T12:26:52+00:00","description":"Clases de apoyo escolar o particulares en Tomares y Marchena Canal de YouTube Academia Online","breadcrumb":{"@id":"https:\/\/delasciencias.com\/inicio\/conoce-nuestro-canal-de-youtube\/#breadcrumb"},"inLanguage":"es","potentialAction":[{"@type":"ReadAction","target":["https:\/\/delasciencias.com\/inicio\/conoce-nuestro-canal-de-youtube\/"]}]},{"@type":"ImageObject","inLanguage":"es","@id":"https:\/\/delasciencias.com\/inicio\/conoce-nuestro-canal-de-youtube\/#primaryimage","url":"https:\/\/delasciencias.com\/inicio\/wp-content\/uploads\/2025\/01\/Captura-de-pantalla-2025-01-18-a-las-12.40.07.png","contentUrl":"https:\/\/delasciencias.com\/inicio\/wp-content\/uploads\/2025\/01\/Captura-de-pantalla-2025-01-18-a-las-12.40.07.png","width":1557,"height":623},{"@type":"BreadcrumbList","@id":"https:\/\/delasciencias.com\/inicio\/conoce-nuestro-canal-de-youtube\/#breadcrumb","itemListElement":[{"@type":"ListItem","position":1,"name":"Portada","item":"https:\/\/delasciencias.com\/inicio\/"},{"@type":"ListItem","position":2,"name":"Conoce nuestro canal de YouTube"}]},{"@type":"WebSite","@id":"https:\/\/delasciencias.com\/inicio\/#website","url":"https:\/\/delasciencias.com\/inicio\/","name":"Tu Academia en Tomares | DE LAS CIENCIAS","description":"Clases de apoyo o particulares en Tomares","publisher":{"@id":"https:\/\/delasciencias.com\/inicio\/#organization"},"alternateName":"Academia De Las Ciencias","inLanguage":"es"},{"@type":"Organization","@id":"https:\/\/delasciencias.com\/inicio\/#organization","name":"ACADEMIA DE LAS CIENCIAS | TOMARES | MARCHENA","alternateName":"CLASES DE APOYO ESCOLAR y PARTICULARES | TOMARES | MARCHENA","url":"https:\/\/delasciencias.com\/inicio\/","logo":{"@type":"ImageObject","inLanguage":"es","@id":"https:\/\/delasciencias.com\/inicio\/#\/schema\/logo\/image\/","url":"https:\/\/delasciencias.com\/inicio\/wp-content\/uploads\/2020\/11\/Captura-de-pantalla-2019-10-12-a-las-0.03.45.png","contentUrl":"https:\/\/delasciencias.com\/inicio\/wp-content\/uploads\/2020\/11\/Captura-de-pantalla-2019-10-12-a-las-0.03.45.png","width":257,"height":254,"caption":"ACADEMIA DE LAS CIENCIAS | TOMARES | MARCHENA"},"image":{"@id":"https:\/\/delasciencias.com\/inicio\/#\/schema\/logo\/image\/"},"sameAs":["https:\/\/www.facebook.com\/DeLasCiencias\/","https:\/\/x.com\/LasCiencias","https:\/\/www.instagram.com\/delas_ciencias\/","https:\/\/www.youtube.com\/channel\/UC2Kc8NJRRsyI6awzYByAgdg"]}]}},"_links":{"self":[{"href":"https:\/\/delasciencias.com\/inicio\/wp-json\/wp\/v2\/pages\/3849","targetHints":{"allow":["GET"]}}],"collection":[{"href":"https:\/\/delasciencias.com\/inicio\/wp-json\/wp\/v2\/pages"}],"about":[{"href":"https:\/\/delasciencias.com\/inicio\/wp-json\/wp\/v2\/types\/page"}],"author":[{"embeddable":true,"href":"https:\/\/delasciencias.com\/inicio\/wp-json\/wp\/v2\/users\/1"}],"replies":[{"embeddable":true,"href":"https:\/\/delasciencias.com\/inicio\/wp-json\/wp\/v2\/comments?post=3849"}],"version-history":[{"count":3,"href":"https:\/\/delasciencias.com\/inicio\/wp-json\/wp\/v2\/pages\/3849\/revisions"}],"predecessor-version":[{"id":3859,"href":"https:\/\/delasciencias.com\/inicio\/wp-json\/wp\/v2\/pages\/3849\/revisions\/3859"}],"wp:attachment":[{"href":"https:\/\/delasciencias.com\/inicio\/wp-json\/wp\/v2\/media?parent=3849"}],"curies":[{"name":"wp","href":"https:\/\/api.w.org\/{rel}","templated":true}]}}