{"id":373,"date":"2017-12-07T18:55:55","date_gmt":"2017-12-07T17:55:55","guid":{"rendered":"http:\/\/delasciencias.com\/wordpress\/?page_id=373"},"modified":"2023-12-04T17:21:53","modified_gmt":"2023-12-04T16:21:53","slug":"apoyo-universitario","status":"publish","type":"page","link":"https:\/\/delasciencias.com\/inicio\/apoyo-universitario\/","title":{"rendered":"APOYO UNIVERSITARIO"},"content":{"rendered":"\n<h2 class=\"wp-block-heading\" style=\"text-align:center\">CLASES DE APOYO UNIVERSITARIO<\/h2>\n\n\n<div class=\"top-in span4\">\n<div class=\"top-bg\">\n<div class=\"jm-module title-border-ms\">\n<div class=\"jm-module-in\">\n<div class=\"jm-module-content clearfix\">\n<div class=\"customtitle-border-ms\">\n<p><img loading=\"lazy\" decoding=\"async\" class=\" wp-image-1002 aligncenter\" src=\"http:\/\/delasciencias.com\/inicio\/wp-content\/uploads\/2018\/11\/Captura-de-pantalla-2018-11-28-a-las-15.45.26-300x99.png\" alt=\"\" width=\"713\" height=\"235\" srcset=\"https:\/\/delasciencias.com\/inicio\/wp-content\/uploads\/2018\/11\/Captura-de-pantalla-2018-11-28-a-las-15.45.26-300x99.png 300w, https:\/\/delasciencias.com\/inicio\/wp-content\/uploads\/2018\/11\/Captura-de-pantalla-2018-11-28-a-las-15.45.26-600x198.png 600w, https:\/\/delasciencias.com\/inicio\/wp-content\/uploads\/2018\/11\/Captura-de-pantalla-2018-11-28-a-las-15.45.26-768x253.png 768w, https:\/\/delasciencias.com\/inicio\/wp-content\/uploads\/2018\/11\/Captura-de-pantalla-2018-11-28-a-las-15.45.26.png 850w\" sizes=\"auto, (max-width: 713px) 100vw, 713px\" \/><\/p>\n<hr>\n<h3 style=\"text-align: center;\"><span style=\"font-family: Bitter, Georgia, serif; font-size: 22px;\">Qu\u00e9 podemos Ofrecerte<\/span><\/h3>\n<\/div>\n<\/div>\n<\/div>\n<\/div>\n<\/div>\n<\/div>\n<div class=\"top-in span4\">\n<div class=\"top-bg\">\n<div class=\"jm-module title-border-ms\">\n<div class=\"jm-module-in\">\n<div class=\"jm-module-content clearfix\">\n<div class=\"customtitle-border-ms\">\n<p>Estamos para ofrecerte todo lo necesario para afrontar tus parciales o finales con la mejor preparaci\u00f3n brindado por nuestro equipo de docentes que adem\u00e1s de joven est\u00e1n altamente capacitados y con muchos a\u00f1os de experiencia.<\/p>\n<p>No mezclamos grados diferentes en la misma clase. Practicamos con ex\u00e1menes reales.<\/p>\n<p>Nuestros temarios est\u00e1n renovados para adaptarnos a los de la universidad.<\/p>\n<p>Nuestros locales est\u00e1n climatizados y con c\u00f3modas mesas y sillas (No usamos sillas de paleta).<\/p>\n<p><img loading=\"lazy\" decoding=\"async\" class=\" wp-image-1216 aligncenter\" src=\"http:\/\/delasciencias.com\/inicio\/wp-content\/uploads\/2019\/02\/UNIVERSIDAD-300x168.png\" alt=\"\" width=\"564\" height=\"316\" srcset=\"https:\/\/delasciencias.com\/inicio\/wp-content\/uploads\/2019\/02\/UNIVERSIDAD-300x168.png 300w, https:\/\/delasciencias.com\/inicio\/wp-content\/uploads\/2019\/02\/UNIVERSIDAD-600x336.png 600w, https:\/\/delasciencias.com\/inicio\/wp-content\/uploads\/2019\/02\/UNIVERSIDAD.png 752w\" sizes=\"auto, (max-width: 564px) 100vw, 564px\" \/><\/p>\n<hr>\n<\/div>\n<\/div>\n<\/div>\n<\/div>\n<\/div>\n<\/div>\n<div class=\"top-in span4\">\n<div class=\"top-bg\">\n<div class=\"jm-module title-border-ms\">\n<div class=\"jm-module-in\">\n<div class=\"jm-title-wrap\">\n<h3 class=\"jm-title \" style=\"text-align: center;\">Qu\u00e9 Recib\u00eds<\/h3>\n<\/div>\n<div class=\"jm-module-content clearfix\">\n<div class=\"customtitle-border-ms\">\n<p>Los alumnos reciben toda la ayuda necesaria, atendiendo cada situaci\u00f3n en particular de modo que encuentre en nosotros un equipo listo para ofrecer la mejor soluci\u00f3n a sus problemas.<\/p>\n<p>Toda esta ayuda la reciben en grupos reducidos (como m\u00e1ximo cuatro alumnos por grupo) y siempre del mismo grado o asignatura.<\/p>\n<hr>\n<h3 style=\"text-align: center;\">Asignaturas<\/h3>\n<p><img loading=\"lazy\" decoding=\"async\" class=\" wp-image-1120 aligncenter\" src=\"http:\/\/delasciencias.com\/inicio\/wp-content\/uploads\/2018\/12\/Captura-de-pantalla-2018-12-07-a-las-16.32.38-300x182.png\" alt=\"\" width=\"559\" height=\"339\" srcset=\"https:\/\/delasciencias.com\/inicio\/wp-content\/uploads\/2018\/12\/Captura-de-pantalla-2018-12-07-a-las-16.32.38-300x182.png 300w, https:\/\/delasciencias.com\/inicio\/wp-content\/uploads\/2018\/12\/Captura-de-pantalla-2018-12-07-a-las-16.32.38-600x364.png 600w, https:\/\/delasciencias.com\/inicio\/wp-content\/uploads\/2018\/12\/Captura-de-pantalla-2018-12-07-a-las-16.32.38.png 749w\" sizes=\"auto, (max-width: 559px) 100vw, 559px\" \/><\/p>\n<h6 style=\"text-align: center;\">F\u00edsica<\/h6>\n<h6 style=\"text-align: center;\">Qu\u00edmica<\/h6>\n<h6 style=\"text-align: center;\">Matem\u00e1ticas I y II<\/h6>\n<h6 style=\"text-align: center;\">Estad\u00edstica I y II<\/h6>\n<\/div>\n<\/div>\n<\/div>\n<\/div>\n<\/div>\n<\/div>","protected":false},"excerpt":{"rendered":"<p>CLASES DE APOYO UNIVERSITARIO Qu\u00e9 podemos Ofrecerte Estamos para ofrecerte todo lo necesario para afrontar tus parciales o finales con la mejor preparaci\u00f3n brindado por nuestro equipo de docentes que adem\u00e1s de<a class=\"moretag\" href=\"https:\/\/delasciencias.com\/inicio\/apoyo-universitario\/\">Leer m\u00e1s&#8230;<\/a><\/p>\n","protected":false},"author":1,"featured_media":0,"parent":0,"menu_order":5,"comment_status":"closed","ping_status":"closed","template":"","meta":{"footnotes":""},"class_list":["post-373","page","type-page","status-publish","hentry"],"yoast_head":"<!-- This site is optimized with the Yoast SEO plugin v27.3 - https:\/\/yoast.com\/product\/yoast-seo-wordpress\/ -->\n<title>APOYO UNIVERSITARIO - Tu Academia en Tomares | DE LAS CIENCIAS Academia en Tomares y Marchena | De Las Ciencias<\/title>\n<meta name=\"description\" content=\"Clases de apoyo escolar o particulares en Tomares y Marchena\" \/>\n<meta name=\"robots\" content=\"index, follow, max-snippet:-1, max-image-preview:large, max-video-preview:-1\" \/>\n<link rel=\"canonical\" href=\"https:\/\/delasciencias.com\/inicio\/apoyo-universitario\/\" \/>\n<meta property=\"og:locale\" content=\"es_ES\" \/>\n<meta property=\"og:type\" content=\"article\" \/>\n<meta property=\"og:title\" content=\"APOYO UNIVERSITARIO - Tu Academia en Tomares | DE LAS CIENCIAS Academia en Tomares y Marchena | De Las Ciencias\" \/>\n<meta property=\"og:description\" content=\"Clases de apoyo escolar o particulares en Tomares y Marchena\" \/>\n<meta property=\"og:url\" content=\"https:\/\/delasciencias.com\/inicio\/apoyo-universitario\/\" \/>\n<meta property=\"og:site_name\" content=\"Tu Academia en Tomares | DE LAS CIENCIAS\" \/>\n<meta property=\"article:publisher\" content=\"https:\/\/www.facebook.com\/DeLasCiencias\/\" \/>\n<meta property=\"article:modified_time\" content=\"2023-12-04T16:21:53+00:00\" \/>\n<meta property=\"og:image\" content=\"http:\/\/delasciencias.com\/inicio\/wp-content\/uploads\/2018\/11\/Captura-de-pantalla-2018-11-28-a-las-15.45.26-300x99.png\" \/>\n<meta name=\"twitter:card\" content=\"summary_large_image\" \/>\n<meta name=\"twitter:site\" content=\"@LasCiencias\" \/>\n<meta name=\"twitter:label1\" content=\"Tiempo de lectura\" \/>\n\t<meta name=\"twitter:data1\" content=\"2 minutos\" \/>\n<script type=\"application\/ld+json\" class=\"yoast-schema-graph\">{\"@context\":\"https:\\\/\\\/schema.org\",\"@graph\":[{\"@type\":\"WebPage\",\"@id\":\"https:\\\/\\\/delasciencias.com\\\/inicio\\\/apoyo-universitario\\\/\",\"url\":\"https:\\\/\\\/delasciencias.com\\\/inicio\\\/apoyo-universitario\\\/\",\"name\":\"APOYO UNIVERSITARIO - Tu Academia en Tomares | DE LAS CIENCIAS Academia en Tomares y Marchena | De Las Ciencias\",\"isPartOf\":{\"@id\":\"https:\\\/\\\/delasciencias.com\\\/inicio\\\/#website\"},\"primaryImageOfPage\":{\"@id\":\"https:\\\/\\\/delasciencias.com\\\/inicio\\\/apoyo-universitario\\\/#primaryimage\"},\"image\":{\"@id\":\"https:\\\/\\\/delasciencias.com\\\/inicio\\\/apoyo-universitario\\\/#primaryimage\"},\"thumbnailUrl\":\"http:\\\/\\\/delasciencias.com\\\/inicio\\\/wp-content\\\/uploads\\\/2018\\\/11\\\/Captura-de-pantalla-2018-11-28-a-las-15.45.26-300x99.png\",\"datePublished\":\"2017-12-07T17:55:55+00:00\",\"dateModified\":\"2023-12-04T16:21:53+00:00\",\"description\":\"Clases de apoyo escolar o particulares en Tomares y Marchena\",\"breadcrumb\":{\"@id\":\"https:\\\/\\\/delasciencias.com\\\/inicio\\\/apoyo-universitario\\\/#breadcrumb\"},\"inLanguage\":\"es\",\"potentialAction\":[{\"@type\":\"ReadAction\",\"target\":[\"https:\\\/\\\/delasciencias.com\\\/inicio\\\/apoyo-universitario\\\/\"]}]},{\"@type\":\"ImageObject\",\"inLanguage\":\"es\",\"@id\":\"https:\\\/\\\/delasciencias.com\\\/inicio\\\/apoyo-universitario\\\/#primaryimage\",\"url\":\"https:\\\/\\\/delasciencias.com\\\/inicio\\\/wp-content\\\/uploads\\\/2018\\\/11\\\/Captura-de-pantalla-2018-11-28-a-las-15.45.26.png\",\"contentUrl\":\"https:\\\/\\\/delasciencias.com\\\/inicio\\\/wp-content\\\/uploads\\\/2018\\\/11\\\/Captura-de-pantalla-2018-11-28-a-las-15.45.26.png\",\"width\":850,\"height\":280},{\"@type\":\"BreadcrumbList\",\"@id\":\"https:\\\/\\\/delasciencias.com\\\/inicio\\\/apoyo-universitario\\\/#breadcrumb\",\"itemListElement\":[{\"@type\":\"ListItem\",\"position\":1,\"name\":\"Portada\",\"item\":\"https:\\\/\\\/delasciencias.com\\\/inicio\\\/\"},{\"@type\":\"ListItem\",\"position\":2,\"name\":\"APOYO UNIVERSITARIO\"}]},{\"@type\":\"WebSite\",\"@id\":\"https:\\\/\\\/delasciencias.com\\\/inicio\\\/#website\",\"url\":\"https:\\\/\\\/delasciencias.com\\\/inicio\\\/\",\"name\":\"Tu Academia en Tomares | DE LAS CIENCIAS\",\"description\":\"Clases de apoyo o particulares en Tomares\",\"publisher\":{\"@id\":\"https:\\\/\\\/delasciencias.com\\\/inicio\\\/#organization\"},\"alternateName\":\"Academia De Las Ciencias\",\"inLanguage\":\"es\"},{\"@type\":\"Organization\",\"@id\":\"https:\\\/\\\/delasciencias.com\\\/inicio\\\/#organization\",\"name\":\"ACADEMIA DE LAS CIENCIAS | TOMARES | MARCHENA\",\"alternateName\":\"CLASES DE APOYO ESCOLAR y PARTICULARES | TOMARES | MARCHENA\",\"url\":\"https:\\\/\\\/delasciencias.com\\\/inicio\\\/\",\"logo\":{\"@type\":\"ImageObject\",\"inLanguage\":\"es\",\"@id\":\"https:\\\/\\\/delasciencias.com\\\/inicio\\\/#\\\/schema\\\/logo\\\/image\\\/\",\"url\":\"https:\\\/\\\/delasciencias.com\\\/inicio\\\/wp-content\\\/uploads\\\/2020\\\/11\\\/Captura-de-pantalla-2019-10-12-a-las-0.03.45.png\",\"contentUrl\":\"https:\\\/\\\/delasciencias.com\\\/inicio\\\/wp-content\\\/uploads\\\/2020\\\/11\\\/Captura-de-pantalla-2019-10-12-a-las-0.03.45.png\",\"width\":257,\"height\":254,\"caption\":\"ACADEMIA DE LAS CIENCIAS | TOMARES | MARCHENA\"},\"image\":{\"@id\":\"https:\\\/\\\/delasciencias.com\\\/inicio\\\/#\\\/schema\\\/logo\\\/image\\\/\"},\"sameAs\":[\"https:\\\/\\\/www.facebook.com\\\/DeLasCiencias\\\/\",\"https:\\\/\\\/x.com\\\/LasCiencias\",\"https:\\\/\\\/www.instagram.com\\\/delas_ciencias\\\/\",\"https:\\\/\\\/www.youtube.com\\\/channel\\\/UC2Kc8NJRRsyI6awzYByAgdg\"]}]}<\/script>\n<!-- \/ Yoast SEO plugin. -->","yoast_head_json":{"title":"APOYO UNIVERSITARIO - Tu Academia en Tomares | DE LAS CIENCIAS Academia en Tomares y Marchena | De Las Ciencias","description":"Clases de apoyo escolar o particulares en Tomares y Marchena","robots":{"index":"index","follow":"follow","max-snippet":"max-snippet:-1","max-image-preview":"max-image-preview:large","max-video-preview":"max-video-preview:-1"},"canonical":"https:\/\/delasciencias.com\/inicio\/apoyo-universitario\/","og_locale":"es_ES","og_type":"article","og_title":"APOYO UNIVERSITARIO - Tu Academia en Tomares | DE LAS CIENCIAS Academia en Tomares y Marchena | De Las Ciencias","og_description":"Clases de apoyo escolar o particulares en Tomares y Marchena","og_url":"https:\/\/delasciencias.com\/inicio\/apoyo-universitario\/","og_site_name":"Tu Academia en Tomares | DE LAS CIENCIAS","article_publisher":"https:\/\/www.facebook.com\/DeLasCiencias\/","article_modified_time":"2023-12-04T16:21:53+00:00","og_image":[{"url":"http:\/\/delasciencias.com\/inicio\/wp-content\/uploads\/2018\/11\/Captura-de-pantalla-2018-11-28-a-las-15.45.26-300x99.png","type":"","width":"","height":""}],"twitter_card":"summary_large_image","twitter_site":"@LasCiencias","twitter_misc":{"Tiempo de lectura":"2 minutos"},"schema":{"@context":"https:\/\/schema.org","@graph":[{"@type":"WebPage","@id":"https:\/\/delasciencias.com\/inicio\/apoyo-universitario\/","url":"https:\/\/delasciencias.com\/inicio\/apoyo-universitario\/","name":"APOYO UNIVERSITARIO - Tu Academia en Tomares | DE LAS CIENCIAS Academia en Tomares y Marchena | De Las Ciencias","isPartOf":{"@id":"https:\/\/delasciencias.com\/inicio\/#website"},"primaryImageOfPage":{"@id":"https:\/\/delasciencias.com\/inicio\/apoyo-universitario\/#primaryimage"},"image":{"@id":"https:\/\/delasciencias.com\/inicio\/apoyo-universitario\/#primaryimage"},"thumbnailUrl":"http:\/\/delasciencias.com\/inicio\/wp-content\/uploads\/2018\/11\/Captura-de-pantalla-2018-11-28-a-las-15.45.26-300x99.png","datePublished":"2017-12-07T17:55:55+00:00","dateModified":"2023-12-04T16:21:53+00:00","description":"Clases de apoyo escolar o particulares en Tomares y Marchena","breadcrumb":{"@id":"https:\/\/delasciencias.com\/inicio\/apoyo-universitario\/#breadcrumb"},"inLanguage":"es","potentialAction":[{"@type":"ReadAction","target":["https:\/\/delasciencias.com\/inicio\/apoyo-universitario\/"]}]},{"@type":"ImageObject","inLanguage":"es","@id":"https:\/\/delasciencias.com\/inicio\/apoyo-universitario\/#primaryimage","url":"https:\/\/delasciencias.com\/inicio\/wp-content\/uploads\/2018\/11\/Captura-de-pantalla-2018-11-28-a-las-15.45.26.png","contentUrl":"https:\/\/delasciencias.com\/inicio\/wp-content\/uploads\/2018\/11\/Captura-de-pantalla-2018-11-28-a-las-15.45.26.png","width":850,"height":280},{"@type":"BreadcrumbList","@id":"https:\/\/delasciencias.com\/inicio\/apoyo-universitario\/#breadcrumb","itemListElement":[{"@type":"ListItem","position":1,"name":"Portada","item":"https:\/\/delasciencias.com\/inicio\/"},{"@type":"ListItem","position":2,"name":"APOYO UNIVERSITARIO"}]},{"@type":"WebSite","@id":"https:\/\/delasciencias.com\/inicio\/#website","url":"https:\/\/delasciencias.com\/inicio\/","name":"Tu Academia en Tomares | DE LAS CIENCIAS","description":"Clases de apoyo o particulares en Tomares","publisher":{"@id":"https:\/\/delasciencias.com\/inicio\/#organization"},"alternateName":"Academia De Las Ciencias","inLanguage":"es"},{"@type":"Organization","@id":"https:\/\/delasciencias.com\/inicio\/#organization","name":"ACADEMIA DE LAS CIENCIAS | TOMARES | MARCHENA","alternateName":"CLASES DE APOYO ESCOLAR y PARTICULARES | TOMARES | MARCHENA","url":"https:\/\/delasciencias.com\/inicio\/","logo":{"@type":"ImageObject","inLanguage":"es","@id":"https:\/\/delasciencias.com\/inicio\/#\/schema\/logo\/image\/","url":"https:\/\/delasciencias.com\/inicio\/wp-content\/uploads\/2020\/11\/Captura-de-pantalla-2019-10-12-a-las-0.03.45.png","contentUrl":"https:\/\/delasciencias.com\/inicio\/wp-content\/uploads\/2020\/11\/Captura-de-pantalla-2019-10-12-a-las-0.03.45.png","width":257,"height":254,"caption":"ACADEMIA DE LAS CIENCIAS | TOMARES | MARCHENA"},"image":{"@id":"https:\/\/delasciencias.com\/inicio\/#\/schema\/logo\/image\/"},"sameAs":["https:\/\/www.facebook.com\/DeLasCiencias\/","https:\/\/x.com\/LasCiencias","https:\/\/www.instagram.com\/delas_ciencias\/","https:\/\/www.youtube.com\/channel\/UC2Kc8NJRRsyI6awzYByAgdg"]}]}},"_links":{"self":[{"href":"https:\/\/delasciencias.com\/inicio\/wp-json\/wp\/v2\/pages\/373","targetHints":{"allow":["GET"]}}],"collection":[{"href":"https:\/\/delasciencias.com\/inicio\/wp-json\/wp\/v2\/pages"}],"about":[{"href":"https:\/\/delasciencias.com\/inicio\/wp-json\/wp\/v2\/types\/page"}],"author":[{"embeddable":true,"href":"https:\/\/delasciencias.com\/inicio\/wp-json\/wp\/v2\/users\/1"}],"replies":[{"embeddable":true,"href":"https:\/\/delasciencias.com\/inicio\/wp-json\/wp\/v2\/comments?post=373"}],"version-history":[{"count":20,"href":"https:\/\/delasciencias.com\/inicio\/wp-json\/wp\/v2\/pages\/373\/revisions"}],"predecessor-version":[{"id":1611,"href":"https:\/\/delasciencias.com\/inicio\/wp-json\/wp\/v2\/pages\/373\/revisions\/1611"}],"wp:attachment":[{"href":"https:\/\/delasciencias.com\/inicio\/wp-json\/wp\/v2\/media?parent=373"}],"curies":[{"name":"wp","href":"https:\/\/api.w.org\/{rel}","templated":true}]}}