{"id":3687,"date":"2024-10-19T12:27:14","date_gmt":"2024-10-19T11:27:14","guid":{"rendered":"https:\/\/delasciencias.com\/inicio\/?page_id=3687"},"modified":"2024-10-19T12:27:14","modified_gmt":"2024-10-19T11:27:14","slug":"cursos-ofimatica","status":"publish","type":"page","link":"https:\/\/delasciencias.com\/inicio\/cursos-ofimatica\/","title":{"rendered":"CURSOS OFIM\u00c1TICA"},"content":{"rendered":"\n<h2 class=\"wp-block-heading\">\u00bfPor qu\u00e9 debes realizar el curso de ofim\u00e1tica?<\/h2>\n\n\n\n<p>Con nuestro\u00a0<strong>curso Ofim\u00e1tica<\/strong>\u00a0dominar\u00e1s la inform\u00e1tica y aprender\u00e1s a manejar las principales herramientas inform\u00e1ticas que se utilizan en la oficina. Desde el procesador de texto hasta las hojas de c\u00e1lculo y las presentaciones, conocer\u00e1s todo lo que necesitas para ser un experto en ofim\u00e1tica.<\/p>\n\n\n\n<p>Adem\u00e1s, nuestro\u00a0<strong>curso Ofim\u00e1tica<\/strong>\u00a0se adapta a tus necesidades y horarios. Puedes aprender a tu propio ritmo y desde cualquier lugar, gracias a nuestras plataformas de aprendizaje online. Y, si tienes dudas o necesitas ayuda, siempre estamos disponibles para ayudarte.<\/p>\n\n\n<div class=\"wp-block-image\">\n<figure class=\"aligncenter size-full\"><img loading=\"lazy\" decoding=\"async\" width=\"400\" height=\"400\" src=\"https:\/\/delasciencias.com\/inicio\/wp-content\/uploads\/2021\/11\/ofimatica-2.png\" alt=\"\" class=\"wp-image-2773\" srcset=\"https:\/\/delasciencias.com\/inicio\/wp-content\/uploads\/2021\/11\/ofimatica-2.png 400w, https:\/\/delasciencias.com\/inicio\/wp-content\/uploads\/2021\/11\/ofimatica-2-300x300.png 300w, https:\/\/delasciencias.com\/inicio\/wp-content\/uploads\/2021\/11\/ofimatica-2-150x150.png 150w\" sizes=\"auto, (max-width: 400px) 100vw, 400px\" \/><\/figure>\n<\/div>\n\n\n<p>No pierdas la oportunidad de mejorar tus habilidades y destacar en tu trabajo. \u00a1<a href=\"https:\/\/delasciencias.com\/inicio\/contacto\/reserva\/\">Inscr\u00edbete hoy<\/a> en nuestro curso de ofim\u00e1tica y comienza a transformar tu carrera!<\/p>\n\n\n<div class=\"wp-block-image\">\n<figure class=\"aligncenter size-full is-resized\"><a href=\"https:\/\/delasciencias.com\/inicio\/contacto\/reserva\/\"><img loading=\"lazy\" decoding=\"async\" width=\"512\" height=\"179\" src=\"https:\/\/delasciencias.com\/inicio\/wp-content\/uploads\/2020\/04\/unnamed.png\" alt=\"\" class=\"wp-image-1803\" style=\"width:252px;height:auto\" srcset=\"https:\/\/delasciencias.com\/inicio\/wp-content\/uploads\/2020\/04\/unnamed.png 512w, https:\/\/delasciencias.com\/inicio\/wp-content\/uploads\/2020\/04\/unnamed-300x105.png 300w\" sizes=\"auto, (max-width: 512px) 100vw, 512px\" \/><\/a><\/figure>\n<\/div>\n\n\n<p>Con el\u00a0<strong>nuestros cursos Ofim\u00e1tica<\/strong>\u00a0podr\u00e1s:<\/p>\n\n\n\n<ul class=\"wp-block-list\">\n<li>Aumentar tu eficiencia y productividad: Al aprender a utilizar las herramientas de ofim\u00e1tica como Microsoft Word, Excel, PowerPoint y Outlook<\/li>\n\n\n\n<li>Mejorar tus habilidades de comunicaci\u00f3n<\/li>\n\n\n\n<li>Ampliar tus oportunidades de empleo<\/li>\n\n\n\n<li>Aprender habilidades valiosas en la gesti\u00f3n de proyectos, organizaci\u00f3n de informaci\u00f3n, creaci\u00f3n de presentaciones, entre otros.<\/li>\n<\/ul>\n\n\n<div class=\"wp-block-image\">\n<figure class=\"aligncenter size-full is-resized\"><img loading=\"lazy\" decoding=\"async\" width=\"424\" height=\"217\" src=\"https:\/\/delasciencias.com\/inicio\/wp-content\/uploads\/2024\/10\/curso-de-ofimatica.jpg\" alt=\"\" class=\"wp-image-3688\" style=\"width:430px;height:auto\" srcset=\"https:\/\/delasciencias.com\/inicio\/wp-content\/uploads\/2024\/10\/curso-de-ofimatica.jpg 424w, https:\/\/delasciencias.com\/inicio\/wp-content\/uploads\/2024\/10\/curso-de-ofimatica-300x154.jpg 300w\" sizes=\"auto, (max-width: 424px) 100vw, 424px\" \/><\/figure>\n<\/div>\n\n\n<p>Este\u00a0nuestros <strong>cursos Ofim\u00e1tica<\/strong>\u00a0te preparamos para realizar tareas administrativas de oficinas y empresas con fluidez, eficacia y un alto nivel de destreza por medio de un grupo de programas Office, conocimientos muy valorados para la contrataci\u00f3n de personal. Utilizamos el Programa de Paquete Office 2019 y Windows 10.<\/p>\n\n\n<div class=\"wp-block-image\">\n<figure class=\"aligncenter size-full is-resized\"><a href=\"https:\/\/delasciencias.com\/inicio\/contacto\/\"><img loading=\"lazy\" decoding=\"async\" width=\"820\" height=\"241\" src=\"https:\/\/delasciencias.com\/inicio\/wp-content\/uploads\/2021\/12\/200-2004670_related-wallpapers-boton-contacto-png.jpg\" alt=\"\" class=\"wp-image-2823\" style=\"width:417px;height:auto\" srcset=\"https:\/\/delasciencias.com\/inicio\/wp-content\/uploads\/2021\/12\/200-2004670_related-wallpapers-boton-contacto-png.jpg 820w, https:\/\/delasciencias.com\/inicio\/wp-content\/uploads\/2021\/12\/200-2004670_related-wallpapers-boton-contacto-png-300x88.jpg 300w, https:\/\/delasciencias.com\/inicio\/wp-content\/uploads\/2021\/12\/200-2004670_related-wallpapers-boton-contacto-png-768x226.jpg 768w\" sizes=\"auto, (max-width: 820px) 100vw, 820px\" \/><\/a><\/figure>\n<\/div>","protected":false},"excerpt":{"rendered":"<p>\u00bfPor qu\u00e9 debes realizar el curso de ofim\u00e1tica? Con nuestro\u00a0curso Ofim\u00e1tica\u00a0dominar\u00e1s la inform\u00e1tica y aprender\u00e1s a manejar las principales herramientas inform\u00e1ticas que se utilizan en la oficina. Desde el procesador de texto<a class=\"moretag\" href=\"https:\/\/delasciencias.com\/inicio\/cursos-ofimatica\/\">Leer m\u00e1s&#8230;<\/a><\/p>\n","protected":false},"author":1,"featured_media":0,"parent":0,"menu_order":0,"comment_status":"closed","ping_status":"closed","template":"","meta":{"footnotes":""},"class_list":["post-3687","page","type-page","status-publish","hentry"],"yoast_head":"<!-- This site is optimized with the Yoast SEO plugin v27.3 - https:\/\/yoast.com\/product\/yoast-seo-wordpress\/ -->\n<title>CURSOS OFIM\u00c1TICA - Tu Academia en Tomares | DE LAS CIENCIAS Academia en Tomares y Marchena | De Las Ciencias<\/title>\n<meta name=\"description\" content=\"Clases de apoyo escolar o particulares en Tomares y Marchena\" \/>\n<meta name=\"robots\" content=\"index, follow, max-snippet:-1, max-image-preview:large, max-video-preview:-1\" \/>\n<link rel=\"canonical\" href=\"https:\/\/delasciencias.com\/inicio\/cursos-ofimatica\/\" \/>\n<meta property=\"og:locale\" content=\"es_ES\" \/>\n<meta property=\"og:type\" content=\"article\" \/>\n<meta property=\"og:title\" content=\"CURSOS OFIM\u00c1TICA - Tu Academia en Tomares | DE LAS CIENCIAS Academia en Tomares y Marchena | De Las Ciencias\" \/>\n<meta property=\"og:description\" content=\"Clases de apoyo escolar o particulares en Tomares y Marchena\" \/>\n<meta property=\"og:url\" content=\"https:\/\/delasciencias.com\/inicio\/cursos-ofimatica\/\" \/>\n<meta property=\"og:site_name\" content=\"Tu Academia en Tomares | DE LAS CIENCIAS\" \/>\n<meta property=\"article:publisher\" content=\"https:\/\/www.facebook.com\/DeLasCiencias\/\" \/>\n<meta property=\"og:image\" content=\"https:\/\/delasciencias.com\/inicio\/wp-content\/uploads\/2021\/11\/ofimatica-2.png\" \/>\n\t<meta property=\"og:image:width\" content=\"400\" \/>\n\t<meta property=\"og:image:height\" content=\"400\" \/>\n\t<meta property=\"og:image:type\" content=\"image\/png\" \/>\n<meta name=\"twitter:card\" content=\"summary_large_image\" \/>\n<meta name=\"twitter:site\" content=\"@LasCiencias\" \/>\n<meta name=\"twitter:label1\" content=\"Tiempo de lectura\" \/>\n\t<meta name=\"twitter:data1\" content=\"2 minutos\" \/>\n<script type=\"application\/ld+json\" class=\"yoast-schema-graph\">{\"@context\":\"https:\\\/\\\/schema.org\",\"@graph\":[{\"@type\":\"WebPage\",\"@id\":\"https:\\\/\\\/delasciencias.com\\\/inicio\\\/cursos-ofimatica\\\/\",\"url\":\"https:\\\/\\\/delasciencias.com\\\/inicio\\\/cursos-ofimatica\\\/\",\"name\":\"CURSOS OFIM\u00c1TICA - Tu Academia en Tomares | DE LAS CIENCIAS Academia en Tomares y Marchena | De Las Ciencias\",\"isPartOf\":{\"@id\":\"https:\\\/\\\/delasciencias.com\\\/inicio\\\/#website\"},\"primaryImageOfPage\":{\"@id\":\"https:\\\/\\\/delasciencias.com\\\/inicio\\\/cursos-ofimatica\\\/#primaryimage\"},\"image\":{\"@id\":\"https:\\\/\\\/delasciencias.com\\\/inicio\\\/cursos-ofimatica\\\/#primaryimage\"},\"thumbnailUrl\":\"https:\\\/\\\/delasciencias.com\\\/inicio\\\/wp-content\\\/uploads\\\/2021\\\/11\\\/ofimatica-2.png\",\"datePublished\":\"2024-10-19T11:27:14+00:00\",\"description\":\"Clases de apoyo escolar o particulares en Tomares y Marchena\",\"breadcrumb\":{\"@id\":\"https:\\\/\\\/delasciencias.com\\\/inicio\\\/cursos-ofimatica\\\/#breadcrumb\"},\"inLanguage\":\"es\",\"potentialAction\":[{\"@type\":\"ReadAction\",\"target\":[\"https:\\\/\\\/delasciencias.com\\\/inicio\\\/cursos-ofimatica\\\/\"]}]},{\"@type\":\"ImageObject\",\"inLanguage\":\"es\",\"@id\":\"https:\\\/\\\/delasciencias.com\\\/inicio\\\/cursos-ofimatica\\\/#primaryimage\",\"url\":\"https:\\\/\\\/delasciencias.com\\\/inicio\\\/wp-content\\\/uploads\\\/2021\\\/11\\\/ofimatica-2.png\",\"contentUrl\":\"https:\\\/\\\/delasciencias.com\\\/inicio\\\/wp-content\\\/uploads\\\/2021\\\/11\\\/ofimatica-2.png\",\"width\":400,\"height\":400},{\"@type\":\"BreadcrumbList\",\"@id\":\"https:\\\/\\\/delasciencias.com\\\/inicio\\\/cursos-ofimatica\\\/#breadcrumb\",\"itemListElement\":[{\"@type\":\"ListItem\",\"position\":1,\"name\":\"Portada\",\"item\":\"https:\\\/\\\/delasciencias.com\\\/inicio\\\/\"},{\"@type\":\"ListItem\",\"position\":2,\"name\":\"CURSOS OFIM\u00c1TICA\"}]},{\"@type\":\"WebSite\",\"@id\":\"https:\\\/\\\/delasciencias.com\\\/inicio\\\/#website\",\"url\":\"https:\\\/\\\/delasciencias.com\\\/inicio\\\/\",\"name\":\"Tu Academia en Tomares | DE LAS CIENCIAS\",\"description\":\"Clases de apoyo o particulares en Tomares\",\"publisher\":{\"@id\":\"https:\\\/\\\/delasciencias.com\\\/inicio\\\/#organization\"},\"alternateName\":\"Academia De Las Ciencias\",\"inLanguage\":\"es\"},{\"@type\":\"Organization\",\"@id\":\"https:\\\/\\\/delasciencias.com\\\/inicio\\\/#organization\",\"name\":\"ACADEMIA DE LAS CIENCIAS | TOMARES | MARCHENA\",\"alternateName\":\"CLASES DE APOYO ESCOLAR y PARTICULARES | TOMARES | MARCHENA\",\"url\":\"https:\\\/\\\/delasciencias.com\\\/inicio\\\/\",\"logo\":{\"@type\":\"ImageObject\",\"inLanguage\":\"es\",\"@id\":\"https:\\\/\\\/delasciencias.com\\\/inicio\\\/#\\\/schema\\\/logo\\\/image\\\/\",\"url\":\"https:\\\/\\\/delasciencias.com\\\/inicio\\\/wp-content\\\/uploads\\\/2020\\\/11\\\/Captura-de-pantalla-2019-10-12-a-las-0.03.45.png\",\"contentUrl\":\"https:\\\/\\\/delasciencias.com\\\/inicio\\\/wp-content\\\/uploads\\\/2020\\\/11\\\/Captura-de-pantalla-2019-10-12-a-las-0.03.45.png\",\"width\":257,\"height\":254,\"caption\":\"ACADEMIA DE LAS CIENCIAS | TOMARES | MARCHENA\"},\"image\":{\"@id\":\"https:\\\/\\\/delasciencias.com\\\/inicio\\\/#\\\/schema\\\/logo\\\/image\\\/\"},\"sameAs\":[\"https:\\\/\\\/www.facebook.com\\\/DeLasCiencias\\\/\",\"https:\\\/\\\/x.com\\\/LasCiencias\",\"https:\\\/\\\/www.instagram.com\\\/delas_ciencias\\\/\",\"https:\\\/\\\/www.youtube.com\\\/channel\\\/UC2Kc8NJRRsyI6awzYByAgdg\"]}]}<\/script>\n<!-- \/ Yoast SEO plugin. -->","yoast_head_json":{"title":"CURSOS OFIM\u00c1TICA - Tu Academia en Tomares | DE LAS CIENCIAS Academia en Tomares y Marchena | De Las Ciencias","description":"Clases de apoyo escolar o particulares en Tomares y Marchena","robots":{"index":"index","follow":"follow","max-snippet":"max-snippet:-1","max-image-preview":"max-image-preview:large","max-video-preview":"max-video-preview:-1"},"canonical":"https:\/\/delasciencias.com\/inicio\/cursos-ofimatica\/","og_locale":"es_ES","og_type":"article","og_title":"CURSOS OFIM\u00c1TICA - Tu Academia en Tomares | DE LAS CIENCIAS Academia en Tomares y Marchena | De Las Ciencias","og_description":"Clases de apoyo escolar o particulares en Tomares y Marchena","og_url":"https:\/\/delasciencias.com\/inicio\/cursos-ofimatica\/","og_site_name":"Tu Academia en Tomares | DE LAS CIENCIAS","article_publisher":"https:\/\/www.facebook.com\/DeLasCiencias\/","og_image":[{"width":400,"height":400,"url":"https:\/\/delasciencias.com\/inicio\/wp-content\/uploads\/2021\/11\/ofimatica-2.png","type":"image\/png"}],"twitter_card":"summary_large_image","twitter_site":"@LasCiencias","twitter_misc":{"Tiempo de lectura":"2 minutos"},"schema":{"@context":"https:\/\/schema.org","@graph":[{"@type":"WebPage","@id":"https:\/\/delasciencias.com\/inicio\/cursos-ofimatica\/","url":"https:\/\/delasciencias.com\/inicio\/cursos-ofimatica\/","name":"CURSOS OFIM\u00c1TICA - Tu Academia en Tomares | DE LAS CIENCIAS Academia en Tomares y Marchena | De Las Ciencias","isPartOf":{"@id":"https:\/\/delasciencias.com\/inicio\/#website"},"primaryImageOfPage":{"@id":"https:\/\/delasciencias.com\/inicio\/cursos-ofimatica\/#primaryimage"},"image":{"@id":"https:\/\/delasciencias.com\/inicio\/cursos-ofimatica\/#primaryimage"},"thumbnailUrl":"https:\/\/delasciencias.com\/inicio\/wp-content\/uploads\/2021\/11\/ofimatica-2.png","datePublished":"2024-10-19T11:27:14+00:00","description":"Clases de apoyo escolar o particulares en Tomares y Marchena","breadcrumb":{"@id":"https:\/\/delasciencias.com\/inicio\/cursos-ofimatica\/#breadcrumb"},"inLanguage":"es","potentialAction":[{"@type":"ReadAction","target":["https:\/\/delasciencias.com\/inicio\/cursos-ofimatica\/"]}]},{"@type":"ImageObject","inLanguage":"es","@id":"https:\/\/delasciencias.com\/inicio\/cursos-ofimatica\/#primaryimage","url":"https:\/\/delasciencias.com\/inicio\/wp-content\/uploads\/2021\/11\/ofimatica-2.png","contentUrl":"https:\/\/delasciencias.com\/inicio\/wp-content\/uploads\/2021\/11\/ofimatica-2.png","width":400,"height":400},{"@type":"BreadcrumbList","@id":"https:\/\/delasciencias.com\/inicio\/cursos-ofimatica\/#breadcrumb","itemListElement":[{"@type":"ListItem","position":1,"name":"Portada","item":"https:\/\/delasciencias.com\/inicio\/"},{"@type":"ListItem","position":2,"name":"CURSOS OFIM\u00c1TICA"}]},{"@type":"WebSite","@id":"https:\/\/delasciencias.com\/inicio\/#website","url":"https:\/\/delasciencias.com\/inicio\/","name":"Tu Academia en Tomares | DE LAS CIENCIAS","description":"Clases de apoyo o particulares en Tomares","publisher":{"@id":"https:\/\/delasciencias.com\/inicio\/#organization"},"alternateName":"Academia De Las Ciencias","inLanguage":"es"},{"@type":"Organization","@id":"https:\/\/delasciencias.com\/inicio\/#organization","name":"ACADEMIA DE LAS CIENCIAS | TOMARES | MARCHENA","alternateName":"CLASES DE APOYO ESCOLAR y PARTICULARES | TOMARES | MARCHENA","url":"https:\/\/delasciencias.com\/inicio\/","logo":{"@type":"ImageObject","inLanguage":"es","@id":"https:\/\/delasciencias.com\/inicio\/#\/schema\/logo\/image\/","url":"https:\/\/delasciencias.com\/inicio\/wp-content\/uploads\/2020\/11\/Captura-de-pantalla-2019-10-12-a-las-0.03.45.png","contentUrl":"https:\/\/delasciencias.com\/inicio\/wp-content\/uploads\/2020\/11\/Captura-de-pantalla-2019-10-12-a-las-0.03.45.png","width":257,"height":254,"caption":"ACADEMIA DE LAS CIENCIAS | TOMARES | MARCHENA"},"image":{"@id":"https:\/\/delasciencias.com\/inicio\/#\/schema\/logo\/image\/"},"sameAs":["https:\/\/www.facebook.com\/DeLasCiencias\/","https:\/\/x.com\/LasCiencias","https:\/\/www.instagram.com\/delas_ciencias\/","https:\/\/www.youtube.com\/channel\/UC2Kc8NJRRsyI6awzYByAgdg"]}]}},"_links":{"self":[{"href":"https:\/\/delasciencias.com\/inicio\/wp-json\/wp\/v2\/pages\/3687","targetHints":{"allow":["GET"]}}],"collection":[{"href":"https:\/\/delasciencias.com\/inicio\/wp-json\/wp\/v2\/pages"}],"about":[{"href":"https:\/\/delasciencias.com\/inicio\/wp-json\/wp\/v2\/types\/page"}],"author":[{"embeddable":true,"href":"https:\/\/delasciencias.com\/inicio\/wp-json\/wp\/v2\/users\/1"}],"replies":[{"embeddable":true,"href":"https:\/\/delasciencias.com\/inicio\/wp-json\/wp\/v2\/comments?post=3687"}],"version-history":[{"count":1,"href":"https:\/\/delasciencias.com\/inicio\/wp-json\/wp\/v2\/pages\/3687\/revisions"}],"predecessor-version":[{"id":3689,"href":"https:\/\/delasciencias.com\/inicio\/wp-json\/wp\/v2\/pages\/3687\/revisions\/3689"}],"wp:attachment":[{"href":"https:\/\/delasciencias.com\/inicio\/wp-json\/wp\/v2\/media?parent=3687"}],"curies":[{"name":"wp","href":"https:\/\/api.w.org\/{rel}","templated":true}]}}