{"id":3444,"date":"2024-03-16T11:15:48","date_gmt":"2024-03-16T10:15:48","guid":{"rendered":"https:\/\/delasciencias.com\/inicio\/?page_id=3444"},"modified":"2025-02-27T11:09:56","modified_gmt":"2025-02-27T10:09:56","slug":"material-didactico-de-ingles","status":"publish","type":"page","link":"https:\/\/delasciencias.com\/inicio\/material-didactico-de-ingles\/","title":{"rendered":"Material did\u00e1ctico de ingles"},"content":{"rendered":"\n<h2 class=\"wp-block-heading\"><strong>Material did\u00e1ctico para los examenes de ingles<\/strong><\/h2>\n\n\n\n<figure class=\"wp-block-image\"><img decoding=\"async\" src=\"https:\/\/www.lamanzanadenewton.com\/materiales\/mat_main_html_files\/118.png\" alt=\"\" title=\"\"\/><\/figure>\n\n\n\n<p>En &nbsp;esta &nbsp;secci\u00f3n podr\u00e1s&nbsp;adquirir &nbsp;nuestros &nbsp;materiales especificos &nbsp;para &nbsp;superar cada uno de los distintos niveles de ingles (A1,A2,B1,B2,C1). &nbsp;Los &nbsp;recursos &nbsp;que &nbsp;ponemos &nbsp;a &nbsp;tu &nbsp;disposici\u00f3n lo podr\u00e1s adquirir por 20\u20ac por nivel. Solo nos tienes que indicar el nivel. Los materiales seran enviados por correo mediante un enlace de google drive donde podr\u00e9is descargarlos.<\/p>\n\n\n<div class=\"wp-block-image\">\n<figure class=\"aligncenter size-full\"><img loading=\"lazy\" decoding=\"async\" width=\"785\" height=\"491\" src=\"https:\/\/delasciencias.com\/inicio\/wp-content\/uploads\/2024\/03\/IMG_4101.jpg\" alt=\"\" class=\"wp-image-3445\" srcset=\"https:\/\/delasciencias.com\/inicio\/wp-content\/uploads\/2024\/03\/IMG_4101.jpg 785w, https:\/\/delasciencias.com\/inicio\/wp-content\/uploads\/2024\/03\/IMG_4101-300x188.jpg 300w, https:\/\/delasciencias.com\/inicio\/wp-content\/uploads\/2024\/03\/IMG_4101-768x480.jpg 768w\" sizes=\"auto, (max-width: 785px) 100vw, 785px\" \/><\/figure>\n<\/div>\n\n\n<figure class=\"wp-block-image\"><img decoding=\"async\" src=\"https:\/\/www.lamanzanadenewton.com\/materiales\/mat_main_html_files\/118.png\" alt=\"\" title=\"\"\/><\/figure>\n\n\n\n<div class=\"wp-block-group\"><div class=\"wp-block-group__inner-container is-layout-constrained wp-block-group-is-layout-constrained\">\n<div class=\"wp-block-group\"><div class=\"wp-block-group__inner-container is-layout-constrained wp-block-group-is-layout-constrained\">\n<h3 class=\"wp-block-heading has-text-align-center\">ELECCI\u00d3N DEL CURSO<\/h3>\n\n\n<div class=\"forminator-ui forminator-custom-form forminator-custom-form-3558 forminator-design--default  forminator_ajax\" data-forminator-render=\"0\" data-form=\"forminator-module-3558\" data-uid=\"69cffbdf87063\"><br\/><\/div><form\r\n\t\t\t\tid=\"forminator-module-3558\"\r\n\t\t\t\tclass=\"forminator-ui forminator-custom-form forminator-custom-form-3558 forminator-design--default  forminator_ajax\"\r\n\t\t\t\tmethod=\"post\"\r\n\t\t\t\tdata-forminator-render=\"0\"\r\n\t\t\t\tdata-form-id=\"3558\"\r\n\t\t\t\t\r\n\t\t\t\tdata-design=\"default\"\r\n\t\t\t\t\r\n\t\t\t\t\r\n\t\t\t\t\r\n\t\t\t\tdata-grid=\"open\"\r\n\t\t\t\t\r\n\t\t\t\t\r\n\t\t\t\tstyle=\"display: none;\"\r\n\t\t\t\t\r\n\t\t\t\tdata-uid=\"69cffbdf87063\"\r\n\t\t\t><div role=\"alert\" aria-live=\"polite\" class=\"forminator-response-message forminator-error\" aria-hidden=\"true\"><\/div><div class=\"forminator-row\"><div id=\"name-1\" class=\"forminator-field-name forminator-col forminator-col-6 \"><div class=\"forminator-field\"><label for=\"forminator-field-name-1_69cffbdf87063\" id=\"forminator-field-name-1_69cffbdf87063-label\" class=\"forminator-label\">Nombre <span class=\"forminator-required\">*<\/span><\/label><input type=\"text\" name=\"name-1\" value=\"\" placeholder=\"Ejemplo: Juan P\u00e9rez\" id=\"forminator-field-name-1_69cffbdf87063\" class=\"forminator-input forminator-name--field\" aria-required=\"true\" aria-describedby=\"forminator-field-name-1_69cffbdf87063-description\" \/><span id=\"forminator-field-name-1_69cffbdf87063-description\" class=\"forminator-description\">Nombre y Apellidos<\/span><\/div><\/div><div id=\"phone-1\" class=\"forminator-field-phone forminator-col forminator-col-6 \"><div class=\"forminator-field\"><label for=\"forminator-field-phone-1_69cffbdf87063\" id=\"forminator-field-phone-1_69cffbdf87063-label\" class=\"forminator-label\">Tel\u00e9fono<\/label><input type=\"text\" name=\"phone-1\" value=\"\" placeholder=\"Ejemplo: +1 300 400 5000\" id=\"forminator-field-phone-1_69cffbdf87063\" class=\"forminator-input forminator-field--phone\" data-required=\"\" aria-required=\"false\" autocomplete=\"off\" \/><\/div><\/div><\/div><div class=\"forminator-row\"><div id=\"select-1\" class=\"forminator-field-select forminator-col forminator-col-12 \"><div class=\"forminator-field\"><label for=\"forminator-form-3558__field--select-1_69cffbdf87063\" id=\"forminator-form-3558__field--select-1_69cffbdf87063-label\" class=\"forminator-label\">Seleccionar nivel <span class=\"forminator-required\">*<\/span><\/label><select  id=\"forminator-form-3558__field--select-1_69cffbdf87063\" class=\"forminator-select--field forminator-select2 forminator-select2-multiple\" data-required=\"1\" name=\"select-1\" data-default-value=\"\" data-hidden-behavior=\"zero\" data-placeholder=\"Elecici\u00f3n del nivel\" data-search=\"false\" data-search-placeholder=\"Elecici\u00f3n del nivel\" data-checkbox=\"false\" data-allow-clear=\"false\" aria-labelledby=\"forminator-form-3558__field--select-1_69cffbdf87063-label\"><option value=\"\"  >Elecici\u00f3n del nivel<\/option><option value=\"one\"  data-calculation=\"0\">A1<\/option><option value=\"two\"  data-calculation=\"0\">A2<\/option><option value=\"B1\"  data-calculation=\"0\">B1<\/option><option value=\"B2\"  data-calculation=\"0\">B2<\/option><option value=\"C1\"  data-calculation=\"0\">C1<\/option><\/select><\/div><\/div><\/div><div class=\"forminator-row\"><div id=\"email-1\" class=\"forminator-field-email forminator-col forminator-col-12 \"><div class=\"forminator-field\"><label for=\"forminator-field-email-1_69cffbdf87063\" id=\"forminator-field-email-1_69cffbdf87063-label\" class=\"forminator-label\">Direcci\u00f3n de correo electr\u00f3nico <span class=\"forminator-required\">*<\/span><\/label><input type=\"email\" name=\"email-1\" value=\"\" placeholder=\"Ej . : john@doe.com\" id=\"forminator-field-email-1_69cffbdf87063\" class=\"forminator-input forminator-email--field\" data-required=\"1\" aria-required=\"true\" \/><\/div><\/div><\/div><div class=\"forminator-row\"><div id=\"consent-1\" class=\"forminator-field-consent forminator-col forminator-col-12 \"><div class=\"forminator-field\"><label for=\"forminator-field-consent-1_69cffbdf87063\" id=\"forminator-field-consent-1_69cffbdf87063-label\" class=\"forminator-label\">Consent <span class=\"forminator-required\">*<\/span><\/label><div class=\"forminator-checkbox__wrapper\"><label for=\"forminator-field-consent-1_69cffbdf87063\" id=\"forminator-field-consent-1_69cffbdf87063__label\" class=\"forminator-checkbox forminator-consent\"><input type=\"checkbox\" name=\"consent-1\" id=\"forminator-field-consent-1_69cffbdf87063\" value=\"checked\" aria-labelledby=\"forminator-field-consent-1_69cffbdf87063-label\" aria-describedby=\"forminator-field-consent-1_69cffbdf87063__description\" data-required=\"true\" aria-required=\"true\" \/><span class=\"forminator-checkbox-box\" aria-hidden=\"true\"><\/span><\/label><div id=\"forminator-field-consent-1_69cffbdf87063__description\" class=\"forminator-checkbox__label forminator-consent__label\"><p>S\u00ed, estoy de acuerdo con la <a rel=\"noopener\" target=\"_blank\" href=\"https:\/\/delasciencias.com\/inicio\/nosotros\/politica-de-privacidad-y-proteccion-de-datos\/\">pol\u00edtica de privacidad<\/a> y <a rel=\"noopener\" target=\"_blank\" href=\"https:\/\/delasciencias.com\/inicio\/nosotros\/aviso-legal\/\">aviso legal<\/a>.<\/p><\/div><\/div><\/div><\/div><\/div><input type=\"hidden\" name=\"referer_url\" value=\"\" \/><div class=\"forminator-row forminator-row-last\"><div class=\"forminator-col\"><div class=\"forminator-field\"><button class=\"forminator-button forminator-button-submit\">Enviar<\/button><\/div><\/div><\/div><input type=\"hidden\" id=\"forminator_nonce\" name=\"forminator_nonce\" value=\"e1e1e899a5\" \/><input type=\"hidden\" name=\"_wp_http_referer\" value=\"\/inicio\/wp-json\/wp\/v2\/pages\/3444\" \/><input type=\"hidden\" name=\"form_id\" value=\"3558\"><input type=\"hidden\" name=\"page_id\" value=\"3444\"><input type=\"hidden\" name=\"form_type\" value=\"default\"><input type=\"hidden\" name=\"current_url\" value=\"https:\/\/delasciencias.com\/inicio\/material-didactico-de-ingles\/\"><input type=\"hidden\" name=\"render_id\" value=\"0\"><input type=\"hidden\" name=\"action\" value=\"forminator_submit_form_custom-forms\"><\/form>\n<\/div><\/div>\n\n\n\n<figure class=\"wp-block-image\"><img decoding=\"async\" src=\"https:\/\/www.lamanzanadenewton.com\/materiales\/mat_main_html_files\/118.png\" alt=\"\" title=\"\"\/><\/figure>\n\n\n\n<div class=\"wp-block-group\"><div class=\"wp-block-group__inner-container is-layout-constrained wp-block-group-is-layout-constrained\">\n<h3 class=\"wp-block-heading has-text-align-center\">PAGO DEL MATERIAL<\/h3>\n\n\n\n<div class=\"wp-block-group alignwide\"><div class=\"wp-block-group__inner-container is-layout-constrained wp-block-group-is-layout-constrained\">\n<div class=\"wp-block-group is-layout-grid wp-container-core-group-is-layout-8d2db683 wp-block-group-is-layout-grid\"><div class=\"forminator-ui forminator-custom-form forminator-custom-form-3441 forminator-design--bold  forminator_ajax\" data-forminator-render=\"0\" data-form=\"forminator-module-3441\" data-uid=\"69cffbdf89e2a\"><br\/><\/div><form\r\n\t\t\t\tid=\"forminator-module-3441\"\r\n\t\t\t\tclass=\"forminator-ui forminator-custom-form forminator-custom-form-3441 forminator-design--bold  forminator_ajax\"\r\n\t\t\t\tmethod=\"post\"\r\n\t\t\t\tdata-forminator-render=\"0\"\r\n\t\t\t\tdata-form-id=\"3441\"\r\n\t\t\t\t\r\n\t\t\t\tdata-design=\"bold\"\r\n\t\t\t\t\r\n\t\t\t\t\r\n\t\t\t\t\r\n\t\t\t\tdata-grid=\"open\"\r\n\t\t\t\t\r\n\t\t\t\t\r\n\t\t\t\tstyle=\"display: none;\"\r\n\t\t\t\t\r\n\t\t\t\tdata-uid=\"69cffbdf89e2a\"\r\n\t\t\t><div role=\"alert\" aria-live=\"polite\" class=\"forminator-response-message forminator-error\" aria-hidden=\"true\"><\/div><div class=\"forminator-row forminator-hidden\"><div id=\"paypal-1\" class=\"forminator-field-paypal forminator-col forminator-col-12 \"><input type=\"hidden\" name=\"paypal-1\" id=\"forminator-paypal-1-field_69cffbdf89e2a\" class=\"forminator-paypal-input\" data-is-payment=\"true\" data-payment-type=\"paypal\" data-currency=\"eur\" data-amount-type=\"fixed\" data-amount=\"20\" data-label=\"\" data-locale=\"en\" value=\"\" \/><\/div><\/div><input type=\"hidden\" name=\"referer_url\" value=\"\" \/><input type=\"hidden\" name=\"payment_gateway_total\" value=\"\" \/><div class=\"forminator-row forminator-paypal-row\"><div class=\"forminator-col forminator-col-12\"><div class=\"forminator-field\"><div id=\"paypal-button-container-3441_69cffbdf89e2a\" class=\"paypal-1-payment forminator-button-paypal\"><\/div><\/div><\/div><\/div><div class=\"forminator-row forminator-row-last\"><div class=\"forminator-col\"><div class=\"forminator-field\"><button class=\"forminator-button forminator-button-submit\">Enviar mensaje<\/button><\/div><\/div><\/div><input type=\"hidden\" id=\"forminator_nonce\" name=\"forminator_nonce\" value=\"b9514db4e3\" \/><input type=\"hidden\" name=\"_wp_http_referer\" value=\"\/inicio\/wp-json\/wp\/v2\/pages\/3444\" \/><input type=\"hidden\" name=\"form_id\" value=\"3441\"><input type=\"hidden\" name=\"page_id\" value=\"3444\"><input type=\"hidden\" name=\"form_type\" value=\"default\"><input type=\"hidden\" name=\"current_url\" value=\"https:\/\/delasciencias.com\/inicio\/material-didactico-de-ingles\/\"><input type=\"hidden\" name=\"render_id\" value=\"0\"><input type=\"hidden\" name=\"action\" value=\"forminator_submit_form_custom-forms\"><\/form>\n<\/div>\n<\/div><\/div>\n\n\n\n<div class=\"wp-block-group is-layout-grid wp-container-core-group-is-layout-6be84c55 wp-block-group-is-layout-grid\"><p><script async\n  src=\"https:\/\/js.stripe.com\/v3\/buy-button.js\">\n<\/script><\/p>\n<p><stripe-buy-button\n  buy-button-id=\"buy_btn_1PCNieB4U3OzIwiiV9CR91AB\"\n  publishable-key=\"pk_live_51OuIR1B4U3OzIwiiBJitXCVpxfEb6XAG4YwlfGXgLRFtmxd3geWYQ0WjbyBgDZiXOwmzWBfmRRRoNr0TCyZvbHW100oqtxVKR2\"\n><br \/>\n<\/stripe-buy-button><\/p>\n\n\n\n<figure class=\"wp-block-image size-medium\"><img loading=\"lazy\" decoding=\"async\" width=\"211\" height=\"300\" src=\"https:\/\/delasciencias.com\/inicio\/wp-content\/uploads\/2025\/02\/Captura-de-pantalla-2025-02-27-a-las-10.20.09-211x300.png\" alt=\"\" class=\"wp-image-3984\" srcset=\"https:\/\/delasciencias.com\/inicio\/wp-content\/uploads\/2025\/02\/Captura-de-pantalla-2025-02-27-a-las-10.20.09-211x300.png 211w, https:\/\/delasciencias.com\/inicio\/wp-content\/uploads\/2025\/02\/Captura-de-pantalla-2025-02-27-a-las-10.20.09.png 290w\" sizes=\"auto, (max-width: 211px) 100vw, 211px\" \/><\/figure>\n<\/div>\n\n\n\n<figure class=\"wp-block-image\"><img decoding=\"async\" src=\"https:\/\/www.lamanzanadenewton.com\/materiales\/mat_main_html_files\/118.png\" alt=\"\" title=\"\"\/><\/figure>\n<\/div><\/div>\n<\/div><\/div>\n\n\n\n<pre class=\"wp-block-preformatted\">De conformidad con el art\u00edculo 13 de la secci\u00f3n 2 del Reglamento (UE) 2016\/679 del Parlamento Europeo y del Consejo, de 27 de abril de 2016, relativo a la protecci\u00f3n de las personas f\u00edsicas en lo que respecta al tratamiento de datos personales y a la libre circulaci\u00f3n de estos datos. \u201cEn Academia De Las Ciencias tratamos la informaci\u00f3n que nos facilita con el fin de prestarles el servicio solicitado y realizar su facturaci\u00f3n. Los datos proporcionados se conservar\u00e1n mientras se mantenga la relaci\u00f3n comercial o durante el tiempo necesario para cumplir con las obligaciones legales y atender las posibles responsabilidades que pudieran derivar del cumplimiento de la finalidad para la que los datos fueron recabados. Los datos no se ceder\u00e1n a terceros salvo en los casos en que exista una obligaci\u00f3n legal. Usted tiene derecho a obtener informaci\u00f3n sobre si en Academia De Las Ciencias  estamos tratando sus datos personales, por lo que puede ejercer sus derechos de acceso, rectificaci\u00f3n, supresi\u00f3n y portabilidad de datos y oposici\u00f3n y limitaci\u00f3n a su tratamiento ante Andres Jes\u00fas S\u00e1nchez Luque , Calle Florida, 7, Marchena (Sevilla) o en la direcci\u00f3n de correo electr\u00f3nico info@delasciencias.com, adjuntando copia de su DNI o documento equivalente.  Asimismo, y especialmente si considera que no ha obtenido satisfacci\u00f3n plena en el ejercicio de sus derechos, podr\u00e1 presentar una reclamaci\u00f3n ante la autoridad nacional de control dirigi\u00e9ndose a estos efectos a la Agencia Espa\u00f1ola de Protecci\u00f3n de Datos, C\/ Jorge Juan, 6 \u2013 28001 Madrid.<\/pre>\n","protected":false},"excerpt":{"rendered":"<p>Material did\u00e1ctico para los examenes de ingles En &nbsp;esta &nbsp;secci\u00f3n podr\u00e1s&nbsp;adquirir &nbsp;nuestros &nbsp;materiales especificos &nbsp;para &nbsp;superar cada uno de los distintos niveles de ingles (A1,A2,B1,B2,C1). &nbsp;Los &nbsp;recursos &nbsp;que &nbsp;ponemos &nbsp;a &nbsp;tu &nbsp;disposici\u00f3n<a class=\"moretag\" href=\"https:\/\/delasciencias.com\/inicio\/material-didactico-de-ingles\/\">Leer m\u00e1s&#8230;<\/a><\/p>\n","protected":false},"author":1,"featured_media":0,"parent":0,"menu_order":0,"comment_status":"closed","ping_status":"closed","template":"","meta":{"footnotes":""},"class_list":["post-3444","page","type-page","status-publish","hentry"],"yoast_head":"<!-- This site is optimized with the Yoast SEO plugin v27.3 - https:\/\/yoast.com\/product\/yoast-seo-wordpress\/ -->\n<title>Material did\u00e1ctico de ingles - Tu Academia en Tomares | DE LAS CIENCIAS Academia en Tomares y Marchena | De Las Ciencias<\/title>\n<meta name=\"description\" content=\"Clases de apoyo escolar o particulares en Tomares y Marchena\" \/>\n<meta name=\"robots\" content=\"index, follow, max-snippet:-1, max-image-preview:large, max-video-preview:-1\" \/>\n<link rel=\"canonical\" href=\"https:\/\/delasciencias.com\/inicio\/material-didactico-de-ingles\/\" \/>\n<meta property=\"og:locale\" content=\"es_ES\" \/>\n<meta property=\"og:type\" content=\"article\" \/>\n<meta property=\"og:title\" content=\"Material did\u00e1ctico de ingles - Tu Academia en Tomares | DE LAS CIENCIAS Academia en Tomares y Marchena | De Las Ciencias\" \/>\n<meta property=\"og:description\" content=\"Clases de apoyo escolar o particulares en Tomares y Marchena\" \/>\n<meta property=\"og:url\" content=\"https:\/\/delasciencias.com\/inicio\/material-didactico-de-ingles\/\" \/>\n<meta property=\"og:site_name\" content=\"Tu Academia en Tomares | DE LAS CIENCIAS\" \/>\n<meta property=\"article:publisher\" content=\"https:\/\/www.facebook.com\/DeLasCiencias\/\" \/>\n<meta property=\"article:modified_time\" content=\"2025-02-27T10:09:56+00:00\" \/>\n<meta property=\"og:image\" content=\"https:\/\/www.lamanzanadenewton.com\/materiales\/mat_main_html_files\/118.png\" \/>\n<meta name=\"twitter:card\" content=\"summary_large_image\" \/>\n<meta name=\"twitter:site\" content=\"@LasCiencias\" \/>\n<meta name=\"twitter:label1\" content=\"Tiempo de lectura\" \/>\n\t<meta name=\"twitter:data1\" content=\"2 minutos\" \/>\n<script type=\"application\/ld+json\" class=\"yoast-schema-graph\">{\"@context\":\"https:\\\/\\\/schema.org\",\"@graph\":[{\"@type\":\"WebPage\",\"@id\":\"https:\\\/\\\/delasciencias.com\\\/inicio\\\/material-didactico-de-ingles\\\/\",\"url\":\"https:\\\/\\\/delasciencias.com\\\/inicio\\\/material-didactico-de-ingles\\\/\",\"name\":\"Material did\u00e1ctico de ingles - Tu Academia en Tomares | DE LAS CIENCIAS Academia en Tomares y Marchena | De Las Ciencias\",\"isPartOf\":{\"@id\":\"https:\\\/\\\/delasciencias.com\\\/inicio\\\/#website\"},\"primaryImageOfPage\":{\"@id\":\"https:\\\/\\\/delasciencias.com\\\/inicio\\\/material-didactico-de-ingles\\\/#primaryimage\"},\"image\":{\"@id\":\"https:\\\/\\\/delasciencias.com\\\/inicio\\\/material-didactico-de-ingles\\\/#primaryimage\"},\"thumbnailUrl\":\"https:\\\/\\\/www.lamanzanadenewton.com\\\/materiales\\\/mat_main_html_files\\\/118.png\",\"datePublished\":\"2024-03-16T10:15:48+00:00\",\"dateModified\":\"2025-02-27T10:09:56+00:00\",\"description\":\"Clases de apoyo escolar o particulares en Tomares y Marchena\",\"breadcrumb\":{\"@id\":\"https:\\\/\\\/delasciencias.com\\\/inicio\\\/material-didactico-de-ingles\\\/#breadcrumb\"},\"inLanguage\":\"es\",\"potentialAction\":[{\"@type\":\"ReadAction\",\"target\":[\"https:\\\/\\\/delasciencias.com\\\/inicio\\\/material-didactico-de-ingles\\\/\"]}]},{\"@type\":\"ImageObject\",\"inLanguage\":\"es\",\"@id\":\"https:\\\/\\\/delasciencias.com\\\/inicio\\\/material-didactico-de-ingles\\\/#primaryimage\",\"url\":\"https:\\\/\\\/www.lamanzanadenewton.com\\\/materiales\\\/mat_main_html_files\\\/118.png\",\"contentUrl\":\"https:\\\/\\\/www.lamanzanadenewton.com\\\/materiales\\\/mat_main_html_files\\\/118.png\"},{\"@type\":\"BreadcrumbList\",\"@id\":\"https:\\\/\\\/delasciencias.com\\\/inicio\\\/material-didactico-de-ingles\\\/#breadcrumb\",\"itemListElement\":[{\"@type\":\"ListItem\",\"position\":1,\"name\":\"Portada\",\"item\":\"https:\\\/\\\/delasciencias.com\\\/inicio\\\/\"},{\"@type\":\"ListItem\",\"position\":2,\"name\":\"Material did\u00e1ctico de ingles\"}]},{\"@type\":\"WebSite\",\"@id\":\"https:\\\/\\\/delasciencias.com\\\/inicio\\\/#website\",\"url\":\"https:\\\/\\\/delasciencias.com\\\/inicio\\\/\",\"name\":\"Tu Academia en Tomares | DE LAS CIENCIAS\",\"description\":\"Clases de apoyo o particulares en Tomares\",\"publisher\":{\"@id\":\"https:\\\/\\\/delasciencias.com\\\/inicio\\\/#organization\"},\"alternateName\":\"Academia De Las Ciencias\",\"inLanguage\":\"es\"},{\"@type\":\"Organization\",\"@id\":\"https:\\\/\\\/delasciencias.com\\\/inicio\\\/#organization\",\"name\":\"ACADEMIA DE LAS CIENCIAS | TOMARES | MARCHENA\",\"alternateName\":\"CLASES DE APOYO ESCOLAR y PARTICULARES | TOMARES | MARCHENA\",\"url\":\"https:\\\/\\\/delasciencias.com\\\/inicio\\\/\",\"logo\":{\"@type\":\"ImageObject\",\"inLanguage\":\"es\",\"@id\":\"https:\\\/\\\/delasciencias.com\\\/inicio\\\/#\\\/schema\\\/logo\\\/image\\\/\",\"url\":\"https:\\\/\\\/delasciencias.com\\\/inicio\\\/wp-content\\\/uploads\\\/2020\\\/11\\\/Captura-de-pantalla-2019-10-12-a-las-0.03.45.png\",\"contentUrl\":\"https:\\\/\\\/delasciencias.com\\\/inicio\\\/wp-content\\\/uploads\\\/2020\\\/11\\\/Captura-de-pantalla-2019-10-12-a-las-0.03.45.png\",\"width\":257,\"height\":254,\"caption\":\"ACADEMIA DE LAS CIENCIAS | TOMARES | MARCHENA\"},\"image\":{\"@id\":\"https:\\\/\\\/delasciencias.com\\\/inicio\\\/#\\\/schema\\\/logo\\\/image\\\/\"},\"sameAs\":[\"https:\\\/\\\/www.facebook.com\\\/DeLasCiencias\\\/\",\"https:\\\/\\\/x.com\\\/LasCiencias\",\"https:\\\/\\\/www.instagram.com\\\/delas_ciencias\\\/\",\"https:\\\/\\\/www.youtube.com\\\/channel\\\/UC2Kc8NJRRsyI6awzYByAgdg\"]}]}<\/script>\n<!-- \/ Yoast SEO plugin. -->","yoast_head_json":{"title":"Material did\u00e1ctico de ingles - Tu Academia en Tomares | DE LAS CIENCIAS Academia en Tomares y Marchena | De Las Ciencias","description":"Clases de apoyo escolar o particulares en Tomares y Marchena","robots":{"index":"index","follow":"follow","max-snippet":"max-snippet:-1","max-image-preview":"max-image-preview:large","max-video-preview":"max-video-preview:-1"},"canonical":"https:\/\/delasciencias.com\/inicio\/material-didactico-de-ingles\/","og_locale":"es_ES","og_type":"article","og_title":"Material did\u00e1ctico de ingles - Tu Academia en Tomares | DE LAS CIENCIAS Academia en Tomares y Marchena | De Las Ciencias","og_description":"Clases de apoyo escolar o particulares en Tomares y Marchena","og_url":"https:\/\/delasciencias.com\/inicio\/material-didactico-de-ingles\/","og_site_name":"Tu Academia en Tomares | DE LAS CIENCIAS","article_publisher":"https:\/\/www.facebook.com\/DeLasCiencias\/","article_modified_time":"2025-02-27T10:09:56+00:00","og_image":[{"url":"https:\/\/www.lamanzanadenewton.com\/materiales\/mat_main_html_files\/118.png","type":"","width":"","height":""}],"twitter_card":"summary_large_image","twitter_site":"@LasCiencias","twitter_misc":{"Tiempo de lectura":"2 minutos"},"schema":{"@context":"https:\/\/schema.org","@graph":[{"@type":"WebPage","@id":"https:\/\/delasciencias.com\/inicio\/material-didactico-de-ingles\/","url":"https:\/\/delasciencias.com\/inicio\/material-didactico-de-ingles\/","name":"Material did\u00e1ctico de ingles - Tu Academia en Tomares | DE LAS CIENCIAS Academia en Tomares y Marchena | De Las Ciencias","isPartOf":{"@id":"https:\/\/delasciencias.com\/inicio\/#website"},"primaryImageOfPage":{"@id":"https:\/\/delasciencias.com\/inicio\/material-didactico-de-ingles\/#primaryimage"},"image":{"@id":"https:\/\/delasciencias.com\/inicio\/material-didactico-de-ingles\/#primaryimage"},"thumbnailUrl":"https:\/\/www.lamanzanadenewton.com\/materiales\/mat_main_html_files\/118.png","datePublished":"2024-03-16T10:15:48+00:00","dateModified":"2025-02-27T10:09:56+00:00","description":"Clases de apoyo escolar o particulares en Tomares y Marchena","breadcrumb":{"@id":"https:\/\/delasciencias.com\/inicio\/material-didactico-de-ingles\/#breadcrumb"},"inLanguage":"es","potentialAction":[{"@type":"ReadAction","target":["https:\/\/delasciencias.com\/inicio\/material-didactico-de-ingles\/"]}]},{"@type":"ImageObject","inLanguage":"es","@id":"https:\/\/delasciencias.com\/inicio\/material-didactico-de-ingles\/#primaryimage","url":"https:\/\/www.lamanzanadenewton.com\/materiales\/mat_main_html_files\/118.png","contentUrl":"https:\/\/www.lamanzanadenewton.com\/materiales\/mat_main_html_files\/118.png"},{"@type":"BreadcrumbList","@id":"https:\/\/delasciencias.com\/inicio\/material-didactico-de-ingles\/#breadcrumb","itemListElement":[{"@type":"ListItem","position":1,"name":"Portada","item":"https:\/\/delasciencias.com\/inicio\/"},{"@type":"ListItem","position":2,"name":"Material did\u00e1ctico de ingles"}]},{"@type":"WebSite","@id":"https:\/\/delasciencias.com\/inicio\/#website","url":"https:\/\/delasciencias.com\/inicio\/","name":"Tu Academia en Tomares | DE LAS CIENCIAS","description":"Clases de apoyo o particulares en Tomares","publisher":{"@id":"https:\/\/delasciencias.com\/inicio\/#organization"},"alternateName":"Academia De Las Ciencias","inLanguage":"es"},{"@type":"Organization","@id":"https:\/\/delasciencias.com\/inicio\/#organization","name":"ACADEMIA DE LAS CIENCIAS | TOMARES | MARCHENA","alternateName":"CLASES DE APOYO ESCOLAR y PARTICULARES | TOMARES | MARCHENA","url":"https:\/\/delasciencias.com\/inicio\/","logo":{"@type":"ImageObject","inLanguage":"es","@id":"https:\/\/delasciencias.com\/inicio\/#\/schema\/logo\/image\/","url":"https:\/\/delasciencias.com\/inicio\/wp-content\/uploads\/2020\/11\/Captura-de-pantalla-2019-10-12-a-las-0.03.45.png","contentUrl":"https:\/\/delasciencias.com\/inicio\/wp-content\/uploads\/2020\/11\/Captura-de-pantalla-2019-10-12-a-las-0.03.45.png","width":257,"height":254,"caption":"ACADEMIA DE LAS CIENCIAS | TOMARES | MARCHENA"},"image":{"@id":"https:\/\/delasciencias.com\/inicio\/#\/schema\/logo\/image\/"},"sameAs":["https:\/\/www.facebook.com\/DeLasCiencias\/","https:\/\/x.com\/LasCiencias","https:\/\/www.instagram.com\/delas_ciencias\/","https:\/\/www.youtube.com\/channel\/UC2Kc8NJRRsyI6awzYByAgdg"]}]}},"_links":{"self":[{"href":"https:\/\/delasciencias.com\/inicio\/wp-json\/wp\/v2\/pages\/3444","targetHints":{"allow":["GET"]}}],"collection":[{"href":"https:\/\/delasciencias.com\/inicio\/wp-json\/wp\/v2\/pages"}],"about":[{"href":"https:\/\/delasciencias.com\/inicio\/wp-json\/wp\/v2\/types\/page"}],"author":[{"embeddable":true,"href":"https:\/\/delasciencias.com\/inicio\/wp-json\/wp\/v2\/users\/1"}],"replies":[{"embeddable":true,"href":"https:\/\/delasciencias.com\/inicio\/wp-json\/wp\/v2\/comments?post=3444"}],"version-history":[{"count":23,"href":"https:\/\/delasciencias.com\/inicio\/wp-json\/wp\/v2\/pages\/3444\/revisions"}],"predecessor-version":[{"id":4013,"href":"https:\/\/delasciencias.com\/inicio\/wp-json\/wp\/v2\/pages\/3444\/revisions\/4013"}],"wp:attachment":[{"href":"https:\/\/delasciencias.com\/inicio\/wp-json\/wp\/v2\/media?parent=3444"}],"curies":[{"name":"wp","href":"https:\/\/api.w.org\/{rel}","templated":true}]}}