{"id":3354,"date":"2023-12-20T17:44:03","date_gmt":"2023-12-20T16:44:03","guid":{"rendered":"https:\/\/delasciencias.com\/inicio\/?page_id=3354"},"modified":"2023-12-21T11:57:05","modified_gmt":"2023-12-21T10:57:05","slug":"refuerzo-intensivo-de-navidad","status":"publish","type":"page","link":"https:\/\/delasciencias.com\/inicio\/clases-de-apoyo-y-refuerzo-escolar\/refuerzo-intensivo-de-navidad\/","title":{"rendered":"INTENSIVO DE NAVIDAD"},"content":{"rendered":"\n<h2 class=\"wp-block-heading has-text-align-center\"><strong>Refuerzo Intensivo de Navidad<\/strong><\/h2>\n\n\n\n<p>Aprovecha las vacaciones de Navidad para que tu adolescente suba el nivel de las asignaturas m\u00e1s flojas y adem\u00e1s de mantener el h\u00e1bito de estudio. Adem\u00e1s te damos la posibilidad de darlas c\u00f3modamente desde casa o desde el lugar donde est\u00e9is pasando las navidades mediante nuestras clases online. <\/p>\n\n\n<div class=\"wp-block-image\">\n<figure class=\"aligncenter size-full is-resized\"><img loading=\"lazy\" decoding=\"async\" width=\"740\" height=\"493\" src=\"https:\/\/delasciencias.com\/inicio\/wp-content\/uploads\/2023\/12\/chica-estudiante-invierno_329181-14873.jpg\" alt=\"\" class=\"wp-image-3355\" style=\"width:740px;height:auto\" srcset=\"https:\/\/delasciencias.com\/inicio\/wp-content\/uploads\/2023\/12\/chica-estudiante-invierno_329181-14873.jpg 740w, https:\/\/delasciencias.com\/inicio\/wp-content\/uploads\/2023\/12\/chica-estudiante-invierno_329181-14873-300x200.jpg 300w\" sizes=\"auto, (max-width: 740px) 100vw, 740px\" \/><\/figure>\n<\/div>\n\n\n<h3 class=\"wp-block-heading has-text-align-center\">6 D\u00cdAS EN LOS QUE TU ADOLESCENTE RECIBIR\u00c1 LA AYUDA QUE NECESITA PARA EMPEZAR EL 2\u00ba TRIMESTRE CON EL NIVEL QUE NECESITA PARA APROBAR<\/h3>\n\n\n\n<p>Si las notas del 1er trimestre no han ido del todo bien y tu adolescente ha llegado con alg\u00fan suspenso (o varios) es el momento de tomar acci\u00f3n y evitar que pierda el curso.<\/p>\n\n\n\n<p>Las vacaciones de Navidad son el momento perfecto para ponerse al d\u00eda con aquellas asignaturas m\u00e1s flojas y empezar el 2\u00ba trimestre con el nivel que necesita para aprobar los ex\u00e1menes.<\/p>\n\n\n\n<p>Adem\u00e1s es posible que despu\u00e9s de fiestas tenga alg\u00fan examen de recuperaci\u00f3n y ya sabemos lo dif\u00edcil que es estudiar durante las vacaciones.<\/p>\n\n\n\n<p>Para evitar que pierda el curso&nbsp;hemos preparado un Refuerzo Intensivo organizado en grupos de tan solo 4 estudiantes por grupo. De esta manera nos aseguramos de que reciba la ayuda que necesita adaptada a su ritmo y nivel de aprendizaje y aproveche al m\u00e1ximo las sesiones de estudio.<\/p>\n\n\n\n<h3 class=\"wp-block-heading has-text-align-center\">Es justo lo que estaba buscando, \u00bfdonde puedo reservar una plaza?<\/h3>\n\n\n<div class=\"wp-block-image\">\n<figure class=\"aligncenter size-full is-resized\"><a href=\"https:\/\/delasciencias.com\/inicio\/contacto\/reserva\/\"><img loading=\"lazy\" decoding=\"async\" width=\"300\" height=\"105\" src=\"https:\/\/delasciencias.com\/inicio\/wp-content\/uploads\/2023\/12\/image.png\" alt=\"\" class=\"wp-image-3356\" style=\"width:236px;height:auto\"\/><\/a><\/figure>\n<\/div>\n\n\n<h3 class=\"wp-block-heading has-text-align-center\">\u00bfTe has quedado con alguna duda acerca del Refuerzo Intensivo de Navidad?<\/h3>\n\n\n<div class=\"wp-block-image\">\n<figure class=\"aligncenter size-full is-resized\"><a href=\"https:\/\/delasciencias.com\/inicio\/contacto\/trabaja-con-nosotros\/\"><img loading=\"lazy\" decoding=\"async\" width=\"820\" height=\"241\" src=\"http:\/\/delasciencias.com\/inicio\/wp-content\/uploads\/2021\/12\/200-2004670_related-wallpapers-boton-contacto-png.jpg\" alt=\"\" class=\"wp-image-2823\" style=\"width:270px;height:auto\" srcset=\"https:\/\/delasciencias.com\/inicio\/wp-content\/uploads\/2021\/12\/200-2004670_related-wallpapers-boton-contacto-png.jpg 820w, https:\/\/delasciencias.com\/inicio\/wp-content\/uploads\/2021\/12\/200-2004670_related-wallpapers-boton-contacto-png-300x88.jpg 300w, https:\/\/delasciencias.com\/inicio\/wp-content\/uploads\/2021\/12\/200-2004670_related-wallpapers-boton-contacto-png-768x226.jpg 768w\" sizes=\"auto, (max-width: 820px) 100vw, 820px\" \/><\/a><\/figure>\n<\/div>","protected":false},"excerpt":{"rendered":"<p>Refuerzo Intensivo de Navidad Aprovecha las vacaciones de Navidad para que tu adolescente suba el nivel de las asignaturas m\u00e1s flojas y adem\u00e1s de mantener el h\u00e1bito de estudio. Adem\u00e1s te damos<a class=\"moretag\" href=\"https:\/\/delasciencias.com\/inicio\/clases-de-apoyo-y-refuerzo-escolar\/refuerzo-intensivo-de-navidad\/\">Leer m\u00e1s&#8230;<\/a><\/p>\n","protected":false},"author":1,"featured_media":0,"parent":2726,"menu_order":5,"comment_status":"closed","ping_status":"closed","template":"","meta":{"footnotes":""},"class_list":["post-3354","page","type-page","status-publish","hentry"],"yoast_head":"<!-- This site is optimized with the Yoast SEO plugin v27.3 - https:\/\/yoast.com\/product\/yoast-seo-wordpress\/ -->\n<title>INTENSIVO DE NAVIDAD - Tu Academia en Tomares | DE LAS CIENCIAS Academia en Tomares y Marchena | De Las Ciencias<\/title>\n<meta name=\"description\" content=\"Clases de apoyo escolar o particulares en Tomares y Marchena Tu Academia en Tomares | DE LAS CIENCIAS INTENSIVO DE NAVIDAD\" \/>\n<meta name=\"robots\" content=\"index, follow, max-snippet:-1, max-image-preview:large, max-video-preview:-1\" \/>\n<link rel=\"canonical\" href=\"https:\/\/delasciencias.com\/inicio\/clases-de-apoyo-y-refuerzo-escolar\/refuerzo-intensivo-de-navidad\/\" \/>\n<meta property=\"og:locale\" content=\"es_ES\" \/>\n<meta property=\"og:type\" content=\"article\" \/>\n<meta property=\"og:title\" content=\"INTENSIVO DE NAVIDAD - Tu Academia en Tomares | DE LAS CIENCIAS Academia en Tomares y Marchena | De Las Ciencias\" \/>\n<meta property=\"og:description\" content=\"Clases de apoyo escolar o particulares en Tomares y Marchena Tu Academia en Tomares | DE LAS CIENCIAS INTENSIVO DE NAVIDAD\" \/>\n<meta property=\"og:url\" content=\"https:\/\/delasciencias.com\/inicio\/clases-de-apoyo-y-refuerzo-escolar\/refuerzo-intensivo-de-navidad\/\" \/>\n<meta property=\"og:site_name\" content=\"Tu Academia en Tomares | DE LAS CIENCIAS\" \/>\n<meta property=\"article:publisher\" content=\"https:\/\/www.facebook.com\/DeLasCiencias\/\" \/>\n<meta property=\"article:modified_time\" content=\"2023-12-21T10:57:05+00:00\" \/>\n<meta property=\"og:image\" content=\"https:\/\/delasciencias.com\/inicio\/wp-content\/uploads\/2023\/12\/chica-estudiante-invierno_329181-14873.jpg\" \/>\n<meta name=\"twitter:card\" content=\"summary_large_image\" \/>\n<meta name=\"twitter:site\" content=\"@LasCiencias\" \/>\n<meta name=\"twitter:label1\" content=\"Tiempo de lectura\" \/>\n\t<meta name=\"twitter:data1\" content=\"2 minutos\" \/>\n<script type=\"application\/ld+json\" class=\"yoast-schema-graph\">{\"@context\":\"https:\\\/\\\/schema.org\",\"@graph\":[{\"@type\":\"WebPage\",\"@id\":\"https:\\\/\\\/delasciencias.com\\\/inicio\\\/clases-de-apoyo-y-refuerzo-escolar\\\/refuerzo-intensivo-de-navidad\\\/\",\"url\":\"https:\\\/\\\/delasciencias.com\\\/inicio\\\/clases-de-apoyo-y-refuerzo-escolar\\\/refuerzo-intensivo-de-navidad\\\/\",\"name\":\"INTENSIVO DE NAVIDAD - Tu Academia en Tomares | DE LAS CIENCIAS Academia en Tomares y Marchena | De Las Ciencias\",\"isPartOf\":{\"@id\":\"https:\\\/\\\/delasciencias.com\\\/inicio\\\/#website\"},\"primaryImageOfPage\":{\"@id\":\"https:\\\/\\\/delasciencias.com\\\/inicio\\\/clases-de-apoyo-y-refuerzo-escolar\\\/refuerzo-intensivo-de-navidad\\\/#primaryimage\"},\"image\":{\"@id\":\"https:\\\/\\\/delasciencias.com\\\/inicio\\\/clases-de-apoyo-y-refuerzo-escolar\\\/refuerzo-intensivo-de-navidad\\\/#primaryimage\"},\"thumbnailUrl\":\"https:\\\/\\\/delasciencias.com\\\/inicio\\\/wp-content\\\/uploads\\\/2023\\\/12\\\/chica-estudiante-invierno_329181-14873.jpg\",\"datePublished\":\"2023-12-20T16:44:03+00:00\",\"dateModified\":\"2023-12-21T10:57:05+00:00\",\"description\":\"Clases de apoyo escolar o particulares en Tomares y Marchena Tu Academia en Tomares | DE LAS CIENCIAS INTENSIVO DE NAVIDAD\",\"breadcrumb\":{\"@id\":\"https:\\\/\\\/delasciencias.com\\\/inicio\\\/clases-de-apoyo-y-refuerzo-escolar\\\/refuerzo-intensivo-de-navidad\\\/#breadcrumb\"},\"inLanguage\":\"es\",\"potentialAction\":[{\"@type\":\"ReadAction\",\"target\":[\"https:\\\/\\\/delasciencias.com\\\/inicio\\\/clases-de-apoyo-y-refuerzo-escolar\\\/refuerzo-intensivo-de-navidad\\\/\"]}]},{\"@type\":\"ImageObject\",\"inLanguage\":\"es\",\"@id\":\"https:\\\/\\\/delasciencias.com\\\/inicio\\\/clases-de-apoyo-y-refuerzo-escolar\\\/refuerzo-intensivo-de-navidad\\\/#primaryimage\",\"url\":\"https:\\\/\\\/delasciencias.com\\\/inicio\\\/wp-content\\\/uploads\\\/2023\\\/12\\\/chica-estudiante-invierno_329181-14873.jpg\",\"contentUrl\":\"https:\\\/\\\/delasciencias.com\\\/inicio\\\/wp-content\\\/uploads\\\/2023\\\/12\\\/chica-estudiante-invierno_329181-14873.jpg\",\"width\":740,\"height\":493},{\"@type\":\"BreadcrumbList\",\"@id\":\"https:\\\/\\\/delasciencias.com\\\/inicio\\\/clases-de-apoyo-y-refuerzo-escolar\\\/refuerzo-intensivo-de-navidad\\\/#breadcrumb\",\"itemListElement\":[{\"@type\":\"ListItem\",\"position\":1,\"name\":\"Portada\",\"item\":\"https:\\\/\\\/delasciencias.com\\\/inicio\\\/\"},{\"@type\":\"ListItem\",\"position\":2,\"name\":\"APOYO ESCOLAR\",\"item\":\"https:\\\/\\\/delasciencias.com\\\/inicio\\\/clases-de-apoyo-y-refuerzo-escolar\\\/\"},{\"@type\":\"ListItem\",\"position\":3,\"name\":\"INTENSIVO DE NAVIDAD\"}]},{\"@type\":\"WebSite\",\"@id\":\"https:\\\/\\\/delasciencias.com\\\/inicio\\\/#website\",\"url\":\"https:\\\/\\\/delasciencias.com\\\/inicio\\\/\",\"name\":\"Tu Academia en Tomares | DE LAS CIENCIAS\",\"description\":\"Clases de apoyo o particulares en Tomares\",\"publisher\":{\"@id\":\"https:\\\/\\\/delasciencias.com\\\/inicio\\\/#organization\"},\"alternateName\":\"Academia De Las Ciencias\",\"inLanguage\":\"es\"},{\"@type\":\"Organization\",\"@id\":\"https:\\\/\\\/delasciencias.com\\\/inicio\\\/#organization\",\"name\":\"ACADEMIA DE LAS CIENCIAS | TOMARES | MARCHENA\",\"alternateName\":\"CLASES DE APOYO ESCOLAR y PARTICULARES | TOMARES | MARCHENA\",\"url\":\"https:\\\/\\\/delasciencias.com\\\/inicio\\\/\",\"logo\":{\"@type\":\"ImageObject\",\"inLanguage\":\"es\",\"@id\":\"https:\\\/\\\/delasciencias.com\\\/inicio\\\/#\\\/schema\\\/logo\\\/image\\\/\",\"url\":\"https:\\\/\\\/delasciencias.com\\\/inicio\\\/wp-content\\\/uploads\\\/2020\\\/11\\\/Captura-de-pantalla-2019-10-12-a-las-0.03.45.png\",\"contentUrl\":\"https:\\\/\\\/delasciencias.com\\\/inicio\\\/wp-content\\\/uploads\\\/2020\\\/11\\\/Captura-de-pantalla-2019-10-12-a-las-0.03.45.png\",\"width\":257,\"height\":254,\"caption\":\"ACADEMIA DE LAS CIENCIAS | TOMARES | MARCHENA\"},\"image\":{\"@id\":\"https:\\\/\\\/delasciencias.com\\\/inicio\\\/#\\\/schema\\\/logo\\\/image\\\/\"},\"sameAs\":[\"https:\\\/\\\/www.facebook.com\\\/DeLasCiencias\\\/\",\"https:\\\/\\\/x.com\\\/LasCiencias\",\"https:\\\/\\\/www.instagram.com\\\/delas_ciencias\\\/\",\"https:\\\/\\\/www.youtube.com\\\/channel\\\/UC2Kc8NJRRsyI6awzYByAgdg\"]}]}<\/script>\n<!-- \/ Yoast SEO plugin. -->","yoast_head_json":{"title":"INTENSIVO DE NAVIDAD - Tu Academia en Tomares | DE LAS CIENCIAS Academia en Tomares y Marchena | De Las Ciencias","description":"Clases de apoyo escolar o particulares en Tomares y Marchena Tu Academia en Tomares | DE LAS CIENCIAS INTENSIVO DE NAVIDAD","robots":{"index":"index","follow":"follow","max-snippet":"max-snippet:-1","max-image-preview":"max-image-preview:large","max-video-preview":"max-video-preview:-1"},"canonical":"https:\/\/delasciencias.com\/inicio\/clases-de-apoyo-y-refuerzo-escolar\/refuerzo-intensivo-de-navidad\/","og_locale":"es_ES","og_type":"article","og_title":"INTENSIVO DE NAVIDAD - Tu Academia en Tomares | DE LAS CIENCIAS Academia en Tomares y Marchena | De Las Ciencias","og_description":"Clases de apoyo escolar o particulares en Tomares y Marchena Tu Academia en Tomares | DE LAS CIENCIAS INTENSIVO DE NAVIDAD","og_url":"https:\/\/delasciencias.com\/inicio\/clases-de-apoyo-y-refuerzo-escolar\/refuerzo-intensivo-de-navidad\/","og_site_name":"Tu Academia en Tomares | DE LAS CIENCIAS","article_publisher":"https:\/\/www.facebook.com\/DeLasCiencias\/","article_modified_time":"2023-12-21T10:57:05+00:00","og_image":[{"url":"https:\/\/delasciencias.com\/inicio\/wp-content\/uploads\/2023\/12\/chica-estudiante-invierno_329181-14873.jpg","type":"","width":"","height":""}],"twitter_card":"summary_large_image","twitter_site":"@LasCiencias","twitter_misc":{"Tiempo de lectura":"2 minutos"},"schema":{"@context":"https:\/\/schema.org","@graph":[{"@type":"WebPage","@id":"https:\/\/delasciencias.com\/inicio\/clases-de-apoyo-y-refuerzo-escolar\/refuerzo-intensivo-de-navidad\/","url":"https:\/\/delasciencias.com\/inicio\/clases-de-apoyo-y-refuerzo-escolar\/refuerzo-intensivo-de-navidad\/","name":"INTENSIVO DE NAVIDAD - Tu Academia en Tomares | DE LAS CIENCIAS Academia en Tomares y Marchena | De Las Ciencias","isPartOf":{"@id":"https:\/\/delasciencias.com\/inicio\/#website"},"primaryImageOfPage":{"@id":"https:\/\/delasciencias.com\/inicio\/clases-de-apoyo-y-refuerzo-escolar\/refuerzo-intensivo-de-navidad\/#primaryimage"},"image":{"@id":"https:\/\/delasciencias.com\/inicio\/clases-de-apoyo-y-refuerzo-escolar\/refuerzo-intensivo-de-navidad\/#primaryimage"},"thumbnailUrl":"https:\/\/delasciencias.com\/inicio\/wp-content\/uploads\/2023\/12\/chica-estudiante-invierno_329181-14873.jpg","datePublished":"2023-12-20T16:44:03+00:00","dateModified":"2023-12-21T10:57:05+00:00","description":"Clases de apoyo escolar o particulares en Tomares y Marchena Tu Academia en Tomares | DE LAS CIENCIAS INTENSIVO DE NAVIDAD","breadcrumb":{"@id":"https:\/\/delasciencias.com\/inicio\/clases-de-apoyo-y-refuerzo-escolar\/refuerzo-intensivo-de-navidad\/#breadcrumb"},"inLanguage":"es","potentialAction":[{"@type":"ReadAction","target":["https:\/\/delasciencias.com\/inicio\/clases-de-apoyo-y-refuerzo-escolar\/refuerzo-intensivo-de-navidad\/"]}]},{"@type":"ImageObject","inLanguage":"es","@id":"https:\/\/delasciencias.com\/inicio\/clases-de-apoyo-y-refuerzo-escolar\/refuerzo-intensivo-de-navidad\/#primaryimage","url":"https:\/\/delasciencias.com\/inicio\/wp-content\/uploads\/2023\/12\/chica-estudiante-invierno_329181-14873.jpg","contentUrl":"https:\/\/delasciencias.com\/inicio\/wp-content\/uploads\/2023\/12\/chica-estudiante-invierno_329181-14873.jpg","width":740,"height":493},{"@type":"BreadcrumbList","@id":"https:\/\/delasciencias.com\/inicio\/clases-de-apoyo-y-refuerzo-escolar\/refuerzo-intensivo-de-navidad\/#breadcrumb","itemListElement":[{"@type":"ListItem","position":1,"name":"Portada","item":"https:\/\/delasciencias.com\/inicio\/"},{"@type":"ListItem","position":2,"name":"APOYO ESCOLAR","item":"https:\/\/delasciencias.com\/inicio\/clases-de-apoyo-y-refuerzo-escolar\/"},{"@type":"ListItem","position":3,"name":"INTENSIVO DE NAVIDAD"}]},{"@type":"WebSite","@id":"https:\/\/delasciencias.com\/inicio\/#website","url":"https:\/\/delasciencias.com\/inicio\/","name":"Tu Academia en Tomares | DE LAS CIENCIAS","description":"Clases de apoyo o particulares en Tomares","publisher":{"@id":"https:\/\/delasciencias.com\/inicio\/#organization"},"alternateName":"Academia De Las Ciencias","inLanguage":"es"},{"@type":"Organization","@id":"https:\/\/delasciencias.com\/inicio\/#organization","name":"ACADEMIA DE LAS CIENCIAS | TOMARES | MARCHENA","alternateName":"CLASES DE APOYO ESCOLAR y PARTICULARES | TOMARES | MARCHENA","url":"https:\/\/delasciencias.com\/inicio\/","logo":{"@type":"ImageObject","inLanguage":"es","@id":"https:\/\/delasciencias.com\/inicio\/#\/schema\/logo\/image\/","url":"https:\/\/delasciencias.com\/inicio\/wp-content\/uploads\/2020\/11\/Captura-de-pantalla-2019-10-12-a-las-0.03.45.png","contentUrl":"https:\/\/delasciencias.com\/inicio\/wp-content\/uploads\/2020\/11\/Captura-de-pantalla-2019-10-12-a-las-0.03.45.png","width":257,"height":254,"caption":"ACADEMIA DE LAS CIENCIAS | TOMARES | MARCHENA"},"image":{"@id":"https:\/\/delasciencias.com\/inicio\/#\/schema\/logo\/image\/"},"sameAs":["https:\/\/www.facebook.com\/DeLasCiencias\/","https:\/\/x.com\/LasCiencias","https:\/\/www.instagram.com\/delas_ciencias\/","https:\/\/www.youtube.com\/channel\/UC2Kc8NJRRsyI6awzYByAgdg"]}]}},"_links":{"self":[{"href":"https:\/\/delasciencias.com\/inicio\/wp-json\/wp\/v2\/pages\/3354","targetHints":{"allow":["GET"]}}],"collection":[{"href":"https:\/\/delasciencias.com\/inicio\/wp-json\/wp\/v2\/pages"}],"about":[{"href":"https:\/\/delasciencias.com\/inicio\/wp-json\/wp\/v2\/types\/page"}],"author":[{"embeddable":true,"href":"https:\/\/delasciencias.com\/inicio\/wp-json\/wp\/v2\/users\/1"}],"replies":[{"embeddable":true,"href":"https:\/\/delasciencias.com\/inicio\/wp-json\/wp\/v2\/comments?post=3354"}],"version-history":[{"count":3,"href":"https:\/\/delasciencias.com\/inicio\/wp-json\/wp\/v2\/pages\/3354\/revisions"}],"predecessor-version":[{"id":3369,"href":"https:\/\/delasciencias.com\/inicio\/wp-json\/wp\/v2\/pages\/3354\/revisions\/3369"}],"up":[{"embeddable":true,"href":"https:\/\/delasciencias.com\/inicio\/wp-json\/wp\/v2\/pages\/2726"}],"wp:attachment":[{"href":"https:\/\/delasciencias.com\/inicio\/wp-json\/wp\/v2\/media?parent=3354"}],"curies":[{"name":"wp","href":"https:\/\/api.w.org\/{rel}","templated":true}]}}