{"id":2865,"date":"2021-12-22T19:18:26","date_gmt":"2021-12-22T18:18:26","guid":{"rendered":"http:\/\/delasciencias.com\/inicio\/?page_id=2865"},"modified":"2023-12-14T18:39:31","modified_gmt":"2023-12-14T17:39:31","slug":"cursos-de-idiomas","status":"publish","type":"page","link":"https:\/\/delasciencias.com\/inicio\/cursos-de-idiomas\/","title":{"rendered":"CURSOS DE IDIOMAS"},"content":{"rendered":"\n<h2 class=\"wp-block-heading has-text-align-center\">CURSOS DE <strong>INGLES<\/strong><\/h2>\n\n\n<div class=\"wp-block-image is-resized\">\n<figure class=\"aligncenter size-large\"><img loading=\"lazy\" decoding=\"async\" width=\"275\" height=\"183\" src=\"https:\/\/delasciencias.com\/inicio\/wp-content\/uploads\/2021\/12\/images.jpg\" alt=\"\" class=\"wp-image-2866\" style=\"width:541px;height:auto\"\/><figcaption class=\"wp-element-caption\"><strong>Cursos de ingl\u00e9s para niveles\u00a0 A2, B1, B2, C1<\/strong> <strong>y C2<\/strong>. Cursos para preparar por libre los ex\u00e1menes de oficiales. A tu ritmo ya sea intensivo, semi-intensivo. <br><br><strong>Nuestros cursos de Ingl\u00e9s son 100%<\/strong> impartidos en ingl\u00e9s por <strong>profesores nativos.<\/strong><br><br><strong>Cursos True Beginnner <\/strong>para aprender ingles desde cero sin presiones ni miedos y crea una base para tu futuro.<br><br>Adem\u00e1s ofreceremos cursos de ingl\u00e9s para profesionales y empresas, impartidos en ingl\u00e9s y adaptado a los niveles para que no os perd\u00e1is los detalles. Pod\u00e9is preguntarnos en el centro o escribirnos.<\/figcaption><\/figure>\n<\/div>\n\n\n<hr class=\"wp-block-separator has-css-opacity\"\/>\n\n\n\n<h2 class=\"wp-block-heading has-text-align-center\">CURSOS DE FRANCES<\/h2>\n\n\n<div class=\"wp-block-image is-resized\">\n<figure class=\"aligncenter size-large\"><img loading=\"lazy\" decoding=\"async\" width=\"530\" height=\"330\" src=\"https:\/\/delasciencias.com\/inicio\/wp-content\/uploads\/2021\/12\/aprender-frances.jpg\" alt=\"\" class=\"wp-image-2867\" srcset=\"https:\/\/delasciencias.com\/inicio\/wp-content\/uploads\/2021\/12\/aprender-frances.jpg 530w, https:\/\/delasciencias.com\/inicio\/wp-content\/uploads\/2021\/12\/aprender-frances-300x187.jpg 300w\" sizes=\"auto, (max-width: 530px) 100vw, 530px\" \/><figcaption class=\"wp-element-caption\">Cursos de franc\u00e9s para niveles\u00a0 A2, B1, y B2 a tu ritmo. Cursos True Beginnner para aprender franc\u00e9s desde cero sin presiones ni miedos y crea una base para tu futuro.<br><br><strong>Nuestros cursos de franc\u00e9s son 100%<\/strong> impartidos en franc\u00e9s por <strong>profesores nativos.<\/strong><br><br><strong>Cursos True Beginnner <\/strong>para aprender ingles desde cero sin presiones ni miedos y crea una base para tu futuro.<br><\/figcaption><\/figure>\n<\/div>\n\n\n<hr class=\"wp-block-separator has-css-opacity\"\/>\n\n\n\n<h2 class=\"wp-block-heading has-text-align-center\">CURSOS DE ESPA\u00d1OL<\/h2>\n\n\n<div class=\"wp-block-image is-resized\">\n<figure class=\"aligncenter size-large\"><img loading=\"lazy\" decoding=\"async\" width=\"330\" height=\"153\" src=\"https:\/\/delasciencias.com\/inicio\/wp-content\/uploads\/2021\/12\/images-1.jpg\" alt=\"\" class=\"wp-image-2868\" style=\"width:546px;height:auto\" srcset=\"https:\/\/delasciencias.com\/inicio\/wp-content\/uploads\/2021\/12\/images-1.jpg 330w, https:\/\/delasciencias.com\/inicio\/wp-content\/uploads\/2021\/12\/images-1-300x139.jpg 300w\" sizes=\"auto, (max-width: 330px) 100vw, 330px\" \/><figcaption class=\"wp-element-caption\">Cursos de espa\u00f1ol para todos los niveles y orientados para extranjeros. <br><br><strong>Cursos de espa\u00f1ol son 100%<\/strong> impartidos en espa\u00f1ol.<br><br><strong>Cursos True Beginnner <\/strong>para aprender espa\u00f1ol desde cero sin presiones ni miedos y crea una base para tu futuro.<\/figcaption><\/figure>\n<\/div>\n\n\n<hr class=\"wp-block-separator has-css-opacity\"\/>\n\n\n\n<h2 class=\"wp-block-heading has-text-align-center\">CURSOS DE ALEMAN<\/h2>\n\n\n<div class=\"wp-block-image is-resized\">\n<figure class=\"aligncenter size-large\"><img loading=\"lazy\" decoding=\"async\" width=\"1024\" height=\"682\" src=\"https:\/\/delasciencias.com\/inicio\/wp-content\/uploads\/2022\/03\/WhatsApp-Image-2022-03-18-at-2.12.54-PM-1024x682.jpeg\" alt=\"\" class=\"wp-image-3021\" style=\"width:548px;height:auto\" srcset=\"https:\/\/delasciencias.com\/inicio\/wp-content\/uploads\/2022\/03\/WhatsApp-Image-2022-03-18-at-2.12.54-PM-1024x682.jpeg 1024w, https:\/\/delasciencias.com\/inicio\/wp-content\/uploads\/2022\/03\/WhatsApp-Image-2022-03-18-at-2.12.54-PM-300x200.jpeg 300w, https:\/\/delasciencias.com\/inicio\/wp-content\/uploads\/2022\/03\/WhatsApp-Image-2022-03-18-at-2.12.54-PM-768x512.jpeg 768w, https:\/\/delasciencias.com\/inicio\/wp-content\/uploads\/2022\/03\/WhatsApp-Image-2022-03-18-at-2.12.54-PM-1536x1023.jpeg 1536w, https:\/\/delasciencias.com\/inicio\/wp-content\/uploads\/2022\/03\/WhatsApp-Image-2022-03-18-at-2.12.54-PM.jpeg 1600w\" sizes=\"auto, (max-width: 1024px) 100vw, 1024px\" \/><figcaption class=\"wp-element-caption\">Cursos True Beginnner para aprender alem\u00e1n desde cero sin presiones ni miedos y crea una base para tu futuro. Cursos impartidos en alem\u00e1n y dirigidos para trabajar en el sector tur\u00edstico. <\/figcaption><\/figure>\n<\/div>\n\n\n<hr class=\"wp-block-separator has-css-opacity\"\/>\n\n\n<div class=\"wp-block-image is-resized is-style-rounded\">\n<figure class=\"aligncenter size-large\"><a href=\"https:\/\/delasciencias.com\/inicio\/contacto\/reserva\/\"><img loading=\"lazy\" decoding=\"async\" width=\"512\" height=\"179\" src=\"https:\/\/delasciencias.com\/inicio\/wp-content\/uploads\/2020\/04\/unnamed.png\" alt=\"\" class=\"wp-image-1803\" style=\"width:400px;height:auto\" srcset=\"https:\/\/delasciencias.com\/inicio\/wp-content\/uploads\/2020\/04\/unnamed.png 512w, https:\/\/delasciencias.com\/inicio\/wp-content\/uploads\/2020\/04\/unnamed-300x105.png 300w\" sizes=\"auto, (max-width: 512px) 100vw, 512px\" \/><\/a><\/figure>\n<\/div>\n\n\n<hr class=\"wp-block-separator has-css-opacity\"\/>\n\n\n<div class=\"wp-block-image is-resized is-style-rounded\">\n<figure class=\"aligncenter size-large\"><a href=\"https:\/\/delasciencias.com\/inicio\/contacto\/\"><img loading=\"lazy\" decoding=\"async\" width=\"820\" height=\"241\" src=\"https:\/\/delasciencias.com\/inicio\/wp-content\/uploads\/2021\/12\/200-2004670_related-wallpapers-boton-contacto-png.jpg\" alt=\"\" class=\"wp-image-2823\" style=\"width:398px;height:auto\" srcset=\"https:\/\/delasciencias.com\/inicio\/wp-content\/uploads\/2021\/12\/200-2004670_related-wallpapers-boton-contacto-png.jpg 820w, https:\/\/delasciencias.com\/inicio\/wp-content\/uploads\/2021\/12\/200-2004670_related-wallpapers-boton-contacto-png-300x88.jpg 300w, https:\/\/delasciencias.com\/inicio\/wp-content\/uploads\/2021\/12\/200-2004670_related-wallpapers-boton-contacto-png-768x226.jpg 768w\" sizes=\"auto, (max-width: 820px) 100vw, 820px\" \/><\/a><\/figure>\n<\/div>\n\n\n<p class=\"has-text-align-center\">\u00bfTienes alguna duda?\u00a1Ll\u00e1manos o escr\u00edbenos, cu\u00e9ntanos tu situaci\u00f3n y tu objetivo y te daremos una soluci\u00f3n!&nbsp;<a rel=\"noreferrer noopener\" href=\"https:\/\/delasciencias.com\/inicio\/contacto\/\" target=\"_blank\"><strong>Contacta con nosotros<\/strong><\/a><\/p>\n","protected":false},"excerpt":{"rendered":"<p>CURSOS DE INGLES CURSOS DE FRANCES CURSOS DE ESPA\u00d1OL CURSOS DE ALEMAN \u00bfTienes alguna duda?\u00a1Ll\u00e1manos o escr\u00edbenos, cu\u00e9ntanos tu situaci\u00f3n y tu objetivo y te daremos una soluci\u00f3n!&nbsp;Contacta con nosotros<\/p>\n","protected":false},"author":1,"featured_media":0,"parent":0,"menu_order":0,"comment_status":"closed","ping_status":"closed","template":"","meta":{"footnotes":""},"class_list":["post-2865","page","type-page","status-publish","hentry"],"yoast_head":"<!-- This site is optimized with the Yoast SEO plugin v27.3 - https:\/\/yoast.com\/product\/yoast-seo-wordpress\/ -->\n<title>CURSOS DE IDIOMAS - Tu Academia en Tomares | DE LAS CIENCIAS Academia en Tomares y Marchena | De Las Ciencias<\/title>\n<meta name=\"description\" content=\"Clases de apoyo escolar o particulares en Tomares y Marchena\" \/>\n<meta name=\"robots\" content=\"index, follow, max-snippet:-1, max-image-preview:large, max-video-preview:-1\" \/>\n<link rel=\"canonical\" href=\"https:\/\/delasciencias.com\/inicio\/cursos-de-idiomas\/\" \/>\n<meta property=\"og:locale\" content=\"es_ES\" \/>\n<meta property=\"og:type\" content=\"article\" \/>\n<meta property=\"og:title\" content=\"CURSOS DE IDIOMAS - Tu Academia en Tomares | DE LAS CIENCIAS Academia en Tomares y Marchena | De Las Ciencias\" \/>\n<meta property=\"og:description\" content=\"Clases de apoyo escolar o particulares en Tomares y Marchena\" \/>\n<meta property=\"og:url\" content=\"https:\/\/delasciencias.com\/inicio\/cursos-de-idiomas\/\" \/>\n<meta property=\"og:site_name\" content=\"Tu Academia en Tomares | DE LAS CIENCIAS\" \/>\n<meta property=\"article:publisher\" content=\"https:\/\/www.facebook.com\/DeLasCiencias\/\" \/>\n<meta property=\"article:modified_time\" content=\"2023-12-14T17:39:31+00:00\" \/>\n<meta property=\"og:image\" content=\"https:\/\/delasciencias.com\/inicio\/wp-content\/uploads\/2021\/12\/images.jpg\" \/>\n<meta name=\"twitter:card\" content=\"summary_large_image\" \/>\n<meta name=\"twitter:site\" content=\"@LasCiencias\" \/>\n<meta name=\"twitter:label1\" content=\"Tiempo de lectura\" \/>\n\t<meta name=\"twitter:data1\" content=\"3 minutos\" \/>\n<script type=\"application\/ld+json\" class=\"yoast-schema-graph\">{\"@context\":\"https:\\\/\\\/schema.org\",\"@graph\":[{\"@type\":\"WebPage\",\"@id\":\"https:\\\/\\\/delasciencias.com\\\/inicio\\\/cursos-de-idiomas\\\/\",\"url\":\"https:\\\/\\\/delasciencias.com\\\/inicio\\\/cursos-de-idiomas\\\/\",\"name\":\"CURSOS DE IDIOMAS - Tu Academia en Tomares | DE LAS CIENCIAS Academia en Tomares y Marchena | De Las Ciencias\",\"isPartOf\":{\"@id\":\"https:\\\/\\\/delasciencias.com\\\/inicio\\\/#website\"},\"primaryImageOfPage\":{\"@id\":\"https:\\\/\\\/delasciencias.com\\\/inicio\\\/cursos-de-idiomas\\\/#primaryimage\"},\"image\":{\"@id\":\"https:\\\/\\\/delasciencias.com\\\/inicio\\\/cursos-de-idiomas\\\/#primaryimage\"},\"thumbnailUrl\":\"https:\\\/\\\/delasciencias.com\\\/inicio\\\/wp-content\\\/uploads\\\/2021\\\/12\\\/images.jpg\",\"datePublished\":\"2021-12-22T18:18:26+00:00\",\"dateModified\":\"2023-12-14T17:39:31+00:00\",\"description\":\"Clases de apoyo escolar o particulares en Tomares y Marchena\",\"breadcrumb\":{\"@id\":\"https:\\\/\\\/delasciencias.com\\\/inicio\\\/cursos-de-idiomas\\\/#breadcrumb\"},\"inLanguage\":\"es\",\"potentialAction\":[{\"@type\":\"ReadAction\",\"target\":[\"https:\\\/\\\/delasciencias.com\\\/inicio\\\/cursos-de-idiomas\\\/\"]}]},{\"@type\":\"ImageObject\",\"inLanguage\":\"es\",\"@id\":\"https:\\\/\\\/delasciencias.com\\\/inicio\\\/cursos-de-idiomas\\\/#primaryimage\",\"url\":\"https:\\\/\\\/delasciencias.com\\\/inicio\\\/wp-content\\\/uploads\\\/2021\\\/12\\\/images.jpg\",\"contentUrl\":\"https:\\\/\\\/delasciencias.com\\\/inicio\\\/wp-content\\\/uploads\\\/2021\\\/12\\\/images.jpg\",\"width\":275,\"height\":183},{\"@type\":\"BreadcrumbList\",\"@id\":\"https:\\\/\\\/delasciencias.com\\\/inicio\\\/cursos-de-idiomas\\\/#breadcrumb\",\"itemListElement\":[{\"@type\":\"ListItem\",\"position\":1,\"name\":\"Portada\",\"item\":\"https:\\\/\\\/delasciencias.com\\\/inicio\\\/\"},{\"@type\":\"ListItem\",\"position\":2,\"name\":\"CURSOS DE IDIOMAS\"}]},{\"@type\":\"WebSite\",\"@id\":\"https:\\\/\\\/delasciencias.com\\\/inicio\\\/#website\",\"url\":\"https:\\\/\\\/delasciencias.com\\\/inicio\\\/\",\"name\":\"Tu Academia en Tomares | DE LAS CIENCIAS\",\"description\":\"Clases de apoyo o particulares en Tomares\",\"publisher\":{\"@id\":\"https:\\\/\\\/delasciencias.com\\\/inicio\\\/#organization\"},\"alternateName\":\"Academia De Las Ciencias\",\"inLanguage\":\"es\"},{\"@type\":\"Organization\",\"@id\":\"https:\\\/\\\/delasciencias.com\\\/inicio\\\/#organization\",\"name\":\"ACADEMIA DE LAS CIENCIAS | TOMARES | MARCHENA\",\"alternateName\":\"CLASES DE APOYO ESCOLAR y PARTICULARES | TOMARES | MARCHENA\",\"url\":\"https:\\\/\\\/delasciencias.com\\\/inicio\\\/\",\"logo\":{\"@type\":\"ImageObject\",\"inLanguage\":\"es\",\"@id\":\"https:\\\/\\\/delasciencias.com\\\/inicio\\\/#\\\/schema\\\/logo\\\/image\\\/\",\"url\":\"https:\\\/\\\/delasciencias.com\\\/inicio\\\/wp-content\\\/uploads\\\/2020\\\/11\\\/Captura-de-pantalla-2019-10-12-a-las-0.03.45.png\",\"contentUrl\":\"https:\\\/\\\/delasciencias.com\\\/inicio\\\/wp-content\\\/uploads\\\/2020\\\/11\\\/Captura-de-pantalla-2019-10-12-a-las-0.03.45.png\",\"width\":257,\"height\":254,\"caption\":\"ACADEMIA DE LAS CIENCIAS | TOMARES | MARCHENA\"},\"image\":{\"@id\":\"https:\\\/\\\/delasciencias.com\\\/inicio\\\/#\\\/schema\\\/logo\\\/image\\\/\"},\"sameAs\":[\"https:\\\/\\\/www.facebook.com\\\/DeLasCiencias\\\/\",\"https:\\\/\\\/x.com\\\/LasCiencias\",\"https:\\\/\\\/www.instagram.com\\\/delas_ciencias\\\/\",\"https:\\\/\\\/www.youtube.com\\\/channel\\\/UC2Kc8NJRRsyI6awzYByAgdg\"]}]}<\/script>\n<!-- \/ Yoast SEO plugin. -->","yoast_head_json":{"title":"CURSOS DE IDIOMAS - Tu Academia en Tomares | DE LAS CIENCIAS Academia en Tomares y Marchena | De Las Ciencias","description":"Clases de apoyo escolar o particulares en Tomares y Marchena","robots":{"index":"index","follow":"follow","max-snippet":"max-snippet:-1","max-image-preview":"max-image-preview:large","max-video-preview":"max-video-preview:-1"},"canonical":"https:\/\/delasciencias.com\/inicio\/cursos-de-idiomas\/","og_locale":"es_ES","og_type":"article","og_title":"CURSOS DE IDIOMAS - Tu Academia en Tomares | DE LAS CIENCIAS Academia en Tomares y Marchena | De Las Ciencias","og_description":"Clases de apoyo escolar o particulares en Tomares y Marchena","og_url":"https:\/\/delasciencias.com\/inicio\/cursos-de-idiomas\/","og_site_name":"Tu Academia en Tomares | DE LAS CIENCIAS","article_publisher":"https:\/\/www.facebook.com\/DeLasCiencias\/","article_modified_time":"2023-12-14T17:39:31+00:00","og_image":[{"url":"https:\/\/delasciencias.com\/inicio\/wp-content\/uploads\/2021\/12\/images.jpg","type":"","width":"","height":""}],"twitter_card":"summary_large_image","twitter_site":"@LasCiencias","twitter_misc":{"Tiempo de lectura":"3 minutos"},"schema":{"@context":"https:\/\/schema.org","@graph":[{"@type":"WebPage","@id":"https:\/\/delasciencias.com\/inicio\/cursos-de-idiomas\/","url":"https:\/\/delasciencias.com\/inicio\/cursos-de-idiomas\/","name":"CURSOS DE IDIOMAS - Tu Academia en Tomares | DE LAS CIENCIAS Academia en Tomares y Marchena | De Las Ciencias","isPartOf":{"@id":"https:\/\/delasciencias.com\/inicio\/#website"},"primaryImageOfPage":{"@id":"https:\/\/delasciencias.com\/inicio\/cursos-de-idiomas\/#primaryimage"},"image":{"@id":"https:\/\/delasciencias.com\/inicio\/cursos-de-idiomas\/#primaryimage"},"thumbnailUrl":"https:\/\/delasciencias.com\/inicio\/wp-content\/uploads\/2021\/12\/images.jpg","datePublished":"2021-12-22T18:18:26+00:00","dateModified":"2023-12-14T17:39:31+00:00","description":"Clases de apoyo escolar o particulares en Tomares y Marchena","breadcrumb":{"@id":"https:\/\/delasciencias.com\/inicio\/cursos-de-idiomas\/#breadcrumb"},"inLanguage":"es","potentialAction":[{"@type":"ReadAction","target":["https:\/\/delasciencias.com\/inicio\/cursos-de-idiomas\/"]}]},{"@type":"ImageObject","inLanguage":"es","@id":"https:\/\/delasciencias.com\/inicio\/cursos-de-idiomas\/#primaryimage","url":"https:\/\/delasciencias.com\/inicio\/wp-content\/uploads\/2021\/12\/images.jpg","contentUrl":"https:\/\/delasciencias.com\/inicio\/wp-content\/uploads\/2021\/12\/images.jpg","width":275,"height":183},{"@type":"BreadcrumbList","@id":"https:\/\/delasciencias.com\/inicio\/cursos-de-idiomas\/#breadcrumb","itemListElement":[{"@type":"ListItem","position":1,"name":"Portada","item":"https:\/\/delasciencias.com\/inicio\/"},{"@type":"ListItem","position":2,"name":"CURSOS DE IDIOMAS"}]},{"@type":"WebSite","@id":"https:\/\/delasciencias.com\/inicio\/#website","url":"https:\/\/delasciencias.com\/inicio\/","name":"Tu Academia en Tomares | DE LAS CIENCIAS","description":"Clases de apoyo o particulares en Tomares","publisher":{"@id":"https:\/\/delasciencias.com\/inicio\/#organization"},"alternateName":"Academia De Las Ciencias","inLanguage":"es"},{"@type":"Organization","@id":"https:\/\/delasciencias.com\/inicio\/#organization","name":"ACADEMIA DE LAS CIENCIAS | TOMARES | MARCHENA","alternateName":"CLASES DE APOYO ESCOLAR y PARTICULARES | TOMARES | MARCHENA","url":"https:\/\/delasciencias.com\/inicio\/","logo":{"@type":"ImageObject","inLanguage":"es","@id":"https:\/\/delasciencias.com\/inicio\/#\/schema\/logo\/image\/","url":"https:\/\/delasciencias.com\/inicio\/wp-content\/uploads\/2020\/11\/Captura-de-pantalla-2019-10-12-a-las-0.03.45.png","contentUrl":"https:\/\/delasciencias.com\/inicio\/wp-content\/uploads\/2020\/11\/Captura-de-pantalla-2019-10-12-a-las-0.03.45.png","width":257,"height":254,"caption":"ACADEMIA DE LAS CIENCIAS | TOMARES | MARCHENA"},"image":{"@id":"https:\/\/delasciencias.com\/inicio\/#\/schema\/logo\/image\/"},"sameAs":["https:\/\/www.facebook.com\/DeLasCiencias\/","https:\/\/x.com\/LasCiencias","https:\/\/www.instagram.com\/delas_ciencias\/","https:\/\/www.youtube.com\/channel\/UC2Kc8NJRRsyI6awzYByAgdg"]}]}},"_links":{"self":[{"href":"https:\/\/delasciencias.com\/inicio\/wp-json\/wp\/v2\/pages\/2865","targetHints":{"allow":["GET"]}}],"collection":[{"href":"https:\/\/delasciencias.com\/inicio\/wp-json\/wp\/v2\/pages"}],"about":[{"href":"https:\/\/delasciencias.com\/inicio\/wp-json\/wp\/v2\/types\/page"}],"author":[{"embeddable":true,"href":"https:\/\/delasciencias.com\/inicio\/wp-json\/wp\/v2\/users\/1"}],"replies":[{"embeddable":true,"href":"https:\/\/delasciencias.com\/inicio\/wp-json\/wp\/v2\/comments?post=2865"}],"version-history":[{"count":23,"href":"https:\/\/delasciencias.com\/inicio\/wp-json\/wp\/v2\/pages\/2865\/revisions"}],"predecessor-version":[{"id":3332,"href":"https:\/\/delasciencias.com\/inicio\/wp-json\/wp\/v2\/pages\/2865\/revisions\/3332"}],"wp:attachment":[{"href":"https:\/\/delasciencias.com\/inicio\/wp-json\/wp\/v2\/media?parent=2865"}],"curies":[{"name":"wp","href":"https:\/\/api.w.org\/{rel}","templated":true}]}}