{"id":2822,"date":"2021-12-09T18:49:34","date_gmt":"2021-12-09T17:49:34","guid":{"rendered":"http:\/\/delasciencias.com\/inicio\/?page_id=2822"},"modified":"2024-06-03T15:43:10","modified_gmt":"2024-06-03T14:43:10","slug":"sala-de-estudio","status":"publish","type":"page","link":"https:\/\/delasciencias.com\/inicio\/clases-de-apoyo-y-refuerzo-escolar\/sala-de-estudio\/","title":{"rendered":"SALA DE ESTUDIO"},"content":{"rendered":"\n<h1 class=\"wp-block-heading has-text-align-center\">SALA DE ESTUDIO TUTELADA<\/h1>\n\n\n\n<p>Como defendemos que la rutina diaria de organizaci\u00f3n y planificaci\u00f3n del estudio es fundamental. Para ello ponemos a dispocici\u00f3n de nuestro alumnos nuestra sala de estudio. Podremos ayudarles con nuestras t\u00e9ncias de Estudio y podr\u00e1n hacer sus deberes, esquemas, res\u00famenes. Adem\u00e1s preparar sus ex\u00e1menes y estudiar en un entorno seguro y controlado. &nbsp;<\/p>\n\n\n<div class=\"wp-block-image is-resized\">\n<figure class=\"aligncenter size-large\"><img loading=\"lazy\" decoding=\"async\" width=\"1024\" height=\"576\" src=\"https:\/\/delasciencias.com\/inicio\/wp-content\/uploads\/2021\/12\/sala-estudio-custodia.jpg\" alt=\"\" class=\"wp-image-2827\" style=\"width:672px;height:auto\" srcset=\"https:\/\/delasciencias.com\/inicio\/wp-content\/uploads\/2021\/12\/sala-estudio-custodia.jpg 1024w, https:\/\/delasciencias.com\/inicio\/wp-content\/uploads\/2021\/12\/sala-estudio-custodia-300x169.jpg 300w, https:\/\/delasciencias.com\/inicio\/wp-content\/uploads\/2021\/12\/sala-estudio-custodia-768x432.jpg 768w\" sizes=\"auto, (max-width: 1024px) 100vw, 1024px\" \/><\/figure>\n<\/div>\n\n\n<h2 class=\"wp-block-heading has-text-align-center\">FUNCIONAMIENTO DEL AULA DE ESTUDIO<\/h2>\n\n\n\n<p><strong>Desde desde una hora a dos horas diarias de lunes a jueves dedicadas al Estudio Diario<\/strong><\/p>\n\n\n\n<p>En la Sala de Estudio nuestros alumnos pueden hacer sus con los deberes, trabajos, estudiar y preguntarnos sus dudas de forma puntual. Podr\u00e1n llevar su estudio a diario de todas las asignaturas de una manera organizada y planificada, siguiendo las indicaciones del profesor\/a del colegio\/instituto, el uso de la agenda y su material (libros, cuadernos, apuntes&#8230;). Adem\u00e1s nuestra sala de estudio esta informatizada de forma que el alumno tambi\u00e9n pueda hacer uso del ordenador para realizar trabajos. <\/p>\n\n\n\n<p>Lunes a Jueves, a nuestros alumnos se les ayuda a estudiar, organizarse, planificarse y que realicen los deberes del colegio con el fin de adquirir un<strong> H\u00c1BITO DE ESTUDIO<\/strong>, a trav\u00e9s de t\u00e9cnicas de estudio, la continuidad del trabajo diario y nuestro m\u00e9todo de ense\u00f1anza. Para ello nuestros profesores\/as les ir\u00e1n orientado, supervisando y ayudando de forma puntal. <\/p>\n\n\n\n<p>Sala de estudio tutelado est\u00e1 destinado especialmente a estudiantes de segundo ciclo de primaria, secundaria, bachillerato as\u00ed como a j\u00f3venes que se est\u00e1n preparando para las pruebas de acceso a Grado Medio, Grado Superior, titulo de secundaria y titulo de bachiller. <\/p>\n\n\n\n<h2 class=\"wp-block-heading has-text-align-center\">OBJETIVOS DEL AULA DEL ESTUDIO<\/h2>\n\n\n\n<p>Cual es el objetivos que buscamos con nuestros estudiantes en la  Sala de Estudio Tutelada son entre otros:<\/p>\n\n\n\n<ul class=\"wp-block-list\">\n<li>No se trata de darles clases o de que copien los resultados de una pizarra sino de que trabajen por si solo. Para que luego en clase de apoyo puedan preguntarnos sus dudas y nosotros corregir esas carencias. <\/li>\n\n\n\n<li>Afianzar el h\u00e1bito de estudio y trabajo que favorezca el aprendizaje aut\u00f3nomo del alumno y el desarrollo de sus capacidades.<\/li>\n\n\n\n<li>Educar en el trabajo personal y aut\u00f3nomo, la organizaci\u00f3n, la planificaci\u00f3n y el desarrollo del estudio diario.<\/li>\n\n\n\n<li>Puntualidad y aprovechamiento del trabajo en el aula y la actuaci\u00f3n responsable para evitar p\u00e9rdidas de tiempo.<\/li>\n<\/ul>\n\n\n\n<p>Todo lo anterior lo complementamos con los Informes Diarios que les enviamos a los padres\/tutores. Con la informaci\u00f3n acerca del trabajo que han realizado ese d\u00eda tanto en la sala de estudio ellos solo como en la aula de apoyo con nosotros. As\u00ed como lo que les queda pendiente por hacer, ya sean deberes o estudio de alg\u00fan tema, resumen o teor\u00eda.&nbsp;<\/p>\n\n\n\n<p>Estos Informes Diarios se env\u00edan cada tarde o al finalizar la semana, bien por email o classroom. Los jueves enviamos la planificaci\u00f3n de estudio que deben hacer para durante el fin de semana. Con esto pretendemos que los padres\/tutores est\u00e9n en todo momento informados sobre el trabajo que diariamente realizan sus hijos en la academia, su comportamiento y evoluci\u00f3n. Recomendamos estar al tanto de las fechas de ex\u00e1menes para prepararlos con tiempo. <\/p>\n\n\n<div class=\"wp-block-image is-resized\">\n<figure class=\"aligncenter size-large\"><img loading=\"lazy\" decoding=\"async\" width=\"766\" height=\"575\" src=\"https:\/\/delasciencias.com\/inicio\/wp-content\/uploads\/2021\/12\/ninos-estudiando-en-casa-766x575-1.jpg\" alt=\"\" class=\"wp-image-2829\" style=\"width:732px;height:auto\" srcset=\"https:\/\/delasciencias.com\/inicio\/wp-content\/uploads\/2021\/12\/ninos-estudiando-en-casa-766x575-1.jpg 766w, https:\/\/delasciencias.com\/inicio\/wp-content\/uploads\/2021\/12\/ninos-estudiando-en-casa-766x575-1-300x225.jpg 300w\" sizes=\"auto, (max-width: 766px) 100vw, 766px\" \/><\/figure>\n<\/div>\n\n\n<h2 class=\"wp-block-heading has-text-align-center\">ORGANIZACI\u00d3N Y HAB\u00cdTO DE ESTUDIO<\/h2>\n\n\n\n<p>Damos muchas importancia a la <strong>ORGANIZACI\u00d3N:<\/strong>&nbsp;En la Sala de Estudio para ello nuestras profesoros\/as intentan inculcar a los estudiantes la importancia de la organizaci\u00f3n, planificaci\u00f3n, disciplina, constancia a la hora de Estudiar y aprovechar el tiempo con el objetivo obtener los mejores resultados.<\/p>\n\n\n\n<p>El horario del Aula de Estudio Tutelado es de lunes a jueves de 17-21hrs, dentro de esa franja horaria los alumnos pueden estar desde una hora o dos horas diarias, el horario depender\u00e1 de la disponibilidad del aula. Hay que adquirir cualquier bono para el alumno de estudio de los que ponemos a vuestra disposici\u00f3n y pagar la matricula (20\u20ac) se paga una vez cada curso. Los bonos de estudios tendran la duraci\u00f3n de un mes desde su compra. <\/p>\n\n\n\n<p>Para mas informaci\u00f3n puedes concretar una una cita con nosotros para conocer en persona as\u00ed como nuestras instalaciones y nuestro profesores para  que podamos asesorarte que es que mas necesita tu hijo\/a.<\/p>\n\n\n\n<hr class=\"wp-block-separator has-alpha-channel-opacity\"\/>\n\n\n\n<p>Nuestro equipo de direcci\u00f3n estar\u00e1 encantado en recibirte y asesorarte.&nbsp;<\/p>\n\n\n\n<p class=\"has-text-align-center\">PARA MAS INFORMACI\u00d3N: <\/p>\n\n\n\n<h2 class=\"wp-block-heading has-text-align-center\"><strong>\u260f<\/strong> 744 482 881<\/h2>\n\n\n<div class=\"wp-block-image is-resized is-style-rounded\">\n<figure class=\"aligncenter size-large\"><a href=\"https:\/\/delasciencias.com\/inicio\/contacto\/\"><img loading=\"lazy\" decoding=\"async\" width=\"820\" height=\"241\" src=\"https:\/\/delasciencias.com\/inicio\/wp-content\/uploads\/2021\/12\/200-2004670_related-wallpapers-boton-contacto-png.jpg\" alt=\"\" class=\"wp-image-2823\" style=\"width:238px;height:auto\" srcset=\"https:\/\/delasciencias.com\/inicio\/wp-content\/uploads\/2021\/12\/200-2004670_related-wallpapers-boton-contacto-png.jpg 820w, https:\/\/delasciencias.com\/inicio\/wp-content\/uploads\/2021\/12\/200-2004670_related-wallpapers-boton-contacto-png-300x88.jpg 300w, https:\/\/delasciencias.com\/inicio\/wp-content\/uploads\/2021\/12\/200-2004670_related-wallpapers-boton-contacto-png-768x226.jpg 768w\" sizes=\"auto, (max-width: 820px) 100vw, 820px\" \/><\/a><\/figure>\n<\/div>\n\n<div class=\"wp-block-image\">\n<figure class=\"aligncenter size-full is-resized\"><a href=\"https:\/\/delasciencias.com\/inicio\/reserva-aula-de-estudio\/\"><img loading=\"lazy\" decoding=\"async\" width=\"512\" height=\"179\" src=\"http:\/\/delasciencias.com\/inicio\/wp-content\/uploads\/2020\/04\/unnamed.png\" alt=\"\" class=\"wp-image-1803\" style=\"width:223px;height:auto\" srcset=\"https:\/\/delasciencias.com\/inicio\/wp-content\/uploads\/2020\/04\/unnamed.png 512w, https:\/\/delasciencias.com\/inicio\/wp-content\/uploads\/2020\/04\/unnamed-300x105.png 300w\" sizes=\"auto, (max-width: 512px) 100vw, 512px\" \/><\/a><\/figure>\n<\/div>","protected":false},"excerpt":{"rendered":"<p>SALA DE ESTUDIO TUTELADA Como defendemos que la rutina diaria de organizaci\u00f3n y planificaci\u00f3n del estudio es fundamental. Para ello ponemos a dispocici\u00f3n de nuestro alumnos nuestra sala de estudio. Podremos ayudarles<a class=\"moretag\" href=\"https:\/\/delasciencias.com\/inicio\/clases-de-apoyo-y-refuerzo-escolar\/sala-de-estudio\/\">Leer m\u00e1s&#8230;<\/a><\/p>\n","protected":false},"author":1,"featured_media":0,"parent":2726,"menu_order":5,"comment_status":"closed","ping_status":"closed","template":"","meta":{"footnotes":""},"class_list":["post-2822","page","type-page","status-publish","hentry"],"yoast_head":"<!-- This site is optimized with the Yoast SEO plugin v27.3 - https:\/\/yoast.com\/product\/yoast-seo-wordpress\/ -->\n<title>SALA DE ESTUDIO - Tu Academia en Tomares | DE LAS CIENCIAS Academia en Tomares y Marchena | De Las Ciencias<\/title>\n<meta name=\"description\" content=\"Clases de apoyo escolar o particulares en Tomares y Marchena\" \/>\n<meta name=\"robots\" content=\"index, follow, max-snippet:-1, max-image-preview:large, max-video-preview:-1\" \/>\n<link rel=\"canonical\" href=\"https:\/\/delasciencias.com\/inicio\/clases-de-apoyo-y-refuerzo-escolar\/sala-de-estudio\/\" \/>\n<meta property=\"og:locale\" content=\"es_ES\" \/>\n<meta property=\"og:type\" content=\"article\" \/>\n<meta property=\"og:title\" content=\"SALA DE ESTUDIO - Tu Academia en Tomares | DE LAS CIENCIAS Academia en Tomares y Marchena | De Las Ciencias\" \/>\n<meta property=\"og:description\" content=\"Clases de apoyo escolar o particulares en Tomares y Marchena\" \/>\n<meta property=\"og:url\" content=\"https:\/\/delasciencias.com\/inicio\/clases-de-apoyo-y-refuerzo-escolar\/sala-de-estudio\/\" \/>\n<meta property=\"og:site_name\" content=\"Tu Academia en Tomares | DE LAS CIENCIAS\" \/>\n<meta property=\"article:publisher\" content=\"https:\/\/www.facebook.com\/DeLasCiencias\/\" \/>\n<meta property=\"article:modified_time\" content=\"2024-06-03T14:43:10+00:00\" \/>\n<meta property=\"og:image\" content=\"https:\/\/delasciencias.com\/inicio\/wp-content\/uploads\/2021\/12\/sala-estudio-custodia.jpg\" \/>\n<meta name=\"twitter:card\" content=\"summary_large_image\" \/>\n<meta name=\"twitter:site\" content=\"@LasCiencias\" \/>\n<meta name=\"twitter:label1\" content=\"Tiempo de lectura\" \/>\n\t<meta name=\"twitter:data1\" content=\"4 minutos\" \/>\n<script type=\"application\/ld+json\" class=\"yoast-schema-graph\">{\"@context\":\"https:\\\/\\\/schema.org\",\"@graph\":[{\"@type\":\"WebPage\",\"@id\":\"https:\\\/\\\/delasciencias.com\\\/inicio\\\/clases-de-apoyo-y-refuerzo-escolar\\\/sala-de-estudio\\\/\",\"url\":\"https:\\\/\\\/delasciencias.com\\\/inicio\\\/clases-de-apoyo-y-refuerzo-escolar\\\/sala-de-estudio\\\/\",\"name\":\"SALA DE ESTUDIO - Tu Academia en Tomares | DE LAS CIENCIAS Academia en Tomares y Marchena | De Las Ciencias\",\"isPartOf\":{\"@id\":\"https:\\\/\\\/delasciencias.com\\\/inicio\\\/#website\"},\"primaryImageOfPage\":{\"@id\":\"https:\\\/\\\/delasciencias.com\\\/inicio\\\/clases-de-apoyo-y-refuerzo-escolar\\\/sala-de-estudio\\\/#primaryimage\"},\"image\":{\"@id\":\"https:\\\/\\\/delasciencias.com\\\/inicio\\\/clases-de-apoyo-y-refuerzo-escolar\\\/sala-de-estudio\\\/#primaryimage\"},\"thumbnailUrl\":\"https:\\\/\\\/delasciencias.com\\\/inicio\\\/wp-content\\\/uploads\\\/2021\\\/12\\\/sala-estudio-custodia.jpg\",\"datePublished\":\"2021-12-09T17:49:34+00:00\",\"dateModified\":\"2024-06-03T14:43:10+00:00\",\"description\":\"Clases de apoyo escolar o particulares en Tomares y Marchena\",\"breadcrumb\":{\"@id\":\"https:\\\/\\\/delasciencias.com\\\/inicio\\\/clases-de-apoyo-y-refuerzo-escolar\\\/sala-de-estudio\\\/#breadcrumb\"},\"inLanguage\":\"es\",\"potentialAction\":[{\"@type\":\"ReadAction\",\"target\":[\"https:\\\/\\\/delasciencias.com\\\/inicio\\\/clases-de-apoyo-y-refuerzo-escolar\\\/sala-de-estudio\\\/\"]}]},{\"@type\":\"ImageObject\",\"inLanguage\":\"es\",\"@id\":\"https:\\\/\\\/delasciencias.com\\\/inicio\\\/clases-de-apoyo-y-refuerzo-escolar\\\/sala-de-estudio\\\/#primaryimage\",\"url\":\"https:\\\/\\\/delasciencias.com\\\/inicio\\\/wp-content\\\/uploads\\\/2021\\\/12\\\/sala-estudio-custodia.jpg\",\"contentUrl\":\"https:\\\/\\\/delasciencias.com\\\/inicio\\\/wp-content\\\/uploads\\\/2021\\\/12\\\/sala-estudio-custodia.jpg\",\"width\":1024,\"height\":576},{\"@type\":\"BreadcrumbList\",\"@id\":\"https:\\\/\\\/delasciencias.com\\\/inicio\\\/clases-de-apoyo-y-refuerzo-escolar\\\/sala-de-estudio\\\/#breadcrumb\",\"itemListElement\":[{\"@type\":\"ListItem\",\"position\":1,\"name\":\"Portada\",\"item\":\"https:\\\/\\\/delasciencias.com\\\/inicio\\\/\"},{\"@type\":\"ListItem\",\"position\":2,\"name\":\"APOYO ESCOLAR\",\"item\":\"https:\\\/\\\/delasciencias.com\\\/inicio\\\/clases-de-apoyo-y-refuerzo-escolar\\\/\"},{\"@type\":\"ListItem\",\"position\":3,\"name\":\"SALA DE ESTUDIO\"}]},{\"@type\":\"WebSite\",\"@id\":\"https:\\\/\\\/delasciencias.com\\\/inicio\\\/#website\",\"url\":\"https:\\\/\\\/delasciencias.com\\\/inicio\\\/\",\"name\":\"Tu Academia en Tomares | DE LAS CIENCIAS\",\"description\":\"Clases de apoyo o particulares en Tomares\",\"publisher\":{\"@id\":\"https:\\\/\\\/delasciencias.com\\\/inicio\\\/#organization\"},\"alternateName\":\"Academia De Las Ciencias\",\"inLanguage\":\"es\"},{\"@type\":\"Organization\",\"@id\":\"https:\\\/\\\/delasciencias.com\\\/inicio\\\/#organization\",\"name\":\"ACADEMIA DE LAS CIENCIAS | TOMARES | MARCHENA\",\"alternateName\":\"CLASES DE APOYO ESCOLAR y PARTICULARES | TOMARES | MARCHENA\",\"url\":\"https:\\\/\\\/delasciencias.com\\\/inicio\\\/\",\"logo\":{\"@type\":\"ImageObject\",\"inLanguage\":\"es\",\"@id\":\"https:\\\/\\\/delasciencias.com\\\/inicio\\\/#\\\/schema\\\/logo\\\/image\\\/\",\"url\":\"https:\\\/\\\/delasciencias.com\\\/inicio\\\/wp-content\\\/uploads\\\/2020\\\/11\\\/Captura-de-pantalla-2019-10-12-a-las-0.03.45.png\",\"contentUrl\":\"https:\\\/\\\/delasciencias.com\\\/inicio\\\/wp-content\\\/uploads\\\/2020\\\/11\\\/Captura-de-pantalla-2019-10-12-a-las-0.03.45.png\",\"width\":257,\"height\":254,\"caption\":\"ACADEMIA DE LAS CIENCIAS | TOMARES | MARCHENA\"},\"image\":{\"@id\":\"https:\\\/\\\/delasciencias.com\\\/inicio\\\/#\\\/schema\\\/logo\\\/image\\\/\"},\"sameAs\":[\"https:\\\/\\\/www.facebook.com\\\/DeLasCiencias\\\/\",\"https:\\\/\\\/x.com\\\/LasCiencias\",\"https:\\\/\\\/www.instagram.com\\\/delas_ciencias\\\/\",\"https:\\\/\\\/www.youtube.com\\\/channel\\\/UC2Kc8NJRRsyI6awzYByAgdg\"]}]}<\/script>\n<!-- \/ Yoast SEO plugin. -->","yoast_head_json":{"title":"SALA DE ESTUDIO - Tu Academia en Tomares | DE LAS CIENCIAS Academia en Tomares y Marchena | De Las Ciencias","description":"Clases de apoyo escolar o particulares en Tomares y Marchena","robots":{"index":"index","follow":"follow","max-snippet":"max-snippet:-1","max-image-preview":"max-image-preview:large","max-video-preview":"max-video-preview:-1"},"canonical":"https:\/\/delasciencias.com\/inicio\/clases-de-apoyo-y-refuerzo-escolar\/sala-de-estudio\/","og_locale":"es_ES","og_type":"article","og_title":"SALA DE ESTUDIO - Tu Academia en Tomares | DE LAS CIENCIAS Academia en Tomares y Marchena | De Las Ciencias","og_description":"Clases de apoyo escolar o particulares en Tomares y Marchena","og_url":"https:\/\/delasciencias.com\/inicio\/clases-de-apoyo-y-refuerzo-escolar\/sala-de-estudio\/","og_site_name":"Tu Academia en Tomares | DE LAS CIENCIAS","article_publisher":"https:\/\/www.facebook.com\/DeLasCiencias\/","article_modified_time":"2024-06-03T14:43:10+00:00","og_image":[{"url":"https:\/\/delasciencias.com\/inicio\/wp-content\/uploads\/2021\/12\/sala-estudio-custodia.jpg","type":"","width":"","height":""}],"twitter_card":"summary_large_image","twitter_site":"@LasCiencias","twitter_misc":{"Tiempo de lectura":"4 minutos"},"schema":{"@context":"https:\/\/schema.org","@graph":[{"@type":"WebPage","@id":"https:\/\/delasciencias.com\/inicio\/clases-de-apoyo-y-refuerzo-escolar\/sala-de-estudio\/","url":"https:\/\/delasciencias.com\/inicio\/clases-de-apoyo-y-refuerzo-escolar\/sala-de-estudio\/","name":"SALA DE ESTUDIO - Tu Academia en Tomares | DE LAS CIENCIAS Academia en Tomares y Marchena | De Las Ciencias","isPartOf":{"@id":"https:\/\/delasciencias.com\/inicio\/#website"},"primaryImageOfPage":{"@id":"https:\/\/delasciencias.com\/inicio\/clases-de-apoyo-y-refuerzo-escolar\/sala-de-estudio\/#primaryimage"},"image":{"@id":"https:\/\/delasciencias.com\/inicio\/clases-de-apoyo-y-refuerzo-escolar\/sala-de-estudio\/#primaryimage"},"thumbnailUrl":"https:\/\/delasciencias.com\/inicio\/wp-content\/uploads\/2021\/12\/sala-estudio-custodia.jpg","datePublished":"2021-12-09T17:49:34+00:00","dateModified":"2024-06-03T14:43:10+00:00","description":"Clases de apoyo escolar o particulares en Tomares y Marchena","breadcrumb":{"@id":"https:\/\/delasciencias.com\/inicio\/clases-de-apoyo-y-refuerzo-escolar\/sala-de-estudio\/#breadcrumb"},"inLanguage":"es","potentialAction":[{"@type":"ReadAction","target":["https:\/\/delasciencias.com\/inicio\/clases-de-apoyo-y-refuerzo-escolar\/sala-de-estudio\/"]}]},{"@type":"ImageObject","inLanguage":"es","@id":"https:\/\/delasciencias.com\/inicio\/clases-de-apoyo-y-refuerzo-escolar\/sala-de-estudio\/#primaryimage","url":"https:\/\/delasciencias.com\/inicio\/wp-content\/uploads\/2021\/12\/sala-estudio-custodia.jpg","contentUrl":"https:\/\/delasciencias.com\/inicio\/wp-content\/uploads\/2021\/12\/sala-estudio-custodia.jpg","width":1024,"height":576},{"@type":"BreadcrumbList","@id":"https:\/\/delasciencias.com\/inicio\/clases-de-apoyo-y-refuerzo-escolar\/sala-de-estudio\/#breadcrumb","itemListElement":[{"@type":"ListItem","position":1,"name":"Portada","item":"https:\/\/delasciencias.com\/inicio\/"},{"@type":"ListItem","position":2,"name":"APOYO ESCOLAR","item":"https:\/\/delasciencias.com\/inicio\/clases-de-apoyo-y-refuerzo-escolar\/"},{"@type":"ListItem","position":3,"name":"SALA DE ESTUDIO"}]},{"@type":"WebSite","@id":"https:\/\/delasciencias.com\/inicio\/#website","url":"https:\/\/delasciencias.com\/inicio\/","name":"Tu Academia en Tomares | DE LAS CIENCIAS","description":"Clases de apoyo o particulares en Tomares","publisher":{"@id":"https:\/\/delasciencias.com\/inicio\/#organization"},"alternateName":"Academia De Las Ciencias","inLanguage":"es"},{"@type":"Organization","@id":"https:\/\/delasciencias.com\/inicio\/#organization","name":"ACADEMIA DE LAS CIENCIAS | TOMARES | MARCHENA","alternateName":"CLASES DE APOYO ESCOLAR y PARTICULARES | TOMARES | MARCHENA","url":"https:\/\/delasciencias.com\/inicio\/","logo":{"@type":"ImageObject","inLanguage":"es","@id":"https:\/\/delasciencias.com\/inicio\/#\/schema\/logo\/image\/","url":"https:\/\/delasciencias.com\/inicio\/wp-content\/uploads\/2020\/11\/Captura-de-pantalla-2019-10-12-a-las-0.03.45.png","contentUrl":"https:\/\/delasciencias.com\/inicio\/wp-content\/uploads\/2020\/11\/Captura-de-pantalla-2019-10-12-a-las-0.03.45.png","width":257,"height":254,"caption":"ACADEMIA DE LAS CIENCIAS | TOMARES | MARCHENA"},"image":{"@id":"https:\/\/delasciencias.com\/inicio\/#\/schema\/logo\/image\/"},"sameAs":["https:\/\/www.facebook.com\/DeLasCiencias\/","https:\/\/x.com\/LasCiencias","https:\/\/www.instagram.com\/delas_ciencias\/","https:\/\/www.youtube.com\/channel\/UC2Kc8NJRRsyI6awzYByAgdg"]}]}},"_links":{"self":[{"href":"https:\/\/delasciencias.com\/inicio\/wp-json\/wp\/v2\/pages\/2822","targetHints":{"allow":["GET"]}}],"collection":[{"href":"https:\/\/delasciencias.com\/inicio\/wp-json\/wp\/v2\/pages"}],"about":[{"href":"https:\/\/delasciencias.com\/inicio\/wp-json\/wp\/v2\/types\/page"}],"author":[{"embeddable":true,"href":"https:\/\/delasciencias.com\/inicio\/wp-json\/wp\/v2\/users\/1"}],"replies":[{"embeddable":true,"href":"https:\/\/delasciencias.com\/inicio\/wp-json\/wp\/v2\/comments?post=2822"}],"version-history":[{"count":14,"href":"https:\/\/delasciencias.com\/inicio\/wp-json\/wp\/v2\/pages\/2822\/revisions"}],"predecessor-version":[{"id":3599,"href":"https:\/\/delasciencias.com\/inicio\/wp-json\/wp\/v2\/pages\/2822\/revisions\/3599"}],"up":[{"embeddable":true,"href":"https:\/\/delasciencias.com\/inicio\/wp-json\/wp\/v2\/pages\/2726"}],"wp:attachment":[{"href":"https:\/\/delasciencias.com\/inicio\/wp-json\/wp\/v2\/media?parent=2822"}],"curies":[{"name":"wp","href":"https:\/\/api.w.org\/{rel}","templated":true}]}}