{"id":2803,"date":"2021-11-26T15:25:01","date_gmt":"2021-11-26T14:25:01","guid":{"rendered":"http:\/\/delasciencias.com\/inicio\/?page_id=2803"},"modified":"2021-11-26T15:28:56","modified_gmt":"2021-11-26T14:28:56","slug":"prueba-titulo-en-bachiller-libre","status":"publish","type":"page","link":"https:\/\/delasciencias.com\/inicio\/pruebas-de-acceso\/prueba-titulo-en-bachiller-libre\/","title":{"rendered":"PRUEBA T\u00cdTULO EN BACHILLER LIBRE"},"content":{"rendered":"\n<h2 class=\"has-text-align-center wp-block-heading\" id=\"block-a6230ec8-36da-4165-b7f8-521fc9125b75\">Prueba t\u00edtulo en BACHILLER libre<\/h2>\n\n\n\n<p id=\"block-b8ce273c-333a-4e16-92fd-867bbd7faa58\">En nuestras <strong>Academias <\/strong>podr\u00e1s prepararte los ex\u00e1menes para la obtenci\u00f3n del t\u00edtulo de la Bachiller. Organizamos un curso durante los meses de octubre hasta el d\u00eda del examen, para que prepar\u00e9is las pruebas de acceso poco a poco. Este curso se imparte tanto presencial como online. Los d\u00edas festivos o vacacionales se pactara un horario alternativo con la academia.<\/p>\n\n\n\n<div id=\"block-3768357d-a706-4f90-a121-0222eabc55a2\" class=\"wp-block-image\"><figure class=\"aligncenter size-large is-resized\"><img loading=\"lazy\" decoding=\"async\" src=\"https:\/\/delasciencias.com\/inicio\/wp-content\/uploads\/2021\/11\/Estudiante-2.jpg\" alt=\"\" class=\"wp-image-2804\" width=\"476\" height=\"318\" srcset=\"https:\/\/delasciencias.com\/inicio\/wp-content\/uploads\/2021\/11\/Estudiante-2.jpg 780w, https:\/\/delasciencias.com\/inicio\/wp-content\/uploads\/2021\/11\/Estudiante-2-300x200.jpg 300w, https:\/\/delasciencias.com\/inicio\/wp-content\/uploads\/2021\/11\/Estudiante-2-768x512.jpg 768w\" sizes=\"auto, (max-width: 476px) 100vw, 476px\" \/><\/figure><\/div>\n\n\n\n<hr class=\"wp-block-separator\" id=\"block-0a0d6307-efc2-46e6-8316-a8a15615cdf4\"\/>\n\n\n\n<h3 class=\"has-text-align-center wp-block-heading\" id=\"block-c0c63a4a-717f-4331-83c7-3f9d0d69d634\">SOBRE NUESTRO CURSO<\/h3>\n\n\n\n<p id=\"block-36e83163-fa3b-4f39-ad8c-8f75876153c0\">Se imparten tres horas semanales por asignatura repartidas dos clases de noventa minutos en horario de ma\u00f1ana de lunes a jueves y fines de semana. Se impartir\u00e1n todas las asignaturas de esta Prueba, en algunas materias se requiera un m\u00ednimo de alumnos para empezar.<\/p>\n\n\n\n<p id=\"block-b23360dc-1ed7-4a1c-846d-0c6c3a838ccf\">Nuestro equipo docente realizara un seguimiento de la evoluci\u00f3n del alumno durante el curso. Tambi\u00e9n ponemos a tu disposici\u00f3n el&nbsp;<strong>aula de estudio<\/strong>&nbsp;donde puedes estudiar con nosotros y resolver tus dudas puntuales, es imprescindible reservar el aula de estudio con antelaci\u00f3n.<\/p>\n\n\n\n<h3 class=\"has-text-align-center wp-block-heading\">COMO ES LA PRUEBA<\/h3>\n\n\n\n<p>Estas pruebas para la obtenci\u00f3n del t\u00edtulo de Bachiller se convocan una vez al a\u00f1o. Para poder inscribirte a estas pruebas tienes que ser&nbsp;<strong>mayor de 20 a\u00f1os<\/strong>&nbsp;o&nbsp;<strong>cumplirlos en el a\u00f1o natural<\/strong>&nbsp;de la convocatoria.<\/p>\n\n\n\n<p>Puedes inscribirte en estas pruebas aunque est\u00e9s cursando otros estudios, incluido Bachillerato.<\/p>\n\n\n\n<p>Est\u00e1n dise\u00f1adas para que puedas obtener el t\u00edtulo de Bachiller sin estudios previos, o habiendo superado parte de las materias de Bachillerato. Estas pruebas no permiten mejorar calificaciones ya obtenidas, solo completar las de las materias que te falten para que puedas obtener tu t\u00edtulo.<\/p>\n\n\n\n<p>En el caso de que tengas superada previamente alguna materia de Bachillerato, deber\u00e1s aportar un certificado de notas que lo acredite. De esta manera se te pueden reconocer las materias aprobadas de Bachillerato con calificaci\u00f3n positiva cursadas con anterioridad y\/o las aprobadas en pruebas de obtenci\u00f3n del t\u00edtulo de convocatorias pasadas, de acuerdo con la normativa vigente y que se puede consultar a continuaci\u00f3n (<a href=\"https:\/\/www.juntadeandalucia.es\/educacion\/portals\/web\/educacion-permanente\/pruebas\/www.juntadeandalucia.es\/educacion\/portals\/web\/educacion-permanente\/pruebas-obtencion-titulo-bachiller\/normativa\/-\/normativas\/detalle\/orden-de-25-de-enero-de-2018-por-la-que-se-establece-la-ordenacion-y-el-curriculo-del-bachillerato-para-personas\">Orden de 25 de enero de 2018, por la que se establece la ordenaci\u00f3n y el curr\u00edculo del Bachillerato para personas adultas en la Comunidad Aut\u00f3noma de Andaluc\u00eda<\/a>).<\/p>\n\n\n\n<p>Te lo resumimos:<\/p>\n\n\n\n<ul class=\"wp-block-list\"><li>Las personas que quieran sacarse el t\u00edtulo de Bachiller por esta v\u00eda deber\u00e1n tener 20 a\u00f1os o cumplirlos en el a\u00f1o natural de la convocatoria.<\/li><li>Puedes inscribirte en estas pruebas aunque est\u00e9s cursando otros estudios, incluido Bachillerato.<\/li><li>Est\u00e1n dise\u00f1adas para que puedas obtener el t\u00edtulo de Bachiller sin estudios previos, o habiendo superado parte de las materias de Bachillerato. Estas pruebas no permiten mejorar calificaciones ya obtenidas, solo completar las de las materias que te falten para que puedas obtener tu t\u00edtulo.<\/li><li>En el caso de que tengas superada previamente alguna materia de Bachillerato, deber\u00e1s aportar un certificado de notas que lo acredite. De esta manera se te puedan reconocer las materias aprobadas de Bachillerato con calificaci\u00f3n positiva cursadas con anterioridad y\/o las aprobadas en pruebas de obtenci\u00f3n del t\u00edtulo de convocatorias pasadas, de acuerdo con la normativa vigente.<\/li><\/ul>\n\n\n\n<hr class=\"wp-block-separator\" id=\"block-13098b5e-63d5-4985-91aa-10285912e8e2\"\/>\n\n\n\n<div id=\"block-5a9fed7b-a706-4e7a-9149-f3f51196e874\" class=\"wp-block-image\"><figure class=\"aligncenter is-resized\"><a href=\"https:\/\/delasciencias.com\/inicio\/contacto\/reserva\/\"><img decoding=\"async\" src=\"https:\/\/delasciencias.com\/inicio\/wp-content\/uploads\/2020\/04\/unnamed.png\" alt=\"La imagen tiene un atributo ALT vac\u00edo; su nombre de archivo es unnamed.png\" width=\"-344\" height=\"-120\"\/><\/a><figcaption>\u00bfTienes alguna duda?&nbsp;<a rel=\"noreferrer noopener\" href=\"https:\/\/delasciencias.com\/inicio\/contacto\/\" target=\"_blank\"><strong>Contacta con nosotros<\/strong><\/a><\/figcaption><\/figure><\/div>\n","protected":false},"excerpt":{"rendered":"<p>Prueba t\u00edtulo en BACHILLER libre En nuestras Academias podr\u00e1s prepararte los ex\u00e1menes para la obtenci\u00f3n del t\u00edtulo de la Bachiller. Organizamos un curso durante los meses de octubre hasta el d\u00eda del<a class=\"moretag\" href=\"https:\/\/delasciencias.com\/inicio\/pruebas-de-acceso\/prueba-titulo-en-bachiller-libre\/\">Leer m\u00e1s&#8230;<\/a><\/p>\n","protected":false},"author":1,"featured_media":0,"parent":2741,"menu_order":5,"comment_status":"closed","ping_status":"closed","template":"","meta":{"footnotes":""},"class_list":["post-2803","page","type-page","status-publish","hentry"],"yoast_head":"<!-- This site is optimized with the Yoast SEO plugin v27.3 - https:\/\/yoast.com\/product\/yoast-seo-wordpress\/ -->\n<title>PRUEBA T\u00cdTULO EN BACHILLER LIBRE - Tu Academia en Tomares | DE LAS CIENCIAS Academia en Tomares y Marchena | De Las Ciencias<\/title>\n<meta name=\"description\" content=\"Clases de apoyo escolar o particulares en Tomares y Marchena\" \/>\n<meta name=\"robots\" content=\"index, follow, max-snippet:-1, max-image-preview:large, max-video-preview:-1\" \/>\n<link rel=\"canonical\" href=\"https:\/\/delasciencias.com\/inicio\/pruebas-de-acceso\/prueba-titulo-en-bachiller-libre\/\" \/>\n<meta property=\"og:locale\" content=\"es_ES\" \/>\n<meta property=\"og:type\" content=\"article\" \/>\n<meta property=\"og:title\" content=\"PRUEBA T\u00cdTULO EN BACHILLER LIBRE - Tu Academia en Tomares | DE LAS CIENCIAS Academia en Tomares y Marchena | De Las Ciencias\" \/>\n<meta property=\"og:description\" content=\"Clases de apoyo escolar o particulares en Tomares y Marchena\" \/>\n<meta property=\"og:url\" content=\"https:\/\/delasciencias.com\/inicio\/pruebas-de-acceso\/prueba-titulo-en-bachiller-libre\/\" \/>\n<meta property=\"og:site_name\" content=\"Tu Academia en Tomares | DE LAS CIENCIAS\" \/>\n<meta property=\"article:publisher\" content=\"https:\/\/www.facebook.com\/DeLasCiencias\/\" \/>\n<meta property=\"article:modified_time\" content=\"2021-11-26T14:28:56+00:00\" \/>\n<meta property=\"og:image\" content=\"https:\/\/delasciencias.com\/inicio\/wp-content\/uploads\/2021\/11\/Estudiante-2.jpg\" \/>\n<meta name=\"twitter:card\" content=\"summary_large_image\" \/>\n<meta name=\"twitter:site\" content=\"@LasCiencias\" \/>\n<meta name=\"twitter:label1\" content=\"Tiempo de lectura\" \/>\n\t<meta name=\"twitter:data1\" content=\"3 minutos\" \/>\n<script type=\"application\/ld+json\" class=\"yoast-schema-graph\">{\"@context\":\"https:\\\/\\\/schema.org\",\"@graph\":[{\"@type\":\"WebPage\",\"@id\":\"https:\\\/\\\/delasciencias.com\\\/inicio\\\/pruebas-de-acceso\\\/prueba-titulo-en-bachiller-libre\\\/\",\"url\":\"https:\\\/\\\/delasciencias.com\\\/inicio\\\/pruebas-de-acceso\\\/prueba-titulo-en-bachiller-libre\\\/\",\"name\":\"PRUEBA T\u00cdTULO EN BACHILLER LIBRE - Tu Academia en Tomares | DE LAS CIENCIAS Academia en Tomares y Marchena | De Las Ciencias\",\"isPartOf\":{\"@id\":\"https:\\\/\\\/delasciencias.com\\\/inicio\\\/#website\"},\"primaryImageOfPage\":{\"@id\":\"https:\\\/\\\/delasciencias.com\\\/inicio\\\/pruebas-de-acceso\\\/prueba-titulo-en-bachiller-libre\\\/#primaryimage\"},\"image\":{\"@id\":\"https:\\\/\\\/delasciencias.com\\\/inicio\\\/pruebas-de-acceso\\\/prueba-titulo-en-bachiller-libre\\\/#primaryimage\"},\"thumbnailUrl\":\"https:\\\/\\\/delasciencias.com\\\/inicio\\\/wp-content\\\/uploads\\\/2021\\\/11\\\/Estudiante-2.jpg\",\"datePublished\":\"2021-11-26T14:25:01+00:00\",\"dateModified\":\"2021-11-26T14:28:56+00:00\",\"description\":\"Clases de apoyo escolar o particulares en Tomares y Marchena\",\"breadcrumb\":{\"@id\":\"https:\\\/\\\/delasciencias.com\\\/inicio\\\/pruebas-de-acceso\\\/prueba-titulo-en-bachiller-libre\\\/#breadcrumb\"},\"inLanguage\":\"es\",\"potentialAction\":[{\"@type\":\"ReadAction\",\"target\":[\"https:\\\/\\\/delasciencias.com\\\/inicio\\\/pruebas-de-acceso\\\/prueba-titulo-en-bachiller-libre\\\/\"]}]},{\"@type\":\"ImageObject\",\"inLanguage\":\"es\",\"@id\":\"https:\\\/\\\/delasciencias.com\\\/inicio\\\/pruebas-de-acceso\\\/prueba-titulo-en-bachiller-libre\\\/#primaryimage\",\"url\":\"https:\\\/\\\/delasciencias.com\\\/inicio\\\/wp-content\\\/uploads\\\/2021\\\/11\\\/Estudiante-2.jpg\",\"contentUrl\":\"https:\\\/\\\/delasciencias.com\\\/inicio\\\/wp-content\\\/uploads\\\/2021\\\/11\\\/Estudiante-2.jpg\",\"width\":780,\"height\":520},{\"@type\":\"BreadcrumbList\",\"@id\":\"https:\\\/\\\/delasciencias.com\\\/inicio\\\/pruebas-de-acceso\\\/prueba-titulo-en-bachiller-libre\\\/#breadcrumb\",\"itemListElement\":[{\"@type\":\"ListItem\",\"position\":1,\"name\":\"Portada\",\"item\":\"https:\\\/\\\/delasciencias.com\\\/inicio\\\/\"},{\"@type\":\"ListItem\",\"position\":2,\"name\":\"PRUEBAS DE ACCESO e IDIOMAS\",\"item\":\"https:\\\/\\\/delasciencias.com\\\/inicio\\\/pruebas-de-acceso\\\/\"},{\"@type\":\"ListItem\",\"position\":3,\"name\":\"PRUEBA T\u00cdTULO EN BACHILLER LIBRE\"}]},{\"@type\":\"WebSite\",\"@id\":\"https:\\\/\\\/delasciencias.com\\\/inicio\\\/#website\",\"url\":\"https:\\\/\\\/delasciencias.com\\\/inicio\\\/\",\"name\":\"Tu Academia en Tomares | DE LAS CIENCIAS\",\"description\":\"Clases de apoyo o particulares en Tomares\",\"publisher\":{\"@id\":\"https:\\\/\\\/delasciencias.com\\\/inicio\\\/#organization\"},\"alternateName\":\"Academia De Las Ciencias\",\"inLanguage\":\"es\"},{\"@type\":\"Organization\",\"@id\":\"https:\\\/\\\/delasciencias.com\\\/inicio\\\/#organization\",\"name\":\"ACADEMIA DE LAS CIENCIAS | TOMARES | MARCHENA\",\"alternateName\":\"CLASES DE APOYO ESCOLAR y PARTICULARES | TOMARES | MARCHENA\",\"url\":\"https:\\\/\\\/delasciencias.com\\\/inicio\\\/\",\"logo\":{\"@type\":\"ImageObject\",\"inLanguage\":\"es\",\"@id\":\"https:\\\/\\\/delasciencias.com\\\/inicio\\\/#\\\/schema\\\/logo\\\/image\\\/\",\"url\":\"https:\\\/\\\/delasciencias.com\\\/inicio\\\/wp-content\\\/uploads\\\/2020\\\/11\\\/Captura-de-pantalla-2019-10-12-a-las-0.03.45.png\",\"contentUrl\":\"https:\\\/\\\/delasciencias.com\\\/inicio\\\/wp-content\\\/uploads\\\/2020\\\/11\\\/Captura-de-pantalla-2019-10-12-a-las-0.03.45.png\",\"width\":257,\"height\":254,\"caption\":\"ACADEMIA DE LAS CIENCIAS | TOMARES | MARCHENA\"},\"image\":{\"@id\":\"https:\\\/\\\/delasciencias.com\\\/inicio\\\/#\\\/schema\\\/logo\\\/image\\\/\"},\"sameAs\":[\"https:\\\/\\\/www.facebook.com\\\/DeLasCiencias\\\/\",\"https:\\\/\\\/x.com\\\/LasCiencias\",\"https:\\\/\\\/www.instagram.com\\\/delas_ciencias\\\/\",\"https:\\\/\\\/www.youtube.com\\\/channel\\\/UC2Kc8NJRRsyI6awzYByAgdg\"]}]}<\/script>\n<!-- \/ Yoast SEO plugin. -->","yoast_head_json":{"title":"PRUEBA T\u00cdTULO EN BACHILLER LIBRE - Tu Academia en Tomares | DE LAS CIENCIAS Academia en Tomares y Marchena | De Las Ciencias","description":"Clases de apoyo escolar o particulares en Tomares y Marchena","robots":{"index":"index","follow":"follow","max-snippet":"max-snippet:-1","max-image-preview":"max-image-preview:large","max-video-preview":"max-video-preview:-1"},"canonical":"https:\/\/delasciencias.com\/inicio\/pruebas-de-acceso\/prueba-titulo-en-bachiller-libre\/","og_locale":"es_ES","og_type":"article","og_title":"PRUEBA T\u00cdTULO EN BACHILLER LIBRE - Tu Academia en Tomares | DE LAS CIENCIAS Academia en Tomares y Marchena | De Las Ciencias","og_description":"Clases de apoyo escolar o particulares en Tomares y Marchena","og_url":"https:\/\/delasciencias.com\/inicio\/pruebas-de-acceso\/prueba-titulo-en-bachiller-libre\/","og_site_name":"Tu Academia en Tomares | DE LAS CIENCIAS","article_publisher":"https:\/\/www.facebook.com\/DeLasCiencias\/","article_modified_time":"2021-11-26T14:28:56+00:00","og_image":[{"url":"https:\/\/delasciencias.com\/inicio\/wp-content\/uploads\/2021\/11\/Estudiante-2.jpg","type":"","width":"","height":""}],"twitter_card":"summary_large_image","twitter_site":"@LasCiencias","twitter_misc":{"Tiempo de lectura":"3 minutos"},"schema":{"@context":"https:\/\/schema.org","@graph":[{"@type":"WebPage","@id":"https:\/\/delasciencias.com\/inicio\/pruebas-de-acceso\/prueba-titulo-en-bachiller-libre\/","url":"https:\/\/delasciencias.com\/inicio\/pruebas-de-acceso\/prueba-titulo-en-bachiller-libre\/","name":"PRUEBA T\u00cdTULO EN BACHILLER LIBRE - Tu Academia en Tomares | DE LAS CIENCIAS Academia en Tomares y Marchena | De Las Ciencias","isPartOf":{"@id":"https:\/\/delasciencias.com\/inicio\/#website"},"primaryImageOfPage":{"@id":"https:\/\/delasciencias.com\/inicio\/pruebas-de-acceso\/prueba-titulo-en-bachiller-libre\/#primaryimage"},"image":{"@id":"https:\/\/delasciencias.com\/inicio\/pruebas-de-acceso\/prueba-titulo-en-bachiller-libre\/#primaryimage"},"thumbnailUrl":"https:\/\/delasciencias.com\/inicio\/wp-content\/uploads\/2021\/11\/Estudiante-2.jpg","datePublished":"2021-11-26T14:25:01+00:00","dateModified":"2021-11-26T14:28:56+00:00","description":"Clases de apoyo escolar o particulares en Tomares y Marchena","breadcrumb":{"@id":"https:\/\/delasciencias.com\/inicio\/pruebas-de-acceso\/prueba-titulo-en-bachiller-libre\/#breadcrumb"},"inLanguage":"es","potentialAction":[{"@type":"ReadAction","target":["https:\/\/delasciencias.com\/inicio\/pruebas-de-acceso\/prueba-titulo-en-bachiller-libre\/"]}]},{"@type":"ImageObject","inLanguage":"es","@id":"https:\/\/delasciencias.com\/inicio\/pruebas-de-acceso\/prueba-titulo-en-bachiller-libre\/#primaryimage","url":"https:\/\/delasciencias.com\/inicio\/wp-content\/uploads\/2021\/11\/Estudiante-2.jpg","contentUrl":"https:\/\/delasciencias.com\/inicio\/wp-content\/uploads\/2021\/11\/Estudiante-2.jpg","width":780,"height":520},{"@type":"BreadcrumbList","@id":"https:\/\/delasciencias.com\/inicio\/pruebas-de-acceso\/prueba-titulo-en-bachiller-libre\/#breadcrumb","itemListElement":[{"@type":"ListItem","position":1,"name":"Portada","item":"https:\/\/delasciencias.com\/inicio\/"},{"@type":"ListItem","position":2,"name":"PRUEBAS DE ACCESO e IDIOMAS","item":"https:\/\/delasciencias.com\/inicio\/pruebas-de-acceso\/"},{"@type":"ListItem","position":3,"name":"PRUEBA T\u00cdTULO EN BACHILLER LIBRE"}]},{"@type":"WebSite","@id":"https:\/\/delasciencias.com\/inicio\/#website","url":"https:\/\/delasciencias.com\/inicio\/","name":"Tu Academia en Tomares | DE LAS CIENCIAS","description":"Clases de apoyo o particulares en Tomares","publisher":{"@id":"https:\/\/delasciencias.com\/inicio\/#organization"},"alternateName":"Academia De Las Ciencias","inLanguage":"es"},{"@type":"Organization","@id":"https:\/\/delasciencias.com\/inicio\/#organization","name":"ACADEMIA DE LAS CIENCIAS | TOMARES | MARCHENA","alternateName":"CLASES DE APOYO ESCOLAR y PARTICULARES | TOMARES | MARCHENA","url":"https:\/\/delasciencias.com\/inicio\/","logo":{"@type":"ImageObject","inLanguage":"es","@id":"https:\/\/delasciencias.com\/inicio\/#\/schema\/logo\/image\/","url":"https:\/\/delasciencias.com\/inicio\/wp-content\/uploads\/2020\/11\/Captura-de-pantalla-2019-10-12-a-las-0.03.45.png","contentUrl":"https:\/\/delasciencias.com\/inicio\/wp-content\/uploads\/2020\/11\/Captura-de-pantalla-2019-10-12-a-las-0.03.45.png","width":257,"height":254,"caption":"ACADEMIA DE LAS CIENCIAS | TOMARES | MARCHENA"},"image":{"@id":"https:\/\/delasciencias.com\/inicio\/#\/schema\/logo\/image\/"},"sameAs":["https:\/\/www.facebook.com\/DeLasCiencias\/","https:\/\/x.com\/LasCiencias","https:\/\/www.instagram.com\/delas_ciencias\/","https:\/\/www.youtube.com\/channel\/UC2Kc8NJRRsyI6awzYByAgdg"]}]}},"_links":{"self":[{"href":"https:\/\/delasciencias.com\/inicio\/wp-json\/wp\/v2\/pages\/2803","targetHints":{"allow":["GET"]}}],"collection":[{"href":"https:\/\/delasciencias.com\/inicio\/wp-json\/wp\/v2\/pages"}],"about":[{"href":"https:\/\/delasciencias.com\/inicio\/wp-json\/wp\/v2\/types\/page"}],"author":[{"embeddable":true,"href":"https:\/\/delasciencias.com\/inicio\/wp-json\/wp\/v2\/users\/1"}],"replies":[{"embeddable":true,"href":"https:\/\/delasciencias.com\/inicio\/wp-json\/wp\/v2\/comments?post=2803"}],"version-history":[{"count":3,"href":"https:\/\/delasciencias.com\/inicio\/wp-json\/wp\/v2\/pages\/2803\/revisions"}],"predecessor-version":[{"id":2810,"href":"https:\/\/delasciencias.com\/inicio\/wp-json\/wp\/v2\/pages\/2803\/revisions\/2810"}],"up":[{"embeddable":true,"href":"https:\/\/delasciencias.com\/inicio\/wp-json\/wp\/v2\/pages\/2741"}],"wp:attachment":[{"href":"https:\/\/delasciencias.com\/inicio\/wp-json\/wp\/v2\/media?parent=2803"}],"curies":[{"name":"wp","href":"https:\/\/api.w.org\/{rel}","templated":true}]}}