{"id":2794,"date":"2021-11-26T14:59:38","date_gmt":"2021-11-26T13:59:38","guid":{"rendered":"http:\/\/delasciencias.com\/inicio\/?page_id=2794"},"modified":"2022-03-14T11:59:16","modified_gmt":"2022-03-14T10:59:16","slug":"prueba-titulo-en-eso-libre","status":"publish","type":"page","link":"https:\/\/delasciencias.com\/inicio\/pruebas-de-acceso\/prueba-titulo-en-eso-libre\/","title":{"rendered":"PRUEBA T\u00cdTULO EN ESO LIBRE"},"content":{"rendered":"\n<h2 class=\"has-text-align-center wp-block-heading\">Prueba t\u00edtulo en ESO libre<\/h2>\n\n\n\n<p id=\"block-7fb0972b-4785-4981-bf13-27f8777f8c31\">En nuestras <strong>Academias <\/strong>podr\u00e1s prepararte los ex\u00e1menes para la obtenci\u00f3n del t\u00edtulo de la ESO. Organizamos un curso durante los meses de octubre hasta el d\u00eda del examen, para que prepar\u00e9is las pruebas de acceso poco a poco. Este curso se imparte tanto presencial como online. Los d\u00edas festivos o vacacionales se pactara un horario alternativo con la academia.<\/p>\n\n\n\n<div id=\"block-a8328232-57cb-4aa3-9780-38f427775ef2\" class=\"wp-block-image\"><figure class=\"aligncenter size-large is-resized\"><img loading=\"lazy\" decoding=\"async\" src=\"https:\/\/delasciencias.com\/inicio\/wp-content\/uploads\/2021\/11\/shutterstock_85474711-e1366916292301.jpg\" alt=\"\" class=\"wp-image-2795\" width=\"334\" height=\"223\" srcset=\"https:\/\/delasciencias.com\/inicio\/wp-content\/uploads\/2021\/11\/shutterstock_85474711-e1366916292301.jpg 800w, https:\/\/delasciencias.com\/inicio\/wp-content\/uploads\/2021\/11\/shutterstock_85474711-e1366916292301-300x200.jpg 300w, https:\/\/delasciencias.com\/inicio\/wp-content\/uploads\/2021\/11\/shutterstock_85474711-e1366916292301-768x513.jpg 768w\" sizes=\"auto, (max-width: 334px) 100vw, 334px\" \/><\/figure><\/div>\n\n\n\n<hr class=\"wp-block-separator\" id=\"block-a679e627-2e39-405a-b7e6-1ba3f3a41a56\"\/>\n\n\n\n<h3 class=\"has-text-align-center wp-block-heading\" id=\"block-135aa5a6-ef14-47c0-a703-61c35f486bd9\">SOBRE NUESTRO CURSO<\/h3>\n\n\n\n<p id=\"block-cd236cca-3a7b-43de-b76b-2b97c6a121fd\">Se imparten tres horas semanales por asignatura repartidas dos clases de noventa minutos en horario de ma\u00f1ana de lunes a jueves y fines de semana. Se impartir\u00e1n todas las asignaturas de esta Prueba, en algunas materias se requiera un m\u00ednimo de alumnos para empezar.<\/p>\n\n\n\n<p id=\"block-a3e79be3-a57b-4a49-a900-d1a00d6fb0cf\">Nuestro equipo docente realizara un seguimiento de la evoluci\u00f3n del alumno durante el curso. Tambi\u00e9n ponemos a tu disposici\u00f3n el&nbsp;<strong>aula de estudio<\/strong>&nbsp;donde puedes estudiar con nosotros y resolver tus dudas puntuales, es imprescindible reservar el aula de estudio con antelaci\u00f3n.<\/p>\n\n\n\n<hr class=\"wp-block-separator\" id=\"block-4d90fce5-ff44-4429-a905-52e35b7874ac\"\/>\n\n\n\n<h3 class=\"has-text-align-center wp-block-heading\" id=\"block-f2508017-d5d4-49bf-96e4-734f74699877\">COMO ES LA PRUEBA<\/h3>\n\n\n\n<p>Para poder inscribirte a estas pruebas tienes que ser&nbsp;<strong>mayor de 18 a\u00f1os<\/strong>&nbsp;o&nbsp;<strong>cumplirlos en el a\u00f1o natural<\/strong>&nbsp;de la convocatoria.<\/p>\n\n\n\n<p>Si has cursado y aprobado una o varias materias, \u00e1mbitos o m\u00f3dulos voluntarios en cursos terminales de ense\u00f1anzas formales conducentes a titulaci\u00f3n b\u00e1sica, o alg\u00fan \u00e1mbito en las pruebas para la obtenci\u00f3n del t\u00edtulo de Graduado en ESO para mayores de 18 a\u00f1os en convocatorias anteriores, solo tendr\u00e1s que inscribirte en las pruebas de aquellos \u00e1mbitos que a\u00fan no tengas superados.<\/p>\n\n\n\n<p>En este caso, has de solicitar la exenci\u00f3n de la parte de la prueba correspondiente, debiendo aportar la documentaci\u00f3n justificativa que se se\u00f1ala en el apartado 4 de la solicitud. Estas exenciones se llevar\u00e1n a cabo de acuerdo con las equivalencias establecidas en la normativa vigente y que puedes consultar a continuaci\u00f3n (Hoja 2 del Anexo VI de la&nbsp;<a href=\"http:\/\/www.juntadeandalucia.es\/educacion\/portals\/web\/educacion-permanente\/pruebas-obtencion-graduado-eso\/normativa\/-\/normativas\/detalle\/orden-de-28-de-diciembre-de-2017-por-la-que-se-establece-la-ordenacion-y-el-curriculo-de-la-educacion-secundaria\">Orden de 28 de diciembre de 2017, por la que se establece la ordenaci\u00f3n y el curr\u00edculo de la Educaci\u00f3n Secundaria Obligatoria, para personas adulta en la Comunidad aut\u00f3noma de Andaluc\u00eda<\/a>):<\/p>\n\n\n\n<ul class=\"wp-block-list\"><li>Prueba del \u00c1mbito cient\u00edfico-tecnol\u00f3gico<ul><li>Materias de 4\u00ba de Educaci\u00f3n Secundaria Obligatoria (LOMCE)<\/li><li>\u00c1mbitos de conocimiento del Nivel II de Educaci\u00f3n Secundaria Obligatoria para personas adultas<\/li><li>Materias de 4\u00ba de Educaci\u00f3n Secundaria Obligatoria (LOE y LOGSE)<\/li><li>\u00c1mbitos de Programas de Diversificaci\u00f3n Curricular, correspondiente a 4\u00ba de ESO<\/li><li>M\u00f3dulos voluntarios de Programas de Cualificaci\u00f3n Profesional Inicial<\/li><li>\u00c1reas \/ materias de: 2\u00ba ciclo o M\u00f3dulo IV de Educaci\u00f3n Secundaria de adultos (LOGSE)<\/li><li>Pruebas para la obtenci\u00f3n del T\u00edtulo de graduado en Educaci\u00f3n Secundaria para personas mayores de 18 a\u00f1os (Orden de 11 de febrero de 2005)<\/li><li>Asignaturas de 2\u00ba BUP (Ley 14\/1970, de 4 de agosto)<\/li><\/ul><\/li><\/ul>\n\n\n\n<ul class=\"wp-block-list\"><li>Prueba del \u00c1mbito social<ul><li>Materias de 4\u00ba de Educaci\u00f3n Secundaria Obligatoria (LOMCE)<\/li><li>\u00c1mbitos de conocimiento del Nivel II de Educaci\u00f3n Secundaria Obligatoria para personas adultas<\/li><li>Materias de 4\u00ba de Educaci\u00f3n Secundaria Obligatoria (LOE y LOGSE)<\/li><li>\u00c1mbitos de Programas de Diversificaci\u00f3n Curricular, correspondiente a 4\u00ba de ESO<\/li><li>M\u00f3dulos voluntarios de Programas de Cualificaci\u00f3n Profesional Inicial<\/li><li>\u00c1reas \/ materias de: 2\u00ba ciclo o M\u00f3dulo IV de Educaci\u00f3n Secundaria de adultos (LOGSE)<\/li><li>Pruebas para la obtenci\u00f3n del T\u00edtulo de graduado en Educaci\u00f3n Secundaria para personas mayores de 18 a\u00f1os (Orden de 11 de febrero de 2005)<\/li><li>Asignaturas de 2\u00ba BUP (Ley 14\/1970, de 4 de agosto)<\/li><\/ul><\/li><\/ul>\n\n\n\n<ul class=\"wp-block-list\"><li><br>Prueba del \u00c1mbito de comunicaci\u00f3n<ul><li>Materias de 4\u00ba de Educaci\u00f3n Secundaria Obligatoria (LOMCE)<\/li><li>\u00c1mbitos de conocimiento del Nivel II de Educaci\u00f3n Secundaria Obligatoria para personas adultas<\/li><li>Materias de 4\u00ba de Educaci\u00f3n Secundaria Obligatoria (LOE y LOGSE)<\/li><li>\u00c1mbitos de Programas de Diversificaci\u00f3n Curricular, correspondiente a 4\u00ba de ESO<\/li><li>M\u00f3dulos voluntarios de Programas de Cualificaci\u00f3n Profesional Inicial<\/li><li>\u00c1reas \/ materias de: 2\u00ba ciclo o M\u00f3dulo IV de Educaci\u00f3n Secundaria de adultos (LOGSE)<\/li><li>Pruebas para la obtenci\u00f3n del T\u00edtulo de graduado en Educaci\u00f3n Secundaria para personas mayores de 18 a\u00f1os (Orden de 11 de febrero de 2005)<\/li><li>Asignaturas de 2\u00ba BUP (Ley 14\/1970, de 4 de agosto).<\/li><\/ul><\/li><\/ul>\n\n\n\n<p><em><strong><u>Nota aclaratoria:<\/u><\/strong><\/em><\/p>\n\n\n\n<p><em>Los \u00e1mbitos de conocimiento superados en las diferentes convocatorias de las pruebas para la obtenci\u00f3n del t\u00edtulo de Graduado en Educaci\u00f3n Secundaria Obligatoria para personas mayores de 18 a\u00f1os no se convalidan en la Educaci\u00f3n Secundaria Obligatoria de r\u00e9gimen ordinario. S\u00ed se convalidan en r\u00e9gimen de personas adultas.<\/em><\/p>\n\n\n\n<hr class=\"wp-block-separator\" id=\"block-13098b5e-63d5-4985-91aa-10285912e8e2\"\/>\n\n\n\n<div id=\"block-5a9fed7b-a706-4e7a-9149-f3f51196e874\" class=\"wp-block-image is-style-rounded\"><figure class=\"aligncenter is-resized\"><a href=\"https:\/\/delasciencias.com\/inicio\/contacto\/reserva\/\"><img decoding=\"async\" src=\"https:\/\/delasciencias.com\/inicio\/wp-content\/uploads\/2020\/04\/unnamed.png\" alt=\"La imagen tiene un atributo ALT vac\u00edo; su nombre de archivo es unnamed.png\" width=\"-367\" height=\"-128\"\/><\/a><figcaption>\u00bfTienes alguna duda?&nbsp;<a rel=\"noreferrer noopener\" href=\"https:\/\/delasciencias.com\/inicio\/contacto\/\" target=\"_blank\"><strong>Contacta con nosotros<\/strong><\/a><\/figcaption><\/figure><\/div>\n\n\n\n<div class=\"wp-block-image is-style-rounded\"><figure class=\"aligncenter size-large is-resized\"><a href=\"https:\/\/delasciencias.com\/inicio\/contacto\/\"><img loading=\"lazy\" decoding=\"async\" src=\"https:\/\/delasciencias.com\/inicio\/wp-content\/uploads\/2021\/12\/200-2004670_related-wallpapers-boton-contacto-png.jpg\" alt=\"\" class=\"wp-image-2823\" width=\"355\" height=\"104\" srcset=\"https:\/\/delasciencias.com\/inicio\/wp-content\/uploads\/2021\/12\/200-2004670_related-wallpapers-boton-contacto-png.jpg 820w, https:\/\/delasciencias.com\/inicio\/wp-content\/uploads\/2021\/12\/200-2004670_related-wallpapers-boton-contacto-png-300x88.jpg 300w, https:\/\/delasciencias.com\/inicio\/wp-content\/uploads\/2021\/12\/200-2004670_related-wallpapers-boton-contacto-png-768x226.jpg 768w\" sizes=\"auto, (max-width: 355px) 100vw, 355px\" \/><\/a><\/figure><\/div>\n\n\n\n<p><\/p>\n","protected":false},"excerpt":{"rendered":"<p>Prueba t\u00edtulo en ESO libre En nuestras Academias podr\u00e1s prepararte los ex\u00e1menes para la obtenci\u00f3n del t\u00edtulo de la ESO. Organizamos un curso durante los meses de octubre hasta el d\u00eda del<a class=\"moretag\" href=\"https:\/\/delasciencias.com\/inicio\/pruebas-de-acceso\/prueba-titulo-en-eso-libre\/\">Leer m\u00e1s&#8230;<\/a><\/p>\n","protected":false},"author":1,"featured_media":0,"parent":2741,"menu_order":3,"comment_status":"closed","ping_status":"closed","template":"","meta":{"footnotes":""},"class_list":["post-2794","page","type-page","status-publish","hentry"],"yoast_head":"<!-- This site is optimized with the Yoast SEO plugin v27.3 - https:\/\/yoast.com\/product\/yoast-seo-wordpress\/ -->\n<title>PRUEBA T\u00cdTULO EN ESO LIBRE - Tu Academia en Tomares | DE LAS CIENCIAS Academia en Tomares y Marchena | De Las Ciencias<\/title>\n<meta name=\"description\" content=\"Clases de apoyo escolar o particulares en Tomares y Marchena\" \/>\n<meta name=\"robots\" content=\"index, follow, max-snippet:-1, max-image-preview:large, max-video-preview:-1\" \/>\n<link rel=\"canonical\" href=\"https:\/\/delasciencias.com\/inicio\/pruebas-de-acceso\/prueba-titulo-en-eso-libre\/\" \/>\n<meta property=\"og:locale\" content=\"es_ES\" \/>\n<meta property=\"og:type\" content=\"article\" \/>\n<meta property=\"og:title\" content=\"PRUEBA T\u00cdTULO EN ESO LIBRE - Tu Academia en Tomares | DE LAS CIENCIAS Academia en Tomares y Marchena | De Las Ciencias\" \/>\n<meta property=\"og:description\" content=\"Clases de apoyo escolar o particulares en Tomares y Marchena\" \/>\n<meta property=\"og:url\" content=\"https:\/\/delasciencias.com\/inicio\/pruebas-de-acceso\/prueba-titulo-en-eso-libre\/\" \/>\n<meta property=\"og:site_name\" content=\"Tu Academia en Tomares | DE LAS CIENCIAS\" \/>\n<meta property=\"article:publisher\" content=\"https:\/\/www.facebook.com\/DeLasCiencias\/\" \/>\n<meta property=\"article:modified_time\" content=\"2022-03-14T10:59:16+00:00\" \/>\n<meta property=\"og:image\" content=\"https:\/\/delasciencias.com\/inicio\/wp-content\/uploads\/2021\/11\/shutterstock_85474711-e1366916292301.jpg\" \/>\n<meta name=\"twitter:card\" content=\"summary_large_image\" \/>\n<meta name=\"twitter:site\" content=\"@LasCiencias\" \/>\n<meta name=\"twitter:label1\" content=\"Tiempo de lectura\" \/>\n\t<meta name=\"twitter:data1\" content=\"4 minutos\" \/>\n<script type=\"application\/ld+json\" class=\"yoast-schema-graph\">{\"@context\":\"https:\\\/\\\/schema.org\",\"@graph\":[{\"@type\":\"WebPage\",\"@id\":\"https:\\\/\\\/delasciencias.com\\\/inicio\\\/pruebas-de-acceso\\\/prueba-titulo-en-eso-libre\\\/\",\"url\":\"https:\\\/\\\/delasciencias.com\\\/inicio\\\/pruebas-de-acceso\\\/prueba-titulo-en-eso-libre\\\/\",\"name\":\"PRUEBA T\u00cdTULO EN ESO LIBRE - Tu Academia en Tomares | DE LAS CIENCIAS Academia en Tomares y Marchena | De Las Ciencias\",\"isPartOf\":{\"@id\":\"https:\\\/\\\/delasciencias.com\\\/inicio\\\/#website\"},\"primaryImageOfPage\":{\"@id\":\"https:\\\/\\\/delasciencias.com\\\/inicio\\\/pruebas-de-acceso\\\/prueba-titulo-en-eso-libre\\\/#primaryimage\"},\"image\":{\"@id\":\"https:\\\/\\\/delasciencias.com\\\/inicio\\\/pruebas-de-acceso\\\/prueba-titulo-en-eso-libre\\\/#primaryimage\"},\"thumbnailUrl\":\"https:\\\/\\\/delasciencias.com\\\/inicio\\\/wp-content\\\/uploads\\\/2021\\\/11\\\/shutterstock_85474711-e1366916292301.jpg\",\"datePublished\":\"2021-11-26T13:59:38+00:00\",\"dateModified\":\"2022-03-14T10:59:16+00:00\",\"description\":\"Clases de apoyo escolar o particulares en Tomares y Marchena\",\"breadcrumb\":{\"@id\":\"https:\\\/\\\/delasciencias.com\\\/inicio\\\/pruebas-de-acceso\\\/prueba-titulo-en-eso-libre\\\/#breadcrumb\"},\"inLanguage\":\"es\",\"potentialAction\":[{\"@type\":\"ReadAction\",\"target\":[\"https:\\\/\\\/delasciencias.com\\\/inicio\\\/pruebas-de-acceso\\\/prueba-titulo-en-eso-libre\\\/\"]}]},{\"@type\":\"ImageObject\",\"inLanguage\":\"es\",\"@id\":\"https:\\\/\\\/delasciencias.com\\\/inicio\\\/pruebas-de-acceso\\\/prueba-titulo-en-eso-libre\\\/#primaryimage\",\"url\":\"https:\\\/\\\/delasciencias.com\\\/inicio\\\/wp-content\\\/uploads\\\/2021\\\/11\\\/shutterstock_85474711-e1366916292301.jpg\",\"contentUrl\":\"https:\\\/\\\/delasciencias.com\\\/inicio\\\/wp-content\\\/uploads\\\/2021\\\/11\\\/shutterstock_85474711-e1366916292301.jpg\",\"width\":800,\"height\":534},{\"@type\":\"BreadcrumbList\",\"@id\":\"https:\\\/\\\/delasciencias.com\\\/inicio\\\/pruebas-de-acceso\\\/prueba-titulo-en-eso-libre\\\/#breadcrumb\",\"itemListElement\":[{\"@type\":\"ListItem\",\"position\":1,\"name\":\"Portada\",\"item\":\"https:\\\/\\\/delasciencias.com\\\/inicio\\\/\"},{\"@type\":\"ListItem\",\"position\":2,\"name\":\"PRUEBAS DE ACCESO e IDIOMAS\",\"item\":\"https:\\\/\\\/delasciencias.com\\\/inicio\\\/pruebas-de-acceso\\\/\"},{\"@type\":\"ListItem\",\"position\":3,\"name\":\"PRUEBA T\u00cdTULO EN ESO LIBRE\"}]},{\"@type\":\"WebSite\",\"@id\":\"https:\\\/\\\/delasciencias.com\\\/inicio\\\/#website\",\"url\":\"https:\\\/\\\/delasciencias.com\\\/inicio\\\/\",\"name\":\"Tu Academia en Tomares | DE LAS CIENCIAS\",\"description\":\"Clases de apoyo o particulares en Tomares\",\"publisher\":{\"@id\":\"https:\\\/\\\/delasciencias.com\\\/inicio\\\/#organization\"},\"alternateName\":\"Academia De Las Ciencias\",\"inLanguage\":\"es\"},{\"@type\":\"Organization\",\"@id\":\"https:\\\/\\\/delasciencias.com\\\/inicio\\\/#organization\",\"name\":\"ACADEMIA DE LAS CIENCIAS | TOMARES | MARCHENA\",\"alternateName\":\"CLASES DE APOYO ESCOLAR y PARTICULARES | TOMARES | MARCHENA\",\"url\":\"https:\\\/\\\/delasciencias.com\\\/inicio\\\/\",\"logo\":{\"@type\":\"ImageObject\",\"inLanguage\":\"es\",\"@id\":\"https:\\\/\\\/delasciencias.com\\\/inicio\\\/#\\\/schema\\\/logo\\\/image\\\/\",\"url\":\"https:\\\/\\\/delasciencias.com\\\/inicio\\\/wp-content\\\/uploads\\\/2020\\\/11\\\/Captura-de-pantalla-2019-10-12-a-las-0.03.45.png\",\"contentUrl\":\"https:\\\/\\\/delasciencias.com\\\/inicio\\\/wp-content\\\/uploads\\\/2020\\\/11\\\/Captura-de-pantalla-2019-10-12-a-las-0.03.45.png\",\"width\":257,\"height\":254,\"caption\":\"ACADEMIA DE LAS CIENCIAS | TOMARES | MARCHENA\"},\"image\":{\"@id\":\"https:\\\/\\\/delasciencias.com\\\/inicio\\\/#\\\/schema\\\/logo\\\/image\\\/\"},\"sameAs\":[\"https:\\\/\\\/www.facebook.com\\\/DeLasCiencias\\\/\",\"https:\\\/\\\/x.com\\\/LasCiencias\",\"https:\\\/\\\/www.instagram.com\\\/delas_ciencias\\\/\",\"https:\\\/\\\/www.youtube.com\\\/channel\\\/UC2Kc8NJRRsyI6awzYByAgdg\"]}]}<\/script>\n<!-- \/ Yoast SEO plugin. -->","yoast_head_json":{"title":"PRUEBA T\u00cdTULO EN ESO LIBRE - Tu Academia en Tomares | DE LAS CIENCIAS Academia en Tomares y Marchena | De Las Ciencias","description":"Clases de apoyo escolar o particulares en Tomares y Marchena","robots":{"index":"index","follow":"follow","max-snippet":"max-snippet:-1","max-image-preview":"max-image-preview:large","max-video-preview":"max-video-preview:-1"},"canonical":"https:\/\/delasciencias.com\/inicio\/pruebas-de-acceso\/prueba-titulo-en-eso-libre\/","og_locale":"es_ES","og_type":"article","og_title":"PRUEBA T\u00cdTULO EN ESO LIBRE - Tu Academia en Tomares | DE LAS CIENCIAS Academia en Tomares y Marchena | De Las Ciencias","og_description":"Clases de apoyo escolar o particulares en Tomares y Marchena","og_url":"https:\/\/delasciencias.com\/inicio\/pruebas-de-acceso\/prueba-titulo-en-eso-libre\/","og_site_name":"Tu Academia en Tomares | DE LAS CIENCIAS","article_publisher":"https:\/\/www.facebook.com\/DeLasCiencias\/","article_modified_time":"2022-03-14T10:59:16+00:00","og_image":[{"url":"https:\/\/delasciencias.com\/inicio\/wp-content\/uploads\/2021\/11\/shutterstock_85474711-e1366916292301.jpg","type":"","width":"","height":""}],"twitter_card":"summary_large_image","twitter_site":"@LasCiencias","twitter_misc":{"Tiempo de lectura":"4 minutos"},"schema":{"@context":"https:\/\/schema.org","@graph":[{"@type":"WebPage","@id":"https:\/\/delasciencias.com\/inicio\/pruebas-de-acceso\/prueba-titulo-en-eso-libre\/","url":"https:\/\/delasciencias.com\/inicio\/pruebas-de-acceso\/prueba-titulo-en-eso-libre\/","name":"PRUEBA T\u00cdTULO EN ESO LIBRE - Tu Academia en Tomares | DE LAS CIENCIAS Academia en Tomares y Marchena | De Las Ciencias","isPartOf":{"@id":"https:\/\/delasciencias.com\/inicio\/#website"},"primaryImageOfPage":{"@id":"https:\/\/delasciencias.com\/inicio\/pruebas-de-acceso\/prueba-titulo-en-eso-libre\/#primaryimage"},"image":{"@id":"https:\/\/delasciencias.com\/inicio\/pruebas-de-acceso\/prueba-titulo-en-eso-libre\/#primaryimage"},"thumbnailUrl":"https:\/\/delasciencias.com\/inicio\/wp-content\/uploads\/2021\/11\/shutterstock_85474711-e1366916292301.jpg","datePublished":"2021-11-26T13:59:38+00:00","dateModified":"2022-03-14T10:59:16+00:00","description":"Clases de apoyo escolar o particulares en Tomares y Marchena","breadcrumb":{"@id":"https:\/\/delasciencias.com\/inicio\/pruebas-de-acceso\/prueba-titulo-en-eso-libre\/#breadcrumb"},"inLanguage":"es","potentialAction":[{"@type":"ReadAction","target":["https:\/\/delasciencias.com\/inicio\/pruebas-de-acceso\/prueba-titulo-en-eso-libre\/"]}]},{"@type":"ImageObject","inLanguage":"es","@id":"https:\/\/delasciencias.com\/inicio\/pruebas-de-acceso\/prueba-titulo-en-eso-libre\/#primaryimage","url":"https:\/\/delasciencias.com\/inicio\/wp-content\/uploads\/2021\/11\/shutterstock_85474711-e1366916292301.jpg","contentUrl":"https:\/\/delasciencias.com\/inicio\/wp-content\/uploads\/2021\/11\/shutterstock_85474711-e1366916292301.jpg","width":800,"height":534},{"@type":"BreadcrumbList","@id":"https:\/\/delasciencias.com\/inicio\/pruebas-de-acceso\/prueba-titulo-en-eso-libre\/#breadcrumb","itemListElement":[{"@type":"ListItem","position":1,"name":"Portada","item":"https:\/\/delasciencias.com\/inicio\/"},{"@type":"ListItem","position":2,"name":"PRUEBAS DE ACCESO e IDIOMAS","item":"https:\/\/delasciencias.com\/inicio\/pruebas-de-acceso\/"},{"@type":"ListItem","position":3,"name":"PRUEBA T\u00cdTULO EN ESO LIBRE"}]},{"@type":"WebSite","@id":"https:\/\/delasciencias.com\/inicio\/#website","url":"https:\/\/delasciencias.com\/inicio\/","name":"Tu Academia en Tomares | DE LAS CIENCIAS","description":"Clases de apoyo o particulares en Tomares","publisher":{"@id":"https:\/\/delasciencias.com\/inicio\/#organization"},"alternateName":"Academia De Las Ciencias","inLanguage":"es"},{"@type":"Organization","@id":"https:\/\/delasciencias.com\/inicio\/#organization","name":"ACADEMIA DE LAS CIENCIAS | TOMARES | MARCHENA","alternateName":"CLASES DE APOYO ESCOLAR y PARTICULARES | TOMARES | MARCHENA","url":"https:\/\/delasciencias.com\/inicio\/","logo":{"@type":"ImageObject","inLanguage":"es","@id":"https:\/\/delasciencias.com\/inicio\/#\/schema\/logo\/image\/","url":"https:\/\/delasciencias.com\/inicio\/wp-content\/uploads\/2020\/11\/Captura-de-pantalla-2019-10-12-a-las-0.03.45.png","contentUrl":"https:\/\/delasciencias.com\/inicio\/wp-content\/uploads\/2020\/11\/Captura-de-pantalla-2019-10-12-a-las-0.03.45.png","width":257,"height":254,"caption":"ACADEMIA DE LAS CIENCIAS | TOMARES | MARCHENA"},"image":{"@id":"https:\/\/delasciencias.com\/inicio\/#\/schema\/logo\/image\/"},"sameAs":["https:\/\/www.facebook.com\/DeLasCiencias\/","https:\/\/x.com\/LasCiencias","https:\/\/www.instagram.com\/delas_ciencias\/","https:\/\/www.youtube.com\/channel\/UC2Kc8NJRRsyI6awzYByAgdg"]}]}},"_links":{"self":[{"href":"https:\/\/delasciencias.com\/inicio\/wp-json\/wp\/v2\/pages\/2794","targetHints":{"allow":["GET"]}}],"collection":[{"href":"https:\/\/delasciencias.com\/inicio\/wp-json\/wp\/v2\/pages"}],"about":[{"href":"https:\/\/delasciencias.com\/inicio\/wp-json\/wp\/v2\/types\/page"}],"author":[{"embeddable":true,"href":"https:\/\/delasciencias.com\/inicio\/wp-json\/wp\/v2\/users\/1"}],"replies":[{"embeddable":true,"href":"https:\/\/delasciencias.com\/inicio\/wp-json\/wp\/v2\/comments?post=2794"}],"version-history":[{"count":4,"href":"https:\/\/delasciencias.com\/inicio\/wp-json\/wp\/v2\/pages\/2794\/revisions"}],"predecessor-version":[{"id":2973,"href":"https:\/\/delasciencias.com\/inicio\/wp-json\/wp\/v2\/pages\/2794\/revisions\/2973"}],"up":[{"embeddable":true,"href":"https:\/\/delasciencias.com\/inicio\/wp-json\/wp\/v2\/pages\/2741"}],"wp:attachment":[{"href":"https:\/\/delasciencias.com\/inicio\/wp-json\/wp\/v2\/media?parent=2794"}],"curies":[{"name":"wp","href":"https:\/\/api.w.org\/{rel}","templated":true}]}}