{"id":2770,"date":"2021-11-25T11:55:53","date_gmt":"2021-11-25T10:55:53","guid":{"rendered":"http:\/\/delasciencias.com\/inicio\/?page_id=2770"},"modified":"2022-03-14T11:57:53","modified_gmt":"2022-03-14T10:57:53","slug":"acceso-a-grado-medio","status":"publish","type":"page","link":"https:\/\/delasciencias.com\/inicio\/pruebas-de-acceso\/acceso-a-grado-medio\/","title":{"rendered":"ACCESO A GRADO MEDIO"},"content":{"rendered":"\n<h3 class=\"has-text-align-center wp-block-heading\">PRUEBA DE ACCESO A GRADO MEDIO<\/h3>\n\n\n\n<p>En nuestras <strong>Academias <\/strong>podr\u00e1s prepararte los ex\u00e1menes para acceder a los&nbsp;<strong>Ciclos Formativos de Grado Medio<\/strong>. Organizamos un curso durante los meses de octubre hasta el d\u00eda del examen, para que prepar\u00e9is las pruebas de acceso poco a poco. Este curso se imparte tanto presencial como online. Los d\u00edas festivos o vacacionales se pactara un horario alternativo con la academia. <\/p>\n\n\n\n<div class=\"wp-block-image\"><figure class=\"aligncenter size-large is-resized\"><img loading=\"lazy\" decoding=\"async\" src=\"https:\/\/delasciencias.com\/inicio\/wp-content\/uploads\/2021\/11\/download-1.jpg\" alt=\"\" class=\"wp-image-2775\" width=\"376\" height=\"250\"\/><\/figure><\/div>\n\n\n\n<hr class=\"wp-block-separator is-style-dots\"\/>\n\n\n\n<h3 class=\"has-text-align-center wp-block-heading\">SOBRE NUESTRO CURSO<\/h3>\n\n\n\n<p>Se imparten tres horas semanales por asignatura repartidas dos clases de noventa minutos en horario de ma\u00f1ana de lunes a jueves y fines de semana. Se impartir\u00e1n todas las asignaturas de esta Prueba de Acceso, en algunas mater\u00edas se requiera un minimo de alumnos para empezar. <\/p>\n\n\n\n<p>Nuestro equipo docente realizara un seguimiento de la evoluci\u00f3n del alumno durante el curso. Tambi\u00e9n ponemos a tu disposici\u00f3n el\u00a0<strong>aula de estudio<\/strong>\u00a0donde puedes estudiar con nosotros y resolver tus dudas puntuales, es imprescindible reservar el aula de estudio con antelaci\u00f3n.<\/p>\n\n\n\n<hr class=\"wp-block-separator\"\/>\n\n\n\n<h3 class=\"alignwide has-text-align-center wp-block-heading\">COMO ES LA PRUEBA<\/h3>\n\n\n\n<p>La prueba de acceso es com\u00fan para todos los ciclos formativos de grado medio. La estructura de la prueba de acceso a grado medio se divide en tres \u00e1mbitos:<\/p>\n\n\n\n<p>\u2013 \u00c1mbito de Comunicaci\u00f3n: cuyas materias son, Lengua Castellana y Literatura y Primera Lengua extranjera (ingl\u00e9s o franc\u00e9s).<\/p>\n\n\n\n<p>\u2013 \u00c1mbito Social: incluye las materias de Ciencias Sociales, Geograf\u00eda e Historia.<\/p>\n\n\n\n<p>\u2013 \u00c1mbito Cient\u00edfico-Tecnol\u00f3gico: comprende las materias Matem\u00e1ticas, Tecnolog\u00eda, F\u00edsica y Qu\u00edmica y Biolog\u00eda y Geolog\u00eda.<\/p>\n\n\n\n<hr class=\"wp-block-separator\"\/>\n\n\n\n<div class=\"wp-block-image is-style-rounded\"><figure class=\"aligncenter size-large is-resized\"><a href=\"https:\/\/delasciencias.com\/inicio\/contacto\/reserva\/\"><img loading=\"lazy\" decoding=\"async\" src=\"https:\/\/delasciencias.com\/inicio\/wp-content\/uploads\/2020\/04\/unnamed.png\" alt=\"\" class=\"wp-image-1803\" width=\"323\" height=\"113\" srcset=\"https:\/\/delasciencias.com\/inicio\/wp-content\/uploads\/2020\/04\/unnamed.png 512w, https:\/\/delasciencias.com\/inicio\/wp-content\/uploads\/2020\/04\/unnamed-300x105.png 300w\" sizes=\"auto, (max-width: 323px) 100vw, 323px\" \/><\/a><figcaption>\u00bfTienes alguna duda?&nbsp;<a rel=\"noreferrer noopener\" href=\"https:\/\/delasciencias.com\/inicio\/contacto\/\" target=\"_blank\"><strong>Contacta con nosotros<\/strong><\/a><\/figcaption><\/figure><\/div>\n\n\n\n<hr class=\"wp-block-separator\"\/>\n\n\n\n<div class=\"wp-block-image is-style-rounded\"><figure class=\"aligncenter size-large is-resized\"><a href=\"https:\/\/delasciencias.com\/inicio\/contacto\/\"><img loading=\"lazy\" decoding=\"async\" src=\"https:\/\/delasciencias.com\/inicio\/wp-content\/uploads\/2021\/12\/200-2004670_related-wallpapers-boton-contacto-png.jpg\" alt=\"\" class=\"wp-image-2823\" width=\"335\" height=\"98\" srcset=\"https:\/\/delasciencias.com\/inicio\/wp-content\/uploads\/2021\/12\/200-2004670_related-wallpapers-boton-contacto-png.jpg 820w, https:\/\/delasciencias.com\/inicio\/wp-content\/uploads\/2021\/12\/200-2004670_related-wallpapers-boton-contacto-png-300x88.jpg 300w, https:\/\/delasciencias.com\/inicio\/wp-content\/uploads\/2021\/12\/200-2004670_related-wallpapers-boton-contacto-png-768x226.jpg 768w\" sizes=\"auto, (max-width: 335px) 100vw, 335px\" \/><\/a><\/figure><\/div>\n","protected":false},"excerpt":{"rendered":"<p>PRUEBA DE ACCESO A GRADO MEDIO En nuestras Academias podr\u00e1s prepararte los ex\u00e1menes para acceder a los&nbsp;Ciclos Formativos de Grado Medio. Organizamos un curso durante los meses de octubre hasta el d\u00eda<a class=\"moretag\" href=\"https:\/\/delasciencias.com\/inicio\/pruebas-de-acceso\/acceso-a-grado-medio\/\">Leer m\u00e1s&#8230;<\/a><\/p>\n","protected":false},"author":1,"featured_media":0,"parent":2741,"menu_order":1,"comment_status":"closed","ping_status":"closed","template":"","meta":{"footnotes":""},"class_list":["post-2770","page","type-page","status-publish","hentry"],"yoast_head":"<!-- This site is optimized with the Yoast SEO plugin v27.3 - https:\/\/yoast.com\/product\/yoast-seo-wordpress\/ -->\n<title>ACCESO A GRADO MEDIO - Tu Academia en Tomares | DE LAS CIENCIAS Academia en Tomares y Marchena | De Las Ciencias<\/title>\n<meta name=\"description\" content=\"Clases de apoyo escolar o particulares en Tomares y Marchena\" \/>\n<meta name=\"robots\" content=\"index, follow, max-snippet:-1, max-image-preview:large, max-video-preview:-1\" \/>\n<link rel=\"canonical\" href=\"https:\/\/delasciencias.com\/inicio\/pruebas-de-acceso\/acceso-a-grado-medio\/\" \/>\n<meta property=\"og:locale\" content=\"es_ES\" \/>\n<meta property=\"og:type\" content=\"article\" \/>\n<meta property=\"og:title\" content=\"ACCESO A GRADO MEDIO - Tu Academia en Tomares | DE LAS CIENCIAS Academia en Tomares y Marchena | De Las Ciencias\" \/>\n<meta property=\"og:description\" content=\"Clases de apoyo escolar o particulares en Tomares y Marchena\" \/>\n<meta property=\"og:url\" content=\"https:\/\/delasciencias.com\/inicio\/pruebas-de-acceso\/acceso-a-grado-medio\/\" \/>\n<meta property=\"og:site_name\" content=\"Tu Academia en Tomares | DE LAS CIENCIAS\" \/>\n<meta property=\"article:publisher\" content=\"https:\/\/www.facebook.com\/DeLasCiencias\/\" \/>\n<meta property=\"article:modified_time\" content=\"2022-03-14T10:57:53+00:00\" \/>\n<meta property=\"og:image\" content=\"https:\/\/delasciencias.com\/inicio\/wp-content\/uploads\/2021\/11\/download-1.jpg\" \/>\n<meta name=\"twitter:card\" content=\"summary_large_image\" \/>\n<meta name=\"twitter:site\" content=\"@LasCiencias\" \/>\n<meta name=\"twitter:label1\" content=\"Tiempo de lectura\" \/>\n\t<meta name=\"twitter:data1\" content=\"1 minuto\" \/>\n<script type=\"application\/ld+json\" class=\"yoast-schema-graph\">{\"@context\":\"https:\\\/\\\/schema.org\",\"@graph\":[{\"@type\":\"WebPage\",\"@id\":\"https:\\\/\\\/delasciencias.com\\\/inicio\\\/pruebas-de-acceso\\\/acceso-a-grado-medio\\\/\",\"url\":\"https:\\\/\\\/delasciencias.com\\\/inicio\\\/pruebas-de-acceso\\\/acceso-a-grado-medio\\\/\",\"name\":\"ACCESO A GRADO MEDIO - Tu Academia en Tomares | DE LAS CIENCIAS Academia en Tomares y Marchena | De Las Ciencias\",\"isPartOf\":{\"@id\":\"https:\\\/\\\/delasciencias.com\\\/inicio\\\/#website\"},\"primaryImageOfPage\":{\"@id\":\"https:\\\/\\\/delasciencias.com\\\/inicio\\\/pruebas-de-acceso\\\/acceso-a-grado-medio\\\/#primaryimage\"},\"image\":{\"@id\":\"https:\\\/\\\/delasciencias.com\\\/inicio\\\/pruebas-de-acceso\\\/acceso-a-grado-medio\\\/#primaryimage\"},\"thumbnailUrl\":\"https:\\\/\\\/delasciencias.com\\\/inicio\\\/wp-content\\\/uploads\\\/2021\\\/11\\\/download-1.jpg\",\"datePublished\":\"2021-11-25T10:55:53+00:00\",\"dateModified\":\"2022-03-14T10:57:53+00:00\",\"description\":\"Clases de apoyo escolar o particulares en Tomares y Marchena\",\"breadcrumb\":{\"@id\":\"https:\\\/\\\/delasciencias.com\\\/inicio\\\/pruebas-de-acceso\\\/acceso-a-grado-medio\\\/#breadcrumb\"},\"inLanguage\":\"es\",\"potentialAction\":[{\"@type\":\"ReadAction\",\"target\":[\"https:\\\/\\\/delasciencias.com\\\/inicio\\\/pruebas-de-acceso\\\/acceso-a-grado-medio\\\/\"]}]},{\"@type\":\"ImageObject\",\"inLanguage\":\"es\",\"@id\":\"https:\\\/\\\/delasciencias.com\\\/inicio\\\/pruebas-de-acceso\\\/acceso-a-grado-medio\\\/#primaryimage\",\"url\":\"https:\\\/\\\/delasciencias.com\\\/inicio\\\/wp-content\\\/uploads\\\/2021\\\/11\\\/download-1.jpg\",\"contentUrl\":\"https:\\\/\\\/delasciencias.com\\\/inicio\\\/wp-content\\\/uploads\\\/2021\\\/11\\\/download-1.jpg\",\"width\":275,\"height\":183},{\"@type\":\"BreadcrumbList\",\"@id\":\"https:\\\/\\\/delasciencias.com\\\/inicio\\\/pruebas-de-acceso\\\/acceso-a-grado-medio\\\/#breadcrumb\",\"itemListElement\":[{\"@type\":\"ListItem\",\"position\":1,\"name\":\"Portada\",\"item\":\"https:\\\/\\\/delasciencias.com\\\/inicio\\\/\"},{\"@type\":\"ListItem\",\"position\":2,\"name\":\"PRUEBAS DE ACCESO e IDIOMAS\",\"item\":\"https:\\\/\\\/delasciencias.com\\\/inicio\\\/pruebas-de-acceso\\\/\"},{\"@type\":\"ListItem\",\"position\":3,\"name\":\"ACCESO A GRADO MEDIO\"}]},{\"@type\":\"WebSite\",\"@id\":\"https:\\\/\\\/delasciencias.com\\\/inicio\\\/#website\",\"url\":\"https:\\\/\\\/delasciencias.com\\\/inicio\\\/\",\"name\":\"Tu Academia en Tomares | DE LAS CIENCIAS\",\"description\":\"Clases de apoyo o particulares en Tomares\",\"publisher\":{\"@id\":\"https:\\\/\\\/delasciencias.com\\\/inicio\\\/#organization\"},\"alternateName\":\"Academia De Las Ciencias\",\"inLanguage\":\"es\"},{\"@type\":\"Organization\",\"@id\":\"https:\\\/\\\/delasciencias.com\\\/inicio\\\/#organization\",\"name\":\"ACADEMIA DE LAS CIENCIAS | TOMARES | MARCHENA\",\"alternateName\":\"CLASES DE APOYO ESCOLAR y PARTICULARES | TOMARES | MARCHENA\",\"url\":\"https:\\\/\\\/delasciencias.com\\\/inicio\\\/\",\"logo\":{\"@type\":\"ImageObject\",\"inLanguage\":\"es\",\"@id\":\"https:\\\/\\\/delasciencias.com\\\/inicio\\\/#\\\/schema\\\/logo\\\/image\\\/\",\"url\":\"https:\\\/\\\/delasciencias.com\\\/inicio\\\/wp-content\\\/uploads\\\/2020\\\/11\\\/Captura-de-pantalla-2019-10-12-a-las-0.03.45.png\",\"contentUrl\":\"https:\\\/\\\/delasciencias.com\\\/inicio\\\/wp-content\\\/uploads\\\/2020\\\/11\\\/Captura-de-pantalla-2019-10-12-a-las-0.03.45.png\",\"width\":257,\"height\":254,\"caption\":\"ACADEMIA DE LAS CIENCIAS | TOMARES | MARCHENA\"},\"image\":{\"@id\":\"https:\\\/\\\/delasciencias.com\\\/inicio\\\/#\\\/schema\\\/logo\\\/image\\\/\"},\"sameAs\":[\"https:\\\/\\\/www.facebook.com\\\/DeLasCiencias\\\/\",\"https:\\\/\\\/x.com\\\/LasCiencias\",\"https:\\\/\\\/www.instagram.com\\\/delas_ciencias\\\/\",\"https:\\\/\\\/www.youtube.com\\\/channel\\\/UC2Kc8NJRRsyI6awzYByAgdg\"]}]}<\/script>\n<!-- \/ Yoast SEO plugin. -->","yoast_head_json":{"title":"ACCESO A GRADO MEDIO - Tu Academia en Tomares | DE LAS CIENCIAS Academia en Tomares y Marchena | De Las Ciencias","description":"Clases de apoyo escolar o particulares en Tomares y Marchena","robots":{"index":"index","follow":"follow","max-snippet":"max-snippet:-1","max-image-preview":"max-image-preview:large","max-video-preview":"max-video-preview:-1"},"canonical":"https:\/\/delasciencias.com\/inicio\/pruebas-de-acceso\/acceso-a-grado-medio\/","og_locale":"es_ES","og_type":"article","og_title":"ACCESO A GRADO MEDIO - Tu Academia en Tomares | DE LAS CIENCIAS Academia en Tomares y Marchena | De Las Ciencias","og_description":"Clases de apoyo escolar o particulares en Tomares y Marchena","og_url":"https:\/\/delasciencias.com\/inicio\/pruebas-de-acceso\/acceso-a-grado-medio\/","og_site_name":"Tu Academia en Tomares | DE LAS CIENCIAS","article_publisher":"https:\/\/www.facebook.com\/DeLasCiencias\/","article_modified_time":"2022-03-14T10:57:53+00:00","og_image":[{"url":"https:\/\/delasciencias.com\/inicio\/wp-content\/uploads\/2021\/11\/download-1.jpg","type":"","width":"","height":""}],"twitter_card":"summary_large_image","twitter_site":"@LasCiencias","twitter_misc":{"Tiempo de lectura":"1 minuto"},"schema":{"@context":"https:\/\/schema.org","@graph":[{"@type":"WebPage","@id":"https:\/\/delasciencias.com\/inicio\/pruebas-de-acceso\/acceso-a-grado-medio\/","url":"https:\/\/delasciencias.com\/inicio\/pruebas-de-acceso\/acceso-a-grado-medio\/","name":"ACCESO A GRADO MEDIO - Tu Academia en Tomares | DE LAS CIENCIAS Academia en Tomares y Marchena | De Las Ciencias","isPartOf":{"@id":"https:\/\/delasciencias.com\/inicio\/#website"},"primaryImageOfPage":{"@id":"https:\/\/delasciencias.com\/inicio\/pruebas-de-acceso\/acceso-a-grado-medio\/#primaryimage"},"image":{"@id":"https:\/\/delasciencias.com\/inicio\/pruebas-de-acceso\/acceso-a-grado-medio\/#primaryimage"},"thumbnailUrl":"https:\/\/delasciencias.com\/inicio\/wp-content\/uploads\/2021\/11\/download-1.jpg","datePublished":"2021-11-25T10:55:53+00:00","dateModified":"2022-03-14T10:57:53+00:00","description":"Clases de apoyo escolar o particulares en Tomares y Marchena","breadcrumb":{"@id":"https:\/\/delasciencias.com\/inicio\/pruebas-de-acceso\/acceso-a-grado-medio\/#breadcrumb"},"inLanguage":"es","potentialAction":[{"@type":"ReadAction","target":["https:\/\/delasciencias.com\/inicio\/pruebas-de-acceso\/acceso-a-grado-medio\/"]}]},{"@type":"ImageObject","inLanguage":"es","@id":"https:\/\/delasciencias.com\/inicio\/pruebas-de-acceso\/acceso-a-grado-medio\/#primaryimage","url":"https:\/\/delasciencias.com\/inicio\/wp-content\/uploads\/2021\/11\/download-1.jpg","contentUrl":"https:\/\/delasciencias.com\/inicio\/wp-content\/uploads\/2021\/11\/download-1.jpg","width":275,"height":183},{"@type":"BreadcrumbList","@id":"https:\/\/delasciencias.com\/inicio\/pruebas-de-acceso\/acceso-a-grado-medio\/#breadcrumb","itemListElement":[{"@type":"ListItem","position":1,"name":"Portada","item":"https:\/\/delasciencias.com\/inicio\/"},{"@type":"ListItem","position":2,"name":"PRUEBAS DE ACCESO e IDIOMAS","item":"https:\/\/delasciencias.com\/inicio\/pruebas-de-acceso\/"},{"@type":"ListItem","position":3,"name":"ACCESO A GRADO MEDIO"}]},{"@type":"WebSite","@id":"https:\/\/delasciencias.com\/inicio\/#website","url":"https:\/\/delasciencias.com\/inicio\/","name":"Tu Academia en Tomares | DE LAS CIENCIAS","description":"Clases de apoyo o particulares en Tomares","publisher":{"@id":"https:\/\/delasciencias.com\/inicio\/#organization"},"alternateName":"Academia De Las Ciencias","inLanguage":"es"},{"@type":"Organization","@id":"https:\/\/delasciencias.com\/inicio\/#organization","name":"ACADEMIA DE LAS CIENCIAS | TOMARES | MARCHENA","alternateName":"CLASES DE APOYO ESCOLAR y PARTICULARES | TOMARES | MARCHENA","url":"https:\/\/delasciencias.com\/inicio\/","logo":{"@type":"ImageObject","inLanguage":"es","@id":"https:\/\/delasciencias.com\/inicio\/#\/schema\/logo\/image\/","url":"https:\/\/delasciencias.com\/inicio\/wp-content\/uploads\/2020\/11\/Captura-de-pantalla-2019-10-12-a-las-0.03.45.png","contentUrl":"https:\/\/delasciencias.com\/inicio\/wp-content\/uploads\/2020\/11\/Captura-de-pantalla-2019-10-12-a-las-0.03.45.png","width":257,"height":254,"caption":"ACADEMIA DE LAS CIENCIAS | TOMARES | MARCHENA"},"image":{"@id":"https:\/\/delasciencias.com\/inicio\/#\/schema\/logo\/image\/"},"sameAs":["https:\/\/www.facebook.com\/DeLasCiencias\/","https:\/\/x.com\/LasCiencias","https:\/\/www.instagram.com\/delas_ciencias\/","https:\/\/www.youtube.com\/channel\/UC2Kc8NJRRsyI6awzYByAgdg"]}]}},"_links":{"self":[{"href":"https:\/\/delasciencias.com\/inicio\/wp-json\/wp\/v2\/pages\/2770","targetHints":{"allow":["GET"]}}],"collection":[{"href":"https:\/\/delasciencias.com\/inicio\/wp-json\/wp\/v2\/pages"}],"about":[{"href":"https:\/\/delasciencias.com\/inicio\/wp-json\/wp\/v2\/types\/page"}],"author":[{"embeddable":true,"href":"https:\/\/delasciencias.com\/inicio\/wp-json\/wp\/v2\/users\/1"}],"replies":[{"embeddable":true,"href":"https:\/\/delasciencias.com\/inicio\/wp-json\/wp\/v2\/comments?post=2770"}],"version-history":[{"count":3,"href":"https:\/\/delasciencias.com\/inicio\/wp-json\/wp\/v2\/pages\/2770\/revisions"}],"predecessor-version":[{"id":2969,"href":"https:\/\/delasciencias.com\/inicio\/wp-json\/wp\/v2\/pages\/2770\/revisions\/2969"}],"up":[{"embeddable":true,"href":"https:\/\/delasciencias.com\/inicio\/wp-json\/wp\/v2\/pages\/2741"}],"wp:attachment":[{"href":"https:\/\/delasciencias.com\/inicio\/wp-json\/wp\/v2\/media?parent=2770"}],"curies":[{"name":"wp","href":"https:\/\/api.w.org\/{rel}","templated":true}]}}