{"id":2761,"date":"2021-11-25T11:13:37","date_gmt":"2021-11-25T10:13:37","guid":{"rendered":"http:\/\/delasciencias.com\/inicio\/?page_id=2761"},"modified":"2022-03-14T11:56:03","modified_gmt":"2022-03-14T10:56:03","slug":"acceso-grado-superior","status":"publish","type":"page","link":"https:\/\/delasciencias.com\/inicio\/pruebas-de-acceso\/acceso-grado-superior\/","title":{"rendered":"ACCESO GRADO SUPERIOR"},"content":{"rendered":"\n<h2 class=\"has-text-align-center wp-block-heading\">Prueba de Acceso a Grado Superior<\/h2>\n\n\n\n<p><strong>Ciclos Formativos<\/strong>&nbsp;pueden ser una buena opci\u00f3n si estas pensando retomar o ampliar tu formaci\u00f3n acad\u00e9mica, pues muchos de ellos tienen gran salida en el mundo laboral. <\/p>\n\n\n\n<p>Hay amplio abanico de&nbsp;<strong>Grado Superior<\/strong>&nbsp; a elegir y seguro que encuentras el que&nbsp;m\u00e1s te gusta. Esta formaci\u00f3n acad\u00e9mica esta enfocada a la formaci\u00f3n pr\u00e1ctica y cada vez se est\u00e1 convirtiendo en el trampol\u00edn con el que los j\u00f3venes consiguen empleo. Algunos de las familias de estos Grados son la Electr\u00f3nica, dise\u00f1o gr\u00e1fico, inform\u00e1tica, radioterapia, mec\u00e1nica, etc. <\/p>\n\n\n\n<div class=\"wp-block-image\"><figure class=\"aligncenter size-large is-resized\"><img loading=\"lazy\" decoding=\"async\" src=\"https:\/\/delasciencias.com\/inicio\/wp-content\/uploads\/2021\/11\/download.jpg\" alt=\"\" class=\"wp-image-2762\" width=\"319\" height=\"179\"\/><\/figure><\/div>\n\n\n\n<p>Sea cual sea el ciclo&nbsp;que quieras, en nuestras Academias ponemos a tu disposici\u00f3n un curso anual, puedas asistir de forma presencial u online, con profesores especializados y clases para las diferentes&nbsp;asignaturas que te ayudar\u00e1n a superar las&nbsp;<strong>Pruebas de Acceso a Grado Superior<\/strong>. Nuestro curso de preparaci\u00f3n para el acceso a los Ciclos de Grado Superior se desarrolla&nbsp;desde octubre hasta mediados de mayo. <\/p>\n\n\n\n<hr class=\"wp-block-separator is-style-dots\"\/>\n\n\n\n<h3 class=\"has-text-align-center wp-block-heading\">NUESTRO CURSO<\/h3>\n\n\n\n<p>Se dan tres horas semanales de cada asignatura, normalmente repartidas en dos clases de noventa minutos. Impartimos todas las asignaturas que entran en la prueba de acceso, algunas de las materias requieren un m\u00ednimo de alumnos para formar grupo. El curso se desarrolla turno de ma\u00f1ana de lunes a jueves y los fines de semana. Las clases perdidas en festivos ser\u00e1n recuperadas en un horario consensuado con la academia. <\/p>\n\n\n\n<p>Nuestro equipo docente eval\u00faa peri\u00f3dicamente la evoluci\u00f3n acad\u00e9mica de cada&nbsp;uno de los alumnos. Tambi\u00e9n ponemos a tu disposici\u00f3n el&nbsp;<strong>aula de estudio<\/strong>&nbsp;donde puedes estudiar con nosotros y resolver tus dudas puntuales, es imprescindible reservar el aula de estudio con antelaci\u00f3n. <\/p>\n\n\n\n<div class=\"wp-block-image\"><figure class=\"aligncenter size-large is-resized\"><img loading=\"lazy\" decoding=\"async\" src=\"https:\/\/delasciencias.com\/inicio\/wp-content\/uploads\/2021\/11\/images.jpg\" alt=\"\" class=\"wp-image-2763\" width=\"369\" height=\"245\"\/><\/figure><\/div>\n\n\n\n<hr class=\"wp-block-separator is-style-dots\"\/>\n\n\n\n<h3 class=\"has-text-align-center wp-block-heading\">COMO ES LA PRUEBA<\/h3>\n\n\n\n<p>La prueba de acceso a grado superior consta de varios ex\u00e1menes, clasificados en parte com\u00fan y parte espec\u00edfica.<\/p>\n\n\n\n<p>Dentro de la parte com\u00fan se encuentran los ex\u00e1menes de Lengua Castellana y Literatura, Matem\u00e1ticas y Lengua extranjera.<\/p>\n\n\n\n<p>En la parte espec\u00edfica, hay que elegir una de las tres opciones seg\u00fan la familia del ciclo formativo que se vaya a cursar:<\/p>\n\n\n\n<p>\u2013 Opci\u00f3n A: Econom\u00eda de la Empresa, Geograf\u00eda y Segunda Lengua Extranjera<\/p>\n\n\n\n<p>\u2013 Opci\u00f3n B: F\u00edsica, Dibujo T\u00e9cnico y Tecnolog\u00eda Industrial.<\/p>\n\n\n\n<p>\u2013 Opci\u00f3n C: Qu\u00edmica, Biolog\u00eda y Ciencias de la Tierra y el Medio Ambiente.<\/p>\n\n\n\n<p>En cada opci\u00f3n se elegir\u00e1 en el momento de realizar la prueba,&nbsp;<strong>dos ejercicios<\/strong>&nbsp;de entre los tres posibles.<a href=\"https:\/\/www.academiamn.com\/enviar-reserva.php\"><\/a><\/p>\n\n\n\n<hr class=\"wp-block-separator is-style-dots\"\/>\n\n\n\n<div class=\"wp-block-image\"><figure class=\"aligncenter size-large is-resized\"><a href=\"https:\/\/delasciencias.com\/inicio\/contacto\/reserva\/\"><img loading=\"lazy\" decoding=\"async\" src=\"https:\/\/delasciencias.com\/inicio\/wp-content\/uploads\/2020\/04\/unnamed.png\" alt=\"\" class=\"wp-image-1803\" width=\"317\" height=\"111\" srcset=\"https:\/\/delasciencias.com\/inicio\/wp-content\/uploads\/2020\/04\/unnamed.png 512w, https:\/\/delasciencias.com\/inicio\/wp-content\/uploads\/2020\/04\/unnamed-300x105.png 300w\" sizes=\"auto, (max-width: 317px) 100vw, 317px\" \/><\/a><figcaption>\u00bfTienes alguna duda?&nbsp;<a rel=\"noreferrer noopener\" href=\"https:\/\/delasciencias.com\/inicio\/contacto\/\" target=\"_blank\"><strong>Contacta con nosotros<\/strong><\/a><\/figcaption><\/figure><\/div>\n\n\n\n<div class=\"wp-block-image\"><figure class=\"aligncenter size-large is-resized\"><a href=\"https:\/\/delasciencias.com\/inicio\/contacto\/\"><img loading=\"lazy\" decoding=\"async\" src=\"https:\/\/delasciencias.com\/inicio\/wp-content\/uploads\/2021\/12\/200-2004670_related-wallpapers-boton-contacto-png.jpg\" alt=\"\" class=\"wp-image-2823\" width=\"320\" height=\"94\" srcset=\"https:\/\/delasciencias.com\/inicio\/wp-content\/uploads\/2021\/12\/200-2004670_related-wallpapers-boton-contacto-png.jpg 820w, https:\/\/delasciencias.com\/inicio\/wp-content\/uploads\/2021\/12\/200-2004670_related-wallpapers-boton-contacto-png-300x88.jpg 300w, https:\/\/delasciencias.com\/inicio\/wp-content\/uploads\/2021\/12\/200-2004670_related-wallpapers-boton-contacto-png-768x226.jpg 768w\" sizes=\"auto, (max-width: 320px) 100vw, 320px\" \/><\/a><\/figure><\/div>\n","protected":false},"excerpt":{"rendered":"<p>Prueba de Acceso a Grado Superior Ciclos Formativos&nbsp;pueden ser una buena opci\u00f3n si estas pensando retomar o ampliar tu formaci\u00f3n acad\u00e9mica, pues muchos de ellos tienen gran salida en el mundo laboral.<a class=\"moretag\" href=\"https:\/\/delasciencias.com\/inicio\/pruebas-de-acceso\/acceso-grado-superior\/\">Leer m\u00e1s&#8230;<\/a><\/p>\n","protected":false},"author":1,"featured_media":0,"parent":2741,"menu_order":0,"comment_status":"closed","ping_status":"closed","template":"","meta":{"footnotes":""},"class_list":["post-2761","page","type-page","status-publish","hentry"],"yoast_head":"<!-- This site is optimized with the Yoast SEO plugin v27.3 - https:\/\/yoast.com\/product\/yoast-seo-wordpress\/ -->\n<title>ACCESO GRADO SUPERIOR - Tu Academia en Tomares | DE LAS CIENCIAS Academia en Tomares y Marchena | De Las Ciencias<\/title>\n<meta name=\"description\" content=\"Clases de apoyo escolar o particulares en Tomares y Marchena\" \/>\n<meta name=\"robots\" content=\"index, follow, max-snippet:-1, max-image-preview:large, max-video-preview:-1\" \/>\n<link rel=\"canonical\" href=\"https:\/\/delasciencias.com\/inicio\/pruebas-de-acceso\/acceso-grado-superior\/\" \/>\n<meta property=\"og:locale\" content=\"es_ES\" \/>\n<meta property=\"og:type\" content=\"article\" \/>\n<meta property=\"og:title\" content=\"ACCESO GRADO SUPERIOR - Tu Academia en Tomares | DE LAS CIENCIAS Academia en Tomares y Marchena | De Las Ciencias\" \/>\n<meta property=\"og:description\" content=\"Clases de apoyo escolar o particulares en Tomares y Marchena\" \/>\n<meta property=\"og:url\" content=\"https:\/\/delasciencias.com\/inicio\/pruebas-de-acceso\/acceso-grado-superior\/\" \/>\n<meta property=\"og:site_name\" content=\"Tu Academia en Tomares | DE LAS CIENCIAS\" \/>\n<meta property=\"article:publisher\" content=\"https:\/\/www.facebook.com\/DeLasCiencias\/\" \/>\n<meta property=\"article:modified_time\" content=\"2022-03-14T10:56:03+00:00\" \/>\n<meta property=\"og:image\" content=\"https:\/\/delasciencias.com\/inicio\/wp-content\/uploads\/2021\/11\/download.jpg\" \/>\n<meta name=\"twitter:card\" content=\"summary_large_image\" \/>\n<meta name=\"twitter:site\" content=\"@LasCiencias\" \/>\n<meta name=\"twitter:label1\" content=\"Tiempo de lectura\" \/>\n\t<meta name=\"twitter:data1\" content=\"2 minutos\" \/>\n<script type=\"application\/ld+json\" class=\"yoast-schema-graph\">{\"@context\":\"https:\\\/\\\/schema.org\",\"@graph\":[{\"@type\":\"WebPage\",\"@id\":\"https:\\\/\\\/delasciencias.com\\\/inicio\\\/pruebas-de-acceso\\\/acceso-grado-superior\\\/\",\"url\":\"https:\\\/\\\/delasciencias.com\\\/inicio\\\/pruebas-de-acceso\\\/acceso-grado-superior\\\/\",\"name\":\"ACCESO GRADO SUPERIOR - Tu Academia en Tomares | DE LAS CIENCIAS Academia en Tomares y Marchena | De Las Ciencias\",\"isPartOf\":{\"@id\":\"https:\\\/\\\/delasciencias.com\\\/inicio\\\/#website\"},\"primaryImageOfPage\":{\"@id\":\"https:\\\/\\\/delasciencias.com\\\/inicio\\\/pruebas-de-acceso\\\/acceso-grado-superior\\\/#primaryimage\"},\"image\":{\"@id\":\"https:\\\/\\\/delasciencias.com\\\/inicio\\\/pruebas-de-acceso\\\/acceso-grado-superior\\\/#primaryimage\"},\"thumbnailUrl\":\"https:\\\/\\\/delasciencias.com\\\/inicio\\\/wp-content\\\/uploads\\\/2021\\\/11\\\/download.jpg\",\"datePublished\":\"2021-11-25T10:13:37+00:00\",\"dateModified\":\"2022-03-14T10:56:03+00:00\",\"description\":\"Clases de apoyo escolar o particulares en Tomares y Marchena\",\"breadcrumb\":{\"@id\":\"https:\\\/\\\/delasciencias.com\\\/inicio\\\/pruebas-de-acceso\\\/acceso-grado-superior\\\/#breadcrumb\"},\"inLanguage\":\"es\",\"potentialAction\":[{\"@type\":\"ReadAction\",\"target\":[\"https:\\\/\\\/delasciencias.com\\\/inicio\\\/pruebas-de-acceso\\\/acceso-grado-superior\\\/\"]}]},{\"@type\":\"ImageObject\",\"inLanguage\":\"es\",\"@id\":\"https:\\\/\\\/delasciencias.com\\\/inicio\\\/pruebas-de-acceso\\\/acceso-grado-superior\\\/#primaryimage\",\"url\":\"https:\\\/\\\/delasciencias.com\\\/inicio\\\/wp-content\\\/uploads\\\/2021\\\/11\\\/download.jpg\",\"contentUrl\":\"https:\\\/\\\/delasciencias.com\\\/inicio\\\/wp-content\\\/uploads\\\/2021\\\/11\\\/download.jpg\",\"width\":299,\"height\":168},{\"@type\":\"BreadcrumbList\",\"@id\":\"https:\\\/\\\/delasciencias.com\\\/inicio\\\/pruebas-de-acceso\\\/acceso-grado-superior\\\/#breadcrumb\",\"itemListElement\":[{\"@type\":\"ListItem\",\"position\":1,\"name\":\"Portada\",\"item\":\"https:\\\/\\\/delasciencias.com\\\/inicio\\\/\"},{\"@type\":\"ListItem\",\"position\":2,\"name\":\"PRUEBAS DE ACCESO e IDIOMAS\",\"item\":\"https:\\\/\\\/delasciencias.com\\\/inicio\\\/pruebas-de-acceso\\\/\"},{\"@type\":\"ListItem\",\"position\":3,\"name\":\"ACCESO GRADO SUPERIOR\"}]},{\"@type\":\"WebSite\",\"@id\":\"https:\\\/\\\/delasciencias.com\\\/inicio\\\/#website\",\"url\":\"https:\\\/\\\/delasciencias.com\\\/inicio\\\/\",\"name\":\"Tu Academia en Tomares | DE LAS CIENCIAS\",\"description\":\"Clases de apoyo o particulares en Tomares\",\"publisher\":{\"@id\":\"https:\\\/\\\/delasciencias.com\\\/inicio\\\/#organization\"},\"alternateName\":\"Academia De Las Ciencias\",\"inLanguage\":\"es\"},{\"@type\":\"Organization\",\"@id\":\"https:\\\/\\\/delasciencias.com\\\/inicio\\\/#organization\",\"name\":\"ACADEMIA DE LAS CIENCIAS | TOMARES | MARCHENA\",\"alternateName\":\"CLASES DE APOYO ESCOLAR y PARTICULARES | TOMARES | MARCHENA\",\"url\":\"https:\\\/\\\/delasciencias.com\\\/inicio\\\/\",\"logo\":{\"@type\":\"ImageObject\",\"inLanguage\":\"es\",\"@id\":\"https:\\\/\\\/delasciencias.com\\\/inicio\\\/#\\\/schema\\\/logo\\\/image\\\/\",\"url\":\"https:\\\/\\\/delasciencias.com\\\/inicio\\\/wp-content\\\/uploads\\\/2020\\\/11\\\/Captura-de-pantalla-2019-10-12-a-las-0.03.45.png\",\"contentUrl\":\"https:\\\/\\\/delasciencias.com\\\/inicio\\\/wp-content\\\/uploads\\\/2020\\\/11\\\/Captura-de-pantalla-2019-10-12-a-las-0.03.45.png\",\"width\":257,\"height\":254,\"caption\":\"ACADEMIA DE LAS CIENCIAS | TOMARES | MARCHENA\"},\"image\":{\"@id\":\"https:\\\/\\\/delasciencias.com\\\/inicio\\\/#\\\/schema\\\/logo\\\/image\\\/\"},\"sameAs\":[\"https:\\\/\\\/www.facebook.com\\\/DeLasCiencias\\\/\",\"https:\\\/\\\/x.com\\\/LasCiencias\",\"https:\\\/\\\/www.instagram.com\\\/delas_ciencias\\\/\",\"https:\\\/\\\/www.youtube.com\\\/channel\\\/UC2Kc8NJRRsyI6awzYByAgdg\"]}]}<\/script>\n<!-- \/ Yoast SEO plugin. -->","yoast_head_json":{"title":"ACCESO GRADO SUPERIOR - Tu Academia en Tomares | DE LAS CIENCIAS Academia en Tomares y Marchena | De Las Ciencias","description":"Clases de apoyo escolar o particulares en Tomares y Marchena","robots":{"index":"index","follow":"follow","max-snippet":"max-snippet:-1","max-image-preview":"max-image-preview:large","max-video-preview":"max-video-preview:-1"},"canonical":"https:\/\/delasciencias.com\/inicio\/pruebas-de-acceso\/acceso-grado-superior\/","og_locale":"es_ES","og_type":"article","og_title":"ACCESO GRADO SUPERIOR - Tu Academia en Tomares | DE LAS CIENCIAS Academia en Tomares y Marchena | De Las Ciencias","og_description":"Clases de apoyo escolar o particulares en Tomares y Marchena","og_url":"https:\/\/delasciencias.com\/inicio\/pruebas-de-acceso\/acceso-grado-superior\/","og_site_name":"Tu Academia en Tomares | DE LAS CIENCIAS","article_publisher":"https:\/\/www.facebook.com\/DeLasCiencias\/","article_modified_time":"2022-03-14T10:56:03+00:00","og_image":[{"url":"https:\/\/delasciencias.com\/inicio\/wp-content\/uploads\/2021\/11\/download.jpg","type":"","width":"","height":""}],"twitter_card":"summary_large_image","twitter_site":"@LasCiencias","twitter_misc":{"Tiempo de lectura":"2 minutos"},"schema":{"@context":"https:\/\/schema.org","@graph":[{"@type":"WebPage","@id":"https:\/\/delasciencias.com\/inicio\/pruebas-de-acceso\/acceso-grado-superior\/","url":"https:\/\/delasciencias.com\/inicio\/pruebas-de-acceso\/acceso-grado-superior\/","name":"ACCESO GRADO SUPERIOR - Tu Academia en Tomares | DE LAS CIENCIAS Academia en Tomares y Marchena | De Las Ciencias","isPartOf":{"@id":"https:\/\/delasciencias.com\/inicio\/#website"},"primaryImageOfPage":{"@id":"https:\/\/delasciencias.com\/inicio\/pruebas-de-acceso\/acceso-grado-superior\/#primaryimage"},"image":{"@id":"https:\/\/delasciencias.com\/inicio\/pruebas-de-acceso\/acceso-grado-superior\/#primaryimage"},"thumbnailUrl":"https:\/\/delasciencias.com\/inicio\/wp-content\/uploads\/2021\/11\/download.jpg","datePublished":"2021-11-25T10:13:37+00:00","dateModified":"2022-03-14T10:56:03+00:00","description":"Clases de apoyo escolar o particulares en Tomares y Marchena","breadcrumb":{"@id":"https:\/\/delasciencias.com\/inicio\/pruebas-de-acceso\/acceso-grado-superior\/#breadcrumb"},"inLanguage":"es","potentialAction":[{"@type":"ReadAction","target":["https:\/\/delasciencias.com\/inicio\/pruebas-de-acceso\/acceso-grado-superior\/"]}]},{"@type":"ImageObject","inLanguage":"es","@id":"https:\/\/delasciencias.com\/inicio\/pruebas-de-acceso\/acceso-grado-superior\/#primaryimage","url":"https:\/\/delasciencias.com\/inicio\/wp-content\/uploads\/2021\/11\/download.jpg","contentUrl":"https:\/\/delasciencias.com\/inicio\/wp-content\/uploads\/2021\/11\/download.jpg","width":299,"height":168},{"@type":"BreadcrumbList","@id":"https:\/\/delasciencias.com\/inicio\/pruebas-de-acceso\/acceso-grado-superior\/#breadcrumb","itemListElement":[{"@type":"ListItem","position":1,"name":"Portada","item":"https:\/\/delasciencias.com\/inicio\/"},{"@type":"ListItem","position":2,"name":"PRUEBAS DE ACCESO e IDIOMAS","item":"https:\/\/delasciencias.com\/inicio\/pruebas-de-acceso\/"},{"@type":"ListItem","position":3,"name":"ACCESO GRADO SUPERIOR"}]},{"@type":"WebSite","@id":"https:\/\/delasciencias.com\/inicio\/#website","url":"https:\/\/delasciencias.com\/inicio\/","name":"Tu Academia en Tomares | DE LAS CIENCIAS","description":"Clases de apoyo o particulares en Tomares","publisher":{"@id":"https:\/\/delasciencias.com\/inicio\/#organization"},"alternateName":"Academia De Las Ciencias","inLanguage":"es"},{"@type":"Organization","@id":"https:\/\/delasciencias.com\/inicio\/#organization","name":"ACADEMIA DE LAS CIENCIAS | TOMARES | MARCHENA","alternateName":"CLASES DE APOYO ESCOLAR y PARTICULARES | TOMARES | MARCHENA","url":"https:\/\/delasciencias.com\/inicio\/","logo":{"@type":"ImageObject","inLanguage":"es","@id":"https:\/\/delasciencias.com\/inicio\/#\/schema\/logo\/image\/","url":"https:\/\/delasciencias.com\/inicio\/wp-content\/uploads\/2020\/11\/Captura-de-pantalla-2019-10-12-a-las-0.03.45.png","contentUrl":"https:\/\/delasciencias.com\/inicio\/wp-content\/uploads\/2020\/11\/Captura-de-pantalla-2019-10-12-a-las-0.03.45.png","width":257,"height":254,"caption":"ACADEMIA DE LAS CIENCIAS | TOMARES | MARCHENA"},"image":{"@id":"https:\/\/delasciencias.com\/inicio\/#\/schema\/logo\/image\/"},"sameAs":["https:\/\/www.facebook.com\/DeLasCiencias\/","https:\/\/x.com\/LasCiencias","https:\/\/www.instagram.com\/delas_ciencias\/","https:\/\/www.youtube.com\/channel\/UC2Kc8NJRRsyI6awzYByAgdg"]}]}},"_links":{"self":[{"href":"https:\/\/delasciencias.com\/inicio\/wp-json\/wp\/v2\/pages\/2761","targetHints":{"allow":["GET"]}}],"collection":[{"href":"https:\/\/delasciencias.com\/inicio\/wp-json\/wp\/v2\/pages"}],"about":[{"href":"https:\/\/delasciencias.com\/inicio\/wp-json\/wp\/v2\/types\/page"}],"author":[{"embeddable":true,"href":"https:\/\/delasciencias.com\/inicio\/wp-json\/wp\/v2\/users\/1"}],"replies":[{"embeddable":true,"href":"https:\/\/delasciencias.com\/inicio\/wp-json\/wp\/v2\/comments?post=2761"}],"version-history":[{"count":4,"href":"https:\/\/delasciencias.com\/inicio\/wp-json\/wp\/v2\/pages\/2761\/revisions"}],"predecessor-version":[{"id":2971,"href":"https:\/\/delasciencias.com\/inicio\/wp-json\/wp\/v2\/pages\/2761\/revisions\/2971"}],"up":[{"embeddable":true,"href":"https:\/\/delasciencias.com\/inicio\/wp-json\/wp\/v2\/pages\/2741"}],"wp:attachment":[{"href":"https:\/\/delasciencias.com\/inicio\/wp-json\/wp\/v2\/media?parent=2761"}],"curies":[{"name":"wp","href":"https:\/\/api.w.org\/{rel}","templated":true}]}}