{"id":211,"date":"2017-11-24T15:16:08","date_gmt":"2017-11-24T14:16:08","guid":{"rendered":"http:\/\/delasciencias.com\/wordpress\/?page_id=211"},"modified":"2020-04-24T20:09:17","modified_gmt":"2020-04-24T19:09:17","slug":"2o-bachiller","status":"publish","type":"page","link":"https:\/\/delasciencias.com\/inicio\/academiavirtual\/2o-bachiller\/","title":{"rendered":"2\u00ba BACHILLER"},"content":{"rendered":"<header class=\"entry-header\">\n<h1 class=\"entry-title\">2\u00ba BACHILLERATO<\/h1>\n<\/header>\n<div class=\"entry-content\">\n<p>Esta secci\u00f3n, esta orientada a los alumn@s de segundo de bachiller, en ella se encuentran res\u00famenes de F\u00edsica, de Qu\u00edmica y de Matem\u00e1ticas con el fin de ayudar a entender mejor las materias. Adem\u00e1s multitud\u00a0ejercicios de selectividad agrupados por temas de F\u00edsica, Qu\u00edmica y Matem\u00e1ticas que ayudaran a desarrollar las habilidades de los alumnos y que cojan mas confianza a la hora de afrontar los ex\u00e1menes.<\/p>\n<p><a href=\"http:\/\/delasciencias.com\/inicio\/academiavirtual\/2o-bachiller\/fisica\/\"><img loading=\"lazy\" decoding=\"async\" class=\"alignnone size-full wp-image-2031\" src=\"http:\/\/delasciencias.com\/inicio\/wp-content\/uploads\/2020\/04\/fisica.jpeg\" alt=\"\" width=\"225\" height=\"225\" srcset=\"https:\/\/delasciencias.com\/inicio\/wp-content\/uploads\/2020\/04\/fisica.jpeg 225w, https:\/\/delasciencias.com\/inicio\/wp-content\/uploads\/2020\/04\/fisica-150x150.jpeg 150w, https:\/\/delasciencias.com\/inicio\/wp-content\/uploads\/2020\/04\/fisica-100x100.jpeg 100w\" sizes=\"auto, (max-width: 225px) 100vw, 225px\" \/><\/a> \u00a0<a href=\"http:\/\/delasciencias.com\/inicio\/academiavirtual\/2o-bachiller\/quimica\/\"><img loading=\"lazy\" decoding=\"async\" class=\"alignnone size-medium wp-image-2033\" src=\"http:\/\/delasciencias.com\/inicio\/wp-content\/uploads\/2020\/04\/portada-lenguje2-300x232.png\" alt=\"\" width=\"300\" height=\"232\" srcset=\"https:\/\/delasciencias.com\/inicio\/wp-content\/uploads\/2020\/04\/portada-lenguje2-300x232.png 300w, https:\/\/delasciencias.com\/inicio\/wp-content\/uploads\/2020\/04\/portada-lenguje2.png 447w\" sizes=\"auto, (max-width: 300px) 100vw, 300px\" \/><\/a> <a href=\"http:\/\/delasciencias.com\/inicio\/academiavirtual\/2o-bachiller\/matematicas-ii\/\"><img loading=\"lazy\" decoding=\"async\" class=\"alignnone size-full wp-image-2034\" src=\"http:\/\/delasciencias.com\/inicio\/wp-content\/uploads\/2020\/04\/2f4fec5e0592aa3f2da4c2774be30a81.jpg\" alt=\"\" width=\"225\" height=\"225\" srcset=\"https:\/\/delasciencias.com\/inicio\/wp-content\/uploads\/2020\/04\/2f4fec5e0592aa3f2da4c2774be30a81.jpg 225w, https:\/\/delasciencias.com\/inicio\/wp-content\/uploads\/2020\/04\/2f4fec5e0592aa3f2da4c2774be30a81-150x150.jpg 150w, https:\/\/delasciencias.com\/inicio\/wp-content\/uploads\/2020\/04\/2f4fec5e0592aa3f2da4c2774be30a81-100x100.jpg 100w\" sizes=\"auto, (max-width: 225px) 100vw, 225px\" \/><\/a>\u00a0 \u00a0<a href=\"http:\/\/delasciencias.com\/inicio\/academiavirtual\/2o-bachiller\/matematicas-cc-ss-ii\/\"><img loading=\"lazy\" decoding=\"async\" class=\"alignnone size-medium wp-image-2035\" src=\"http:\/\/delasciencias.com\/inicio\/wp-content\/uploads\/2020\/04\/mccss-300x198.png\" alt=\"\" width=\"300\" height=\"198\" srcset=\"https:\/\/delasciencias.com\/inicio\/wp-content\/uploads\/2020\/04\/mccss-300x198.png 300w, https:\/\/delasciencias.com\/inicio\/wp-content\/uploads\/2020\/04\/mccss-600x397.png 600w, https:\/\/delasciencias.com\/inicio\/wp-content\/uploads\/2020\/04\/mccss.png 762w\" sizes=\"auto, (max-width: 300px) 100vw, 300px\" \/><\/a> \u00a0 <a href=\"http:\/\/delasciencias.com\/inicio\/academiavirtual\/2o-bachiller\/economia-de-la-empresa\/\"><img loading=\"lazy\" decoding=\"async\" class=\"alignnone size-medium wp-image-2036\" src=\"http:\/\/delasciencias.com\/inicio\/wp-content\/uploads\/2020\/04\/1369f203344f0f3b6a4a2e98845125a8-287x300.jpg\" alt=\"\" width=\"287\" height=\"300\" srcset=\"https:\/\/delasciencias.com\/inicio\/wp-content\/uploads\/2020\/04\/1369f203344f0f3b6a4a2e98845125a8-287x300.jpg 287w, https:\/\/delasciencias.com\/inicio\/wp-content\/uploads\/2020\/04\/1369f203344f0f3b6a4a2e98845125a8.jpg 450w\" sizes=\"auto, (max-width: 287px) 100vw, 287px\" \/><\/a>. <a href=\"http:\/\/delasciencias.com\/inicio\/academiavirtual\/2o-bachiller\/ciencias-de-la-tierra-y-el-medio-ambiente\/\"><img loading=\"lazy\" decoding=\"async\" class=\"alignnone size-medium wp-image-2037\" src=\"http:\/\/delasciencias.com\/inicio\/wp-content\/uploads\/2020\/04\/ctm-239x300.png\" alt=\"\" width=\"239\" height=\"300\" srcset=\"https:\/\/delasciencias.com\/inicio\/wp-content\/uploads\/2020\/04\/ctm-239x300.png 239w, https:\/\/delasciencias.com\/inicio\/wp-content\/uploads\/2020\/04\/ctm-817x1024.png 817w, https:\/\/delasciencias.com\/inicio\/wp-content\/uploads\/2020\/04\/ctm-768x962.png 768w, https:\/\/delasciencias.com\/inicio\/wp-content\/uploads\/2020\/04\/ctm-1226x1536.png 1226w, https:\/\/delasciencias.com\/inicio\/wp-content\/uploads\/2020\/04\/ctm-1635x2048.png 1635w, https:\/\/delasciencias.com\/inicio\/wp-content\/uploads\/2020\/04\/ctm-600x752.png 600w, https:\/\/delasciencias.com\/inicio\/wp-content\/uploads\/2020\/04\/ctm.png 1736w\" sizes=\"auto, (max-width: 239px) 100vw, 239px\" \/><\/a><\/p>\n<p>Es necesario que los alumnos informen al profesor de las fechas de los ex\u00e1menes para poder planificar mejor su preparaci\u00f3n.<\/p>\n<p><a href=\"http:\/\/delasciencias.com\/inicio\/wp-login.php\"><img loading=\"lazy\" decoding=\"async\" class=\"size-medium wp-image-358 aligncenter\" src=\"https:\/\/auladeestudiodelasciencias.files.wordpress.com\/2014\/07\/la-foto-1-1.jpg?w=300&amp;h=225\" sizes=\"auto, (max-width: 300px) 100vw, 300px\" srcset=\"https:\/\/auladeestudiodelasciencias.files.wordpress.com\/2014\/07\/la-foto-1-1.jpg?w=300&amp;h=225 300w, https:\/\/auladeestudiodelasciencias.files.wordpress.com\/2014\/07\/la-foto-1-1.jpg?w=600&amp;h=450 600w, https:\/\/auladeestudiodelasciencias.files.wordpress.com\/2014\/07\/la-foto-1-1.jpg?w=150&amp;h=113 150w\" alt=\"la foto 1 (1)\" width=\"300\" height=\"225\" data-attachment-id=\"358\" data-permalink=\"https:\/\/auladeestudiodelasciencias.wordpress.com\/apuntes\/2o-bachillerato\/la-foto-1-1\/\" data-orig-file=\"https:\/\/auladeestudiodelasciencias.files.wordpress.com\/2014\/07\/la-foto-1-1.jpg\" data-orig-size=\"3264,2448\" data-comments-opened=\"1\" data-image-meta=\"{&quot;aperture&quot;:&quot;0&quot;,&quot;credit&quot;:&quot;&quot;,&quot;camera&quot;:&quot;&quot;,&quot;caption&quot;:&quot;&quot;,&quot;created_timestamp&quot;:&quot;0&quot;,&quot;copyright&quot;:&quot;&quot;,&quot;focal_length&quot;:&quot;0&quot;,&quot;iso&quot;:&quot;0&quot;,&quot;shutter_speed&quot;:&quot;0&quot;,&quot;title&quot;:&quot;&quot;}\" data-image-title=\"la foto 1 (1)\" data-image-description=\"\" data-medium-file=\"https:\/\/auladeestudiodelasciencias.files.wordpress.com\/2014\/07\/la-foto-1-1.jpg?w=300&amp;h=225\" data-large-file=\"https:\/\/auladeestudiodelasciencias.files.wordpress.com\/2014\/07\/la-foto-1-1.jpg?w=1000\" \/><\/a><\/p>\n<\/div>\n","protected":false},"excerpt":{"rendered":"<p>2\u00ba BACHILLERATO Esta secci\u00f3n, esta orientada a los alumn@s de segundo de bachiller, en ella se encuentran res\u00famenes de F\u00edsica, de Qu\u00edmica y de Matem\u00e1ticas con el fin de ayudar a entender<a class=\"moretag\" href=\"https:\/\/delasciencias.com\/inicio\/academiavirtual\/2o-bachiller\/\">Leer m\u00e1s&#8230;<\/a><\/p>\n","protected":false},"author":1,"featured_media":0,"parent":169,"menu_order":0,"comment_status":"closed","ping_status":"closed","template":"","meta":{"footnotes":""},"class_list":["post-211","page","type-page","status-publish","hentry"],"yoast_head":"<!-- This site is optimized with the Yoast SEO plugin v27.3 - https:\/\/yoast.com\/product\/yoast-seo-wordpress\/ -->\n<title>2\u00ba BACHILLER - Tu Academia en Tomares | DE LAS CIENCIAS Academia en Tomares y Marchena | De Las Ciencias<\/title>\n<meta name=\"description\" content=\"Clases de apoyo escolar o particulares en Tomares y Marchena\" \/>\n<meta name=\"robots\" content=\"index, follow, max-snippet:-1, max-image-preview:large, max-video-preview:-1\" \/>\n<link rel=\"canonical\" href=\"https:\/\/delasciencias.com\/inicio\/academiavirtual\/2o-bachiller\/\" \/>\n<meta property=\"og:locale\" content=\"es_ES\" \/>\n<meta property=\"og:type\" content=\"article\" \/>\n<meta property=\"og:title\" content=\"2\u00ba BACHILLER - Tu Academia en Tomares | DE LAS CIENCIAS Academia en Tomares y Marchena | De Las Ciencias\" \/>\n<meta property=\"og:description\" content=\"Clases de apoyo escolar o particulares en Tomares y Marchena\" \/>\n<meta property=\"og:url\" content=\"https:\/\/delasciencias.com\/inicio\/academiavirtual\/2o-bachiller\/\" \/>\n<meta property=\"og:site_name\" content=\"Tu Academia en Tomares | DE LAS CIENCIAS\" \/>\n<meta property=\"article:publisher\" content=\"https:\/\/www.facebook.com\/DeLasCiencias\/\" \/>\n<meta property=\"article:modified_time\" content=\"2020-04-24T19:09:17+00:00\" \/>\n<meta property=\"og:image\" content=\"http:\/\/delasciencias.com\/inicio\/wp-content\/uploads\/2020\/04\/fisica.jpeg\" \/>\n<meta name=\"twitter:card\" content=\"summary_large_image\" \/>\n<meta name=\"twitter:site\" content=\"@LasCiencias\" \/>\n<meta name=\"twitter:label1\" content=\"Tiempo de lectura\" \/>\n\t<meta name=\"twitter:data1\" content=\"1 minuto\" \/>\n<script type=\"application\/ld+json\" class=\"yoast-schema-graph\">{\"@context\":\"https:\\\/\\\/schema.org\",\"@graph\":[{\"@type\":\"WebPage\",\"@id\":\"https:\\\/\\\/delasciencias.com\\\/inicio\\\/academiavirtual\\\/2o-bachiller\\\/\",\"url\":\"https:\\\/\\\/delasciencias.com\\\/inicio\\\/academiavirtual\\\/2o-bachiller\\\/\",\"name\":\"2\u00ba BACHILLER - Tu Academia en Tomares | DE LAS CIENCIAS Academia en Tomares y Marchena | De Las Ciencias\",\"isPartOf\":{\"@id\":\"https:\\\/\\\/delasciencias.com\\\/inicio\\\/#website\"},\"primaryImageOfPage\":{\"@id\":\"https:\\\/\\\/delasciencias.com\\\/inicio\\\/academiavirtual\\\/2o-bachiller\\\/#primaryimage\"},\"image\":{\"@id\":\"https:\\\/\\\/delasciencias.com\\\/inicio\\\/academiavirtual\\\/2o-bachiller\\\/#primaryimage\"},\"thumbnailUrl\":\"http:\\\/\\\/delasciencias.com\\\/inicio\\\/wp-content\\\/uploads\\\/2020\\\/04\\\/fisica.jpeg\",\"datePublished\":\"2017-11-24T14:16:08+00:00\",\"dateModified\":\"2020-04-24T19:09:17+00:00\",\"description\":\"Clases de apoyo escolar o particulares en Tomares y Marchena\",\"breadcrumb\":{\"@id\":\"https:\\\/\\\/delasciencias.com\\\/inicio\\\/academiavirtual\\\/2o-bachiller\\\/#breadcrumb\"},\"inLanguage\":\"es\",\"potentialAction\":[{\"@type\":\"ReadAction\",\"target\":[\"https:\\\/\\\/delasciencias.com\\\/inicio\\\/academiavirtual\\\/2o-bachiller\\\/\"]}]},{\"@type\":\"ImageObject\",\"inLanguage\":\"es\",\"@id\":\"https:\\\/\\\/delasciencias.com\\\/inicio\\\/academiavirtual\\\/2o-bachiller\\\/#primaryimage\",\"url\":\"https:\\\/\\\/delasciencias.com\\\/inicio\\\/wp-content\\\/uploads\\\/2020\\\/04\\\/fisica.jpeg\",\"contentUrl\":\"https:\\\/\\\/delasciencias.com\\\/inicio\\\/wp-content\\\/uploads\\\/2020\\\/04\\\/fisica.jpeg\",\"width\":225,\"height\":225},{\"@type\":\"BreadcrumbList\",\"@id\":\"https:\\\/\\\/delasciencias.com\\\/inicio\\\/academiavirtual\\\/2o-bachiller\\\/#breadcrumb\",\"itemListElement\":[{\"@type\":\"ListItem\",\"position\":1,\"name\":\"Portada\",\"item\":\"https:\\\/\\\/delasciencias.com\\\/inicio\\\/\"},{\"@type\":\"ListItem\",\"position\":2,\"name\":\"TU ACADEMIA ONLINE\",\"item\":\"https:\\\/\\\/delasciencias.com\\\/inicio\\\/academiavirtual\\\/\"},{\"@type\":\"ListItem\",\"position\":3,\"name\":\"2\u00ba BACHILLER\"}]},{\"@type\":\"WebSite\",\"@id\":\"https:\\\/\\\/delasciencias.com\\\/inicio\\\/#website\",\"url\":\"https:\\\/\\\/delasciencias.com\\\/inicio\\\/\",\"name\":\"Tu Academia en Tomares | DE LAS CIENCIAS\",\"description\":\"Clases de apoyo o particulares en Tomares\",\"publisher\":{\"@id\":\"https:\\\/\\\/delasciencias.com\\\/inicio\\\/#organization\"},\"alternateName\":\"Academia De Las Ciencias\",\"inLanguage\":\"es\"},{\"@type\":\"Organization\",\"@id\":\"https:\\\/\\\/delasciencias.com\\\/inicio\\\/#organization\",\"name\":\"ACADEMIA DE LAS CIENCIAS | TOMARES | MARCHENA\",\"alternateName\":\"CLASES DE APOYO ESCOLAR y PARTICULARES | TOMARES | MARCHENA\",\"url\":\"https:\\\/\\\/delasciencias.com\\\/inicio\\\/\",\"logo\":{\"@type\":\"ImageObject\",\"inLanguage\":\"es\",\"@id\":\"https:\\\/\\\/delasciencias.com\\\/inicio\\\/#\\\/schema\\\/logo\\\/image\\\/\",\"url\":\"https:\\\/\\\/delasciencias.com\\\/inicio\\\/wp-content\\\/uploads\\\/2020\\\/11\\\/Captura-de-pantalla-2019-10-12-a-las-0.03.45.png\",\"contentUrl\":\"https:\\\/\\\/delasciencias.com\\\/inicio\\\/wp-content\\\/uploads\\\/2020\\\/11\\\/Captura-de-pantalla-2019-10-12-a-las-0.03.45.png\",\"width\":257,\"height\":254,\"caption\":\"ACADEMIA DE LAS CIENCIAS | TOMARES | MARCHENA\"},\"image\":{\"@id\":\"https:\\\/\\\/delasciencias.com\\\/inicio\\\/#\\\/schema\\\/logo\\\/image\\\/\"},\"sameAs\":[\"https:\\\/\\\/www.facebook.com\\\/DeLasCiencias\\\/\",\"https:\\\/\\\/x.com\\\/LasCiencias\",\"https:\\\/\\\/www.instagram.com\\\/delas_ciencias\\\/\",\"https:\\\/\\\/www.youtube.com\\\/channel\\\/UC2Kc8NJRRsyI6awzYByAgdg\"]}]}<\/script>\n<!-- \/ Yoast SEO plugin. -->","yoast_head_json":{"title":"2\u00ba BACHILLER - Tu Academia en Tomares | DE LAS CIENCIAS Academia en Tomares y Marchena | De Las Ciencias","description":"Clases de apoyo escolar o particulares en Tomares y Marchena","robots":{"index":"index","follow":"follow","max-snippet":"max-snippet:-1","max-image-preview":"max-image-preview:large","max-video-preview":"max-video-preview:-1"},"canonical":"https:\/\/delasciencias.com\/inicio\/academiavirtual\/2o-bachiller\/","og_locale":"es_ES","og_type":"article","og_title":"2\u00ba BACHILLER - Tu Academia en Tomares | DE LAS CIENCIAS Academia en Tomares y Marchena | De Las Ciencias","og_description":"Clases de apoyo escolar o particulares en Tomares y Marchena","og_url":"https:\/\/delasciencias.com\/inicio\/academiavirtual\/2o-bachiller\/","og_site_name":"Tu Academia en Tomares | DE LAS CIENCIAS","article_publisher":"https:\/\/www.facebook.com\/DeLasCiencias\/","article_modified_time":"2020-04-24T19:09:17+00:00","og_image":[{"url":"http:\/\/delasciencias.com\/inicio\/wp-content\/uploads\/2020\/04\/fisica.jpeg","type":"","width":"","height":""}],"twitter_card":"summary_large_image","twitter_site":"@LasCiencias","twitter_misc":{"Tiempo de lectura":"1 minuto"},"schema":{"@context":"https:\/\/schema.org","@graph":[{"@type":"WebPage","@id":"https:\/\/delasciencias.com\/inicio\/academiavirtual\/2o-bachiller\/","url":"https:\/\/delasciencias.com\/inicio\/academiavirtual\/2o-bachiller\/","name":"2\u00ba BACHILLER - Tu Academia en Tomares | DE LAS CIENCIAS Academia en Tomares y Marchena | De Las Ciencias","isPartOf":{"@id":"https:\/\/delasciencias.com\/inicio\/#website"},"primaryImageOfPage":{"@id":"https:\/\/delasciencias.com\/inicio\/academiavirtual\/2o-bachiller\/#primaryimage"},"image":{"@id":"https:\/\/delasciencias.com\/inicio\/academiavirtual\/2o-bachiller\/#primaryimage"},"thumbnailUrl":"http:\/\/delasciencias.com\/inicio\/wp-content\/uploads\/2020\/04\/fisica.jpeg","datePublished":"2017-11-24T14:16:08+00:00","dateModified":"2020-04-24T19:09:17+00:00","description":"Clases de apoyo escolar o particulares en Tomares y Marchena","breadcrumb":{"@id":"https:\/\/delasciencias.com\/inicio\/academiavirtual\/2o-bachiller\/#breadcrumb"},"inLanguage":"es","potentialAction":[{"@type":"ReadAction","target":["https:\/\/delasciencias.com\/inicio\/academiavirtual\/2o-bachiller\/"]}]},{"@type":"ImageObject","inLanguage":"es","@id":"https:\/\/delasciencias.com\/inicio\/academiavirtual\/2o-bachiller\/#primaryimage","url":"https:\/\/delasciencias.com\/inicio\/wp-content\/uploads\/2020\/04\/fisica.jpeg","contentUrl":"https:\/\/delasciencias.com\/inicio\/wp-content\/uploads\/2020\/04\/fisica.jpeg","width":225,"height":225},{"@type":"BreadcrumbList","@id":"https:\/\/delasciencias.com\/inicio\/academiavirtual\/2o-bachiller\/#breadcrumb","itemListElement":[{"@type":"ListItem","position":1,"name":"Portada","item":"https:\/\/delasciencias.com\/inicio\/"},{"@type":"ListItem","position":2,"name":"TU ACADEMIA ONLINE","item":"https:\/\/delasciencias.com\/inicio\/academiavirtual\/"},{"@type":"ListItem","position":3,"name":"2\u00ba BACHILLER"}]},{"@type":"WebSite","@id":"https:\/\/delasciencias.com\/inicio\/#website","url":"https:\/\/delasciencias.com\/inicio\/","name":"Tu Academia en Tomares | DE LAS CIENCIAS","description":"Clases de apoyo o particulares en Tomares","publisher":{"@id":"https:\/\/delasciencias.com\/inicio\/#organization"},"alternateName":"Academia De Las Ciencias","inLanguage":"es"},{"@type":"Organization","@id":"https:\/\/delasciencias.com\/inicio\/#organization","name":"ACADEMIA DE LAS CIENCIAS | TOMARES | MARCHENA","alternateName":"CLASES DE APOYO ESCOLAR y PARTICULARES | TOMARES | MARCHENA","url":"https:\/\/delasciencias.com\/inicio\/","logo":{"@type":"ImageObject","inLanguage":"es","@id":"https:\/\/delasciencias.com\/inicio\/#\/schema\/logo\/image\/","url":"https:\/\/delasciencias.com\/inicio\/wp-content\/uploads\/2020\/11\/Captura-de-pantalla-2019-10-12-a-las-0.03.45.png","contentUrl":"https:\/\/delasciencias.com\/inicio\/wp-content\/uploads\/2020\/11\/Captura-de-pantalla-2019-10-12-a-las-0.03.45.png","width":257,"height":254,"caption":"ACADEMIA DE LAS CIENCIAS | TOMARES | MARCHENA"},"image":{"@id":"https:\/\/delasciencias.com\/inicio\/#\/schema\/logo\/image\/"},"sameAs":["https:\/\/www.facebook.com\/DeLasCiencias\/","https:\/\/x.com\/LasCiencias","https:\/\/www.instagram.com\/delas_ciencias\/","https:\/\/www.youtube.com\/channel\/UC2Kc8NJRRsyI6awzYByAgdg"]}]}},"_links":{"self":[{"href":"https:\/\/delasciencias.com\/inicio\/wp-json\/wp\/v2\/pages\/211","targetHints":{"allow":["GET"]}}],"collection":[{"href":"https:\/\/delasciencias.com\/inicio\/wp-json\/wp\/v2\/pages"}],"about":[{"href":"https:\/\/delasciencias.com\/inicio\/wp-json\/wp\/v2\/types\/page"}],"author":[{"embeddable":true,"href":"https:\/\/delasciencias.com\/inicio\/wp-json\/wp\/v2\/users\/1"}],"replies":[{"embeddable":true,"href":"https:\/\/delasciencias.com\/inicio\/wp-json\/wp\/v2\/comments?post=211"}],"version-history":[{"count":4,"href":"https:\/\/delasciencias.com\/inicio\/wp-json\/wp\/v2\/pages\/211\/revisions"}],"predecessor-version":[{"id":2038,"href":"https:\/\/delasciencias.com\/inicio\/wp-json\/wp\/v2\/pages\/211\/revisions\/2038"}],"up":[{"embeddable":true,"href":"https:\/\/delasciencias.com\/inicio\/wp-json\/wp\/v2\/pages\/169"}],"wp:attachment":[{"href":"https:\/\/delasciencias.com\/inicio\/wp-json\/wp\/v2\/media?parent=211"}],"curies":[{"name":"wp","href":"https:\/\/api.w.org\/{rel}","templated":true}]}}