{"id":2022,"date":"2020-04-24T18:47:48","date_gmt":"2020-04-24T17:47:48","guid":{"rendered":"http:\/\/delasciencias.com\/inicio\/?page_id=2022"},"modified":"2023-12-04T17:18:47","modified_gmt":"2023-12-04T16:18:47","slug":"aula-virtual","status":"publish","type":"page","link":"https:\/\/delasciencias.com\/inicio\/academiavirtual\/aula-virtual\/","title":{"rendered":"Aula Virtual"},"content":{"rendered":"\n<p>El Aula Virtual esta a disposici\u00f3n de todos los alumn@s de la Academia De Las Ciencias, en ella se encuentran tanto res\u00famenes de F\u00edsica, de Qu\u00edmica y de Matem\u00e1ticas, Econom\u00eda, \u2026. con el fin de ayudar a entender mejor las materias. Adem\u00e1s de multitud ejercicios de ex\u00e1menes de cursos anteriores y selectividad de a\u00f1os anteriores agrupados por temas de F\u00edsica, Qu\u00edmica y Matem\u00e1ticas que ayudaran a desarrollar las habilidades y que los alumnos cojan mas confianza a la hora de afrontar los ex\u00e1menes. Adem\u00e1s ofrecemos tutor\u00edas online para resolver peque\u00f1as dudas.<\/p>\n\n\n\n<p>Es necesario que los alumnos informen al profesor de las fechas de los ex\u00e1menes para poder planificar mejor su preparaci\u00f3n.<\/p>\n\n\n<p><a href=\"http:\/\/delasciencias.com\/inicio\/academiavirtual\/738-2\/3o-eso\/\"><img loading=\"lazy\" decoding=\"async\" class=\"alignnone  wp-image-2023\" src=\"http:\/\/delasciencias.com\/inicio\/wp-content\/uploads\/2020\/04\/academia-3-eso-300x229.jpg\" alt=\"\" width=\"269\" height=\"205\" srcset=\"https:\/\/delasciencias.com\/inicio\/wp-content\/uploads\/2020\/04\/academia-3-eso-300x229.jpg 300w, https:\/\/delasciencias.com\/inicio\/wp-content\/uploads\/2020\/04\/academia-3-eso.jpg 550w\" sizes=\"auto, (max-width: 269px) 100vw, 269px\" \/><\/a> <a href=\"http:\/\/delasciencias.com\/inicio\/academiavirtual\/738-2\/4o-eso\/\"><img loading=\"lazy\" decoding=\"async\" class=\"alignnone  wp-image-2024\" src=\"http:\/\/delasciencias.com\/inicio\/wp-content\/uploads\/2020\/04\/4-eso.jpg\" alt=\"\" width=\"270\" height=\"206\"><\/a> <a href=\"http:\/\/delasciencias.com\/inicio\/academiavirtual\/1o-bachillerato\/\"><img loading=\"lazy\" decoding=\"async\" class=\"alignnone  wp-image-2025\" src=\"http:\/\/delasciencias.com\/inicio\/wp-content\/uploads\/2020\/04\/descarga.jpeg\" alt=\"\" width=\"266\" height=\"203\"><\/a> <a href=\"http:\/\/delasciencias.com\/inicio\/academiavirtual\/2o-bachiller\/\"><img loading=\"lazy\" decoding=\"async\" class=\"alignnone  wp-image-2026\" src=\"http:\/\/delasciencias.com\/inicio\/wp-content\/uploads\/2020\/04\/2bachillerato-300x229.jpg\" alt=\"\" width=\"269\" height=\"205\" srcset=\"https:\/\/delasciencias.com\/inicio\/wp-content\/uploads\/2020\/04\/2bachillerato-300x229.jpg 300w, https:\/\/delasciencias.com\/inicio\/wp-content\/uploads\/2020\/04\/2bachillerato.jpg 550w\" sizes=\"auto, (max-width: 269px) 100vw, 269px\" \/><\/a><\/p>","protected":false},"excerpt":{"rendered":"<p>El Aula Virtual esta a disposici\u00f3n de todos los alumn@s de la Academia De Las Ciencias, en ella se encuentran tanto res\u00famenes de F\u00edsica, de Qu\u00edmica y de Matem\u00e1ticas, Econom\u00eda, \u2026. con<a class=\"moretag\" href=\"https:\/\/delasciencias.com\/inicio\/academiavirtual\/aula-virtual\/\">Leer m\u00e1s&#8230;<\/a><\/p>\n","protected":false},"author":1,"featured_media":0,"parent":169,"menu_order":7,"comment_status":"closed","ping_status":"closed","template":"","meta":{"footnotes":""},"class_list":["post-2022","page","type-page","status-publish","hentry"],"yoast_head":"<!-- This site is optimized with the Yoast SEO plugin v27.3 - https:\/\/yoast.com\/product\/yoast-seo-wordpress\/ -->\n<title>Aula Virtual - Tu Academia en Tomares | DE LAS CIENCIAS Academia en Tomares y Marchena | De Las Ciencias<\/title>\n<meta name=\"description\" content=\"Clases de apoyo escolar o particulares en Tomares y Marchena\" \/>\n<meta name=\"robots\" content=\"index, follow, max-snippet:-1, max-image-preview:large, max-video-preview:-1\" \/>\n<link rel=\"canonical\" href=\"https:\/\/delasciencias.com\/inicio\/academiavirtual\/aula-virtual\/\" \/>\n<meta property=\"og:locale\" content=\"es_ES\" \/>\n<meta property=\"og:type\" content=\"article\" \/>\n<meta property=\"og:title\" content=\"Aula Virtual - Tu Academia en Tomares | DE LAS CIENCIAS Academia en Tomares y Marchena | De Las Ciencias\" \/>\n<meta property=\"og:description\" content=\"Clases de apoyo escolar o particulares en Tomares y Marchena\" \/>\n<meta property=\"og:url\" content=\"https:\/\/delasciencias.com\/inicio\/academiavirtual\/aula-virtual\/\" \/>\n<meta property=\"og:site_name\" content=\"Tu Academia en Tomares | DE LAS CIENCIAS\" \/>\n<meta property=\"article:publisher\" content=\"https:\/\/www.facebook.com\/DeLasCiencias\/\" \/>\n<meta property=\"article:modified_time\" content=\"2023-12-04T16:18:47+00:00\" \/>\n<meta property=\"og:image\" content=\"http:\/\/delasciencias.com\/inicio\/wp-content\/uploads\/2020\/04\/academia-3-eso-300x229.jpg\" \/>\n<meta name=\"twitter:card\" content=\"summary_large_image\" \/>\n<meta name=\"twitter:site\" content=\"@LasCiencias\" \/>\n<meta name=\"twitter:label1\" content=\"Tiempo de lectura\" \/>\n\t<meta name=\"twitter:data1\" content=\"2 minutos\" \/>\n<script type=\"application\/ld+json\" class=\"yoast-schema-graph\">{\"@context\":\"https:\\\/\\\/schema.org\",\"@graph\":[{\"@type\":\"WebPage\",\"@id\":\"https:\\\/\\\/delasciencias.com\\\/inicio\\\/academiavirtual\\\/aula-virtual\\\/\",\"url\":\"https:\\\/\\\/delasciencias.com\\\/inicio\\\/academiavirtual\\\/aula-virtual\\\/\",\"name\":\"Aula Virtual - Tu Academia en Tomares | DE LAS CIENCIAS Academia en Tomares y Marchena | De Las Ciencias\",\"isPartOf\":{\"@id\":\"https:\\\/\\\/delasciencias.com\\\/inicio\\\/#website\"},\"primaryImageOfPage\":{\"@id\":\"https:\\\/\\\/delasciencias.com\\\/inicio\\\/academiavirtual\\\/aula-virtual\\\/#primaryimage\"},\"image\":{\"@id\":\"https:\\\/\\\/delasciencias.com\\\/inicio\\\/academiavirtual\\\/aula-virtual\\\/#primaryimage\"},\"thumbnailUrl\":\"http:\\\/\\\/delasciencias.com\\\/inicio\\\/wp-content\\\/uploads\\\/2020\\\/04\\\/academia-3-eso-300x229.jpg\",\"datePublished\":\"2020-04-24T17:47:48+00:00\",\"dateModified\":\"2023-12-04T16:18:47+00:00\",\"description\":\"Clases de apoyo escolar o particulares en Tomares y Marchena\",\"breadcrumb\":{\"@id\":\"https:\\\/\\\/delasciencias.com\\\/inicio\\\/academiavirtual\\\/aula-virtual\\\/#breadcrumb\"},\"inLanguage\":\"es\",\"potentialAction\":[{\"@type\":\"ReadAction\",\"target\":[\"https:\\\/\\\/delasciencias.com\\\/inicio\\\/academiavirtual\\\/aula-virtual\\\/\"]}]},{\"@type\":\"ImageObject\",\"inLanguage\":\"es\",\"@id\":\"https:\\\/\\\/delasciencias.com\\\/inicio\\\/academiavirtual\\\/aula-virtual\\\/#primaryimage\",\"url\":\"https:\\\/\\\/delasciencias.com\\\/inicio\\\/wp-content\\\/uploads\\\/2020\\\/04\\\/academia-3-eso.jpg\",\"contentUrl\":\"https:\\\/\\\/delasciencias.com\\\/inicio\\\/wp-content\\\/uploads\\\/2020\\\/04\\\/academia-3-eso.jpg\",\"width\":550,\"height\":419},{\"@type\":\"BreadcrumbList\",\"@id\":\"https:\\\/\\\/delasciencias.com\\\/inicio\\\/academiavirtual\\\/aula-virtual\\\/#breadcrumb\",\"itemListElement\":[{\"@type\":\"ListItem\",\"position\":1,\"name\":\"Portada\",\"item\":\"https:\\\/\\\/delasciencias.com\\\/inicio\\\/\"},{\"@type\":\"ListItem\",\"position\":2,\"name\":\"TU ACADEMIA ONLINE\",\"item\":\"https:\\\/\\\/delasciencias.com\\\/inicio\\\/academiavirtual\\\/\"},{\"@type\":\"ListItem\",\"position\":3,\"name\":\"Aula Virtual\"}]},{\"@type\":\"WebSite\",\"@id\":\"https:\\\/\\\/delasciencias.com\\\/inicio\\\/#website\",\"url\":\"https:\\\/\\\/delasciencias.com\\\/inicio\\\/\",\"name\":\"Tu Academia en Tomares | DE LAS CIENCIAS\",\"description\":\"Clases de apoyo o particulares en Tomares\",\"publisher\":{\"@id\":\"https:\\\/\\\/delasciencias.com\\\/inicio\\\/#organization\"},\"alternateName\":\"Academia De Las Ciencias\",\"inLanguage\":\"es\"},{\"@type\":\"Organization\",\"@id\":\"https:\\\/\\\/delasciencias.com\\\/inicio\\\/#organization\",\"name\":\"ACADEMIA DE LAS CIENCIAS | TOMARES | MARCHENA\",\"alternateName\":\"CLASES DE APOYO ESCOLAR y PARTICULARES | TOMARES | MARCHENA\",\"url\":\"https:\\\/\\\/delasciencias.com\\\/inicio\\\/\",\"logo\":{\"@type\":\"ImageObject\",\"inLanguage\":\"es\",\"@id\":\"https:\\\/\\\/delasciencias.com\\\/inicio\\\/#\\\/schema\\\/logo\\\/image\\\/\",\"url\":\"https:\\\/\\\/delasciencias.com\\\/inicio\\\/wp-content\\\/uploads\\\/2020\\\/11\\\/Captura-de-pantalla-2019-10-12-a-las-0.03.45.png\",\"contentUrl\":\"https:\\\/\\\/delasciencias.com\\\/inicio\\\/wp-content\\\/uploads\\\/2020\\\/11\\\/Captura-de-pantalla-2019-10-12-a-las-0.03.45.png\",\"width\":257,\"height\":254,\"caption\":\"ACADEMIA DE LAS CIENCIAS | TOMARES | MARCHENA\"},\"image\":{\"@id\":\"https:\\\/\\\/delasciencias.com\\\/inicio\\\/#\\\/schema\\\/logo\\\/image\\\/\"},\"sameAs\":[\"https:\\\/\\\/www.facebook.com\\\/DeLasCiencias\\\/\",\"https:\\\/\\\/x.com\\\/LasCiencias\",\"https:\\\/\\\/www.instagram.com\\\/delas_ciencias\\\/\",\"https:\\\/\\\/www.youtube.com\\\/channel\\\/UC2Kc8NJRRsyI6awzYByAgdg\"]}]}<\/script>\n<!-- \/ Yoast SEO plugin. -->","yoast_head_json":{"title":"Aula Virtual - Tu Academia en Tomares | DE LAS CIENCIAS Academia en Tomares y Marchena | De Las Ciencias","description":"Clases de apoyo escolar o particulares en Tomares y Marchena","robots":{"index":"index","follow":"follow","max-snippet":"max-snippet:-1","max-image-preview":"max-image-preview:large","max-video-preview":"max-video-preview:-1"},"canonical":"https:\/\/delasciencias.com\/inicio\/academiavirtual\/aula-virtual\/","og_locale":"es_ES","og_type":"article","og_title":"Aula Virtual - Tu Academia en Tomares | DE LAS CIENCIAS Academia en Tomares y Marchena | De Las Ciencias","og_description":"Clases de apoyo escolar o particulares en Tomares y Marchena","og_url":"https:\/\/delasciencias.com\/inicio\/academiavirtual\/aula-virtual\/","og_site_name":"Tu Academia en Tomares | DE LAS CIENCIAS","article_publisher":"https:\/\/www.facebook.com\/DeLasCiencias\/","article_modified_time":"2023-12-04T16:18:47+00:00","og_image":[{"url":"http:\/\/delasciencias.com\/inicio\/wp-content\/uploads\/2020\/04\/academia-3-eso-300x229.jpg","type":"","width":"","height":""}],"twitter_card":"summary_large_image","twitter_site":"@LasCiencias","twitter_misc":{"Tiempo de lectura":"2 minutos"},"schema":{"@context":"https:\/\/schema.org","@graph":[{"@type":"WebPage","@id":"https:\/\/delasciencias.com\/inicio\/academiavirtual\/aula-virtual\/","url":"https:\/\/delasciencias.com\/inicio\/academiavirtual\/aula-virtual\/","name":"Aula Virtual - Tu Academia en Tomares | DE LAS CIENCIAS Academia en Tomares y Marchena | De Las Ciencias","isPartOf":{"@id":"https:\/\/delasciencias.com\/inicio\/#website"},"primaryImageOfPage":{"@id":"https:\/\/delasciencias.com\/inicio\/academiavirtual\/aula-virtual\/#primaryimage"},"image":{"@id":"https:\/\/delasciencias.com\/inicio\/academiavirtual\/aula-virtual\/#primaryimage"},"thumbnailUrl":"http:\/\/delasciencias.com\/inicio\/wp-content\/uploads\/2020\/04\/academia-3-eso-300x229.jpg","datePublished":"2020-04-24T17:47:48+00:00","dateModified":"2023-12-04T16:18:47+00:00","description":"Clases de apoyo escolar o particulares en Tomares y Marchena","breadcrumb":{"@id":"https:\/\/delasciencias.com\/inicio\/academiavirtual\/aula-virtual\/#breadcrumb"},"inLanguage":"es","potentialAction":[{"@type":"ReadAction","target":["https:\/\/delasciencias.com\/inicio\/academiavirtual\/aula-virtual\/"]}]},{"@type":"ImageObject","inLanguage":"es","@id":"https:\/\/delasciencias.com\/inicio\/academiavirtual\/aula-virtual\/#primaryimage","url":"https:\/\/delasciencias.com\/inicio\/wp-content\/uploads\/2020\/04\/academia-3-eso.jpg","contentUrl":"https:\/\/delasciencias.com\/inicio\/wp-content\/uploads\/2020\/04\/academia-3-eso.jpg","width":550,"height":419},{"@type":"BreadcrumbList","@id":"https:\/\/delasciencias.com\/inicio\/academiavirtual\/aula-virtual\/#breadcrumb","itemListElement":[{"@type":"ListItem","position":1,"name":"Portada","item":"https:\/\/delasciencias.com\/inicio\/"},{"@type":"ListItem","position":2,"name":"TU ACADEMIA ONLINE","item":"https:\/\/delasciencias.com\/inicio\/academiavirtual\/"},{"@type":"ListItem","position":3,"name":"Aula Virtual"}]},{"@type":"WebSite","@id":"https:\/\/delasciencias.com\/inicio\/#website","url":"https:\/\/delasciencias.com\/inicio\/","name":"Tu Academia en Tomares | DE LAS CIENCIAS","description":"Clases de apoyo o particulares en Tomares","publisher":{"@id":"https:\/\/delasciencias.com\/inicio\/#organization"},"alternateName":"Academia De Las Ciencias","inLanguage":"es"},{"@type":"Organization","@id":"https:\/\/delasciencias.com\/inicio\/#organization","name":"ACADEMIA DE LAS CIENCIAS | TOMARES | MARCHENA","alternateName":"CLASES DE APOYO ESCOLAR y PARTICULARES | TOMARES | MARCHENA","url":"https:\/\/delasciencias.com\/inicio\/","logo":{"@type":"ImageObject","inLanguage":"es","@id":"https:\/\/delasciencias.com\/inicio\/#\/schema\/logo\/image\/","url":"https:\/\/delasciencias.com\/inicio\/wp-content\/uploads\/2020\/11\/Captura-de-pantalla-2019-10-12-a-las-0.03.45.png","contentUrl":"https:\/\/delasciencias.com\/inicio\/wp-content\/uploads\/2020\/11\/Captura-de-pantalla-2019-10-12-a-las-0.03.45.png","width":257,"height":254,"caption":"ACADEMIA DE LAS CIENCIAS | TOMARES | MARCHENA"},"image":{"@id":"https:\/\/delasciencias.com\/inicio\/#\/schema\/logo\/image\/"},"sameAs":["https:\/\/www.facebook.com\/DeLasCiencias\/","https:\/\/x.com\/LasCiencias","https:\/\/www.instagram.com\/delas_ciencias\/","https:\/\/www.youtube.com\/channel\/UC2Kc8NJRRsyI6awzYByAgdg"]}]}},"_links":{"self":[{"href":"https:\/\/delasciencias.com\/inicio\/wp-json\/wp\/v2\/pages\/2022","targetHints":{"allow":["GET"]}}],"collection":[{"href":"https:\/\/delasciencias.com\/inicio\/wp-json\/wp\/v2\/pages"}],"about":[{"href":"https:\/\/delasciencias.com\/inicio\/wp-json\/wp\/v2\/types\/page"}],"author":[{"embeddable":true,"href":"https:\/\/delasciencias.com\/inicio\/wp-json\/wp\/v2\/users\/1"}],"replies":[{"embeddable":true,"href":"https:\/\/delasciencias.com\/inicio\/wp-json\/wp\/v2\/comments?post=2022"}],"version-history":[{"count":4,"href":"https:\/\/delasciencias.com\/inicio\/wp-json\/wp\/v2\/pages\/2022\/revisions"}],"predecessor-version":[{"id":2076,"href":"https:\/\/delasciencias.com\/inicio\/wp-json\/wp\/v2\/pages\/2022\/revisions\/2076"}],"up":[{"embeddable":true,"href":"https:\/\/delasciencias.com\/inicio\/wp-json\/wp\/v2\/pages\/169"}],"wp:attachment":[{"href":"https:\/\/delasciencias.com\/inicio\/wp-json\/wp\/v2\/media?parent=2022"}],"curies":[{"name":"wp","href":"https:\/\/api.w.org\/{rel}","templated":true}]}}