{"id":144,"date":"2017-11-08T20:35:25","date_gmt":"2017-11-08T19:35:25","guid":{"rendered":"http:\/\/delasciencias.com\/wordpress\/?page_id=144"},"modified":"2024-09-06T10:22:39","modified_gmt":"2024-09-06T09:22:39","slug":"contacto","status":"publish","type":"page","link":"https:\/\/delasciencias.com\/inicio\/contacto\/","title":{"rendered":"CONTACTO"},"content":{"rendered":"<h2 style=\"text-align: center;\"><strong>ACADEMIA DE LAS CIENCIAS<\/strong><\/h2>\n<div class=\"et_pb_blurb_description\">\n<p><strong>Academia De Las Ciencias<\/strong>\u00a0dispone de <b>dos<\/b>\u00a0centros en la provincia de Sevilla,\u00a0<strong>Centro Tomares, Centro Marchena <\/strong>(solo servicios online)\u00a0y ademas de nuestra <strong>Academia Online. <\/strong>En cada una de unas nuestras academias\u00a0estaremos encantados de recibirte, atenderte y ayudarte. Puedes contactar con nosotros por tel\u00e9fono al 744 482 881 o si lo prefieres m\u00e1ndanos un email a info@delasciencias.com y te contestaremos en la mayor brevedad \u00a0posible.<\/p>\n<p style=\"text-align: center;\"><u><b>Horario de atenci\u00f3n al p\u00fablico telef\u00f3nicamente:<\/b><\/u><\/p>\n<\/div>\n\n\n<p class=\"has-text-align-center\"><strong>Horario de atenci\u00f3n al p\u00fablico:<\/strong><\/p>\n\n\n\n<p class=\"has-text-align-center\"><strong>de lunes a jueves:<\/strong><\/p>\n\n\n\n<p class=\"has-text-align-center\">10:00-13:00 y 16:00-21:00<\/p>\n\n\n\n<p class=\"has-text-align-center\"><strong>de viernes a s\u00e1bado<\/strong><\/p>\n\n\n\n<p class=\"has-text-align-center\">10:00-13:00<\/p>\n\n\n<\/p>\n<h3>\n\n\n<figure class=\"wp-block-image\"><img decoding=\"async\" src=\"https:\/\/www.lamanzanadenewton.com\/materiales\/mat_main_html_files\/118.png\" alt=\"\" title=\"\"\/><\/figure>\n\n\n<\/h3>\n<h3>Formulario de contacto<\/h3>\n\n<div class=\"wpcf7 no-js\" id=\"wpcf7-f3183-o1\" lang=\"es-ES\" dir=\"ltr\" data-wpcf7-id=\"3183\">\n<div class=\"screen-reader-response\"><p role=\"status\" aria-live=\"polite\" aria-atomic=\"true\"><\/p> <ul><\/ul><\/div>\n<form action=\"\/inicio\/wp-json\/wp\/v2\/pages\/144#wpcf7-f3183-o1\" method=\"post\" class=\"wpcf7-form init\" aria-label=\"Formulario de contacto\" novalidate=\"novalidate\" data-status=\"init\">\n<fieldset class=\"hidden-fields-container\"><input type=\"hidden\" name=\"_wpcf7\" value=\"3183\" \/><input type=\"hidden\" name=\"_wpcf7_version\" value=\"6.1.5\" \/><input type=\"hidden\" name=\"_wpcf7_locale\" value=\"es_ES\" \/><input type=\"hidden\" name=\"_wpcf7_unit_tag\" value=\"wpcf7-f3183-o1\" \/><input type=\"hidden\" name=\"_wpcf7_container_post\" value=\"0\" \/><input type=\"hidden\" name=\"_wpcf7_posted_data_hash\" value=\"\" \/>\n<\/fieldset>\n<p><label> Nombre (obligatorio)<br \/>\n<span class=\"wpcf7-form-control-wrap\" data-name=\"your-name\"><input size=\"40\" maxlength=\"400\" class=\"wpcf7-form-control wpcf7-text wpcf7-validates-as-required\" aria-required=\"true\" aria-invalid=\"false\" value=\"\" type=\"text\" name=\"your-name\" \/><\/span> <\/label>\n<\/p>\n<p><label> Correo electr\u00f3nico (obligatorio)<br \/>\n<span class=\"wpcf7-form-control-wrap\" data-name=\"your-email\"><input size=\"40\" maxlength=\"400\" class=\"wpcf7-form-control wpcf7-email wpcf7-validates-as-required wpcf7-text wpcf7-validates-as-email\" aria-required=\"true\" aria-invalid=\"false\" value=\"\" type=\"email\" name=\"your-email\" \/><\/span> <\/label>\n<\/p>\n<p><label> Asunto (obligatorio)<br \/>\n<span class=\"wpcf7-form-control-wrap\" data-name=\"your-subject\"><input size=\"40\" maxlength=\"400\" class=\"wpcf7-form-control wpcf7-text wpcf7-validates-as-required\" aria-required=\"true\" aria-invalid=\"false\" value=\"\" type=\"text\" name=\"your-subject\" \/><\/span> <\/label>\n<\/p>\n<p><label> Tu mensaje (opcional)<br \/>\n<span class=\"wpcf7-form-control-wrap\" data-name=\"your-message\"><textarea cols=\"40\" rows=\"10\" maxlength=\"2000\" class=\"wpcf7-form-control wpcf7-textarea\" aria-invalid=\"false\" name=\"your-message\"><\/textarea><\/span> <\/label>\n<\/p>\n<p><span class=\"wpcf7-form-control-wrap\" data-name=\"acceptance-937\"><span class=\"wpcf7-form-control wpcf7-acceptance optional\"><span class=\"wpcf7-list-item\"><label><input type=\"checkbox\" name=\"acceptance-937\" value=\"1\" class=\"Acepto la Politica de Privacidad y proteccin datos\" id=\"httpsdelascienciascominicionosotrospolitica-de-privacidad-y-proteccion-de-datos\" aria-invalid=\"false\" \/><span class=\"wpcf7-list-item-label\">Acepto la Politica de Privacidad y la protecci\u00f3n de datos<\/span><\/label><\/span><\/span><\/span>\n<\/p>\n<p><span class=\"wpcf7-form-control-wrap\" data-name=\"acceptance-937\"><span class=\"wpcf7-form-control wpcf7-acceptance optional\"><span class=\"wpcf7-list-item\"><label><input type=\"checkbox\" name=\"acceptance-937\" value=\"1\" class=\"Acepto y he ledo el aviso legal\" id=\"httpsdelascienciascominicionosotrosaviso-legal\" aria-invalid=\"false\" \/><span class=\"wpcf7-list-item-label\">Acepto y he le\u00eddo el aviso legal<\/span><\/label><\/span><\/span><\/span>\n<\/p>\n<p><span class=\"wpcf7-form-control-wrap\" data-name=\"acceptance-937\"><span class=\"wpcf7-form-control wpcf7-acceptance optional\"><span class=\"wpcf7-list-item\"><label><input type=\"checkbox\" name=\"acceptance-937\" value=\"1\" class=\"Acepto recibir publicidad o informacin sobre el curso solicitado\" id=\"httpsdelascienciascominicioclases-de-apoyo-y-refuerzo-escolar\" aria-invalid=\"false\" \/><span class=\"wpcf7-list-item-label\">Acepto recibir publicidad o informaci\u00f3n sobre el curso solicitado<\/span><\/label><\/span><\/span><\/span>\n<\/p>\n<p><input class=\"wpcf7-form-control wpcf7-submit has-spinner\" type=\"submit\" value=\"Enviar\" \/>\n<\/p><p style=\"display: none !important;\" class=\"akismet-fields-container\" data-prefix=\"_wpcf7_ak_\"><label>&#916;<textarea name=\"_wpcf7_ak_hp_textarea\" cols=\"45\" rows=\"8\" maxlength=\"100\"><\/textarea><\/label><input type=\"hidden\" id=\"ak_js_1\" name=\"_wpcf7_ak_js\" value=\"231\"\/><script>document.getElementById( \"ak_js_1\" ).setAttribute( \"value\", ( new Date() ).getTime() );<\/script><\/p><div class=\"wpcf7-response-output\" aria-hidden=\"true\"><\/div>\n<\/form>\n<\/div>\n\n<p>Recuerda antes de enviar el formulario de contacto leer nuestro\u00a0 <a href=\"https:\/\/delasciencias.com\/inicio\/nosotros\/aviso-legal\/\" target=\"_blank\" rel=\"nofollow noopener noreferrer\">Aviso Legal<\/a>\u00a0y la\u00a0<a href=\"https:\/\/delasciencias.com\/inicio\/nosotros\/politica-de-privacidad-y-proteccion-de-datos\/\" target=\"_blank\" rel=\"nofollow noopener noreferrer\">Pol\u00edtica de Privacidad<\/a> y si estas de acuerdo aceptarlo. Adem\u00e1s acepto recibir la informaci\u00f3n que la academia considere oportuno siempre sobre el curso elegido y enviarme por correo electr\u00f3nico o medio de comunicaci\u00f3n electr\u00f3nica equivalente. (Es posible darse de baja en cualquier momento)<\/p>\n<p>\n\n\n<\/p>\n<figure class=\"wp-block-image\"><img decoding=\"async\" title=\"\" src=\"https:\/\/www.lamanzanadenewton.com\/materiales\/mat_main_html_files\/118.png\" alt=\"\" \/><\/figure>\n<p>\n\n\n<h3 style=\"text-align: center;\"><strong>DE LAS CIENCIAS | ACADEMIA EN TOMARES<\/strong><\/h3>\n<h3 style=\"text-align: center;\"><iframe loading=\"lazy\" style=\"border: 0;\" src=\"https:\/\/www.google.com\/maps\/embed?pb=!1m18!1m12!1m3!1d3170.7619448356704!2d-6.0483762991516254!3d37.37180932973593!2m3!1f0!2f0!3f0!3m2!1i1024!2i768!4f13.1!3m3!1m2!1s0xd126cc1f87101eb%3A0x904d8198adb3d4c5!2sAcademia+De+Las+Ciencias!5e0!3m2!1ses!2ses!4v1510583922072\" width=\"600\" height=\"450\" frameborder=\"0\" allowfullscreen=\"allowfullscreen\"><\/iframe><\/h3>\n<h6 style=\"text-align: center;\"><strong>Abierto todo el a\u00f1o <\/strong><\/h6>\n<h2 class=\"has-text-align-center\"><strong>\u260f<\/strong><strong> 744 482 881<\/strong><\/h2>\n<p style=\"text-align: center;\"><strong>Avenida del Aljarafe, Edificio Ramcab, Oficina 28, Tomares<\/strong><\/p>\n<p style=\"text-align: center;\"><u><b>Horario de atenci\u00f3n al p\u00fablico:<\/b><\/u><\/p>\n<p style=\"text-align: center;\"><b>de lunes a jueves:<\/b><\/p>\n<p style=\"text-align: center;\">10:00-13:00 y 16:00-21:00<\/p>\n<p style=\"text-align: center;\"><b>de viernes a s\u00e1bado<\/b><\/p>\n<p style=\"text-align: center;\">10:00-13:00<\/p>\n<h6 style=\"text-align: center;\"><strong>email: info@delasciencias.com<\/strong><\/h6>\n<h3 style=\"text-align: center;\">\u00a0<\/h3>\n\n\n<figure class=\"wp-block-image\"><img decoding=\"async\" src=\"https:\/\/www.lamanzanadenewton.com\/materiales\/mat_main_html_files\/118.png\" alt=\"\" title=\"\"\/><\/figure>\n\n\n<h3 style=\"text-align: center;\"><strong>DE LAS CIENCIAS | ACADEMIA EN MARCHENA<\/strong><\/h3>\n<h3 style=\"text-align: center;\"><iframe loading=\"lazy\" style=\"border: 0;\" src=\"https:\/\/www.google.com\/maps\/embed?pb=!1m18!1m12!1m3!1d6345.151525327477!2d-5.423167802662868!3d37.32887561897655!2m3!1f0!2f0!3f0!3m2!1i1024!2i768!4f13.1!3m3!1m2!1s0xd12981669d58177%3A0x7aeedeead2e592cb!2sAcademia+De+Las+Ciencias!5e0!3m2!1ses!2ses!4v1510583874372\" width=\"600\" height=\"450\" frameborder=\"0\" allowfullscreen=\"allowfullscreen\"><\/iframe><\/h3>\n<h6 style=\"text-align: center;\"><strong>Abierto todo el a\u00f1o <\/strong><\/h6>\n<h2 class=\"has-text-align-center\"><strong>\u260f<\/strong><strong> 744 482 881<\/strong><\/h2>\n<p style=\"text-align: center;\"><strong>Calle Florida, 7, Marchena<\/strong><\/p>\n<p style=\"text-align: center;\"><u><b>Horario de atenci\u00f3n al p\u00fablico:<\/b><\/u><\/p>\n<p style=\"text-align: center;\"><b>de lunes a jueves:<\/b><\/p>\n<p style=\"text-align: center;\">10:00-13:00 y 16:00-21:00<\/p>\n<p style=\"text-align: center;\"><b>de viernes a s\u00e1bado<\/b><\/p>\n<p style=\"text-align: center;\">10:00-13:00<\/p>\n<h4 style=\"text-align: center;\">Solo servicios de clases online<\/h4>\n<h6 style=\"text-align: center;\"><strong>email: info@delasciencias.com<\/strong><\/h6>\n\n<hr \/>\n<pre class=\"p1\">De conformidad con el art\u00edculo 13 de la secci\u00f3n 2 del Reglamento (UE) 2016\/679 del Parlamento Europeo y del Consejo, de 27 de abril de 2016, relativo a la protecci\u00f3n de las personas f\u00edsicas en lo que respecta al tratamiento de datos personales y a la libre circulaci\u00f3n de estos datos. \u201cEn Academia De Las Ciencias tratamos la informaci\u00f3n que nos facilita con el fin de prestarles el servicio solicitado y realizar su facturaci\u00f3n. Los datos proporcionados se conservar\u00e1n mientras se mantenga la relaci\u00f3n comercial o durante el tiempo necesario para cumplir con las obligaciones legales y atender las posibles responsabilidades que pudieran derivar del cumplimiento de la finalidad para la que los datos fueron recabados. Los datos no se ceder\u00e1n a terceros salvo en los casos en que exista una obligaci\u00f3n legal. Usted tiene derecho a obtener informaci\u00f3n sobre si en Academia De Las Ciencias estamos tratando sus datos personales, por lo que puede ejercer sus derechos de acceso, rectificaci\u00f3n, supresi\u00f3n y portabilidad de datos y oposici\u00f3n y limitaci\u00f3n a su tratamiento ante Andres Jes\u00fas S\u00e1nchez Luque , Calle Florida, 7, Marchena (Sevilla) o en la direcci\u00f3n de correo electr\u00f3nico info@delasciencias.com, adjuntando copia de su DNI o documento equivalente. Asimismo, y especialmente si considera que no ha obtenido satisfacci\u00f3n plena en el ejercicio de sus derechos, podr\u00e1 presentar una reclamaci\u00f3n ante la autoridad nacional de control dirigi\u00e9ndose a estos efectos a la Agencia Espa\u00f1ola de Protecci\u00f3n de Datos, C\/ Jorge Juan, 6 \u2013 28001 Madrid.<\/pre>","protected":false},"excerpt":{"rendered":"<p>ACADEMIA DE LAS CIENCIAS Academia De Las Ciencias\u00a0dispone de dos\u00a0centros en la provincia de Sevilla,\u00a0Centro Tomares, Centro Marchena (solo servicios online)\u00a0y ademas de nuestra Academia Online. En cada una de unas nuestras<a class=\"moretag\" href=\"https:\/\/delasciencias.com\/inicio\/contacto\/\">Leer m\u00e1s&#8230;<\/a><\/p>\n","protected":false},"author":1,"featured_media":0,"parent":0,"menu_order":7,"comment_status":"closed","ping_status":"closed","template":"","meta":{"footnotes":""},"class_list":["post-144","page","type-page","status-publish","hentry"],"yoast_head":"<!-- This site is optimized with the Yoast SEO plugin v27.3 - https:\/\/yoast.com\/product\/yoast-seo-wordpress\/ -->\n<title>CONTACTO - Tu Academia en Tomares | DE LAS CIENCIAS Academia en Tomares y Marchena | De Las Ciencias<\/title>\n<meta name=\"description\" content=\"Clases de apoyo escolar o particulares en Tomares y Marchena\" \/>\n<meta name=\"robots\" content=\"index, follow, max-snippet:-1, max-image-preview:large, max-video-preview:-1\" \/>\n<link rel=\"canonical\" href=\"https:\/\/delasciencias.com\/inicio\/contacto\/\" \/>\n<meta property=\"og:locale\" content=\"es_ES\" \/>\n<meta property=\"og:type\" content=\"article\" \/>\n<meta property=\"og:title\" content=\"CONTACTO - Tu Academia en Tomares | DE LAS CIENCIAS Academia en Tomares y Marchena | De Las Ciencias\" \/>\n<meta property=\"og:description\" content=\"Clases de apoyo escolar o particulares en Tomares y Marchena\" \/>\n<meta property=\"og:url\" content=\"https:\/\/delasciencias.com\/inicio\/contacto\/\" \/>\n<meta property=\"og:site_name\" content=\"Tu Academia en Tomares | DE LAS CIENCIAS\" \/>\n<meta property=\"article:publisher\" content=\"https:\/\/www.facebook.com\/DeLasCiencias\/\" \/>\n<meta property=\"article:modified_time\" content=\"2024-09-06T09:22:39+00:00\" \/>\n<meta property=\"og:image\" content=\"https:\/\/www.lamanzanadenewton.com\/materiales\/mat_main_html_files\/118.png\" \/>\n<meta name=\"twitter:card\" content=\"summary_large_image\" \/>\n<meta name=\"twitter:site\" content=\"@LasCiencias\" \/>\n<meta name=\"twitter:label1\" content=\"Tiempo de lectura\" \/>\n\t<meta name=\"twitter:data1\" content=\"2 minutos\" \/>\n<script type=\"application\/ld+json\" class=\"yoast-schema-graph\">{\"@context\":\"https:\\\/\\\/schema.org\",\"@graph\":[{\"@type\":\"WebPage\",\"@id\":\"https:\\\/\\\/delasciencias.com\\\/inicio\\\/contacto\\\/\",\"url\":\"https:\\\/\\\/delasciencias.com\\\/inicio\\\/contacto\\\/\",\"name\":\"CONTACTO - Tu Academia en Tomares | DE LAS CIENCIAS Academia en Tomares y Marchena | De Las Ciencias\",\"isPartOf\":{\"@id\":\"https:\\\/\\\/delasciencias.com\\\/inicio\\\/#website\"},\"primaryImageOfPage\":{\"@id\":\"https:\\\/\\\/delasciencias.com\\\/inicio\\\/contacto\\\/#primaryimage\"},\"image\":{\"@id\":\"https:\\\/\\\/delasciencias.com\\\/inicio\\\/contacto\\\/#primaryimage\"},\"thumbnailUrl\":\"https:\\\/\\\/www.lamanzanadenewton.com\\\/materiales\\\/mat_main_html_files\\\/118.png\",\"datePublished\":\"2017-11-08T19:35:25+00:00\",\"dateModified\":\"2024-09-06T09:22:39+00:00\",\"description\":\"Clases de apoyo escolar o particulares en Tomares y Marchena\",\"breadcrumb\":{\"@id\":\"https:\\\/\\\/delasciencias.com\\\/inicio\\\/contacto\\\/#breadcrumb\"},\"inLanguage\":\"es\",\"potentialAction\":[{\"@type\":\"ReadAction\",\"target\":[\"https:\\\/\\\/delasciencias.com\\\/inicio\\\/contacto\\\/\"]}]},{\"@type\":\"ImageObject\",\"inLanguage\":\"es\",\"@id\":\"https:\\\/\\\/delasciencias.com\\\/inicio\\\/contacto\\\/#primaryimage\",\"url\":\"https:\\\/\\\/www.lamanzanadenewton.com\\\/materiales\\\/mat_main_html_files\\\/118.png\",\"contentUrl\":\"https:\\\/\\\/www.lamanzanadenewton.com\\\/materiales\\\/mat_main_html_files\\\/118.png\"},{\"@type\":\"BreadcrumbList\",\"@id\":\"https:\\\/\\\/delasciencias.com\\\/inicio\\\/contacto\\\/#breadcrumb\",\"itemListElement\":[{\"@type\":\"ListItem\",\"position\":1,\"name\":\"Portada\",\"item\":\"https:\\\/\\\/delasciencias.com\\\/inicio\\\/\"},{\"@type\":\"ListItem\",\"position\":2,\"name\":\"CONTACTO\"}]},{\"@type\":\"WebSite\",\"@id\":\"https:\\\/\\\/delasciencias.com\\\/inicio\\\/#website\",\"url\":\"https:\\\/\\\/delasciencias.com\\\/inicio\\\/\",\"name\":\"Tu Academia en Tomares | DE LAS CIENCIAS\",\"description\":\"Clases de apoyo o particulares en Tomares\",\"publisher\":{\"@id\":\"https:\\\/\\\/delasciencias.com\\\/inicio\\\/#organization\"},\"alternateName\":\"Academia De Las Ciencias\",\"inLanguage\":\"es\"},{\"@type\":\"Organization\",\"@id\":\"https:\\\/\\\/delasciencias.com\\\/inicio\\\/#organization\",\"name\":\"ACADEMIA DE LAS CIENCIAS | TOMARES | MARCHENA\",\"alternateName\":\"CLASES DE APOYO ESCOLAR y PARTICULARES | TOMARES | MARCHENA\",\"url\":\"https:\\\/\\\/delasciencias.com\\\/inicio\\\/\",\"logo\":{\"@type\":\"ImageObject\",\"inLanguage\":\"es\",\"@id\":\"https:\\\/\\\/delasciencias.com\\\/inicio\\\/#\\\/schema\\\/logo\\\/image\\\/\",\"url\":\"https:\\\/\\\/delasciencias.com\\\/inicio\\\/wp-content\\\/uploads\\\/2020\\\/11\\\/Captura-de-pantalla-2019-10-12-a-las-0.03.45.png\",\"contentUrl\":\"https:\\\/\\\/delasciencias.com\\\/inicio\\\/wp-content\\\/uploads\\\/2020\\\/11\\\/Captura-de-pantalla-2019-10-12-a-las-0.03.45.png\",\"width\":257,\"height\":254,\"caption\":\"ACADEMIA DE LAS CIENCIAS | TOMARES | MARCHENA\"},\"image\":{\"@id\":\"https:\\\/\\\/delasciencias.com\\\/inicio\\\/#\\\/schema\\\/logo\\\/image\\\/\"},\"sameAs\":[\"https:\\\/\\\/www.facebook.com\\\/DeLasCiencias\\\/\",\"https:\\\/\\\/x.com\\\/LasCiencias\",\"https:\\\/\\\/www.instagram.com\\\/delas_ciencias\\\/\",\"https:\\\/\\\/www.youtube.com\\\/channel\\\/UC2Kc8NJRRsyI6awzYByAgdg\"]}]}<\/script>\n<!-- \/ Yoast SEO plugin. -->","yoast_head_json":{"title":"CONTACTO - Tu Academia en Tomares | DE LAS CIENCIAS Academia en Tomares y Marchena | De Las Ciencias","description":"Clases de apoyo escolar o particulares en Tomares y Marchena","robots":{"index":"index","follow":"follow","max-snippet":"max-snippet:-1","max-image-preview":"max-image-preview:large","max-video-preview":"max-video-preview:-1"},"canonical":"https:\/\/delasciencias.com\/inicio\/contacto\/","og_locale":"es_ES","og_type":"article","og_title":"CONTACTO - Tu Academia en Tomares | DE LAS CIENCIAS Academia en Tomares y Marchena | De Las Ciencias","og_description":"Clases de apoyo escolar o particulares en Tomares y Marchena","og_url":"https:\/\/delasciencias.com\/inicio\/contacto\/","og_site_name":"Tu Academia en Tomares | DE LAS CIENCIAS","article_publisher":"https:\/\/www.facebook.com\/DeLasCiencias\/","article_modified_time":"2024-09-06T09:22:39+00:00","og_image":[{"url":"https:\/\/www.lamanzanadenewton.com\/materiales\/mat_main_html_files\/118.png","type":"","width":"","height":""}],"twitter_card":"summary_large_image","twitter_site":"@LasCiencias","twitter_misc":{"Tiempo de lectura":"2 minutos"},"schema":{"@context":"https:\/\/schema.org","@graph":[{"@type":"WebPage","@id":"https:\/\/delasciencias.com\/inicio\/contacto\/","url":"https:\/\/delasciencias.com\/inicio\/contacto\/","name":"CONTACTO - Tu Academia en Tomares | DE LAS CIENCIAS Academia en Tomares y Marchena | De Las Ciencias","isPartOf":{"@id":"https:\/\/delasciencias.com\/inicio\/#website"},"primaryImageOfPage":{"@id":"https:\/\/delasciencias.com\/inicio\/contacto\/#primaryimage"},"image":{"@id":"https:\/\/delasciencias.com\/inicio\/contacto\/#primaryimage"},"thumbnailUrl":"https:\/\/www.lamanzanadenewton.com\/materiales\/mat_main_html_files\/118.png","datePublished":"2017-11-08T19:35:25+00:00","dateModified":"2024-09-06T09:22:39+00:00","description":"Clases de apoyo escolar o particulares en Tomares y Marchena","breadcrumb":{"@id":"https:\/\/delasciencias.com\/inicio\/contacto\/#breadcrumb"},"inLanguage":"es","potentialAction":[{"@type":"ReadAction","target":["https:\/\/delasciencias.com\/inicio\/contacto\/"]}]},{"@type":"ImageObject","inLanguage":"es","@id":"https:\/\/delasciencias.com\/inicio\/contacto\/#primaryimage","url":"https:\/\/www.lamanzanadenewton.com\/materiales\/mat_main_html_files\/118.png","contentUrl":"https:\/\/www.lamanzanadenewton.com\/materiales\/mat_main_html_files\/118.png"},{"@type":"BreadcrumbList","@id":"https:\/\/delasciencias.com\/inicio\/contacto\/#breadcrumb","itemListElement":[{"@type":"ListItem","position":1,"name":"Portada","item":"https:\/\/delasciencias.com\/inicio\/"},{"@type":"ListItem","position":2,"name":"CONTACTO"}]},{"@type":"WebSite","@id":"https:\/\/delasciencias.com\/inicio\/#website","url":"https:\/\/delasciencias.com\/inicio\/","name":"Tu Academia en Tomares | DE LAS CIENCIAS","description":"Clases de apoyo o particulares en Tomares","publisher":{"@id":"https:\/\/delasciencias.com\/inicio\/#organization"},"alternateName":"Academia De Las Ciencias","inLanguage":"es"},{"@type":"Organization","@id":"https:\/\/delasciencias.com\/inicio\/#organization","name":"ACADEMIA DE LAS CIENCIAS | TOMARES | MARCHENA","alternateName":"CLASES DE APOYO ESCOLAR y PARTICULARES | TOMARES | MARCHENA","url":"https:\/\/delasciencias.com\/inicio\/","logo":{"@type":"ImageObject","inLanguage":"es","@id":"https:\/\/delasciencias.com\/inicio\/#\/schema\/logo\/image\/","url":"https:\/\/delasciencias.com\/inicio\/wp-content\/uploads\/2020\/11\/Captura-de-pantalla-2019-10-12-a-las-0.03.45.png","contentUrl":"https:\/\/delasciencias.com\/inicio\/wp-content\/uploads\/2020\/11\/Captura-de-pantalla-2019-10-12-a-las-0.03.45.png","width":257,"height":254,"caption":"ACADEMIA DE LAS CIENCIAS | TOMARES | MARCHENA"},"image":{"@id":"https:\/\/delasciencias.com\/inicio\/#\/schema\/logo\/image\/"},"sameAs":["https:\/\/www.facebook.com\/DeLasCiencias\/","https:\/\/x.com\/LasCiencias","https:\/\/www.instagram.com\/delas_ciencias\/","https:\/\/www.youtube.com\/channel\/UC2Kc8NJRRsyI6awzYByAgdg"]}]}},"_links":{"self":[{"href":"https:\/\/delasciencias.com\/inicio\/wp-json\/wp\/v2\/pages\/144","targetHints":{"allow":["GET"]}}],"collection":[{"href":"https:\/\/delasciencias.com\/inicio\/wp-json\/wp\/v2\/pages"}],"about":[{"href":"https:\/\/delasciencias.com\/inicio\/wp-json\/wp\/v2\/types\/page"}],"author":[{"embeddable":true,"href":"https:\/\/delasciencias.com\/inicio\/wp-json\/wp\/v2\/users\/1"}],"replies":[{"embeddable":true,"href":"https:\/\/delasciencias.com\/inicio\/wp-json\/wp\/v2\/comments?post=144"}],"version-history":[{"count":78,"href":"https:\/\/delasciencias.com\/inicio\/wp-json\/wp\/v2\/pages\/144\/revisions"}],"predecessor-version":[{"id":3659,"href":"https:\/\/delasciencias.com\/inicio\/wp-json\/wp\/v2\/pages\/144\/revisions\/3659"}],"wp:attachment":[{"href":"https:\/\/delasciencias.com\/inicio\/wp-json\/wp\/v2\/media?parent=144"}],"curies":[{"name":"wp","href":"https:\/\/api.w.org\/{rel}","templated":true}]}}